{"id":835,"date":"2024-07-30T15:57:32","date_gmt":"2024-07-30T07:57:32","guid":{"rendered":"https:\/\/ruiqigo.com\/?page_id=835"},"modified":"2024-12-24T10:10:52","modified_gmt":"2024-12-24T02:10:52","slug":"cookie-policy","status":"publish","type":"page","link":"https:\/\/www.ruiqigo.com\/de\/cookie-policy","title":{"rendered":"Cookie-Richtlinie"},"content":{"rendered":"<h3 class=\"wp-block-heading\">Was sind Cookies?<\/h3>\n\n\n\n<p>\u00dcber eine Cookie-Datei erhalten wir keinen Zugriff auf Ihr Ger\u00e4t oder andere Informationen \u00fcber Sie als die, die Sie uns freiwillig zur Verf\u00fcgung stellen, und die Cookie-Datei kann eine anonyme, eindeutige Kennung enthalten.<\/p>\n\n\n\n<h3 class=\"wp-block-heading\">Wie verwenden wir Cookies?<\/h3>\n\n\n\n<p>Wir verwenden Cookies, um die Aktivit\u00e4t auf der Aerotech-Website zu verfolgen und bestimmte Informationen zu speichern.<\/p>\n\n\n\n<p>Beispiele f\u00fcr von uns verwendete Cookies und deren Verwendungsweise sind:<\/p>\n\n\n\n<ul class=\"wp-block-list\">\n<li>Sitzungscookies: Diese Cookies werden zum Betrieb der Website verwendet und am Ende Ihrer Browsersitzung von Ihrem Ger\u00e4t entfernt.<\/li>\n\n\n\n<li>Pr\u00e4ferenz-Cookies: Diese Cookies werden verwendet, um Ihre Pr\u00e4ferenzen und verschiedene Einstellungen zu speichern.<\/li>\n\n\n\n<li>Sicherheits-Cookies: Diese Cookies aktivieren und unterst\u00fctzen unsere Sicherheitsfunktionen und helfen uns, b\u00f6swillige Aktivit\u00e4ten zu erkennen.<\/li>\n\n\n\n<li>Statistik-Cookies: Diese Cookies werden verwendet, um zu identifizieren, welche Seiten unserer Website besucht und verwendet werden. Dies hilft uns, Daten \u00fcber den Webseitenverkehr zu analysieren, beispielsweise mit Google Analytics, um unsere Website zu verbessern. Wir verwenden diese Informationen nur f\u00fcr statistische Analysezwecke und dann werden die Daten aus dem System entfernt.<\/li>\n<\/ul>\n\n\n\n<h3 class=\"wp-block-heading\">Cookies-Kontrolle<\/h3>\n\n\n\n<p>Sie k\u00f6nnen Cookies akzeptieren oder ablehnen. Wenn Sie auf unserer Website lieber keine Cookies verwenden m\u00f6chten, k\u00f6nnen Sie dies auf folgende Weise steuern oder ablehnen:<\/p>\n\n\n\n<ul class=\"wp-block-list\">\n<li>Sie k\u00f6nnen Ihre Browsereinstellungen auch so konfigurieren, dass Cookies abgelehnt werden. Sie k\u00f6nnen auch alle Cookies l\u00f6schen, die sich bereits auf der Festplatte Ihres Computers befinden, indem Sie nach Dateien mit dem Wort \u201eCookie\u201c suchen und diese l\u00f6schen.<\/li>\n\n\n\n<li>Um die Erfassung von Daten zu Analysezwecken durch Google Analytics zu steuern, k\u00f6nnen Sie diese Seite aufrufen.<\/li>\n<\/ul>\n\n\n\n<p>Bitte beachten Sie, dass das Ablehnen oder Deaktivieren von Cookies dazu f\u00fchren kann, dass Sie keinen Zugriff auf bestimmte Funktionen der Website haben. Das Entfernen aller Cookies von Ihrem Computer kann sich auch auf Ihre nachfolgenden Besuche auf bestimmten Websites, einschlie\u00dflich der MugFactory-Website, auswirken, da Sie bei Ihrem n\u00e4chsten Besuch bestimmte Informationen erneut eingeben m\u00fcssen.<\/p>\n\n\n\n<p>Informationen dar\u00fcber, wie andere personenbezogene Daten von 3TOP erfasst und verwendet werden k\u00f6nnen, finden Sie in unserer Datenschutzrichtlinie.<\/p>","protected":false},"excerpt":{"rendered":"What are cookies? A cookie file does not give us access to your device or any information about you other than the data you choose to share with us, and it may include an anonymous unique identifier. How do we use cookies? We use cookies to track the activity on the Aerotech Website and hold [&hellip;]","protected":false},"author":9,"featured_media":0,"parent":0,"menu_order":0,"comment_status":"closed","ping_status":"closed","template":"","meta":{"footnotes":""},"class_list":["post-835","page","type-page","status-publish","hentry"],"acf":[],"_links":{"self":[{"href":"https:\/\/www.ruiqigo.com\/de\/wp-json\/wp\/v2\/pages\/835","targetHints":{"allow":["GET"]}}],"collection":[{"href":"https:\/\/www.ruiqigo.com\/de\/wp-json\/wp\/v2\/pages"}],"about":[{"href":"https:\/\/www.ruiqigo.com\/de\/wp-json\/wp\/v2\/types\/page"}],"author":[{"embeddable":true,"href":"https:\/\/www.ruiqigo.com\/de\/wp-json\/wp\/v2\/users\/9"}],"replies":[{"embeddable":true,"href":"https:\/\/www.ruiqigo.com\/de\/wp-json\/wp\/v2\/comments?post=835"}],"version-history":[{"count":0,"href":"https:\/\/www.ruiqigo.com\/de\/wp-json\/wp\/v2\/pages\/835\/revisions"}],"wp:attachment":[{"href":"https:\/\/www.ruiqigo.com\/de\/wp-json\/wp\/v2\/media?parent=835"}],"curies":[{"name":"wp","href":"https:\/\/api.w.org\/{rel}","templated":true}]}}