{"id":1042,"date":"2024-09-06T14:56:39","date_gmt":"2024-09-06T06:56:39","guid":{"rendered":"https:\/\/ruiqigo.com\/?post_type=product&#038;p=1042"},"modified":"2025-09-03T15:21:38","modified_gmt":"2025-09-03T07:21:38","slug":"propolis-mouthwash","status":"publish","type":"product","link":"https:\/\/www.ruiqigo.com\/de\/product\/propolis-mouthwash","title":{"rendered":"Propolis Mundwasser"},"content":{"rendered":"<h2 class=\"wp-block-heading\">Rezept f\u00fcr Propolis Mundwasser<\/h2>\n\n\n\n<p><strong>1. Propolis: <\/strong>Als wichtiger Bestandteil von Propolis-Mundwasser ist Propolis ein nat\u00fcrlicher Extrakt mit antibakterieller und entz\u00fcndungshemmender Wirkung, der die Geweberegeneration und die Mundgesundheit f\u00f6rdern kann<\/p>\n\n\n\n<p><strong>2. Xylitol: <\/strong>Es kann die Speichelsekretion f\u00f6rdern und s\u00e4urehaltige Substanzen reduzieren, wodurch Zahnerosion verringert wird<\/p>\n\n\n\n<p><strong>3. Minze: <\/strong>Es hat ein frisches und s\u00fc\u00dfes Aroma, das den Geschmack des Mundwassers verbessern und den Effekt eines frischen Atems erzielen kann<\/p>\n\n\n\n<p><strong>4. Glycerin:<\/strong> Es hilft, den Mund feucht zu halten und lindert Mundtrockenheit<\/p>\n\n\n\n<h2 class=\"wp-block-heading\">Eigenschaften von Propolis-Mundwasser<\/h2>\n\n\n\n<h3 class=\"wp-block-heading\">1. Nat\u00fcrliche Inhaltsstoffe<\/h3>\n\n\n\n<p>Der Hauptbestandteil ist Propolis, und Propolis ist eine nat\u00fcrliche Substanz mit einer Vielzahl von Wirkstoffen<\/p>\n\n\n\n<h3 class=\"wp-block-heading\">2. Antibakteriell und entz\u00fcndungshemmend<\/h3>\n\n\n\n<p>Die Wirkstoffe in Propolis k\u00f6nnen sch\u00e4dliche Bakterien im Mund hemmen und beseitigen sowie orale Entz\u00fcndungen reduzieren.<\/p>\n\n\n\n<h3 class=\"wp-block-heading\">3. Mild und nicht reizend<\/h3>\n\n\n\n<p>Unser Mundwasser enth\u00e4lt keinen Alkohol und keine anderen reizenden Inhaltsstoffe und ist sanfter und angenehmer, geeignet f\u00fcr die meisten Menschen<\/p>\n\n\n\n<h3 class=\"wp-block-heading\">4. Bequem und tragbar<\/h3>\n\n\n\n<p>Mundwasser ist einfach zu bedienen, nicht auf den Anlass zu achten, und unser Verpackungsdesign kann jederzeit leicht getragen und verwendet werden<\/p>\n\n\n\n<h2 class=\"wp-block-heading\">Einige Wirksamkeiten&nbsp;<\/h2>\n\n\n\n<h3 class=\"wp-block-heading\">1. Entz\u00fcndungshemmend und schmerzlindernd<\/h3>\n\n\n\n<p>Die Wirkstoffe des Propolis-Mundwassers haben eine starke antibakterielle Wirkung, die das Wachstum von Bakterien hemmen und die Sch\u00e4digung der Mundschleimhaut durch Bakterien verringern kann, wodurch Entz\u00fcndungen reduziert werden. Propolis hat eine nat\u00fcrliche schmerzstillende Wirkung, kann auf die Innenseite des Mundes wirken und Mundgeschw\u00fcre und geschwollenes Zahnfleisch lindern.<\/p>\n\n\n\n<h3 class=\"wp-block-heading\">2. Vorbeugung von Munderkrankungen<\/h3>\n\n\n\n<p>Das Mundmilieu des menschlichen K\u00f6rpers ist normalerweise sauer, und die Bakterien wachsen und vermehren sich in dem sauren Milieu weiter, was zu chronischen Entz\u00fcndungen wie Parodontitis f\u00fchrt, die eine ernsthafte Bedrohung f\u00fcr die Gesundheit unserer Z\u00e4hne und unseres Zahnfleisches darstellen. Unser Propolis-Mundwasser kann den pH-Wert im Mund neutralisieren, das Bakterienwachstum im Mund hemmen und ein relativ gesundes Mundmilieu schaffen. Langfristige Anwendung kann Parodontitis, Zahnkaries und anderen Munderkrankungen vorbeugen.<\/p>\n\n\n\n<h3 class=\"wp-block-heading\">3. St\u00e4rkung der oralen Immunit\u00e4t<\/h3>\n\n\n\n<p>Propolis-Mundwasser verhindert durch seine entz\u00fcndungshemmende Wirkung eine weitere Verschlimmerung von Entz\u00fcndungen, verringert das Risiko einer oralen Infektion und reguliert die Immunreaktion im Mund, wodurch die Mundgesundheit gesch\u00fctzt wird. Zweitens k\u00f6nnen die Wirkstoffe im Propolis-Mundwasser die Immunit\u00e4t des K\u00f6rpers verbessern und indirekt im Mundinneren wirken, um die orale Widerstandskraft gegen Krankheitserreger zu erh\u00f6hen. Dar\u00fcber hinaus k\u00f6nnen die von uns hinzugef\u00fcgten antioxidativen Inhaltsstoffe freie Radikale im Mund beseitigen, die Sch\u00e4den, die freie Radikale an der Mundschleimhaut verursachen, verringern und zur Verbesserung der Immunit\u00e4t beitragen.<\/p>\n\n\n\n<h3 class=\"wp-block-heading\">4. Frischer Atem<\/h3>\n\n\n\n<p>Die Ursachen von Mundgeruch werden in physiologische und pathologische unterteilt. Pathologisch bezieht sich auf Erkrankungen der Mundh\u00f6hle wie Zahnfleischentz\u00fcndung, Parodontitis usw., die zu unangenehmen Ger\u00fcchen f\u00fchren, also zu Mundgeruch. W\u00e4hrend sich physiologisch auf Mundgeruch bezieht, der durch Speisereste und einige schlechte Essgewohnheiten verursacht wird, ist physiologisch k\u00fcrzer als pathologisch. Deshalb ist unser Propolis-Mundwasser mit Inhaltsstoffen wie Minze angereichert, die Ger\u00fcche aus dem Mund entfernen, den Atem frisch halten, ein lang anhaltendes Aroma haben und soziale Unbehagen nach dem Essen vermeiden. Langfristige Anwendung kann auch bei der Behandlung von pathologischem Mundgeruch helfen.<\/p>\n\n\n\n<h3 class=\"wp-block-heading\">5. F\u00f6rdert die Gewebeheilung<\/h3>\n\n\n\n<p>Propolis hat eine entz\u00fcndungshemmende und schmerzstillende Wirkung, die auch dazu beitr\u00e4gt, die durch Entz\u00fcndungen verursachten Sch\u00e4den zu verringern und die Gewebereparatur zu beschleunigen. Dar\u00fcber hinaus k\u00f6nnen die in Propolis-Mundwasser enthaltenen Wirkstoffe in das besch\u00e4digte Gewebe eindringen, die Zellvermehrung und -differenzierung stimulieren und die Reparatur der Mundschleimhaut f\u00f6rdern. Gleichzeitig hat Propolis auch eine adstringierende Wirkung, die die Wunde verkleinern und trocken und sauber halten kann, wodurch eine gute Umgebung zur Beschleunigung der Gewebereparatur geschaffen wird. Dies ist zweifellos ein wichtiges Hilfsmittel zur Reinigung f\u00fcr Patienten mit oralen Entz\u00fcndungen wie Aphten.<\/p>\n\n\n\n<h2 class=\"wp-block-heading\">Gebrauchsanweisung<\/h2>\n\n\n\n<p>Unseren Produkten liegt eine Gebrauchsanweisung bei. Es wird empfohlen, sie gem\u00e4\u00df der Gebrauchsanweisung zu verwenden. Vor Gebrauch gut sch\u00fctteln, damit sich das Innenmaterial gleichm\u00e4\u00dfig vermischt.&nbsp;<\/p>\n\n\n\n<h3 class=\"wp-block-heading\">Schritt 1: <\/h3>\n\n\n\n<p>Sie m\u00fcssen eine angemessene Menge Mundwasser entnehmen. Unser Flaschenverschluss hat an der Innenseite ein Gewinde, das als Messwerkzeug verwendet werden kann (ca. 10\u201315 ml).\u00a0<\/p>\n\n\n\n<h3 class=\"wp-block-heading\">Schritt 2:<\/h3>\n\n\n\n<p>Geben Sie dann das Mundwasser in den Mund und gurgeln Sie mehrmals von links nach rechts und dann zur Vorderseite des Munds. Lassen Sie das Mundwasser schlie\u00dflich auf der Zunge flie\u00dfen. Achten Sie dabei darauf, dass das Mundwasser alle Ecken und Spalten im Mund bedeckt. Die Gurgeldauer betr\u00e4gt \u00fcblicherweise 30 Sekunden bis 1 Minute.<\/p>\n\n\n\n<h3 class=\"wp-block-heading\">Schritt 3:<\/h3>\n\n\n\n<p>Zum Schluss spucken Sie das Mundwasser aus und achten Sie darauf, es nicht zu schlucken. Wir empfehlen, innerhalb einer halben Stunde nach dem Gurgeln weder Wasser zu trinken noch zu essen, um einen besseren Schutzfilm zu bilden und frischen Atem zu bewahren.\u00a0<\/p>\n\n\n\n<p>Die H\u00e4ufigkeit der Verwendung von Mundwasser variiert von Person zu Person. Normalerweise kann es nach dem Z\u00e4hneputzen oder nach den Mahlzeiten verwendet werden. Wenn Sie w\u00e4hrend der Anwendung Beschwerden versp\u00fcren, beenden Sie die Anwendung sofort und konsultieren Sie Ihren Arzt. Unser Mundwasser ist leicht zu transportieren und kann zu Hause oder unterwegs aufbewahrt werden, sollte jedoch an einem k\u00fchlen und trockenen Ort aufbewahrt werden.<\/p>\n\n\n\n<h2 class=\"wp-block-heading\">Anwendbare Bev\u00f6lkerung<\/h2>\n\n\n\n<p>Unser Propolis-Mundwasser ist sicher, sanft und nicht reizend und ist f\u00fcr die meisten Menschen ein unverzichtbares Hilfsmittel, insbesondere f\u00fcr diejenigen, die an Mundentz\u00fcndungen sowie Mundgeruch aufgrund von Rauchen, langem Nichtreinigen des Mundes und schlechten Essgewohnheiten leiden. Gleichzeitig ist unser Verpackungsdesign auch zum Mitnehmen geeignet und eignet sich f\u00fcr Gesch\u00e4ftsreisen, Reisen, Verabredungen und andere gesellschaftliche Anl\u00e4sse, um schnell frischen Atem zu bekommen und das Selbstvertrauen zu st\u00e4rken. Schwangere, Propolis-Allergiker, stillende Kinder und andere spezielle Gruppen m\u00fcssen es jedoch weiterhin unter \u00e4rztlicher Aufsicht verwenden.<\/p>\n\n\n\n<h2 class=\"wp-block-heading\">Abschluss<\/h2>\n\n\n\n<p>Mundpflege ist ein langfristiger Prozess. Wir sollten verschiedene Methoden zur Mundreinigung wie Zahnb\u00fcrsten, Zahnseide, Mundwasser usw. kombinieren, um unsere Mundgesundheit zu pflegen. Als eines der Hilfsmittel zur Mundpflege enth\u00e4lt unser Propolis-Mundwasser reines nat\u00fcrliches Propolis und andere Inhaltsstoffe auf Basis von normalem Mundwasser und hat au\u00dferdem eine gute antibakterielle und entz\u00fcndungshemmende Wirkung bei milder und nicht reizender, gr\u00fcndlicher Reinigung, beugt aktiv Munderkrankungen vor, st\u00e4rkt die orale Immunit\u00e4t und sorgt f\u00fcr frischen Atem. Es hat nicht nur eine Vielzahl von Vorteilen, sondern funktioniert auch bei den meisten Menschen und ist eine vertrauensw\u00fcrdige Wahl.<\/p>\n\n\n\n<p><\/p>","protected":false},"excerpt":{"rendered":"Recipe for Propolis Mouthwash 1. Propolis: As an important ingredient in propolis mouthwash, propolis is a natural extract with antibacterial and anti-inflammatory effects, which can promote tissue regeneration and oral health 2. Xylitol: It can promote saliva secretion, and reduce acidic substances, thereby reducing tooth erosion 3. Mint: It has a fresh and sweet aroma, [&hellip;]","protected":false},"featured_media":1043,"menu_order":0,"template":"","meta":[],"product-tag":[201,206,207,208,212,213,216],"products":[72],"class_list":["post-1042","product","type-product","status-publish","has-post-thumbnail","hentry","product-tag-mouthwash-manufacturer","product-tag-mouthwash-companies","product-tag-mouthwash-factory","product-tag-mouthwash-suppliers","product-tag-mouthwash-contract-manufacturer","product-tag-antiseptic-mouthwashes-manufacturer","product-tag-private-label-mouthwash-manufacturers","products-mouthwash"],"acf":[],"_links":{"self":[{"href":"https:\/\/www.ruiqigo.com\/de\/wp-json\/wp\/v2\/product\/1042","targetHints":{"allow":["GET"]}}],"collection":[{"href":"https:\/\/www.ruiqigo.com\/de\/wp-json\/wp\/v2\/product"}],"about":[{"href":"https:\/\/www.ruiqigo.com\/de\/wp-json\/wp\/v2\/types\/product"}],"version-history":[{"count":0,"href":"https:\/\/www.ruiqigo.com\/de\/wp-json\/wp\/v2\/product\/1042\/revisions"}],"wp:featuredmedia":[{"embeddable":true,"href":"https:\/\/www.ruiqigo.com\/de\/wp-json\/wp\/v2\/media\/1043"}],"wp:attachment":[{"href":"https:\/\/www.ruiqigo.com\/de\/wp-json\/wp\/v2\/media?parent=1042"}],"wp:term":[{"taxonomy":"product-tag","embeddable":true,"href":"https:\/\/www.ruiqigo.com\/de\/wp-json\/wp\/v2\/product-tag?post=1042"},{"taxonomy":"products","embeddable":true,"href":"https:\/\/www.ruiqigo.com\/de\/wp-json\/wp\/v2\/products?post=1042"}],"curies":[{"name":"wp","href":"https:\/\/api.w.org\/{rel}","templated":true}]}}