{"id":1074,"date":"2024-09-14T16:01:50","date_gmt":"2024-09-14T08:01:50","guid":{"rendered":"https:\/\/ruiqigo.com\/?post_type=product&#038;p=1074"},"modified":"2024-11-14T17:28:10","modified_gmt":"2024-11-14T09:28:10","slug":"rosemary-essential-oil","status":"publish","type":"product","link":"https:\/\/www.ruiqigo.com\/de\/product\/rosemary-essential-oil","title":{"rendered":"\u00c4therisches Rosmarin\u00f6l"},"content":{"rendered":"<h2 class=\"wp-block-heading\">Herstellung von \u00e4therischem Rosmarin\u00f6l \u2013 g\u00e4ngige Rezepturen<\/h2>\n\n\n\n<p>Im Produktionsprozess des \u00e4therischen Rosmarin\u00f6ls kontrollieren wir jeden Schritt streng, um die Konzentration der Wirkstoffe und des Duftes sicherzustellen, und lassen die Formel von professionellen Parf\u00fcmeuren entwickeln. Darunter sind drei Hauptbestandteile, von denen jeder eine wichtige Rolle beim Schutz der Haargesundheit spielt:<\/p>\n\n\n\n<p>1. Rosmarin: Rosmarin ist reich an Antioxidantien, die in die Haarschichten eindringen, besch\u00e4digtes Haar reparieren und das Haar ges\u00fcnder und gl\u00e4nzender machen k\u00f6nnen. Dar\u00fcber hinaus k\u00f6nnen die Wirkstoffe in Rosmarin auch die Durchblutung der Kopfhaut anregen und die Haarfollikel mit ausreichend N\u00e4hrstoffen versorgen, wodurch das Haarwachstum gef\u00f6rdert wird. Dar\u00fcber hinaus hat Rosmarin bestimmte antibakterielle Wirkungen, die Schuppen und Kopfhautentz\u00fcndungen reduzieren k\u00f6nnen.<\/p>\n\n\n\n<p>2. Pfefferminze: Pfefferminze hat eine starke beruhigende Wirkung und dringt schnell in die Kopfhaut ein. Sie vermittelt ein beruhigendes und entspanntes Gef\u00fchl, hilft, den Juckreiz der Kopfhaut zu lindern und sorgt f\u00fcr ein frisches Gef\u00fchl. Gleichzeitig kann ihr frisches Aroma auch den Geist erfrischen, sodass Sie schnell entspannen k\u00f6nnen. Dar\u00fcber hinaus kann \u00e4therisches Pfefferminz\u00f6l die Kopfhaut gr\u00fcndlich reinigen, \u00fcbersch\u00fcssiges \u00d6l und Schmutz entfernen und den \u00d6lhaushalt regulieren.<\/p>\n\n\n\n<p>3. Lavendel: Lavendel hat eine beruhigende Wirkung, die Verspannungen l\u00f6st, die Schlafqualit\u00e4t verbessert und die Haargesundheit f\u00f6rdert. Gleichzeitig hat es auch eine gewisse reparierende Wirkung, die gesch\u00e4digtes Haar reparieren, das Haar gl\u00e4tten und das Haar glatter und gl\u00e4nzender machen kann.<\/p>\n\n\n\n<h2 class=\"wp-block-heading\">Merkmale<\/h2>\n\n\n\n<p>1. Nat\u00fcrliche Inhaltsstoffe, rein und nat\u00fcrlich: Das \u00e4therische Rosmarin\u00f6l ist ein hochreines Produkt, das durch Destillationstechnologie gewonnen wird. Eine Vielzahl nat\u00fcrlicher Inhaltsstoffe wird sorgf\u00e4ltig eingesetzt, um die N\u00e4hrstoffe im Inneren zu erhalten. Es entstehen keine Verunreinigungen. Sie k\u00f6nnen es bedenkenlos verwenden.<\/p>\n\n\n\n<p>2. Vielf\u00e4ltige Wirkungen, umfassende Pflege: Diese nat\u00fcrlichen Inhaltsstoffe haben jeweils eine andere Wirkung in allen Aspekten der Pflege der Haargesundheit, f\u00f6rdern das nat\u00fcrliche Haarwachstum und machen das Haar kr\u00e4ftiger und gl\u00e4nzender.<\/p>\n\n\n\n<p>3. Zieht leicht ein, fettet nicht: Unsere sorgf\u00e4ltig ausgew\u00e4hlten \u00e4therischen \u00d6le k\u00f6nnen schnell in die Kopfhaut eindringen, absorbiert werden und ihre Wirkung entfalten, ohne ein fettiges Gef\u00fchl zu hinterlassen.<\/p>\n\n\n\n<p>4. Frischer Duft, beruhigend und entspannend: Die Frische der Minze und das einzigartige Aroma von Rosmarin k\u00f6nnen helfen, die Stimmung zu beruhigen, K\u00f6rper und Geist zu entspannen und Stress abzubauen.<\/p>\n\n\n\n<h2 class=\"wp-block-heading\">Die Vorteile von \u00e4therischem Rosmarin\u00f6l<\/h2>\n\n\n\n<p>1. Das Haar n\u00e4hren: Das \u00e4therische Rosmarin\u00f6l kann in die Haarschichten eindringen, das Haar mit der n\u00f6tigen Feuchtigkeit und N\u00e4hrstoffen versorgen und die Kopfhaut n\u00e4hren. Langfristige Anwendung kann das Haar geschmeidiger, kr\u00e4ftiger und gl\u00e4nzender machen.<\/p>\n\n\n\n<p>2. Gegen Schuppen und Juckreiz: Unsere \u00e4therischen \u00d6le haben eine starke antibakterielle und entz\u00fcndungshemmende Wirkung, die den Juckreiz der Kopfhaut lindern und Schuppen reduzieren kann, indem sie Bakterien und Entz\u00fcndungen auf der Kopfhaut bek\u00e4mpfen. Gleichzeitig kann \u00e4therisches Rosmarin\u00f6l die Kopfhaut beruhigen und so f\u00fcr ein angenehmeres und ges\u00fcnderes Wachstum der Kopfhaut sorgen.<\/p>\n\n\n\n<p>3. \u00d6lentfernung und \u00d6lkontrolle: Der Pfefferminzbestandteil im \u00e4therischen \u00d6l kann die Kopfhaut reinigen, \u00d6l und Schmutz entfernen, das Haar frisch halten und darauf bestehen, es zu verwenden, um den Effekt der \u00d6lentfernung und \u00d6lkontrolle zu erzielen.<\/p>\n\n\n\n<p>4. F\u00f6rdert das Wachstum: Das \u00e4therische Rosmarin\u00f6l ist reich an Antioxidantien, die freie Radikale bek\u00e4mpfen und so ein gesundes Haarwachstum f\u00f6rdern k\u00f6nnen. Au\u00dferdem kann es die Durchblutung der Kopfhaut anregen und die Haarfollikel mit mehr Sauerstoff und N\u00e4hrstoffen versorgen, was das Haarwachstum f\u00f6rdert.<\/p>\n\n\n\n<p>5. Angst lindern: Lavendelbestandteile wirken beruhigend und antidepressiv, k\u00f6nnen Angstzust\u00e4nde lindern, Ablenkungen beseitigen, Menschen entspannen und schnell zur Ruhe kommen lassen und tragen zur Verbesserung des geistigen Unwohlseins bei. Gleichzeitig kann das einzigartige Aroma von Rosmarin den Geist erfrischen und das Ged\u00e4chtnis und die Konzentration verbessern.<\/p>\n\n\n\n<p>6. Schmerzlinderung: Die entz\u00fcndungshemmenden Eigenschaften von Rosmarin k\u00f6nnen das Auftreten von Gewebeentz\u00fcndungen reduzieren, was die durch Arthritis, Ekzeme und andere Krankheiten verursachten Schmerzen und Schwellungen lindern kann. Daher kann \u00e4therisches Rosmarin\u00f6l bei der Behandlung dieser Art von Krankheiten helfen.<\/p>\n\n\n\n<p>7. Gute Verdauung: Rosmarin kann die Produktion von Galle f\u00f6rdern, was wiederum das Verdauungssystem verbessert und den Appetit anregt. Die Verwendung von \u00e4therischem Rosmarin\u00f6l kann daher helfen, Symptome wie Magenverstimmung und Verdauungsst\u00f6rungen zu lindern.<\/p>\n\n\n\n<h2 class=\"wp-block-heading\">Wie verwendet man \u00e4therisches Rosmarin\u00f6l im Haar?<\/h2>\n\n\n\n<p>Als professioneller Hersteller von \u00e4therischem Rosmarin\u00f6l empfehlen wir aufgrund der h\u00f6heren Konzentration des verwendeten \u00e4therischen Rosmarin\u00f6ls, es mit anderen Basis\u00f6len zu mischen, um das \u00e4therische \u00d6l zu verd\u00fcnnen und die Kopfhaut nicht zu reizen. Sie k\u00f6nnen ein Basis\u00f6l Ihrer Wahl ausw\u00e4hlen und es dann im Verh\u00e4ltnis 1:100 mischen. Achten Sie dabei darauf, dass die Konzentration 3% nicht \u00fcberschreitet. Als innovativer Hersteller von \u00e4therischem Rosmarin\u00f6l kennzeichnen wir w\u00e4hrend des Produktionsprozesses die entsprechenden Gebrauchs- und Anwendungshinweise auf der Produktverpackung. Bitte lesen Sie diese vor der Verwendung sorgf\u00e4ltig durch.<\/p>\n\n\n\n<p>1. Vor dem Waschen: K\u00e4mmen Sie Ihr Haar vor dem Waschen. Sie k\u00f6nnen das vorbereitete \u00e4therische \u00d6l in Ihre Handfl\u00e4che geben, um es zu verreiben und zu erhitzen. Massieren Sie es dann sanft in die Kopfhaut ein und massieren Sie es etwa 5 Minuten lang mit Finger und Bauch. Lassen Sie es nach der Massage 30 Minuten einwirken und waschen Sie Ihr Haar. Dieser Vorgang hilft, die Durchblutung zu verbessern, die Kopfhaut zu entspannen und das Haarwachstum zu f\u00f6rdern.<\/p>\n\n\n\n<p>2. Shampoo: Sie k\u00f6nnen dem Shampoo ein paar Tropfen \u00e4therisches Rosmarin\u00f6l hinzuf\u00fcgen, gut vermischen und Ihr Haar gem\u00e4\u00df den normalen Shampoo-Schritten waschen. Wenn das Haar fettig oder lang ist, k\u00f6nnen Sie es mehrmals waschen. Dies sorgt f\u00fcr Sauberkeit, hilft aber auch, das Haar frisch zu halten, den \u00d6lhaushalt zu kontrollieren und das Haarwachstum anzuregen.<\/p>\n\n\n\n<p>3. Nach dem Waschen: Mischen Sie nach dem Waschen das \u00e4therische Rosmarin\u00f6l und die Sp\u00fclung im richtigen Verh\u00e4ltnis und tragen Sie es dann gleichm\u00e4\u00dfig auf die Haarspitzen auf, insbesondere dort, wo es leicht austrocknet und splissig wird. Massieren Sie es sanft ein, bis es eingezogen ist, und waschen Sie es dann mit warmem Wasser aus. Dieser Vorgang macht das Haar seidiger und gl\u00e4nzender. Eine langfristige Anwendung f\u00f6rdert die Pflege des Haares, sodass das Haar ausreichend Feuchtigkeit erh\u00e4lt, nicht mehr trocken ist und kr\u00e4ftiger und ges\u00fcnder wird.<\/p>\n\n\n\n<h2 class=\"wp-block-heading\">Vorsicht<\/h2>\n\n\n\n<p>1. Achten Sie beim Verd\u00fcnnen darauf, dass das ausgew\u00e4hlte Basis\u00f6l rein und f\u00fcr Ihren Hauttyp geeignet ist.<\/p>\n\n\n\n<p>2. Vor der Anwendung von \u00e4therischem Rosmarin\u00f6l wird ein Allergietest empfohlen.<\/p>\n\n\n\n<p>3. Wenn w\u00e4hrend der Anwendung Beschwerden auftreten, sollte diese sofort abgebrochen und mit Wasser gereinigt werden.<\/p>\n\n\n\n<p>4. Schwangere und Kinder reagieren empfindlicher auf \u00e4therische \u00d6le und sollten diese mit Vorsicht verwenden.<\/p>\n\n\n\n<p>5. Das \u00e4therische Rosmarin\u00f6l sollte an einem k\u00fchlen, trockenen Ort ohne direkte Sonneneinstrahlung gelagert werden.<\/p>\n\n\n\n<p>6. \u00dcberm\u00e4\u00dfiger Gebrauch kann Nebenwirkungen verursachen, daher sollte bei der Verwendung eine \u00fcberm\u00e4\u00dfige Anwendung und h\u00e4ufige Verwendung vermieden werden.<\/p>\n\n\n\n<h2 class=\"wp-block-heading\">Abschluss<\/h2>\n\n\n\n<p>Das \u00e4therische Rosmarin\u00f6l mit seinen Eigenschaften, das Haar zu n\u00e4hren, das Wachstum zu f\u00f6rdern und Schmerzen und Angstzust\u00e4nde zu lindern, wird h\u00e4ufig bei Menschen mit verschiedenen Haar- und Kopfhauterkrankungen eingesetzt. Es ist jedoch zu beachten, dass schwangere Frauen und Kinder sowie Menschen mit empfindlicher Haut einen Arzt um Rat fragen sollten. Als professioneller Hersteller von \u00e4therischem Rosmarin\u00f6l wird unser \u00e4therisches Rosmarin\u00f6l unter strikter Einhaltung des Produktionsprozesses hergestellt und durchl\u00e4uft mehrere Qualit\u00e4tstests, um die Sicherheit und Stabilit\u00e4t des Produkts zu gew\u00e4hrleisten. Es hat einige internationale Sicherheitszertifizierungen erhalten und ist ein vertrauensw\u00fcrdiges Produkt.<\/p>\n\n\n\n<p><\/p>","protected":false},"excerpt":{"rendered":"Rosemary Essential Oil Manufacturing Common Formulas In the production process of rosemary essential oil, we strictly control every step to ensure the concentration of active ingredients and fragrance, and have professional perfumers to guide the formula, among which there are three main ingredients each plays an important role in protecting the health of hair: 1. [&hellip;]","protected":false},"featured_media":1075,"menu_order":0,"template":"","meta":[],"product-tag":[],"products":[49,53],"class_list":["post-1074","product","type-product","status-publish","has-post-thumbnail","hentry","products-hair-care","products-essential-oil"],"acf":[],"_links":{"self":[{"href":"https:\/\/www.ruiqigo.com\/de\/wp-json\/wp\/v2\/product\/1074","targetHints":{"allow":["GET"]}}],"collection":[{"href":"https:\/\/www.ruiqigo.com\/de\/wp-json\/wp\/v2\/product"}],"about":[{"href":"https:\/\/www.ruiqigo.com\/de\/wp-json\/wp\/v2\/types\/product"}],"version-history":[{"count":0,"href":"https:\/\/www.ruiqigo.com\/de\/wp-json\/wp\/v2\/product\/1074\/revisions"}],"wp:featuredmedia":[{"embeddable":true,"href":"https:\/\/www.ruiqigo.com\/de\/wp-json\/wp\/v2\/media\/1075"}],"wp:attachment":[{"href":"https:\/\/www.ruiqigo.com\/de\/wp-json\/wp\/v2\/media?parent=1074"}],"wp:term":[{"taxonomy":"product-tag","embeddable":true,"href":"https:\/\/www.ruiqigo.com\/de\/wp-json\/wp\/v2\/product-tag?post=1074"},{"taxonomy":"products","embeddable":true,"href":"https:\/\/www.ruiqigo.com\/de\/wp-json\/wp\/v2\/products?post=1074"}],"curies":[{"name":"wp","href":"https:\/\/api.w.org\/{rel}","templated":true}]}}