{"id":1080,"date":"2024-09-14T14:55:04","date_gmt":"2024-09-14T06:55:04","guid":{"rendered":"https:\/\/ruiqigo.com\/?post_type=product&#038;p=1080"},"modified":"2024-11-14T22:16:48","modified_gmt":"2024-11-14T14:16:48","slug":"batana-oil","status":"publish","type":"product","link":"https:\/\/www.ruiqigo.com\/de\/product\/batana-oil","title":{"rendered":"Batana-\u00d6l\u00a0"},"content":{"rendered":"<h2 class=\"wp-block-heading\">So stellen Sie eine Haarpflegeserie mit Batana-\u00d6l her<\/h2>\n\n\n\n<p>Als f\u00fchrender Hersteller von Batana-\u00d6l hat Batana-\u00d6l dank seiner wichtigen N\u00e4hrstoffe eine erhebliche Wirkung auf die Haarpflege, indem es das Haar n\u00e4hrt, die Haarfestigkeit verbessert, die Alterung verz\u00f6gert und f\u00fcr die Gesundheit Ihres Haares sorgt.<\/p>\n\n\n\n<p>Fetts\u00e4uren: Fetts\u00e4uren k\u00f6nnen das Haar tief n\u00e4hren und es ges\u00fcnder und gl\u00e4nzender machen. Dar\u00fcber hinaus k\u00f6nnen Fetts\u00e4uren auch die Elastizit\u00e4t und Festigkeit des Haares verbessern und Haarbruch reduzieren.<\/p>\n\n\n\n<p>Vitamin E: Vitamin E ist ein nat\u00fcrliches Antioxidans, es hat eine gewisse reparierende Wirkung, kann gesch\u00e4digtes Haar verbessern und die Sch\u00e4den durch Spliss und Haarbruch reduzieren. Dar\u00fcber hinaus kann Vitamin E auch die Durchblutung der Kopfhaut f\u00f6rdern, das Haar mit mehr N\u00e4hrstoffen versorgen und das Wachstum f\u00f6rdern.<\/p>\n\n\n\n<p>Antioxidantien: Antioxidantien k\u00f6nnen freie Radikale bek\u00e4mpfen, um den Oxidationsprozess von Haar und Kopfhaut zu verlangsamen, den Alterungsprozess des Haares zu verlangsamen und das Haar vor UV-Strahlen zu sch\u00fctzen, wodurch das Haar heller und ges\u00fcnder wird.<\/p>\n\n\n\n<h2 class=\"wp-block-heading\">Merkmale<\/h2>\n\n\n\n<p>1. Nat\u00fcrlich und frei von Schadstoffen: Unser \u00e4therisches Batana-\u00d6l wird ohne Zugabe anderer chemischer Bestandteile w\u00e4hrend des Produktionsprozesses extrahiert, die Inhaltsstoffe sind sauber, enthalten keine reizenden Inhaltsstoffe und k\u00f6nnen sicher verwendet werden.<\/p>\n\n\n\n<p>2. Einfache Aufnahme: Im Vergleich zu gew\u00f6hnlichen \u00e4therischen Haarpflege\u00f6len k\u00f6nnen unsere \u00e4therischen Batana-\u00d6le schneller und besser eindringen und aufgenommen werden und sind nicht fettend, sodass das Erlebnis angenehmer ist und sie mit anderen Produkten verwendet werden k\u00f6nnen, ohne schwer zu sein.<\/p>\n\n\n\n<p>3. Ganze Haut: Die pflegenden, feuchtigkeitsspendenden und leicht absorbierbaren Eigenschaften von Batana\u00f6l zeigen auch, dass es f\u00fcr eine Vielzahl von Haartypen geeignet ist. Es kann nicht nur trockenes Haar stark befeuchten und die feuchtigkeitsspendende Wirkung erzielen, sondern auch die \u00d6lsekretion ausgleichen und das fettige Gef\u00fchl von fettigem Haar reduzieren. Nat\u00fcrlich kann es bei Mischhaar die allgemeine Gesundheit des Haares verbessern und ist eine lohnende Kaufoption.<\/p>\n\n\n\n<h2 class=\"wp-block-heading\">Die Vorteile von Batana\u00f6l<\/h2>\n\n\n\n<p>1. Tiefenwirksame Pflege und Feuchtigkeitsversorgung: Das \u00e4therische Batana-\u00d6l dringt tief in die Kopfhaut ein, macht sie weich und beruhigt sie und wirkt n\u00e4hrend und feuchtigkeitsspendend auf das Haar. Dies ist ein gutes \u00e4therisches Haarpflege\u00f6l f\u00fcr Menschen mit trockenem und strapaziertem Haar, das die Haarqualit\u00e4t verbessern und trockenes Haar lindern kann.<\/p>\n\n\n\n<p>2. Nat\u00fcrlicher Glanz: Batana\u00f6l kann das Haar nicht nur gl\u00e4tten, sondern auch den Glanz des Haares wiederherstellen. Macht das Haar geschmeidiger und verbessert das allgemeine Erscheinungsbild.<\/p>\n\n\n\n<p>3. Sch\u00e4den reparieren: Die antioxidativen Substanzen im Batana-\u00d6l k\u00f6nnen gesch\u00e4digtes Haar tief reparieren und so Spliss und Haarbruch reduzieren. Auch die durch h\u00e4ufiges B\u00fcgeln und F\u00e4rben verursachten Sch\u00e4den und die starke Splissbildung k\u00f6nnen mit der richtigen Medizin behandelt werden. Eine langfristige Anwendung kann die Widerstandsf\u00e4higkeit des Haares verbessern, sodass das Haar ges\u00fcnder ist und nicht so leicht splisst und bricht.<\/p>\n\n\n\n<p>4. Wachstum f\u00f6rdern: Als Pr\u00e4zisionshersteller ist eine gesunde Kopfhaut f\u00f6rderlich f\u00fcr das Haarwachstum, und die N\u00e4hrstoffe, die das \u00e4therische Batana-\u00d6l liefert, k\u00f6nnen die Gesundheit der Kopfhaut f\u00f6rdern und eine gute Wachstumsumgebung f\u00fcr die Haarfollikel schaffen. Das Einmassieren von Batana-\u00d6l in die Kopfhaut regt die Durchblutung an und f\u00f6rdert die allgemeine Gesundheit des Haares, wodurch Haarausfall und Haarbruch reduziert werden und gleichzeitig das nat\u00fcrliche Haarwachstum gef\u00f6rdert wird.<\/p>\n\n\n\n<p>5. Beruhigende Haut: Neben der Haarpflege kann Batana auch f\u00fcr andere Zwecke verwendet werden, beispielsweise zur Verbesserung eines ungleichm\u00e4\u00dfigen Hauttons, als Feuchtigkeitsspender f\u00fcr die Haut, zur Verlangsamung der Hautalterung und f\u00fcr andere Zwecke. Bei langfristiger Anwendung werden Sie Ver\u00e4nderungen der Haut feststellen.<\/p>\n\n\n\n<h2 class=\"wp-block-heading\">Wie verwendet man Batana\u00f6l im Haar?<\/h2>\n\n\n\n<p>Als professioneller Hersteller von Batana-\u00d6l bieten wir zahlreiche M\u00f6glichkeiten zur Verwendung von Batana-\u00d6l an. Sie k\u00f6nnen je nach Ihrem Haartyp eine oder mehrere M\u00f6glichkeiten ausw\u00e4hlen, die f\u00fcr Sie am besten geeignet sind:<\/p>\n\n\n\n<p>1. Vor dem Waschen: Nehmen Sie eine angemessene Menge \u00e4therisches \u00d6l und reiben Sie es in Ihrer Handfl\u00e4che, bis es warm ist. Massieren Sie das hei\u00dfe \u00e4therische \u00d6l in Ihre Kopfhaut und Ihr Haar ein, insbesondere in die trockenen und strapazierten Teile. Fixieren Sie Ihr Haar dann mit einer Duschhaube oder Plastikfolie und warten Sie eine halbe Stunde, bevor Sie es waschen oder am n\u00e4chsten Morgen. Dieser Vorgang hilft dem \u00e4therischen Batana-\u00d6l, tiefer in die Haarstr\u00e4hnen einzudringen, \u00d6le und Schmutz zu emulgieren und die Kopfhaut zu n\u00e4hren.<\/p>\n\n\n\n<p>2. W\u00e4hrend der Haarw\u00e4sche: Sie k\u00f6nnen w\u00e4hrend der Haarw\u00e4sche eine kleine Menge \u00e4therisches \u00d6l in Ihre Kopfhaut und Ihr Haar einmassieren. Sie k\u00f6nnen es auch mit Shampoo oder Sp\u00fclung mischen. Wenn Sie die gesamte Kopfhaut mit \u00e4therischem \u00d6l bedecken und es 3-5 Minuten lang sanft einmassieren, kann dies die Kopfhaut reinigen und entspannen, die Durchblutung f\u00f6rdern und so die Haarfollikel stimulieren. Nach der Massage mit Wasser absp\u00fclen. Dieser Vorgang hilft dem \u00e4therischen \u00d6l, das Haar besser zu n\u00e4hren und es glatter und gl\u00e4nzender zu machen.<\/p>\n\n\n\n<p>3. Nach dem Waschen und Shampoonieren tupfen Sie das Wasser mit einem Handtuch ab und halten Sie Ihr Haar leicht feucht. Nehmen Sie dann eine angemessene Menge \u00e4therisches \u00d6l, reiben Sie es ein, erhitzen Sie es und tragen Sie es auf das Haar auf, insbesondere dort, wo die Haarspitzen leicht splittern. Lassen Sie Ihr Haar nach dem Auftragen an der Luft trocknen oder f\u00f6hnen Sie es mit einem Haartrockner. Achten Sie dabei darauf, dass es nicht zu hei\u00df wird. Auf diese Weise wird Ihr Haar mit Feuchtigkeit versorgt und gesch\u00fctzt.<\/p>\n\n\n\n<h2 class=\"wp-block-heading\">Vorsicht<\/h2>\n\n\n\n<p>1. Zum ersten Mal wird empfohlen, einen Hauttest durchzuf\u00fchren, um Allergien vorzubeugen<\/p>\n\n\n\n<p>2. Es wird empfohlen, dass Kinder unter Aufsicht ihrer Eltern verwenden<\/p>\n\n\n\n<p>3. Bei Kontakt mit den Augen w\u00e4hrend der Anwendung sofort mit klarem Wasser aussp\u00fclen<\/p>\n\n\n\n<p>4. An einem k\u00fchlen und trockenen Ort aufbewahren, vor direkter Sonneneinstrahlung sch\u00fctzen<\/p>\n\n\n\n<p>5. Die H\u00e4ufigkeit der Verwendung von feinem Haar sollte nicht zu hoch sein<\/p>\n\n\n\n<h2 class=\"wp-block-heading\">Abschluss<\/h2>\n\n\n\n<p>Das \u00e4therische Batana\u00f6l ist vielseitig, sanft und nicht reizend f\u00fcr eine Vielzahl von Haartypen. Effektive L\u00f6sungen gegen trockenes Haar, Spliss, Haarausfall usw. spielen eine wichtige Rolle bei unserer Haarpflege. Als hervorragender Batana\u00f6lhersteller verf\u00fcgen wir \u00fcber eine Auswahl, um eine hohe Qualit\u00e4t und nat\u00fcrliche Rohstoffe zu gew\u00e4hrleisten. Durch eine Reihe von Herstellungsprozessen ist das \u00e4therische Batana\u00f6l auch ein vertrauensw\u00fcrdiges Produkt.<\/p>\n\n\n\n<p><\/p>","protected":false},"excerpt":{"rendered":"How To Formulate A Batana Oil Hair Care Line As a leading Batana Oil manufacturer, Batana oil has a significant effect on hair care thanks to its key nutrients, which nourish hair, enhance hair toughness, delay aging, and care for your hair health. Fatty acids: Fatty acids can deeply nourish hair, making hair more healthy [&hellip;]","protected":false},"featured_media":1081,"menu_order":0,"template":"","meta":[],"product-tag":[],"products":[49,53],"class_list":["post-1080","product","type-product","status-publish","has-post-thumbnail","hentry","products-hair-care","products-essential-oil"],"acf":[],"_links":{"self":[{"href":"https:\/\/www.ruiqigo.com\/de\/wp-json\/wp\/v2\/product\/1080","targetHints":{"allow":["GET"]}}],"collection":[{"href":"https:\/\/www.ruiqigo.com\/de\/wp-json\/wp\/v2\/product"}],"about":[{"href":"https:\/\/www.ruiqigo.com\/de\/wp-json\/wp\/v2\/types\/product"}],"version-history":[{"count":0,"href":"https:\/\/www.ruiqigo.com\/de\/wp-json\/wp\/v2\/product\/1080\/revisions"}],"wp:featuredmedia":[{"embeddable":true,"href":"https:\/\/www.ruiqigo.com\/de\/wp-json\/wp\/v2\/media\/1081"}],"wp:attachment":[{"href":"https:\/\/www.ruiqigo.com\/de\/wp-json\/wp\/v2\/media?parent=1080"}],"wp:term":[{"taxonomy":"product-tag","embeddable":true,"href":"https:\/\/www.ruiqigo.com\/de\/wp-json\/wp\/v2\/product-tag?post=1080"},{"taxonomy":"products","embeddable":true,"href":"https:\/\/www.ruiqigo.com\/de\/wp-json\/wp\/v2\/products?post=1080"}],"curies":[{"name":"wp","href":"https:\/\/api.w.org\/{rel}","templated":true}]}}