{"id":1101,"date":"2024-09-20T13:55:29","date_gmt":"2024-09-20T05:55:29","guid":{"rendered":"https:\/\/ruiqigo.com\/?post_type=product&#038;p=1101"},"modified":"2024-09-20T13:55:29","modified_gmt":"2024-09-20T05:55:29","slug":"minoxidil-hair-growth-solution","status":"publish","type":"product","link":"https:\/\/www.ruiqigo.com\/de\/product\/minoxidil-hair-growth-solution","title":{"rendered":"Minoxidil-L\u00f6sung f\u00fcr Haarwachstum"},"content":{"rendered":"<h2 class=\"wp-block-heading\">Herstellung von Minoxidil-Haarwuchsl\u00f6sungen \u2013 g\u00e4ngige Formeln<\/h2>\n\n\n\n<p>Unser Produktionsprozess umfasst haupts\u00e4chlich die Rohstoffaufbereitung, Reaktionssynthese, Reinigung, Aufbereitung und Abf\u00fcllung. Die Qualit\u00e4tspr\u00fcfung durchl\u00e4uft den gesamten Prozess, um sicherzustellen, dass die Produktqualit\u00e4t den relevanten Normen und Anforderungen entspricht. Die wichtigsten Formeln sind:<\/p>\n\n\n\n<p>1. Minoxidil: Der Hauptwirkstoff kann die Blutgef\u00e4\u00dfe erweitern, die Durchblutung f\u00f6rdern, das Haar mit mehr Sauerstoff und N\u00e4hrstoffen versorgen und das Haarwachstum anregen.<\/p>\n\n\n\n<p>2. Propylenglykol: Als L\u00f6sungsmittel spielt es haupts\u00e4chlich eine l\u00f6sende und korrosionssch\u00fctzende Rolle und hat zudem eine feuchtigkeitsspendende Wirkung auf die Haut.<\/p>\n\n\n\n<p>3. Ethanol: Unterst\u00fctzende Wirkung, hilft Minoxidil, sich aufzul\u00f6sen und stabil zu bleiben.<\/p>\n\n\n\n<p>4. Glycerin: Kann als Feuchtigkeitsspender den Tragekomfort des Produkts erh\u00f6hen.<\/p>\n\n\n\n<p>5. Reines Wasser: Verd\u00fcnnung<\/p>\n\n\n\n<h2 class=\"wp-block-heading\">Die Vorteile der Minoxidil-Haarwuchsl\u00f6sung<\/h2>\n\n\n\n<p>1. F\u00f6rdert das Haarwachstum: Die Minoxidil-Haarwuchsl\u00f6sung kann die Vermehrung und Differenzierung von Haarfollikelzellen stimulieren und so das Haarwachstum f\u00f6rdern und zur Wiederherstellung der Funktion besch\u00e4digter Haarfollikel beitragen.<\/p>\n\n\n\n<p>2. Verbesserung des Kopfhautmilieus: Die Haarwuchsl\u00f6sung Minoxidil f\u00f6rdert die Durchblutung, indem sie die Blutgef\u00e4\u00dfe erweitert und so mehr Sauerstoff und N\u00e4hrstoffe zu den Haarfollikeln bringt. Langfristige Anwendung kann das Kopfhautmilieus verbessern.<\/p>\n\n\n\n<p>3. Haarausfall lindern: Die Haarwuchsl\u00f6sung Minoxidil kann den Haarausfall reduzieren, insbesondere bei Menschen mit androgenetischer Alopezie und seborrhoischer Alopezie.<\/p>\n\n\n\n<p>4. Steigerung der Haardicke und -dichte: Die langfristige Anwendung unserer Produkte kann nicht nur den Haarausfall verringern und das Haarwachstum f\u00f6rdern, sondern das Haar nimmt auch st\u00e4ndig N\u00e4hrstoffe auf, wodurch es ges\u00fcnder und dicker wird.<\/p>\n\n\n\n<p>5. Verl\u00e4ngern Sie den Zyklus ruhender Haarfollikel: Die Minoxidil-Haarwuchsl\u00f6sung kann den Wachstumszyklus der Haarfollikel regulieren, sodass ruhende Haarfollikel fr\u00fcher in die Wachstumsphase eintreten und so der Lebenszyklus des Haares verl\u00e4ngert wird.<\/p>\n\n\n\n<p>6. Reparatur der Barrierefunktion der Kopfhaut: Minoxidil hat auch eine entz\u00fcndungshemmende Wirkung und Entz\u00fcndungen der Kopfhaut sch\u00e4digen in der Regel die Barrierefunktion, sodass eine langfristige Anwendung dazu beitragen kann, diese Sch\u00e4den zu verringern und die Reparatur der Kopfhautbarriere zu f\u00f6rdern.<\/p>\n\n\n\n<h2 class=\"wp-block-heading\">Wie verwendet man die Minoxidil-Haarwuchsl\u00f6sung?<\/h2>\n\n\n\n<p>1. Saubere Kopfhaut: Stellen Sie vor der Verwendung der Minoxidil-Haarwuchsl\u00f6sung sicher, dass die Kopfhaut sauber und trocken ist, damit das Medikament besser aufgenommen wird.<\/p>\n\n\n\n<p>2. Auftragen oder spr\u00fchen: Das Haar kann in vier Teile geteilt werden. Dann die Wachstumsl\u00f6sung gleichm\u00e4\u00dfig auf die haarausfallenden Stellen auftragen oder mit der D\u00fcse gegen die Kopfhaut spr\u00fchen, um sicherzustellen, dass die Fl\u00fcssigkeit die Kopfhaut gleichm\u00e4\u00dfig bedeckt. Dann mit dem Finger 3\u20135 Minuten lang sanft einmassieren, bis die L\u00f6sung vollst\u00e4ndig eingezogen ist.<\/p>\n\n\n\n<p>3. Waschen Sie Ihre H\u00e4nde sofort nach der Massage, um nicht mit anderen Teilen der Fl\u00fcssigkeit in Ber\u00fchrung zu kommen. Waschen Sie Ihre Haare gleichzeitig nicht sofort nach der Anwendung. Es wird empfohlen, l\u00e4nger als 1 Stunde zu warten und das Produkt jeden Morgen und Abend einmal anzuwenden.<\/p>\n\n\n\n<h2 class=\"wp-block-heading\">Vorsicht<\/h2>\n\n\n\n<p>1. Vermeiden Sie die Kombination mit anderen Medikamenten. Wenn Sie dieses Produkt verwenden, sollten Sie Ihren Arzt fragen, ob andere Medikamente mit Minoxidil-Haarwuchsl\u00f6sungen kombiniert werden k\u00f6nnen.<\/p>\n\n\n\n<p>2. Schwangere, Kinder, stillende Frauen und Patienten mit Herzerkrankungen oder einer Vorgeschichte von Herzerkrankungen sollten das Produkt unter \u00e4rztlicher Anleitung mit Vorsicht verwenden.<\/p>\n\n\n\n<p>3. Vor der Verwendung einer Minoxidil-Haarwuchsl\u00f6sung wird ein Allergietest empfohlen.<\/p>\n\n\n\n<p>4. Der Anwendungszyklus dieses Produkts betr\u00e4gt normalerweise 4 Monate. Wenn Sie die Anwendung w\u00e4hrend dieser Zeit abbrechen, kann der Haarausfall erneut einsetzen und Sie verlieren schneller Haare.<\/p>\n\n\n\n<p>5. Dieses Produkt ist f\u00fcr die meisten Menschen geeignet, die beste Wirkung erzielt die Behandlung im Alter von 18 bis 40 Jahren.<\/p>\n\n\n\n<p>6. Dieses Produkt eignet sich f\u00fcr das fr\u00fche und mittlere Stadium von Haarausfall, f\u00fcr Bereiche mit klarem Haarausfall und andere F\u00e4lle. Befolgen Sie vor der Anwendung jedoch unbedingt den Rat Ihres Arztes.<\/p>\n\n\n\n<p>7. Nach der Anwendung dieses Produkts reagiert die Haut empfindlicher auf die Sonne, achten Sie daher auf Sonnenschutz.<\/p>\n\n\n\n<p>7. Sollten w\u00e4hrend der Anwendung Beschwerden auftreten, beenden Sie die Anwendung bitte sofort und reinigen Sie das Ger\u00e4t mit Wasser.<\/p>\n\n\n\n<p>8. Die Minoxidil-Haarl\u00f6sung sollte an einem k\u00fchlen und trockenen Ort aufbewahrt werden und vor direkter Sonneneinstrahlung gesch\u00fctzt sein.<\/p>\n\n\n\n<h2 class=\"wp-block-heading\">Abschluss<\/h2>\n\n\n\n<p>Die Haarwuchsl\u00f6sung Minoxidil wird von Menschen mit Haarausfall und Haarverlust, insbesondere androgenetischer Alopezie, bevorzugt, da sie Haarausfall lindert, Haarfollikel erweitert, das Wachstum f\u00f6rdert und Barrieren repariert. Unsere Fabrik verbessert durch mehrere Qualit\u00e4tskontrollstufen sowie durch technisches Personal die Forschung und Entwicklung von Innovationen, die bestehende Formeln verbessert und die Benutzerfreundlichkeit der Produkte st\u00e4ndig verbessert. Gleichzeitig stellen wir sicher, dass die Qualit\u00e4t und Sicherheit der Produkte den h\u00f6chsten Standards entsprechen und Ihren Anforderungen entsprechen. Dar\u00fcber hinaus haben wir die Gebrauchsanweisung auf der Verpackung des Produkts ausf\u00fchrlich gekennzeichnet. Wir hoffen, dass Sie die Anweisungen vor der Verwendung sorgf\u00e4ltig lesen und sie entsprechend Ihrem Hauttyp anpassen k\u00f6nnen, um die besten Ergebnisse zu erzielen.<\/p>\n\n\n\n<p><\/p>","protected":false},"excerpt":{"rendered":"Minoxidil Hair Growth Solution Manufacturing Common Formulas Our production process mainly includes raw material preparation, reaction synthesis, purification, preparation, and filling. The quality inspection runs through the whole process to ensure that the product quality meets the relevant standards and requirements. The main formulas are: 1. Minoxidil: The core active ingredient can dilate blood vessels, [&hellip;]","protected":false},"featured_media":1102,"menu_order":0,"template":"","meta":[],"product-tag":[],"products":[49],"class_list":["post-1101","product","type-product","status-publish","has-post-thumbnail","hentry","products-hair-care"],"acf":[],"_links":{"self":[{"href":"https:\/\/www.ruiqigo.com\/de\/wp-json\/wp\/v2\/product\/1101","targetHints":{"allow":["GET"]}}],"collection":[{"href":"https:\/\/www.ruiqigo.com\/de\/wp-json\/wp\/v2\/product"}],"about":[{"href":"https:\/\/www.ruiqigo.com\/de\/wp-json\/wp\/v2\/types\/product"}],"version-history":[{"count":0,"href":"https:\/\/www.ruiqigo.com\/de\/wp-json\/wp\/v2\/product\/1101\/revisions"}],"wp:featuredmedia":[{"embeddable":true,"href":"https:\/\/www.ruiqigo.com\/de\/wp-json\/wp\/v2\/media\/1102"}],"wp:attachment":[{"href":"https:\/\/www.ruiqigo.com\/de\/wp-json\/wp\/v2\/media?parent=1101"}],"wp:term":[{"taxonomy":"product-tag","embeddable":true,"href":"https:\/\/www.ruiqigo.com\/de\/wp-json\/wp\/v2\/product-tag?post=1101"},{"taxonomy":"products","embeddable":true,"href":"https:\/\/www.ruiqigo.com\/de\/wp-json\/wp\/v2\/products?post=1101"}],"curies":[{"name":"wp","href":"https:\/\/api.w.org\/{rel}","templated":true}]}}