{"id":1121,"date":"2024-09-20T17:27:59","date_gmt":"2024-09-20T09:27:59","guid":{"rendered":"https:\/\/ruiqigo.com\/?post_type=product&#038;p=1121"},"modified":"2024-11-14T17:27:54","modified_gmt":"2024-11-14T09:27:54","slug":"pumpkin-seed-oil","status":"publish","type":"product","link":"https:\/\/www.ruiqigo.com\/de\/product\/pumpkin-seed-oil","title":{"rendered":"K\u00fcrbiskern\u00f6l\u00a0\u00a0"},"content":{"rendered":"<h2 class=\"wp-block-heading\">Herstellung von K\u00fcrbiskern\u00f6l \u2013 g\u00e4ngige Formeln<\/h2>\n\n\n\n<p>Wir legen gro\u00dfen Wert auf die Qualit\u00e4t von K\u00fcrbiskern\u00f6l, daher wird jeder Produktionsprozess streng kontrolliert. Zun\u00e4chst w\u00e4hlen wir hochwertige, schadstofffreie K\u00fcrbiskerne als Rohstoffe aus und extrahieren sie mithilfe einer Kaltpresstechnologie, die die Integrit\u00e4t und Aktivit\u00e4t der N\u00e4hrstoffe gew\u00e4hrleistet. Als zuverl\u00e4ssiger K\u00fcrbiskern\u00f6lhersteller sind K\u00fcrbiskerne in der Rezeptur von K\u00fcrbiskern\u00f6l die Hauptzutat und werden im Verh\u00e4ltnis mit anderen Antioxidantien gemischt. Im Folgenden sind die Hauptrezepturen unserer Produkte aufgef\u00fchrt:<\/p>\n\n\n\n<p>1. K\u00fcrbiskerne: Die verschiedenen Fetts\u00e4uren in K\u00fcrbiskernen haben entz\u00fcndungshemmende Eigenschaften, die gesch\u00e4digtes Haar verbessern k\u00f6nnen. Die darin enthaltenen N\u00e4hrstoffe k\u00f6nnen auch die Gesundheit und das Wachstum des Haares f\u00f6rdern.<\/p>\n\n\n\n<p>2. Vitamin E: Vitamin E ist ein starkes Antioxidans, das freie Radikale auf der Kopfhaut bek\u00e4mpft, so die Alterung verz\u00f6gert und die Zellen vor Sch\u00e4den sch\u00fctzt.<\/p>\n\n\n\n<h2 class=\"wp-block-heading\">Die Vorteile von K\u00fcrbiskern\u00f6l<\/h2>\n\n\n\n<p>1. Haar n\u00e4hren: K\u00fcrbiskern\u00f6l kann das Haar reichhaltig mit N\u00e4hrstoffen versorgen und trockenes Haar, gelbes Haar und andere Probleme lindern.<\/p>\n\n\n\n<p>2. Sch\u00e4den reparieren: Das Vitamin E und andere Antioxidantien im K\u00fcrbiskern\u00f6l bek\u00e4mpfen freie Radikale und k\u00f6nnen auch Schuppensymptome und Kopfhautinfektionen bek\u00e4mpfen, tiefenwirksam reparieren und die Haarqualit\u00e4t verbessern.<\/p>\n\n\n\n<p>3. Feuchtigkeitsbindendes Wasser: Unser Produkt ist ein \u00d6l mittlerer Qualit\u00e4t, das sich zum Auftragen auf die Kopfhaut eignet, Wasser fest binden und Haarspliss, Haarbruch und andere Probleme lindern kann.<\/p>\n\n\n\n<p>4. Haarausfall lindern: Ein \u00fcberm\u00e4\u00dfiger DHT-Spiegel (Dihydrotestosteron) im K\u00f6rper f\u00fchrt zu Haarausfall. K\u00fcrbiskern\u00f6l kann die DHT-Produktion reduzieren und so die Gesundheit der Haarfollikel sch\u00fctzen und den Haarausfall verringern.<\/p>\n\n\n\n<p>5. F\u00f6rdert das Wachstum: Einige Bestandteile des K\u00fcrbiskern\u00f6ls k\u00f6nnen die Durchblutung f\u00f6rdern, die Haarfollikel mit mehr N\u00e4hrstoffen und Sauerstoff versorgen und das nat\u00fcrliche Haarwachstum unterst\u00fctzen.<\/p>\n\n\n\n<p>6. Verbesserung der Haut: K\u00fcrbiskern\u00f6l hat nicht nur eine bemerkenswerte Wirkung auf die Haarpflege, sondern ist auch ein nat\u00fcrliches Hautpflegeprodukt, das antioxidativ, Anti-Aging, n\u00e4hrend und feuchtigkeitsspendend wirken kann und die Hautqualit\u00e4t verbessern und Ihre Haut bei langfristiger Anwendung ges\u00fcnder machen kann.<\/p>\n\n\n\n<h2 class=\"wp-block-heading\">Wie verwendet man K\u00fcrbiskern\u00f6l f\u00fcr das Haarwachstum?<\/h2>\n\n\n\n<p>Als zuverl\u00e4ssiger K\u00fcrbiskern\u00f6lhersteller w\u00e4hlen wir sorgf\u00e4ltig hochwertige K\u00fcrbiskerne aus und jeder Produktionsprozess wird von professionellen Technikern \u00fcberpr\u00fcft, um ihre Reinheit und Sicherheit zu gew\u00e4hrleisten. Es gibt viele M\u00f6glichkeiten, K\u00fcrbiskern\u00f6l in der Haarpflege zu verwenden. Sie k\u00f6nnen je nach tats\u00e4chlichem Bedarf und langfristiger Anwendung eine f\u00fcr Sie geeignete ausw\u00e4hlen. Ich bin \u00fcberzeugt, dass Ihr Haar dadurch ges\u00fcnder, dicker und gl\u00e4nzender wird. Im Folgenden sind einige Verwendungsmethoden aufgef\u00fchrt:<\/p>\n\n\n\n<p>1. Vor dem Waschen: K\u00e4mmen Sie Ihr Haar vor dem Waschen und geben Sie unser Produkt in Ihre Handfl\u00e4che, um es zu erw\u00e4rmen. Tragen Sie es dann gleichm\u00e4\u00dfig auf Kopfhaut und Haar auf. Massieren Sie es 3\u20135 Minuten lang sanft mit dem Finger ein und warten Sie 10 Minuten, um die Aufnahme zu f\u00f6rdern. Waschen Sie Ihr Haar zuletzt und achten Sie darauf, dass Sie es beim Waschen gr\u00fcndlich reinigen.<\/p>\n\n\n\n<p>2. Shampoo: Beim Shampoonieren k\u00f6nnen Sie zwei Tropfen K\u00fcrbiskern\u00f6l in das Shampoo oder die Sp\u00fclung geben. Wie beim normalen Shampoonieren k\u00f6nnen Sie auch hier l\u00e4nger mit den Fingern und dem Bauch die Kopfhaut massieren, um die Durchblutung und die Aufnahme des \u00e4therischen \u00d6ls zu f\u00f6rdern. Mit warmem Wasser absp\u00fclen, damit keine R\u00fcckst\u00e4nde zur\u00fcckbleiben.<\/p>\n\n\n\n<p>3. Nach dem Haarewaschen: Trocknen Sie Ihr Haar nach dem Waschen mit einem Handtuch ab, damit es halbtrocken bleibt. Nehmen Sie dann eine kleine Menge K\u00fcrbiskern\u00f6l, reiben Sie es ein, erhitzen Sie es und tragen Sie es gleichm\u00e4\u00dfig von den Haarspitzen bis zu den Haarspitzen auf, insbesondere auf die trockenen, besch\u00e4digten Teile. Achten Sie darauf, es nicht auf die Kopfhaut aufzutragen, damit das Haar nicht fettig wird. Nach dem Auftragen k\u00f6nnen Sie es mit einem F\u00f6hn bei niedriger Temperatur oder an der Luft trocknen lassen.<\/p>\n\n\n\n<h2 class=\"wp-block-heading\">Vorsicht<\/h2>\n\n\n\n<p>1. Bei der ersten Anwendung sollte ein Allergietest durchgef\u00fchrt werden, um sicherzustellen, dass vor der Anwendung keine allergischen Reaktionen auftreten.<\/p>\n\n\n\n<p>2. Patienten mit Erythemgeschw\u00fcren oder sehr fettigen Haarwurzeln wird empfohlen, das Produkt unter \u00e4rztlicher Anleitung zu verwenden.<\/p>\n\n\n\n<p>3. K\u00fcrbiskern\u00f6l ist f\u00fcr die meisten Menschen geeignet, insbesondere f\u00fcr Menschen mit strapaziertem Haar, kahlem Haar, trockenem Haar usw.<\/p>\n\n\n\n<p>4. Unser Produkt ist f\u00fcr jede Situation geeignet, egal ob vor, w\u00e4hrend und nach der Haarew\u00e4sche oder der t\u00e4glichen Pflege.<\/p>\n\n\n\n<p>5. Kontrollieren Sie bei der Anwendung die Menge, um zu vermeiden, dass das Haar \u00fcberm\u00e4\u00dfig fettig wird und schwer zu reinigen ist.<\/p>\n\n\n\n<p>6. Sollten w\u00e4hrend der Anwendung Hautr\u00f6tungen, Juckreiz der Kopfhaut oder andere Symptome auftreten, beenden Sie die Anwendung sofort und reinigen Sie das Produkt mit Wasser.<\/p>\n\n\n\n<p>7. Dieses Produkt sollte an einem k\u00fchlen, trockenen Ort ohne direkte Sonneneinstrahlung gelagert werden.<\/p>\n\n\n\n<h2 class=\"wp-block-heading\">Abschluss<\/h2>\n\n\n\n<p>Wenn Sie nach einem vollkommen nat\u00fcrlichen, unsch\u00e4dlichen \u00e4therischen \u00d6l f\u00fcr die Haarpflege suchen, ist unser K\u00fcrbiskern\u00f6l die beste Wahl. Wir legen gro\u00dfen Wert auf Produktqualit\u00e4t und -sicherheit. Im gesamten Produktionsprozess haben Qualit\u00e4tskontrolle, Umweltschutz und Energieeinsparung f\u00fcr uns Priorit\u00e4t. Von der Rohstoffpr\u00fcfung bis zur Verarbeitung und Verpackung gibt es verschiedene Qualit\u00e4tstests, darunter sensorische Indikatoren, Funktionsindikatoren, Hautreizungstests usw., um die Stabilit\u00e4t und Sicherheit der \u00e4therischen \u00d6le zu gew\u00e4hrleisten. Als effizienter K\u00fcrbiskern\u00f6lhersteller werden die Produkte gleichzeitig auch von unabh\u00e4ngigen professionellen Pr\u00fcfinstituten \u00fcberpr\u00fcft, um die entsprechenden Standards zu erf\u00fcllen. Ich hoffe, dass es Ihnen ein gutes Haarpflegeerlebnis bieten kann, und ich glaube, dass sich Ihr Haar bei anhaltender Anwendung sicherlich deutlich ver\u00e4ndern wird.<\/p>","protected":false},"excerpt":{"rendered":"Pumpkin Seed Oil Manufacturing Common Formulas We attach great importance to the quality of pumpkin seed oil, so every process of production is strictly controlled. First of all, we will select high-quality, pollution-free pumpkin seeds as raw materials, and use cold-pressing technology to extract them which can ensure the integrity and activity of nutrients. As [&hellip;]","protected":false},"featured_media":1122,"menu_order":0,"template":"","meta":[],"product-tag":[],"products":[53],"class_list":["post-1121","product","type-product","status-publish","has-post-thumbnail","hentry","products-essential-oil"],"acf":[],"_links":{"self":[{"href":"https:\/\/www.ruiqigo.com\/de\/wp-json\/wp\/v2\/product\/1121","targetHints":{"allow":["GET"]}}],"collection":[{"href":"https:\/\/www.ruiqigo.com\/de\/wp-json\/wp\/v2\/product"}],"about":[{"href":"https:\/\/www.ruiqigo.com\/de\/wp-json\/wp\/v2\/types\/product"}],"version-history":[{"count":0,"href":"https:\/\/www.ruiqigo.com\/de\/wp-json\/wp\/v2\/product\/1121\/revisions"}],"wp:featuredmedia":[{"embeddable":true,"href":"https:\/\/www.ruiqigo.com\/de\/wp-json\/wp\/v2\/media\/1122"}],"wp:attachment":[{"href":"https:\/\/www.ruiqigo.com\/de\/wp-json\/wp\/v2\/media?parent=1121"}],"wp:term":[{"taxonomy":"product-tag","embeddable":true,"href":"https:\/\/www.ruiqigo.com\/de\/wp-json\/wp\/v2\/product-tag?post=1121"},{"taxonomy":"products","embeddable":true,"href":"https:\/\/www.ruiqigo.com\/de\/wp-json\/wp\/v2\/products?post=1121"}],"curies":[{"name":"wp","href":"https:\/\/api.w.org\/{rel}","templated":true}]}}