{"id":1186,"date":"2024-09-29T15:38:44","date_gmt":"2024-09-29T07:38:44","guid":{"rendered":"https:\/\/ruiqigo.com\/?post_type=product&#038;p=1186"},"modified":"2024-10-28T15:43:09","modified_gmt":"2024-10-28T07:43:09","slug":"peppermint-body-wash","status":"publish","type":"product","link":"https:\/\/www.ruiqigo.com\/de\/product\/peppermint-body-wash","title":{"rendered":"Pfefferminz-Duschgel"},"content":{"rendered":"<h2 class=\"wp-block-heading\">Herstellung von K\u00fcrbiskern\u00f6l \u2013 g\u00e4ngige Formeln<\/h2>\n\n\n\n<p>Wir legen gro\u00dfen Wert auf die Qualit\u00e4t der Minzduschgelprodukte und w\u00e4hlen nicht nur die Rohstoffe sorgf\u00e4ltig aus, sondern kontrollieren auch jeden Prozess streng. Bei der Produktverarbeitung werden verschiedene Pflanzenextrakte ohne Konservierungsstoffe hinzugef\u00fcgt. Die Hauptformel lautet:<\/p>\n\n\n\n<p>1. \u00c4therisches Pfefferminz\u00f6l: Das \u00e4therische Pfefferminz\u00f6l ist der Hauptbestandteil dieses Produkts, das viel Menthol und Mentholketon enth\u00e4lt. Diese beiden Wirkstoffe k\u00f6nnen auf die Haut aufgetragen werden, um ein k\u00fchles Gef\u00fchl zu erzeugen, das Juckreiz und Reizungen lindert. Sie sind au\u00dferdem nat\u00fcrliche Konservierungsmittel mit antibakterieller und entz\u00fcndungshemmender Wirkung, die die Entz\u00fcndungsreaktion auf der Hautoberfl\u00e4che verringern und so Krankheiten wie Dermatitis und Ekzemen vorbeugen k\u00f6nnen. Dar\u00fcber hinaus kann der Duft von Pfefferminze das Nervensystem stimulieren, was zur Linderung von M\u00fcdigkeit und zur Verbesserung der Konzentration beitr\u00e4gt.<\/p>\n\n\n\n<p>2. Feuchtigkeitsmittel: \u00dcbliche Feuchtigkeitsmittel enthalten Glycerin, Propylenglykol und andere Inhaltsstoffe, die einen Schutzfilm auf der Hautoberfl\u00e4che bilden und Wasser fest einschlie\u00dfen k\u00f6nnen, sodass die Haut Wasser besser aufnehmen kann und glatter und transparenter wird.<\/p>\n\n\n\n<p>3. Tenside: Diese Inhaltsstoffe sind ebenfalls einer der Hauptbestandteile, die Schmutz und \u00d6l auf der Hautoberfl\u00e4che gr\u00fcndlich entfernen und die Haut frisch und sauber machen k\u00f6nnen. Gleichzeitig k\u00f6nnen sie daf\u00fcr sorgen, dass das Duschgel dichten Schaum erzeugt, Reibungskontakt verringert, sanft und leicht auszusp\u00fclen ist und den Badekomfort verbessert.<\/p>\n\n\n\n<p>4. Andere Pflanzenextrakte: Wir f\u00fcgen dem Duschgel auch gr\u00fcnen Tee, Seetang und andere Extrakte hinzu. Diese nat\u00fcrlichen Inhaltsstoffe haben antioxidative, entz\u00fcndungshemmende und beruhigende Eigenschaften, die die Haut zus\u00e4tzlich mit Feuchtigkeit versorgen und den Hautzustand verbessern k\u00f6nnen. Gleichzeitig reizen sie die Haut nicht und sorgen f\u00fcr ein angenehmes Badeerlebnis.<\/p>\n\n\n\n<h2 class=\"wp-block-heading\">Die Vorteile von K\u00fcrbiskern\u00f6l<\/h2>\n\n\n\n<p>Im Produktionsprozess des Pfefferminz-Duschgels haben wir professionelle Parf\u00fcmeure, die sorgf\u00e4ltig darauf vorbereitet sind, sicherzustellen, dass das Produkt unter milden und angenehmen Bedingungen die maximale Wirkung entfalten kann. Hier sind einige der wichtigsten Vorteile:<\/p>\n\n\n\n<p>1. Erfrischend und angenehm: Pfefferminze hat eine k\u00fchlende und k\u00fchlende Wirkung, sodass sich die Haut bei der Verwendung von Pfefferminzduschgel k\u00fchl anf\u00fchlt und dies einige Zeit anh\u00e4lt.<\/p>\n\n\n\n<p>2. Stress und Muskelkater lindern: Die K\u00fchle des Menthols kann die Nervenenden stimulieren und die Durchblutung f\u00f6rdern, wodurch Muskelverspannungen gel\u00f6st und K\u00f6rper und Geist entspannt werden, w\u00e4hrend gleichzeitig die Stimmung verbessert und Stress gelindert wird.<\/p>\n\n\n\n<p>3. Schmerzen und Juckreiz: Die Wirkstoffe im Pfefferminz-Duschgel k\u00f6nnen das Wachstum und die Vermehrung von Bakterien hemmen, antibakterielle und entz\u00fcndungshemmende Wirkungen erzielen und so die Symptome von Hautentz\u00fcndungen wie R\u00f6tungen, Schmerzen, Juckreiz usw. lindern und die Heilung f\u00f6rdern. Au\u00dferdem beugt es Hautentz\u00fcndungen und Akne vor.<\/p>\n\n\n\n<p>4. \u00d6l ausgleichen: Pfefferminz-Duschgel kann die Poren gr\u00fcndlich reinigen und \u00d6l und Schmutz von der Haut entfernen. Gleichzeitig reinigt und verengt es auch die Poren, sodass die Haut einen Zustand des Wasser- und \u00d6lgleichgewichts aufrechterhalten kann, um den Effekt des \u00d6lausgleichs zu erzielen.<\/p>\n\n\n\n<p>5. Straffung der Haut: Pfefferminze hat Anti-Aging-Eigenschaften, w\u00e4hrend andere Inhaltsstoffe des Duschgels wie Vitamin B3 die Kollagensynthese und den Zellstoffwechsel f\u00f6rdern k\u00f6nnen, wodurch der entspannte Zustand der Haut verbessert, Wasser besser gebunden und die Haut straffer und glatter wird. Die langfristige Anwendung unserer Produkte kann dazu beitragen, die Haut zu straffen und ihren Glanz und ihre Elastizit\u00e4t zu verbessern.<\/p>\n\n\n\n<h2 class=\"wp-block-heading\">Wie verwendet man K\u00fcrbiskern\u00f6l f\u00fcr das Haarwachstum?<\/h2>\n\n\n\n<p>Das von unserer Fabrik hergestellte Pfefferminzduschgel ist mild und nicht reizend und kann reichhaltigen Schaum erzeugen, der die Haut gr\u00fcndlich reinigt und Ihnen ein gutes Badegef\u00fchl verleiht. Wir kennzeichnen die Verwendungsmethode des Duschgels auch sorgf\u00e4ltig auf der Verpackung und hoffen, dass Sie diese vor der Verwendung sorgf\u00e4ltig lesen k\u00f6nnen.<\/p>\n\n\n\n<p>1. Befeuchten Sie den K\u00f6rper zun\u00e4chst mit warmem Wasser, damit die reinigende Wirkung des Duschgels besser zur Geltung kommt.<\/p>\n\n\n\n<p>2. Nehmen Sie eine angemessene Menge Pfefferminz-Duschgel mit der Handfl\u00e4che oder einem Badeball, um Schaum zu erzeugen, und tragen Sie den Schaum dann auf den K\u00f6rper auf, insbesondere auf die Teile, die leicht schwitzen und Schmutz hinterlassen, und massieren Sie ihn sanft ein.<\/p>\n\n\n\n<p>3. Nach der Massage mit warmem Wasser absp\u00fclen, darauf achten, dass kein Schaum mehr vorhanden ist, und den K\u00f6rper mit einem Badetuch abtrocknen.<\/p>\n\n\n\n<h2 class=\"wp-block-heading\">Vorsicht<\/h2>\n\n\n\n<p>1. Es wird empfohlen, vor der ersten Anwendung einen Allergietest durchzuf\u00fchren. Bitte beenden Sie die Anwendung, wenn Sie sich unwohl f\u00fchlen.<\/p>\n\n\n\n<p>2. Nehmen Sie je nach individuellem Hauttyp eine angemessene Menge Duschgel, nicht zu viel, da es sonst zu Trockenheit f\u00fchrt.<\/p>\n\n\n\n<p>3. Vermeiden Sie das Ber\u00fchren von Augen, Mund und anderen empfindlichen K\u00f6rperteilen. Bei Kontakt sofort mit Wasser aussp\u00fclen.<\/p>\n\n\n\n<p>4. Schwangere sollten es unter \u00e4rztlicher Aufsicht verwenden, um Nebenwirkungen zu vermeiden.<\/p>\n\n\n\n<p>5. Minz-Duschgel sollte an einem k\u00fchlen und trockenen Ort aufbewahrt werden. Direkte Sonneneinstrahlung und hohe Temperaturen sollten vermieden werden.<\/p>\n\n\n\n<p>6. Dieses Produkt ist f\u00fcr die meisten Menschen geeignet, insbesondere f\u00fcr diejenigen, die es k\u00fchl und trocken m\u00f6gen.<\/p>\n\n\n\n<p>7. Dieses Produkt ist f\u00fcr jede Situation geeignet, insbesondere im Sommer und nach dem Sport zur Entspannung von K\u00f6rper und Geist.<\/p>\n\n\n\n<h2 class=\"wp-block-heading\">Abschluss<\/h2>\n\n\n\n<p>Wenn Sie eine hochwertige, differenzierte Produktionslinie f\u00fcr Minzduschgel anstreben, ist unsere Fabrik Ihre beste Wahl. Unsere Auswahl an hochwertigen Rohstoffen aus der ganzen Welt gew\u00e4hrleistet die Sicherheit unserer Produkte, und die einzigartige Formel ist die ideale Wahl f\u00fcr mehr Benutzer, die nach einem erfrischenden Erlebnis suchen. Gleichzeitig verf\u00fcgt unsere Fabrik \u00fcber ein vollst\u00e4ndiges Lieferkettensystem und einen effizienten Produktionsprozess, der eine qualitativ hochwertige Produktion in gro\u00dfen Mengen erm\u00f6glicht. Wir bieten auch eine umfassende Palette ma\u00dfgeschneiderter Dienstleistungen an, um Ihren individuellen Anforderungen gerecht zu werden. Wenn Sie noch mehr \u00fcber die Produktinformationen zum Pfefferminz-Duschgel erfahren m\u00f6chten, kontaktieren Sie uns bitte so bald wie m\u00f6glich.<\/p>","protected":false},"excerpt":{"rendered":"Pumpkin Seed Oil Manufacturing Common Formulas We attach great importance to the quality of mint shower gel products, not only carefully selecting raw materials but also strictly controlling each process. A variety of plant extracts are added to the product processing, without any preservatives, the main formula is: 1. Peppermint essential oil: Peppermint essential oil [&hellip;]","protected":false},"featured_media":1187,"menu_order":0,"template":"","meta":[],"product-tag":[],"products":[57],"class_list":["post-1186","product","type-product","status-publish","has-post-thumbnail","hentry","products-body-wash"],"acf":[],"_links":{"self":[{"href":"https:\/\/www.ruiqigo.com\/de\/wp-json\/wp\/v2\/product\/1186","targetHints":{"allow":["GET"]}}],"collection":[{"href":"https:\/\/www.ruiqigo.com\/de\/wp-json\/wp\/v2\/product"}],"about":[{"href":"https:\/\/www.ruiqigo.com\/de\/wp-json\/wp\/v2\/types\/product"}],"version-history":[{"count":0,"href":"https:\/\/www.ruiqigo.com\/de\/wp-json\/wp\/v2\/product\/1186\/revisions"}],"wp:featuredmedia":[{"embeddable":true,"href":"https:\/\/www.ruiqigo.com\/de\/wp-json\/wp\/v2\/media\/1187"}],"wp:attachment":[{"href":"https:\/\/www.ruiqigo.com\/de\/wp-json\/wp\/v2\/media?parent=1186"}],"wp:term":[{"taxonomy":"product-tag","embeddable":true,"href":"https:\/\/www.ruiqigo.com\/de\/wp-json\/wp\/v2\/product-tag?post=1186"},{"taxonomy":"products","embeddable":true,"href":"https:\/\/www.ruiqigo.com\/de\/wp-json\/wp\/v2\/products?post=1186"}],"curies":[{"name":"wp","href":"https:\/\/api.w.org\/{rel}","templated":true}]}}