{"id":1309,"date":"2024-10-18T14:12:00","date_gmt":"2024-10-18T06:12:00","guid":{"rendered":"https:\/\/ruiqigo.com\/?post_type=product&#038;p=1309"},"modified":"2025-06-17T16:45:49","modified_gmt":"2025-06-17T08:45:49","slug":"lavender-body-wash","status":"publish","type":"product","link":"https:\/\/www.ruiqigo.com\/de\/product\/lavender-body-wash","title":{"rendered":"Lavendel Duschgel"},"content":{"rendered":"<h2 class=\"wp-block-heading\">Herstellung g\u00e4ngiger Formeln f\u00fcr Lavendel-Duschgel<\/h2>\n\n\n\n<p>Wir legen gro\u00dfen Wert auf den Produktionsprozess des Lavendel-Duschgels. Wir entwickeln nicht nur sorgf\u00e4ltig mehrere Formeln, sondern ber\u00fccksichtigen auch die Bed\u00fcrfnisse verschiedener Hauttypen, damit das Produkt vielseitiger ist.<\/p>\n\n\n\n<p>\u00c4therisches Lavendel\u00f6l: Der Hauptbestandteil von Duschgels, Lavendelduft, kann K\u00f6rper und Geist beruhigen und Ihnen ein entspannendes und angenehmes Badeerlebnis bescheren. Dar\u00fcber hinaus hat \u00e4therisches Lavendel\u00f6l auch aufhellende, zellreparierende und andere Effekte, kann verj\u00fcngen und macht die Haut glatter und zarter.<\/p>\n\n\n\n<p>Tenside: Tenside k\u00f6nnen nicht nur reichhaltigen Schaum erzeugen, die Reinigungskraft von Duschgel verbessern und oberfl\u00e4chlichen Schmutz und \u00d6l wirksam entfernen, sondern bilden auch einen Schutzfilm auf der Hautoberfl\u00e4che, um Hautreizungen vorzubeugen.<\/p>\n\n\n\n<p>Kokosnuss\u00f6l: Die Fetts\u00e4uren im Kokosnuss\u00f6l haben gute feuchtigkeitsspendende Eigenschaften, die Wasser einschlie\u00dfen und trockene, raue Haut und andere Probleme verbessern k\u00f6nnen. Gleichzeitig ist Kokosnuss\u00f6l sanfter, kann Hautbeschwerden lindern, die Haut reparieren und ist besser f\u00fcr empfindliche Muskeln geeignet.<\/p>\n\n\n\n<h2 class=\"wp-block-heading\">Die Vorteile von Lavendel-Duschgel<\/h2>\n\n\n\n<p>Als professioneller Lavendelhersteller f\u00fchren wir relevante Qualit\u00e4tspr\u00fcfungen in allen Aspekten der Rohstoffzufuhr zur Verpackung des fertigen Produkts durch, um die Qualit\u00e4tssicherheit zu gew\u00e4hrleisten. Gleichzeitig arbeiten wir weiter an Innovationen und Forschung und kombinieren eine Vielzahl von Vorteilen, um Ihren Hautpflegebed\u00fcrfnissen gerecht zu werden. Hier sind einige der wichtigsten Vorteile:<\/p>\n\n\n\n<p>1. Beruhigend und entspannend: Das einzigartige Aroma von Lavendel kann Anspannung und Stress lindern. Bei der Verwendung von Duschgel schafft das Aroma eine entspannte und angenehme Atmosph\u00e4re, die K\u00f6rper und Geist entspannen und Stress und M\u00fcdigkeit reduzieren kann.<\/p>\n\n\n\n<p>2. Passen Sie das Gleichgewicht von Wasser und \u00d6l an: Lavendel-Duschgel kann das \u00d6lgleichgewicht anpassen, das fettige Gef\u00fchl reduzieren und frisch halten.<\/p>\n\n\n\n<p>3. Feuchtigkeitsspendend und feuchtigkeitsspendend: Unsere zus\u00e4tzlichen feuchtigkeitsspendenden Inhaltsstoffe k\u00f6nnen Feuchtigkeit fest einschlie\u00dfen, die Haut befeuchten, die Haut hydratisiert und glatt halten und ein Austrocknen verhindern.<\/p>\n\n\n\n<p>4. Antibakteriell und entz\u00fcndungshemmend: Das \u00e4therische Lavendel\u00f6l hat eine antibakterielle und entz\u00fcndungshemmende Wirkung, die Hautentz\u00fcndungen reduzieren und Infektionen vorbeugen kann.<\/p>\n\n\n\n<p>5. Aufhellung und helle Flecken: Unsere Produkte haben eine aufhellende und helle Flecken hervorrufende Wirkung, die dazu beitr\u00e4gt, die Dunkelheit der Haut zu reduzieren und die Haut transparenter zu machen.<\/p>\n\n\n\n<p>6. Verbessert den Schlaf: Der Duft von Lavendel kann nicht nur beruhigen und entspannen, sondern verbessert auch die Schlafqualit\u00e4t und ist f\u00fcr Menschen mit Schlaflosigkeit und Tr\u00e4umen geeignet.<\/p>\n\n\n\n<h2 class=\"wp-block-heading\">Wie verwendet man Lavendel-Duschgel zur K\u00f6rperpflege?<\/h2>\n\n\n\n<p>Wir haben w\u00e4hrend des Produktionsprozesses viele Mischungen hergestellt, um diesen reichhaltigen Schaum und das sanfte Duschgel herzustellen, das Ihr Badeerlebnis verbessern soll. Der t\u00e4gliche Gebrauch ist in ein Bad und ein Bad unterteilt, Sie k\u00f6nnen je nach Hobby ein Bad w\u00e4hlen.<\/p>\n\n\n\n<p>1. Duschen: Befeuchten Sie den K\u00f6rper zun\u00e4chst mit warmem Wasser, geben Sie dann die entsprechende Menge Duschgel in die Handfl\u00e4che oder einen Schwamm, reiben Sie den Schaum sanft ein und verteilen Sie ihn gleichm\u00e4\u00dfig auf dem ganzen K\u00f6rper. Sie k\u00f6nnen eine entsprechende Massage durchf\u00fchren, die Poren zus\u00e4tzlich reinigen und K\u00f6rper und Geist entspannen. Sp\u00fclen Sie den gesamten K\u00f6rperschaum abschlie\u00dfend mit Wasser ab.<\/p>\n\n\n\n<p>2. Baden: Wer gerne badet, kann eine angemessene Menge Duschgel in die Badewanne geben und gleichm\u00e4\u00dfig umr\u00fchren, damit ein reichhaltiger Schaum entsteht und gleichzeitig der Duft von Lavendel freigesetzt wird, wodurch eine angenehme Umgebung entsteht. Wenn bestimmte K\u00f6rperteile besondere Pflege ben\u00f6tigen, k\u00f6nnen Sie eine angemessene Menge Duschgel hinzuf\u00fcgen und tief einmassieren, um den Hautzustand zu verbessern.<\/p>\n\n\n\n<p>3. Nach der Anwendung: Nach der Anwendung kann das Duschgel mit anderen Pflegeprodukten, wie beispielsweise einer K\u00f6rperlotion, kombiniert werden, um die Wasseraufnahme zu f\u00f6rdern und die Haut zus\u00e4tzlich mit Feuchtigkeit zu versorgen.<\/p>\n\n\n\n<h2 class=\"wp-block-heading\">Vorsicht<\/h2>\n\n\n\n<p>1. Vor der ersten Anwendung des Duschgels sollte ein Allergietest durchgef\u00fchrt werden. Sollten allergische Symptome auftreten, beenden Sie die Anwendung sofort und konsultieren Sie einen Arzt.<\/p>\n\n\n\n<p>2. Kontakt mit den Augen vermeiden. Bei Kontakt mit den Augen sofort mit Wasser aussp\u00fclen und so schnell wie m\u00f6glich einen Arzt aufsuchen.<\/p>\n\n\n\n<p>3. Wenn Sie Lavendel-Duschgel mit anderen Produkten verwenden, achten Sie darauf, dass die Inhaltsstoffe nicht miteinander kollidieren oder unerw\u00fcnschte Reaktionen hervorrufen.<\/p>\n\n\n\n<p>4. Beachten Sie den Grundsatz der angemessenen Menge. Zu viel Duschgel f\u00fchrt zu zu viel Schaum und erschwert die Reinigung.<\/p>\n\n\n\n<p>5. Unsere Produkte m\u00fcssen an einem k\u00fchlen und trockenen Ort gelagert werden, fern von direkter Sonneneinstrahlung und hohen Temperaturen.<\/p>\n\n\n\n<p>6. Obwohl Lavendel-Duschgel eine beruhigende Wirkung auf die Haut hat, ist eine mehrmalige t\u00e4gliche Anwendung nicht zu empfehlen. \u00dcberm\u00e4\u00dfiges Reinigen kann zudem die Hautbarriere sch\u00e4digen.<\/p>\n\n\n\n<h2 class=\"wp-block-heading\">Abschluss<\/h2>\n\n\n\n<p>Wir verwenden moderne Produktionslinien und Automatisierungsger\u00e4te, um sicherzustellen, dass der Produktionsprozess von Lavendel-Duschgel effizient, pr\u00e4zise und umweltfreundlich ist und gleichzeitig Produkthygiene und -sicherheit gew\u00e4hrleistet. Au\u00dferdem haben wir Benutzerstudien durchgef\u00fchrt und wissen, dass Ihre Hautbed\u00fcrfnisse und -pr\u00e4ferenzen unterschiedlich sind. Daher bieten wir personalisierte, ma\u00dfgeschneiderte Dienstleistungen an, und unser Forschungs- und Entwicklungsteam wird sorgf\u00e4ltig das f\u00fcr Ihr Lavendel-Duschgel am besten geeignete Produkt entsprechend Ihren Anforderungen bereitstellen. W\u00e4hrend dieser Zeit werden wir auch \u00c4nderungen basierend auf Ihrem Feedback vornehmen, um den gew\u00fcnschten Effekt zu erzielen. Wir laden Sie aufrichtig ein, sich \u00fcber unsere Produkte zu informieren. Wir werden auch professionelle Antworten und detaillierte Informationen geben.<\/p>","protected":false},"excerpt":{"rendered":"Lavender Body Wash Manufacturing Common Formulas We attach great importance to the production process of lavender body wash, not only carefully designing multiple formulas, but also considering the needs of different skin types, so that the product is more versatile. Lavender essential oil: The main ingredient of body wash, lavender scent can soothe the body [&hellip;]","protected":false},"featured_media":1310,"menu_order":0,"template":"","meta":[],"product-tag":[],"products":[57],"class_list":["post-1309","product","type-product","status-publish","has-post-thumbnail","hentry","products-body-wash"],"acf":[],"_links":{"self":[{"href":"https:\/\/www.ruiqigo.com\/de\/wp-json\/wp\/v2\/product\/1309","targetHints":{"allow":["GET"]}}],"collection":[{"href":"https:\/\/www.ruiqigo.com\/de\/wp-json\/wp\/v2\/product"}],"about":[{"href":"https:\/\/www.ruiqigo.com\/de\/wp-json\/wp\/v2\/types\/product"}],"version-history":[{"count":0,"href":"https:\/\/www.ruiqigo.com\/de\/wp-json\/wp\/v2\/product\/1309\/revisions"}],"wp:featuredmedia":[{"embeddable":true,"href":"https:\/\/www.ruiqigo.com\/de\/wp-json\/wp\/v2\/media\/1310"}],"wp:attachment":[{"href":"https:\/\/www.ruiqigo.com\/de\/wp-json\/wp\/v2\/media?parent=1309"}],"wp:term":[{"taxonomy":"product-tag","embeddable":true,"href":"https:\/\/www.ruiqigo.com\/de\/wp-json\/wp\/v2\/product-tag?post=1309"},{"taxonomy":"products","embeddable":true,"href":"https:\/\/www.ruiqigo.com\/de\/wp-json\/wp\/v2\/products?post=1309"}],"curies":[{"name":"wp","href":"https:\/\/api.w.org\/{rel}","templated":true}]}}