{"id":1342,"date":"2024-10-24T18:01:05","date_gmt":"2024-10-24T10:01:05","guid":{"rendered":"https:\/\/ruiqigo.com\/?post_type=product&#038;p=1342"},"modified":"2024-10-28T15:45:52","modified_gmt":"2024-10-28T07:45:52","slug":"exfoliating-body-wash","status":"publish","type":"product","link":"https:\/\/www.ruiqigo.com\/de\/product\/exfoliating-body-wash","title":{"rendered":"Peeling-Duschgel"},"content":{"rendered":"<h2 class=\"wp-block-heading\">Herstellung von Peeling-Duschgels \u2013 g\u00e4ngige Formeln<\/h2>\n\n\n\n<p>Bei der Herstellung dieses Peeling-Duschgels mischen wir nach wissenschaftlichen Grunds\u00e4tzen eine Vielzahl hochwirksamer Inhaltsstoffe und kontrollieren jeden Produktionsschritt streng, um die Sicherheit und Wirksamkeit des Produkts zu gew\u00e4hrleisten. Hier sind die Hauptbestandteile:<\/p>\n\n\n\n<p>1. Peelingpartikel: Wir extrahieren einige nat\u00fcrliche Peelingpartikel aus Jadebambus und Mineralsalzen und passen sie in einem bestimmten Verh\u00e4ltnis an, wodurch das alternde Keratin auf der Haut sanft entfernt werden kann und die nat\u00fcrlichen Pflanzenbestandteile die Haut auch n\u00e4hren k\u00f6nnen.<\/p>\n\n\n\n<p>2. Salicyls\u00e4ure: Diese saure Substanz kann in die Haut eindringen und hilft, tiefes Keratin aufzul\u00f6sen und zu entfernen, ohne die Haut \u00fcberm\u00e4\u00dfig zu reizen. Gleichzeitig f\u00f6rdert sie die Regeneration der Hautzellen und macht bei anhaltender Anwendung die Haut glatter.<\/p>\n\n\n\n<p>3. Niacinamid: Niacinamid kann der Haut helfen, Wasser zu binden und die Feuchtigkeitsaufnahmef\u00e4higkeit der Haut zu verbessern. Au\u00dferdem kann es die Melaninablagerung verringern und so einen gewissen Aufhellungseffekt erzielen. Gleichzeitig wirkt Nicotinamid antioxidativ und verz\u00f6gert die Hautalterung.<\/p>\n\n\n\n<p>4. Tenside: Diese Inhaltsstoffe haben eine gute Reinigungskraft, k\u00f6nnen Schmutz und \u00d6l von der Hautoberfl\u00e4che entfernen und die Haut frisch halten.<\/p>\n\n\n\n<p>5. Aromatherapie: Es kann dem Duschgel ein angenehmes Aroma verleihen, das Badeerlebnis verbessern und K\u00f6rper und Geist beruhigen.<\/p>\n\n\n\n<h2 class=\"wp-block-heading\">Die Funktionen von Peeling-Duschgel<\/h2>\n\n\n\n<p>Peelings enthalten normalerweise gro\u00dfe Partikel, erfordern beim Auftragen eine kr\u00e4ftige Massage der Haut und haben keine reinigende Funktion. Als Hersteller von K\u00f6rperpflegeprodukten haben wir auf der Grundlage dieser Nachteile ein Peeling-Duschgel entwickelt, das sanft peelt, die Poren gr\u00fcndlich reinigt und die Haut mit Feuchtigkeit versorgt. Die Haupteffekte sind wie folgt:<\/p>\n\n\n\n<p>1. Tiefenreinigung: Ein Peeling-Duschgel kann die Poren gr\u00fcndlich reinigen, die Ansammlung von Schmutz und \u00d6l reduzieren, Akne vorbeugen, die Poren freier machen und die Haut frisch und sauber halten.<\/p>\n\n\n\n<p>2. Abgestorbene Haut entfernen: Unsere Produkte enthalten Peelingpartikel, die abgestorbene Hautzellen und alternde Nagelhaut auf der Hautoberfl\u00e4che wirksam entfernen k\u00f6nnen. Langfristige Anwendung tr\u00e4gt dazu bei, einen ungleichm\u00e4\u00dfigen Hautton zu verbessern und die Haut glatter und zarter zu machen.<\/p>\n\n\n\n<p>3. Beruhigend und entspannend: Dieses Peeling-Duschgel enth\u00e4lt nat\u00fcrliche Pflanzenextrakte, die die Haut w\u00e4hrend des Peelings befeuchten und beruhigen und so zur Entspannung von K\u00f6rper und Geist beitragen und M\u00fcdigkeit lindern.<\/p>\n\n\n\n<p>4. Aufhellung des Hauttons: Der Peeling-Prozess kann den Stoffwechsel anregen, feine Hautlinien reduzieren und die Haut kann N\u00e4hrstoffe besser aufnehmen. Dauerhafte Anwendung kann den Hautton aufhellen und die Haut wird straffer und elastischer.<\/p>\n\n\n\n<h2 class=\"wp-block-heading\">Wie verwendet man ein Peeling-Duschgel zur K\u00f6rperpflege?<\/h2>\n\n\n\n<p>Die richtige Anwendung eines Peeling-Duschgels kann Ihnen dabei helfen, alternde Peelings effektiv von der Hautoberfl\u00e4che zu entfernen und Ihre Poren gr\u00fcndlich zu reinigen. Wir w\u00e4hlen sorgf\u00e4ltig hochwertige Rohstoffe aus und mischen sie durch Erhitzen in angemessenen Mengen. Gleichzeitig testen wir die fertigen Produkte hinsichtlich Aussehen, Geruch, pH-Wert usw., um ihre Qualit\u00e4t und Hygiene sicherzustellen.<\/p>\n\n\n\n<p>1. Vorbereitungsphase: Befeuchten Sie den K\u00f6rper mit warmem Wasser, insbesondere die Bereiche, die gepeelt werden m\u00fcssen, wie Ellbogen, Knie usw.<\/p>\n\n\n\n<p>2. Massage anwenden: Eine angemessene Menge Peeling-Duschgel auf die Handfl\u00e4che oder das Schaumnetz auftragen, aufsch\u00e4umen und gleichm\u00e4\u00dfig auf den ganzen K\u00f6rper auftragen, insbesondere auf die Bereiche mit einer dicken Nagelhaut. Sanft mit den H\u00e4nden einmassieren, \u00fcberm\u00e4\u00dfige Kraft vermeiden, Massagezeit betr\u00e4gt in der Regel 3-5 Minuten, denn die Teile der dicken Hornschicht k\u00f6nnen durch Massage gest\u00e4rkt werden, dieser Vorgang kann die Haut gr\u00fcndlich reinigen und das alternde Keratin entfernen.<\/p>\n\n\n\n<p>3. Absp\u00fclen und befeuchten: Sp\u00fclen Sie den Schaum mit Wasser ab und trocknen Sie ihn mit einem Handtuch ab, um sicherzustellen, dass keine Duschgelreste zur\u00fcckbleiben. Ein Peeling-Duschgel kann helfen, die Poren besser zu \u00f6ffnen. Tragen Sie daher unmittelbar nach dem Waschen eine feuchtigkeitsspendende K\u00f6rperlotion auf, um die Aufnahme zu f\u00f6rdern, Feuchtigkeit einzuschlie\u00dfen und die Haut hydratisiert und glatt zu halten.<\/p>\n\n\n\n<h2 class=\"wp-block-heading\">Vorsicht<\/h2>\n\n\n\n<p>1. F\u00fchren Sie vor der Anwendung einen Anaphylaxietest durch. Wenn eine allergische Reaktion auftritt, beenden Sie die Anwendung sofort und konsultieren Sie einen Arzt.<\/p>\n\n\n\n<p>2. Die H\u00e4ufigkeit der Anwendung des Peeling-Duschgels wird 1-2 Mal pro Woche empfohlen, sollte aber nicht \u00fcberm\u00e4\u00dfig verwendet werden, da die Haut sonst trocken und br\u00fcchig wird.<\/p>\n\n\n\n<p>3. Vermeiden Sie die Anwendung auf empfindlichen K\u00f6rperstellen wie Gesicht, Hals und Intimbereich, um Hautreizungen zu vermeiden.<\/p>\n\n\n\n<p>4. Bei der Verwendung sollte die Wassertemperatur zwischen 35 und 40 Grad geregelt werden, um eine zu hohe Wassertemperatur zu vermeiden, die die Nagelhaut zerst\u00f6rt.<\/p>\n\n\n\n<p>5. Peeling-Duschgel kann mit feuchtigkeitsspendender K\u00f6rperlotion verwendet werden. Es wird empfohlen, die Inhaltsstoffe vor der Verwendung zu \u00fcberpr\u00fcfen, um Beschwerden zu vermeiden.<\/p>\n\n\n\n<p>6. Es wird empfohlen, unser Duschgel an einem trockenen und k\u00fchlen Ort aufzubewahren, gesch\u00fctzt vor direkter Sonneneinstrahlung und hohen Temperaturen.<\/p>\n\n\n\n<h2 class=\"wp-block-heading\">Abschluss<\/h2>\n\n\n\n<p>Wir sind mit modernen Produktionsanlagen und -verfahren ausgestattet. Ob es sich nun um die Auswahl der Rohstoffe oder die Abf\u00fcllung der fertigen Produkte handelt, wir kontrollieren die Qualit\u00e4t des Peeling-Duschgels streng, um sicherzustellen, dass alle Produkte der Zertifizierung nach dem Qualit\u00e4tsmanagementsystem ISO9001 und den entsprechenden nationalen Sicherheitsnormen entsprechen. Nat\u00fcrlich verf\u00fcgen wir \u00fcber eine starke Lieferkette, die die Abwicklung von Gro\u00dfauftr\u00e4gen sicherstellen kann. Gleichzeitig bieten wir eine umfassende Palette ma\u00dfgeschneiderter Dienstleistungen an. Wir erstellen f\u00fcr Sie ein spezielles Peeling-Duschgel nach Ihren Anforderungen. Ob Formel oder Verpackung \u2013 wir werden unser Bestes tun, um den gew\u00fcnschten Effekt zu erzielen. Wenn Sie mehr \u00fcber unsere Produktion erfahren m\u00f6chten, kontaktieren Sie uns bitte umgehend.<\/p>","protected":false},"excerpt":{"rendered":"Exfoliating Body Wash Manufacturing Common Formulas In the process of making this exfoliating body wash, we scientifically mix a variety of highly effective ingredients and strictly control every step of production to ensure the safety and effectiveness of the product. Here are the main ingredients: 1. Exfoliating particles: We extract some natural exfoliating particles of [&hellip;]","protected":false},"featured_media":1343,"menu_order":0,"template":"","meta":[],"product-tag":[],"products":[57],"class_list":["post-1342","product","type-product","status-publish","has-post-thumbnail","hentry","products-body-wash"],"acf":[],"_links":{"self":[{"href":"https:\/\/www.ruiqigo.com\/de\/wp-json\/wp\/v2\/product\/1342","targetHints":{"allow":["GET"]}}],"collection":[{"href":"https:\/\/www.ruiqigo.com\/de\/wp-json\/wp\/v2\/product"}],"about":[{"href":"https:\/\/www.ruiqigo.com\/de\/wp-json\/wp\/v2\/types\/product"}],"version-history":[{"count":0,"href":"https:\/\/www.ruiqigo.com\/de\/wp-json\/wp\/v2\/product\/1342\/revisions"}],"wp:featuredmedia":[{"embeddable":true,"href":"https:\/\/www.ruiqigo.com\/de\/wp-json\/wp\/v2\/media\/1343"}],"wp:attachment":[{"href":"https:\/\/www.ruiqigo.com\/de\/wp-json\/wp\/v2\/media?parent=1342"}],"wp:term":[{"taxonomy":"product-tag","embeddable":true,"href":"https:\/\/www.ruiqigo.com\/de\/wp-json\/wp\/v2\/product-tag?post=1342"},{"taxonomy":"products","embeddable":true,"href":"https:\/\/www.ruiqigo.com\/de\/wp-json\/wp\/v2\/products?post=1342"}],"curies":[{"name":"wp","href":"https:\/\/api.w.org\/{rel}","templated":true}]}}