{"id":1506,"date":"2024-11-05T17:09:42","date_gmt":"2024-11-05T09:09:42","guid":{"rendered":"https:\/\/ruiqigo.com\/?post_type=product&#038;p=1506"},"modified":"2024-11-06T09:37:31","modified_gmt":"2024-11-06T01:37:31","slug":"natural-body-wash","status":"publish","type":"product","link":"https:\/\/www.ruiqigo.com\/de\/product\/natural-body-wash","title":{"rendered":"Nat\u00fcrliches Duschgel"},"content":{"rendered":"<h2 class=\"wp-block-heading\">Herstellung nat\u00fcrlicher Duschgels \u2013 g\u00e4ngige Formeln<\/h2>\n\n\n\n<p>3TOPs Auswahl an hochwertigen <strong>nat\u00fcrliche pflanzliche Inhaltsstoffe<\/strong> wurde entwickelt, um Ihnen eine sanfte und effektive Reinigungs- und Hautpflegewirkung zu bieten. Gleichzeitig werden in jeder Produktionsphase strenge Qualit\u00e4tskontrollen und Tests durchgef\u00fchrt, um die Sicherheit und Wirksamkeit des nat\u00fcrlichen Duschgels zu gew\u00e4hrleisten.<\/p>\n\n\n\n<p><strong>Teebaum\u00f6l: <\/strong>Teebaum\u00f6l wirkt antibakteriell und entz\u00fcndungshemmend, beseitigt Bakterien auf der Haut und reduziert Hautentz\u00fcndungen, um den Hautzustand zu verbessern. Gleichzeitig kann Teebaum\u00f6l helfen, den Wasser- und \u00d6lhaushalt zu regulieren und die Haut tiefenwirksam mit Feuchtigkeit zu versorgen, Akne zu entfernen, Akne vorzubeugen und Trockenheit vorzubeugen. Dar\u00fcber hinaus hat Teebaum\u00f6l eine beruhigende Wirkung, die zur Entspannung von K\u00f6rper und Geist beitr\u00e4gt und M\u00fcdigkeit und Stress lindert.<\/p>\n\n\n\n<p><strong>Gei\u00dfblatt-Extrakt: <\/strong>Gei\u00dfblatt ist f\u00fcr seine w\u00e4rmereinigenden und entgiftenden Eigenschaften bekannt. Es kann daher helfen, Hautprobleme zu verbessern, die durch Giftstoffansammlungen verursacht werden, und Juckreiz zu lindern. Dar\u00fcber hinaus hat Gei\u00dfblattextrakt auch antioxidative Wirkungen, die den Sch\u00e4den durch freie Radikale widerstehen, die Alterung verz\u00f6gern und die Haut straffen k\u00f6nnen.<\/p>\n\n\n\n<p><strong>Aloe Vera<\/strong> hat eine starke feuchtigkeitsspendende Wirkung, kann Feuchtigkeit einschlie\u00dfen, trockene und raue Haut verhindern, langfristige Anwendung kann die Haut mit mehr Feuchtigkeit versorgen.<\/p>\n\n\n\n<p><strong>Tenside<\/strong> sind die wichtigsten Reinigungsbestandteile, die reichhaltigen Schaum erzeugen, dabei helfen, \u00d6l und Schmutz von der Hautoberfl\u00e4che zu entfernen und die Haut trocken und sauber zu halten.<\/p>\n\n\n\n<h2 class=\"wp-block-heading\">Die Funktionen von nat\u00fcrlichem Duschgel<\/h2>\n\n\n\n<p>Als professioneller Hersteller nat\u00fcrlicher Duschgels haben wir Untersuchungen durchgef\u00fchrt, um die Wirksamkeit von Duschgels zu bewerten. Dabei haben wir festgestellt, dass einige wirksame Duschgels bei der Anwendung Nebenwirkungen verursachen k\u00f6nnen, insbesondere bei Menschen mit empfindlichen Muskeln und Reizungen. Daher haben wir ein nat\u00fcrliches Duschgel entwickelt, das sanfter ist, sicherere Inhaltsstoffe aufweist und feuchtigkeitsspendend und reinigend ist. Seine Hauptwirkungen sind:<\/p>\n\n\n\n<p>1<strong>Mild und nicht reizend: <\/strong>Im Vergleich zu herk\u00f6mmlichen Duschgels ist nat\u00fcrlicher Pflanzenextrakt sanfter. Er enth\u00e4lt keine chemisch-synthetischen Substanzen und bleibt auch nicht auf der Haut, was Hautreizungen reduzieren kann und besser f\u00fcr empfindliche Haut geeignet ist.<\/p>\n\n\n\n<p><strong>2. Antibakteriell und entz\u00fcndungshemmend: <\/strong>Das von uns hinzugef\u00fcgte Teebaum\u00f6l hat eine antibakterielle und entz\u00fcndungshemmende Wirkung, die dazu beitr\u00e4gt, die Haut vor Bakterien und Viren zu sch\u00fctzen, wodurch das Risiko einer Hautinfektion verringert und unsere Haut ges\u00fcnder wird.<\/p>\n\n\n\n<p>3<strong>. Beruhigen Sie K\u00f6rper und Geist: <\/strong>Die botanische Essenz dieses nat\u00fcrlichen Duschgels enth\u00e4lt eine Vielzahl beruhigender Inhaltsstoffe, die K\u00f6rper und Geist beruhigen, Stress und \u00c4ngste abbauen und die M\u00fcdigkeit des Tages lindern.<\/p>\n\n\n\n<p><strong>4. Reinigen und befeuchten: <\/strong>Der reichhaltige Schaum hilft, \u00d6l, Schmutz und \u00fcbersch\u00fcssige Nagelhaut von der Hautoberfl\u00e4che zu entfernen und die Haut frisch zu halten. Gleichzeitig verwenden wir mildere Tenside, die die Haut nicht reizen.<\/p>\n\n\n\n<p>5<strong>. Anti-Aging: <\/strong>Nat\u00fcrliches Duschgel kann nicht nur freien Radikalen widerstehen, sondern auch die Bildung feiner Linien reduzieren und die Hautalterung weiter verz\u00f6gern. Gleichzeitig hilft es auch, die abgestorbenen Hautzellen auf der Hautoberfl\u00e4che zu entfernen, was zur Verbesserung des ungleichm\u00e4\u00dfigen und matten Hauttons beitr\u00e4gt, und bei langfristiger Anwendung kann die Haut zarter und strahlender werden.<\/p>\n\n\n\n<p><strong>6. Ausgleichs\u00f6l: <\/strong>Unser Duschgel enth\u00e4lt au\u00dferdem Inhaltsstoffe, die das Gleichgewicht zwischen Wasser und \u00d6l regulieren. Dies tr\u00e4gt dazu bei, das \u00d6l auszugleichen, die \u00d6lsekretion auf der Haut zu verringern und au\u00dferdem verstopfte Poren und Akne vorzubeugen. Die Anwendung von \u00d6l gegen Akne ist bedenkenlos.<\/p>\n\n\n\n<h2 class=\"wp-block-heading\">Wie verwendet man ein nat\u00fcrliches Duschgel zur K\u00f6rperpflege?<\/h2>\n\n\n\n<p>Um die Qualit\u00e4t und Sicherheit des nat\u00fcrlichen Duschgels zu gew\u00e4hrleisten, f\u00fchren wir mehrere Testverfahren f\u00fcr das Produkt durch, beispielsweise Tests auf Hautreizungen, feuchtigkeitsspendende Wirkung, Allergien und andere. Als Hersteller von nat\u00fcrlichem Duschgel hoffen wir, Ihnen eine zuverl\u00e4ssige Produktgarantie bieten zu k\u00f6nnen. Wir werden Ihnen auch die Verwendung des nat\u00fcrlichen Duschgels im Detail erkl\u00e4ren.<\/p>\n\n\n\n<p><strong>1. Versorgen Sie Ihren K\u00f6rper mit Feuchtigkeit: <\/strong>Befeuchten Sie Ihren K\u00f6rper zun\u00e4chst mit warmem Wasser. Dadurch \u00f6ffnen sich die Poren und das Duschgel kann seine reinigende Wirkung voll entfalten.<\/p>\n\n\n\n<p><strong>2. Reiben und aufsch\u00e4umen: <\/strong>Geben Sie eine angemessene Menge des nat\u00fcrlichen Duschgels auf Ihre Handfl\u00e4che oder einen Badeball und reiben Sie es, bis reichhaltiger Schaum entsteht. Tragen Sie es anschlie\u00dfend gleichm\u00e4\u00dfig auf den ganzen K\u00f6rper auf.<\/p>\n\n\n\n<p><strong>3. Sanfte Massage: <\/strong>Sie k\u00f6nnen die Haut, insbesondere den Bereich hinter der Nagelhaut, sanft mit Ihren H\u00e4nden oder mithilfe von Werkzeugen massieren. Dieser Schritt kann nicht nur dazu beitragen, Schmutz und \u00d6l aus den Poren zu entfernen, sondern auch die Muskeln zu entspannen und K\u00f6rper und Geist zu beruhigen.<\/p>\n\n\n\n<p>4<strong>Absp\u00fclen: <\/strong>Nach der Massage den Schaum auf Ihrem K\u00f6rper mit Wasser abwaschen, sicherstellen, dass keine Schaumr\u00fcckst\u00e4nde vorhanden sind, und abwischen. Nach dem Waschen wird die Haut klar.<\/p>\n\n\n\n<p>5<strong>Pflege nach dem Waschen: <\/strong>Da die Haut leicht austrocknet und sich in einer trockenen Umgebung befindet, k\u00f6nnen Sie nach dem Baden eine K\u00f6rperlotion verwenden, um die Haut tiefenwirksam mit Feuchtigkeit zu versorgen, damit die Haut ihre volle Feuchtigkeitswirkung entfalten und glatter werden kann.<\/p>\n\n\n\n<h2 class=\"wp-block-heading\">Vorsicht<\/h2>\n\n\n\n<p><strong>1. W\u00e4hlen Sie ein f\u00fcr Sie geeignetes nat\u00fcrliches Duschgel. <\/strong>Bei trockener Haut empfiehlt sich ein Duschgel mit feuchtigkeitsspendender Funktion, bei fettiger Haut ein Duschgel mit \u00f6lregulierender Funktion und bei speziellen Hautproblemen kann ein Arzt um Rat gefragt werden.<\/p>\n\n\n\n<p><strong>2. F\u00fchren Sie vor der Anwendung Allergietests durch. <\/strong>Sie k\u00f6nnen vor der ersten Anwendung einen Allergietest durchf\u00fchren, um den Schaden zu vermeiden, der durch einen bestimmten allergieausl\u00f6senden Inhaltsstoff verursacht wird. Wenn w\u00e4hrend des Tests Beschwerden auftreten, beenden Sie die Anwendung sofort und sp\u00fclen Sie mit Wasser nach.<\/p>\n\n\n\n<p><strong>3. nicht \u00fcberbeanspruchen, <\/strong>\u00dcberm\u00e4\u00dfiges Reinigen zerst\u00f6rt die Hautbarriere und f\u00fchrt zu trockenerer, empfindlicherer Haut. Vermeiden Sie daher \u00fcberm\u00e4\u00dfiges Reiben und Sp\u00fclen bei der Verwendung unserer Produkte.<\/p>\n\n\n\n<p><strong>4. Achten Sie auf die Inhaltsstoffe <\/strong>Bei der Verwendung mit anderen K\u00f6rperpflegeprodukten sollten Sie auf die Kombination von zu vielen unterschiedlichen Hautpflegeprodukten achten, um die Haut nicht zu belasten.<\/p>\n\n\n\n<p>5. Es wird empfohlen, unser nat\u00fcrliches Duschgel an einem k\u00fchlen und trockenen Ort aufzubewahren, gesch\u00fctzt vor direkter Sonneneinstrahlung und hohen Temperaturen.<\/p>\n\n\n\n<p>6. Wir kennzeichnen das Herstellungsdatum und die Haltbarkeit des Produkts. Achten Sie daher darauf, die Haltbarkeit des Duschgels zu \u00fcberpr\u00fcfen. Es wird empfohlen, das Produkt innerhalb des Verfallsdatums zu verwenden, da abgelaufene Produkte ihre Wirksamkeit verlieren oder sch\u00e4dliche Substanzen produzieren.<\/p>\n\n\n\n<p>Kurz gesagt, das sorgf\u00e4ltig entwickelte nat\u00fcrliche Duschgel von 3TOP reinigt nicht nur gr\u00fcndlich, sondern spendet auch effizient Feuchtigkeit und pflegt Ihre Haut sanft, was es zur perfekten Wahl macht. Als Hersteller von nat\u00fcrlichem Duschgel sind wir bestrebt, Ihnen sichere und gesunde Produkte anzubieten. Daher verwenden wir moderne Produktionstechnologie, wissenschaftliche Verh\u00e4ltnisse und solide Qualit\u00e4tspr\u00fcfsysteme, um die Wirksamkeit jedes Produkts sicherzustellen. Dar\u00fcber hinaus bieten wir einzigartige <strong>ma\u00dfgeschneiderte Dienstleistungen <\/strong>um Ihren Anforderungen gerecht zu werden und kontinuierlich die gew\u00fcnschten Ergebnisse zu erzielen. Wenn Sie auch ein <strong>Marke f\u00fcr nat\u00fcrliches Duschgel<\/strong>, kontaktieren Sie uns noch heute.<\/p>","protected":false},"excerpt":{"rendered":"Natural Body Wash Manufacturing Common Formulas 3TOP&#8217;s selection of high-quality natural plant ingredients is designed to provide you with a gentle and effective cleaning and skin care effect. At the same time, strict quality control and testing are carried out at every stage of production to ensure the safety and effectiveness of natural body wash. [&hellip;]","protected":false},"featured_media":1511,"menu_order":0,"template":"","meta":[],"product-tag":[],"products":[57],"class_list":["post-1506","product","type-product","status-publish","has-post-thumbnail","hentry","products-body-wash"],"acf":[],"_links":{"self":[{"href":"https:\/\/www.ruiqigo.com\/de\/wp-json\/wp\/v2\/product\/1506","targetHints":{"allow":["GET"]}}],"collection":[{"href":"https:\/\/www.ruiqigo.com\/de\/wp-json\/wp\/v2\/product"}],"about":[{"href":"https:\/\/www.ruiqigo.com\/de\/wp-json\/wp\/v2\/types\/product"}],"version-history":[{"count":0,"href":"https:\/\/www.ruiqigo.com\/de\/wp-json\/wp\/v2\/product\/1506\/revisions"}],"wp:featuredmedia":[{"embeddable":true,"href":"https:\/\/www.ruiqigo.com\/de\/wp-json\/wp\/v2\/media\/1511"}],"wp:attachment":[{"href":"https:\/\/www.ruiqigo.com\/de\/wp-json\/wp\/v2\/media?parent=1506"}],"wp:term":[{"taxonomy":"product-tag","embeddable":true,"href":"https:\/\/www.ruiqigo.com\/de\/wp-json\/wp\/v2\/product-tag?post=1506"},{"taxonomy":"products","embeddable":true,"href":"https:\/\/www.ruiqigo.com\/de\/wp-json\/wp\/v2\/products?post=1506"}],"curies":[{"name":"wp","href":"https:\/\/api.w.org\/{rel}","templated":true}]}}