{"id":1652,"date":"2024-11-08T16:53:12","date_gmt":"2024-11-08T08:53:12","guid":{"rendered":"https:\/\/ruiqigo.com\/?post_type=product&#038;p=1652"},"modified":"2025-09-03T15:21:29","modified_gmt":"2025-09-03T07:21:29","slug":"antiseptic-mouthwash","status":"publish","type":"product","link":"https:\/\/www.ruiqigo.com\/de\/product\/antiseptic-mouthwash","title":{"rendered":"Antiseptisches Mundwasser"},"content":{"rendered":"<h2 class=\"wp-block-heading\">Herstellung von antiseptischen Mundsp\u00fclungen - g\u00e4ngige Rezepturen<\/h2>\n\n\n\n<p>Wir nehmen die gekauften Rohstoffe entgegen, wiegen die angenommenen Materialien genau ab und f\u00fcgen sie in der vorgeschriebenen Reihenfolge dem Mischprozess hinzu. Durch wissenschaftliches und vern\u00fcnftiges Formeldesign und strenge Qualit\u00e4tskontrolle k\u00f6nnen wir sicheres und zuverl\u00e4ssiges keimt\u00f6tendes Mundwasser herstellen, das Ihren Anforderungen an die Mundgesundheit entspricht. Mehrere dieser Inhaltsstoffe spielen eine wichtige Rolle bei der F\u00f6rderung der Mundgesundheit.<\/p>\n\n\n\n<p><strong>1. Salbei\u00f6l: <\/strong>Salbei\u00f6l hat starke antibakterielle und antioxidative Eigenschaften, die die Bakterien, die Karies verursachen, wirksam abt\u00f6ten, Munderkrankungen vorbeugen und lindern sowie die Bildung von Zahnbelag reduzieren. Dar\u00fcber hinaus kann es auch Entz\u00fcndungen im Mundbereich lindern, wie z. B. Mundgeschw\u00fcre, Zahnfleischentz\u00fcndungen und andere Symptome.<\/p>\n\n\n\n<p><strong>2. Zitronenschalen\u00f6l: <\/strong>Zitronenschalen\u00f6l ist reich an Antioxidantien, die die Mundzellen vor Sch\u00e4den sch\u00fctzen und die Reparatur und Regeneration der Mundschleimhaut f\u00f6rdern k\u00f6nnen. Es hat auch eine starke hemmende Wirkung, die Bakterien und Viren im Mund abt\u00f6ten kann, w\u00e4hrend unser Mundwasser sanfter und weniger reizend f\u00fcr die Mundschleimhaut ist. Dar\u00fcber hinaus hat Zitronenschalen\u00f6l ein frisches Zitronenaroma, das Ger\u00fcche im Mund neutralisieren und den Mund frisch und nat\u00fcrlich halten kann.<\/p>\n\n\n\n<p><strong>3. Salz aus dem Toten Meer: <\/strong>Salz aus dem Toten Meer enth\u00e4lt eine Vielzahl von Mineralien und Spurenelementen, die nicht nur den Lebensraum von Bakterien effektiv zerst\u00f6ren k\u00f6nnen, sodass diese an Dehydrierung sterben, sondern auch Speisereste und Schmutz von der Zahnoberfl\u00e4che wegsp\u00fclen und so die Bildung von Zahnbelag verringern. Es versorgt den Mund au\u00dferdem mit N\u00e4hrstoffen und f\u00f6rdert die Mundgesundheit. Salz aus dem Toten Meer hat eine sanft reinigende und entz\u00fcndungshemmende Wirkung, die hilft, die Schmerzen bei Entz\u00fcndungen wie Mundgeschw\u00fcren zu lindern.<\/p>\n\n\n\n<p><strong>4. Natriumfluorid: <\/strong>Natriumfluorid wirkt nicht nur antibakteriell, sondern f\u00f6rdert auch die Remineralisierung der Z\u00e4hne und erh\u00f6ht ihre H\u00e4rte, wodurch die Entstehung von Karies verhindert wird.<\/p>\n\n\n\n<p><strong>5. Glycerin: <\/strong>Glycerin kann als Feuchtigkeitsspender die Feuchtigkeit des Mundwassers bewahren und Mundtrockenheit vorbeugen.<\/p>\n\n\n\n<p><strong>6. Chlorhexidin: <\/strong>Es ist ein weit verbreitetes antibakterielles Mittel, das Bakterien im Mund wirksam abt\u00f6ten und die Zahngesundheit sch\u00fctzen kann.<\/p>\n\n\n\n<h2 class=\"wp-block-heading\">Die Funktionen von antiseptischem Mundwasser<\/h2>\n\n\n\n<p>Antibakterielle Mundsp\u00fclungen beugen Munderkrankungen vor, indem sie die Anzahl der Bakterien verringern und bestimmte Organismen abdecken. Unsere neu entwickelte keimt\u00f6tende Mundsp\u00fclung kann die meisten oder bestimmte Bakterienarten abt\u00f6ten, um die Heilung und Genesung der Mundh\u00f6hle zu f\u00f6rdern, und ist besser f\u00fcr Menschen mit Mundproblemen wie Entz\u00fcndungen geeignet. Seine Hauptwirkungen sind:<\/p>\n\n\n\n<p><strong>1. Beseitigung von Bakterien: <\/strong>Die antibakteriellen Bestandteile keimt\u00f6tender Mundsp\u00fclungen k\u00f6nnen Bakterien im Mund effektiv abt\u00f6ten, das Wachstum von Zahnbelag und Bakterien verringern, das Auftreten von Munderkrankungen verhindern und die Mundgesundheit weiter aufrechterhalten. Gleichzeitig kann Gurgeln auch Speisereste und Schmutz auf den Z\u00e4hnen entfernen, um eine starke Reinigungswirkung zu erzielen.<\/p>\n\n\n\n<p><strong>2. Mundgeruch lindern: <\/strong>Wir bewahren den Duft des Zitronenschalen\u00f6ls maximal, wodurch Mundgeruch neutralisiert, der Atem erfrischt und bei langfristiger Anwendung Mundgeruch und das pers\u00f6nliche Erscheinungsbild verbessert werden k\u00f6nnen.<\/p>\n\n\n\n<p><strong>3. Karies vorbeugen: <\/strong>Dieses antiseptische Mundwasser liefert die N\u00e4hrstoffe, die der Mund braucht, und st\u00e4rkt den Zahnschmelz. Es bildet einen Schutzfilm auf der Zahnoberfl\u00e4che und beugt so zus\u00e4tzlich Karies und Zahnf\u00e4ule vor.<\/p>\n\n\n\n<p><strong>4. Linderung von Beschwerden im Mundbereich: <\/strong>Bei Mundgeschw\u00fcren, Zahnfleischentz\u00fcndungen und anderen Entz\u00fcndungen im Mund spielt antiseptisches Mundwasser ebenfalls eine wichtige Rolle. Die darin enthaltenen entz\u00fcndungshemmenden und beruhigenden Inhaltsstoffe k\u00f6nnen die durch Entz\u00fcndungen im Mundbereich verursachten Beschwerden und Schmerzen lindern und die Genesung von Munderkrankungen f\u00f6rdern.<\/p>\n\n\n\n<p><strong>5. St\u00e4rkung der oralen Immunit\u00e4t: <\/strong>Die Verteilung von n\u00fctzlichen und sch\u00e4dlichen Bakterien im Mund. Bakterizides Mundwasser kann sch\u00e4dliche Bakterien in der Mundh\u00f6hle reduzieren und gleichzeitig das Gleichgewicht anderer Bakterien aufrechterhalten, um so die orale Immunit\u00e4t kontinuierlich zu verbessern und das Auftreten von Munderkrankungen zu verringern.<\/p>\n\n\n\n<p><strong>6. Mundtrockenheit lindern: <\/strong>Die feuchtigkeitsspendenden Inhaltsstoffe im Mundwasser k\u00f6nnen den Mund feucht halten, die Symptome eines trockenen Munds lindern und Probleme wie Mundgeruch verbessern.<\/p>\n\n\n\n<h2 class=\"wp-block-heading\">Wie verwendet man antiseptisches Mundwasser?<\/h2>\n\n\n\n<p>Als professioneller Hersteller von antiseptischen Mundsp\u00fclungen halten wir uns strikt an die relevanten Qualit\u00e4tsstandards der Branche. Von der Rohstoffpr\u00fcfung bis zur Verpackung des fertigen Produkts f\u00fchren wir die entsprechenden Qualit\u00e4tspr\u00fcfungen durch, um die Sicherheit und Wirksamkeit jedes Produkts zu gew\u00e4hrleisten. Wir werden auch die Gebrauchsanweisung im Detail erl\u00e4utern.<\/p>\n\n\n\n<p><strong>1. Nehmen Sie den Betrag: <\/strong>Nehmen Sie zun\u00e4chst die entsprechende Menge des antiseptischen Mundwassers (10\u201320\u00a0ml). Der Flaschenverschluss verf\u00fcgt \u00fcber eine Skala, die Ihnen dabei hilft, die Menge genau zu bestimmen.<\/p>\n\n\n\n<p><strong>2. Gurgeln: <\/strong>Mundwasser wird in den Mund gegeben und hat vollst\u00e4ndigen Kontakt mit der Innenseite des Mundes. Es bedeckt m\u00f6glichst alle Teile des Mundes, um Bakterien und Speisereste aus dem Mund zu entfernen.<\/p>\n\n\n\n<p><strong>3. Zeit: <\/strong>Die gesamte Gurgelzeit wird zwischen 30 Sekunden und 1 Minute kontrolliert, um sicherzustellen, dass das Mundwasser seine bakterizide Wirkung voll entfalten kann.<\/p>\n\n\n\n<p><strong>4. Ausspucken: <\/strong>Mundwasser nach dem Gurgeln ausspucken, Schlucken vermeiden, zweimaliges Aussp\u00fclen mit Wasser ist nicht n\u00f6tig.<\/p>\n\n\n\n<h2 class=\"wp-block-heading\">Vorsicht<\/h2>\n\n\n\n<p>1. Es wird empfohlen, das Produkt ordnungsgem\u00e4\u00df und gem\u00e4\u00df den Anweisungen zu verwenden, um ein Verschlucken und eine \u00fcberm\u00e4\u00dfige Verwendung zu vermeiden, da diese die Mundflora zerst\u00f6ren und zu Mundproblemen f\u00fchren kann.<\/p>\n\n\n\n<p>2. Es wird empfohlen, es nach jeder Mahlzeit oder vor Notf\u00e4llen mit einer Dosierung von jeweils 10\u201320\u00a0ml zu verwenden. Vermeiden Sie eine h\u00e4ufige Anwendung.<\/p>\n\n\n\n<p>3. Es wird empfohlen, verschiedene Arten von antiseptischen Mundsp\u00fclungen regelm\u00e4\u00dfig zu wechseln, um eine Arzneimittelresistenz zu vermeiden.<\/p>\n\n\n\n<p>4. Wenn w\u00e4hrend der Anwendung eine allergische Reaktion oder Beschwerden auftreten, beenden Sie die Anwendung sofort und konsultieren Sie einen Arzt.<\/p>\n\n\n\n<p>5. Schwangere, Kinder und andere spezielle Gruppen sollten das Produkt unter \u00e4rztlicher Anleitung verwenden.<\/p>\n\n\n\n<p>6. Mundwasser spielt bei der Mundpflege nur eine unterst\u00fctzende Rolle. Es wird empfohlen, morgens und abends weiterhin Z\u00e4hne zu putzen und Zahnseide zu verwenden.<\/p>\n\n\n\n<h2 class=\"wp-block-heading\">Abschluss<\/h2>\n\n\n\n<p>Dank unserer umfassenden Branchenerfahrung und fortschrittlichen Produktionstechnologie ist unser Werk bestrebt, Ihnen hochwertige, gro\u00df angelegte und vielf\u00e4ltige ma\u00dfgeschneiderte Dienstleistungen anzubieten. Unsere Mundwasserformel wird auf Ihre spezifischen Bed\u00fcrfnisse zugeschnitten, damit Sie Ihr Markenimage verbessern k\u00f6nnen. <\/p>\n\n\n\n<p>Gleichzeitig kontrollieren wir im Produktionsprozess streng die Qualit\u00e4t der Produkte und verwenden ein mehrkanaliges Qualit\u00e4tspr\u00fcfsystem, um sicherzustellen, dass unsere Produkte den einschl\u00e4gigen Industriestandards im In- und Ausland entsprechen, sodass Sie sie beruhigt verwenden k\u00f6nnen. <\/p>\n\n\n\n<p>Wenn auch Sie sich auf dem Mundwassermarkt hervorheben m\u00f6chten, kontaktieren Sie uns bitte.<\/p>","protected":false},"excerpt":{"rendered":"Antiseptic Mouthwash Manufacturing Common Formulas We will accept the purchased raw materials, accurately weigh the accepted materials, and add them to the mixing process by the prescribed order. Through scientific and reasonable formula design and strict quality control, we can produce safe and reliable germicidal mouthwash to meet your needs for oral health. Several of [&hellip;]","protected":false},"featured_media":1653,"menu_order":0,"template":"","meta":[],"product-tag":[201,206,208,212,213,214,215,216],"products":[72],"class_list":["post-1652","product","type-product","status-publish","has-post-thumbnail","hentry","product-tag-mouthwash-manufacturer","product-tag-mouthwash-companies","product-tag-mouthwash-suppliers","product-tag-mouthwash-contract-manufacturer","product-tag-antiseptic-mouthwashes-manufacturer","product-tag-mouthwash-manufacturers-usa","product-tag-chlorhexidine-mouthwash-manufacturer","product-tag-private-label-mouthwash-manufacturers","products-mouthwash"],"acf":[],"_links":{"self":[{"href":"https:\/\/www.ruiqigo.com\/de\/wp-json\/wp\/v2\/product\/1652","targetHints":{"allow":["GET"]}}],"collection":[{"href":"https:\/\/www.ruiqigo.com\/de\/wp-json\/wp\/v2\/product"}],"about":[{"href":"https:\/\/www.ruiqigo.com\/de\/wp-json\/wp\/v2\/types\/product"}],"version-history":[{"count":0,"href":"https:\/\/www.ruiqigo.com\/de\/wp-json\/wp\/v2\/product\/1652\/revisions"}],"wp:featuredmedia":[{"embeddable":true,"href":"https:\/\/www.ruiqigo.com\/de\/wp-json\/wp\/v2\/media\/1653"}],"wp:attachment":[{"href":"https:\/\/www.ruiqigo.com\/de\/wp-json\/wp\/v2\/media?parent=1652"}],"wp:term":[{"taxonomy":"product-tag","embeddable":true,"href":"https:\/\/www.ruiqigo.com\/de\/wp-json\/wp\/v2\/product-tag?post=1652"},{"taxonomy":"products","embeddable":true,"href":"https:\/\/www.ruiqigo.com\/de\/wp-json\/wp\/v2\/products?post=1652"}],"curies":[{"name":"wp","href":"https:\/\/api.w.org\/{rel}","templated":true}]}}