{"id":1851,"date":"2024-11-20T15:18:41","date_gmt":"2024-11-20T07:18:41","guid":{"rendered":"https:\/\/ruiqigo.com\/?post_type=product&#038;p=1851"},"modified":"2024-11-21T16:13:50","modified_gmt":"2024-11-21T08:13:50","slug":"leave-in-conditioner","status":"publish","type":"product","link":"https:\/\/www.ruiqigo.com\/de\/product\/leave-in-conditioner","title":{"rendered":"Leave-in-Conditioner"},"content":{"rendered":"<h2 class=\"wp-block-heading\">Herstellung von Leave-in-Conditionern \u2013 g\u00e4ngige Formeln<\/h2>\n\n\n\n<p>Bei der Herstellung von Leave-In-Conditionern verwendet unser Forschungs- und Entwicklungsteam eine Vielzahl innovativer Formeln, um Ihren unterschiedlichen Geschm\u00e4ckern und Bed\u00fcrfnissen gerecht zu werden. Als professioneller Hersteller von Leave-In-Conditionern ist unsere Rohstoffauswahl auch sehr streng und wir verwenden nat\u00fcrliche und leichte Rohstoffe, um sicherzustellen, dass jede Flasche eine hohe Qualit\u00e4t erreichen kann. Die Hauptzutaten sind:<\/p>\n\n\n\n<p>1. Nat\u00fcrliche Pflanzenessenz: Das nat\u00fcrliche Aroma der nat\u00fcrlichen Pflanzenessenz kann die Kopfhaut beruhigen und K\u00f6rper und Geist entspannen, w\u00e4hrend es gleichzeitig die \u00d6lsekretion ausgleicht.<\/p>\n\n\n\n<p>2. Nat\u00fcrliche \u00d6le: wie Argan\u00f6l, k\u00f6nnen reichhaltige N\u00e4hrstoffe liefern. Diese nat\u00fcrlichen \u00d6le helfen, gesch\u00e4digtes Haar zu reparieren, dringen tief in das Haar ein, n\u00e4hren die Wurzeln und machen das Haar ges\u00fcnder und energiegeladener.<\/p>\n\n\n\n<p>3. Feuchtigkeitsmittel: Glycerin und andere Feuchtigkeitsmittel k\u00f6nnen Wasser erg\u00e4nzen, dauerhaft Feuchtigkeit spenden, Haarbruch und Kr\u00e4useln reduzieren und das Haar elastischer machen.<\/p>\n\n\n\n<p>4. Antioxidantien: Antioxidantien k\u00f6nnen das Haar vor Sch\u00e4den durch freie Radikale sch\u00fctzen, au\u00dferdem Haaralterung, Austrocknung und Spliss vorbeugen und unser Haar kr\u00e4ftiger und ges\u00fcnder machen. Zu den \u00fcblichen Antioxidantien geh\u00f6ren Vitamin E und Teepolyphenole.<\/p>\n\n\n\n<p>5. Silikon\u00f6l: Silikon\u00f6l kann einen sofortigen Gl\u00e4ttungseffekt erzielen, das Abbrechen des Haarknotens beim K\u00e4mmen verringern und unser Haar vor \u00e4u\u00dferen Sch\u00e4den sch\u00fctzen.<\/p>\n\n\n\n<h2 class=\"wp-block-heading\">Die Funktionen von Leave-In-Conditionern<\/h2>\n\n\n\n<p>Unser Leave-In-Conditioner hat nicht nur eine Vielzahl von Formulierungen, sondern ist auch einfach anzuwenden und hat mehrere Funktionen, was seine einzigartige Wettbewerbsf\u00e4higkeit auf dem Conditioner-Markt unter Beweis stellt. Hier sind seine Hauptfunktionen:<\/p>\n\n\n\n<p>1. Feuchtigkeitsspendend und feuchtigkeitsspendend: Der feuchtigkeitsspendende Inhaltsstoff des Leave-In-Conditioners kann dem Haar ausreichend Feuchtigkeit und N\u00e4hrstoffe spenden, tief in die Haarstr\u00e4hnen eindringen und die Haarwurzeln befeuchten. Die langanhaltende feuchtigkeitsspendende Wirkung tr\u00e4gt dazu bei, das Haar weicher, glatter und gl\u00e4nzender zu machen.<\/p>\n\n\n\n<p>2. Verbesserung der Haarqualit\u00e4t: Die langfristige Verwendung unseres Leave-In-Conditioners kann zur Verbesserung der Haarqualit\u00e4t beitragen und die Wirkstoffe in unseren Produkten k\u00f6nnen besch\u00e4digte Haarschuppen reparieren und so das Haar wiederherstellen und ein gesundes Haarwachstum f\u00f6rdern.<\/p>\n\n\n\n<p>3. Styling: Wir verwenden leichte Inhaltsstoffe, die leichter und weniger belastend sind als \u00e4therische \u00d6le zur Haarpflege. Nach der Anwendung kann es das Kr\u00e4useln gl\u00e4tten, das Problem der Verzweigung und des Knotens beseitigen, leicht zu pflegen sein und verschiedene Formen erzeugen.<\/p>\n\n\n\n<p>4. Verhindern Sie statische Elektrizit\u00e4t: Unser Leave-In-Conditioner hat antistatische Eigenschaften, die die Reibung zwischen den Haaren verringern, um die Ladungsansammlung zu verringern und so statische Elektrizit\u00e4t zu verhindern, insbesondere in trockenen Umgebungen.<\/p>\n\n\n\n<p>5. Erfrischende \u00d6lkontrolle: Im Vergleich zu herk\u00f6mmlichen Sp\u00fclungen sind unsere Leave-In-Sp\u00fclungen leichter und leichter. So k\u00f6nnen sie bei fettigem Haar effektiv \u00d6l kontrollieren und das Haar frisch und gl\u00e4nzend halten.<\/p>\n\n\n\n<p>6. Schutzbarriere: Die Antioxidantien im Leave-In-Conditioner bilden einen Schutzfilm, der sch\u00e4dlichen Umwelteinfl\u00fcssen wie Hei\u00dflufttrocknung und UV-Strahlen standh\u00e4lt.<\/p>\n\n\n\n<h2 class=\"wp-block-heading\">Wie verwendet man Leave-in-Conditioner im Haar?<\/h2>\n\n\n\n<p>Als praktisches Haarpflegeprodukt ist unser Leave-In-Conditioner einfach anzuwenden und f\u00fcr die meisten Gelegenheiten geeignet. Wir k\u00f6nnen auch eine passende Verpackung entsprechend Ihren unterschiedlichen Anforderungen f\u00fcr die jeweilige Situation entwerfen, z. B. f\u00fcr Familie, Reisen usw. Wir werden die Verwendung auch auf der Verpackung kennzeichnen. Ich hoffe, Sie k\u00f6nnen sie vor der Verwendung lesen.<\/p>\n\n\n\n<p>1. Trocknen Sie Ihr Haar nach der Reinigung sanft mit einem Handtuch;<\/p>\n\n\n\n<p>2. Geben Sie eine angemessene Menge Leave-In-Conditioner auf Ihre Handfl\u00e4che und verteilen Sie ihn gleichm\u00e4\u00dfig von der Mitte bis zu den Spitzen Ihres Haares.<\/p>\n\n\n\n<p>3. K\u00e4mmen Sie Ihr Haar mit einem Haarkamm oder Ihren Fingern.<\/p>\n\n\n\n<p>4. Mit einem F\u00f6n oder an der Luft trocknen<\/p>\n\n\n\n<h2 class=\"wp-block-heading\">Vorsicht<\/h2>\n\n\n\n<p>1. Wenn Sie sich vor der ersten Anwendung des erweiterten Allergietests unwohl f\u00fchlen, brechen Sie die Anwendung sofort ab und konsultieren Sie einen Arzt.<\/p>\n\n\n\n<p>2. Es wird empfohlen, es nicht \u00f6fter als zweimal pro Woche zu verwenden, um eine \u00dcbern\u00e4hrung oder eine St\u00f6rung der Talgsekretion der Kopfhaut zu vermeiden.<\/p>\n\n\n\n<p>3. Nehmen Sie jedes Mal eine angemessene Menge, entsprechend Ihrer Haarl\u00e4nge, um \u00fcberm\u00e4\u00dfiges Fetten des Haares zu vermeiden.<\/p>\n\n\n\n<p>4. W\u00e4hlen Sie den richtigen Leave-In-Conditioner f\u00fcr Ihr Haar.<\/p>\n\n\n\n<p>5. Kontakt mit den Augen vermeiden. Bei Kontakt mit den Augen sofort mit Wasser aussp\u00fclen.<\/p>\n\n\n\n<p>6. Es wird empfohlen, es an einem k\u00fchlen und trockenen Ort aufzubewahren und direkte Sonneneinstrahlung sowie hohe Temperaturen zu vermeiden.<\/p>\n\n\n\n<h2 class=\"wp-block-heading\">Abschluss<\/h2>\n\n\n\n<p>Als Hersteller hochwertiger Leave-in-Conditioner konzentrieren wir uns auf Produktinnovation und -differenzierung und entwickeln st\u00e4ndig Produkte f\u00fcr unterschiedliche Haarpflegebed\u00fcrfnisse. Bei der Herstellung w\u00e4hlt unser Forschungs- und Entwicklungsteam sorgf\u00e4ltig eine Vielzahl nat\u00fcrlicher Pflegestoffe aus und kombiniert sie wissenschaftlich, um f\u00fcr Sie eine wirksame Haarpflege zu entwickeln, einen einfach anzuwendenden Leave-in-Haar-Conditioner. <\/p>\n\n\n\n<p>Gleichzeitig bieten wir auch einzigartige, ma\u00dfgeschneiderte Dienstleistungen an. Ein abwechslungsreiches Design tr\u00e4gt zur Steigerung des Markeneinflusses bei. Dar\u00fcber hinaus haben wir eine Reihe strenger Qualit\u00e4tskontrollsysteme f\u00fcr die Herstellung von Produkten eingerichtet, um Ihnen sichere und wirksame Produkte zu bieten. <\/p>\n\n\n\n<p>Bei Interesse an unserem Leave-In Conditioner nehmen Sie bitte umgehend Kontakt mit uns auf.<\/p>","protected":false},"excerpt":{"rendered":"Leave-in Conditioner Manufacturing Common Formulas In the production of leave-in conditioners, our research and development team uses a variety of innovative formulations to meet your different tastes and needs. As a professional leave-in conditioner manufacturer, our selection of raw materials is also very strict, using natural and lightweight raw materials to ensure that every bottle [&hellip;]","protected":false},"featured_media":1852,"menu_order":0,"template":"","meta":[],"product-tag":[],"products":[52],"class_list":["post-1851","product","type-product","status-publish","has-post-thumbnail","hentry","products-conditioner"],"acf":[],"_links":{"self":[{"href":"https:\/\/www.ruiqigo.com\/de\/wp-json\/wp\/v2\/product\/1851","targetHints":{"allow":["GET"]}}],"collection":[{"href":"https:\/\/www.ruiqigo.com\/de\/wp-json\/wp\/v2\/product"}],"about":[{"href":"https:\/\/www.ruiqigo.com\/de\/wp-json\/wp\/v2\/types\/product"}],"version-history":[{"count":0,"href":"https:\/\/www.ruiqigo.com\/de\/wp-json\/wp\/v2\/product\/1851\/revisions"}],"wp:featuredmedia":[{"embeddable":true,"href":"https:\/\/www.ruiqigo.com\/de\/wp-json\/wp\/v2\/media\/1852"}],"wp:attachment":[{"href":"https:\/\/www.ruiqigo.com\/de\/wp-json\/wp\/v2\/media?parent=1851"}],"wp:term":[{"taxonomy":"product-tag","embeddable":true,"href":"https:\/\/www.ruiqigo.com\/de\/wp-json\/wp\/v2\/product-tag?post=1851"},{"taxonomy":"products","embeddable":true,"href":"https:\/\/www.ruiqigo.com\/de\/wp-json\/wp\/v2\/products?post=1851"}],"curies":[{"name":"wp","href":"https:\/\/api.w.org\/{rel}","templated":true}]}}