{"id":1909,"date":"2024-11-22T15:17:58","date_gmt":"2024-11-22T07:17:58","guid":{"rendered":"https:\/\/ruiqigo.com\/?post_type=product&#038;p=1909"},"modified":"2024-11-22T15:17:59","modified_gmt":"2024-11-22T07:17:59","slug":"hand-cream-for-dry-hands","status":"publish","type":"product","link":"https:\/\/www.ruiqigo.com\/de\/product\/hand-cream-for-dry-hands","title":{"rendered":"Handcreme f\u00fcr trockene H\u00e4nde"},"content":{"rendered":"<h2 class=\"wp-block-heading\">Handcreme f\u00fcr trockene H\u00e4nde Herstellung g\u00e4ngiger Formeln<\/h2>\n\n\n\n<p>F\u00fcr trockene H\u00e4nde verwendet unser Forschungs- und Entwicklungsteam eine einzigartige Formel mit einer Auswahl nat\u00fcrlicher Pflanzenextrakte und feuchtigkeitsspendender Inhaltsstoffe, die sanft zur Haut sind und hervorragende feuchtigkeitsspendende und reparierende Wirkungen auf die H\u00e4nde haben. Schauen wir uns die Hauptrolle dieser Inhaltsstoffe an:<\/p>\n\n\n\n<p>1. \u00c4therisches Lavendel\u00f6l: Das \u00e4therische Lavendel\u00f6l hat eine antibakterielle und entz\u00fcndungshemmende Wirkung, die Entz\u00fcndungen und R\u00f6tungen der Handhaut reduzieren und die Reparatur und Regeneration gesch\u00e4digter Haut f\u00f6rdern kann. Gleichzeitig hat es auch eine beruhigende Wirkung, die zur Entspannung von K\u00f6rper und Geist beitr\u00e4gt, Stress abbaut und Ihnen ein angenehmes Erlebnis bietet.<\/p>\n\n\n\n<p>2. Glycerin: Glycerin hat eine starke feuchtigkeitsspendende und wasserbindende Wirkung, die einen Schutzfilm auf der Haut bilden kann, Wasser effektiv bindet, Verdunstung verhindert und Ihre H\u00e4nde mit mehr Feuchtigkeit versorgt. Dar\u00fcber hinaus kann es auch die Hautbarriere regulieren, \u00e4u\u00dfere Sch\u00e4den reduzieren und zur Reparatur der besch\u00e4digten Hautbarriere beitragen.<\/p>\n\n\n\n<p>3. Hyalurons\u00e4ure: Sie ist ebenfalls ein hochwirksamer Feuchtigkeitsspender und liefert N\u00e4hrstoffe, die durch Trockenheit und Sch\u00e4den verursachte Probleme wirksam beheben k\u00f6nnen. Gleichzeitig ist Hyalurons\u00e4ure ein wichtiger Bestandteil zur Unterst\u00fctzung der Hautelastizit\u00e4t, der dazu beitragen kann, die Elastizit\u00e4t der Handhaut wiederherzustellen, Alterung zu mildern und sie zu straffen.<\/p>\n\n\n\n<p>4. Sheabutter: Sheabutter hat eine signifikante feuchtigkeitsspendende und pflegende Wirkung, die die Epidermiszellen lange Zeit befeuchten und pflegen kann und das Problem trockener und rauer Haut an den H\u00e4nden zus\u00e4tzlich lindert. Sie hat au\u00dferdem entz\u00fcndungshemmende und UV-best\u00e4ndige Eigenschaften, die Entz\u00fcndungen und Beschwerden lindern und die Reparatur und Regeneration der Haut f\u00f6rdern k\u00f6nnen, w\u00e4hrend sie gleichzeitig die Haut der H\u00e4nde vor UV-Sch\u00e4den sch\u00fctzt und die Haut ges\u00fcnder und straffer macht.<\/p>\n\n\n\n<p>5. Vitamin E: Vitamin E ist ein starkes Antioxidans, das Sch\u00e4den durch freie Radikale an der Haut vorbeugen und Hautalterung vorbeugen kann. Es hat auch eine aufhellende Wirkung, die dazu beitr\u00e4gt, die Ablagerung von subkutanem Pigment zu verringern und die Haut der Hand heller zu machen. Gleichzeitig kann es die Reparatur der Hornschicht beschleunigen, was zur Erholung gesch\u00e4digter oder trockener Haut beitragen kann.<\/p>\n\n\n\n<h2 class=\"wp-block-heading\">Die Funktionen der Handcreme f\u00fcr trockene H\u00e4nde<\/h2>\n\n\n\n<p>Als professioneller Handcremehersteller haben wir die entsprechende Formel je nach Zustand der Handhaut entwickelt, in der Hoffnung, unterschiedliche Vorlieben und Bed\u00fcrfnisse zu erf\u00fcllen. Multifunktionale Handcremes sind auch einer unserer Wettbewerbsvorteile. Unsere Handcremes sind f\u00fcr die meisten Menschen geeignet und k\u00f6nnen tiefgehend Feuchtigkeit spenden, die Elastizit\u00e4t wiederherstellen, Barrieren reparieren und Ihre Handhaut wieder zum Strahlen bringen.<\/p>\n\n\n\n<p>1. Verhindert Trockenheit und Sch\u00e4len: Unsere Handcremes sind reich an Feuchtigkeitsfaktoren und pflegenden Inhaltsstoffen, die tief in die Haut eindringen, Feuchtigkeit und N\u00e4hrstoffe liefern und die Feuchtigkeit f\u00fcr eine dauerhafte Feuchtigkeitsversorgung einschlie\u00dfen. Pflegende Inhaltsstoffe reparieren gesch\u00e4digte Haut und f\u00f6rdern Heilung und Regeneration. Bei langfristiger Anwendung werden Ihre trockenen, rauen, schuppigen H\u00e4nde mit Feuchtigkeit versorgt und gesund.<\/p>\n\n\n\n<p>2. Alterung vorbeugen: Der von uns hinzugef\u00fcgte antioxidative Inhaltsstoff Hyalurons\u00e4ure kann die Kollagenproduktion wirksam f\u00f6rdern, sodass die Haut Ihrer H\u00e4nde straffer und elastischer wird und ein zus\u00e4tzlicher Anti-Aging-Effekt erzielt wird.<\/p>\n\n\n\n<p>3. Nagelwachstum anregen: Handcremes f\u00f6rdern das Nagelwachstum, indem sie die Haut um den Nagel herum mit Feuchtigkeit versorgen und so die Reibung und den Widerstand verringern, denen der Nagel w\u00e4hrend des Wachstums ausgesetzt sein kann. Dar\u00fcber hinaus machen sie die Nagelhaut weicher und sorgen so f\u00fcr eine ges\u00fcndere Haut um den Nagel herum.<\/p>\n\n\n\n<p>4. Beruhigend: Der Duft der Handcreme hat eine beruhigende Wirkung, die K\u00f6rper und Geist entspannen, Stress abbauen und Ihnen ein angenehmes Erlebnis bieten kann.<\/p>\n\n\n\n<p>5. Verbesserung der Hautfarbe: Wir haben auch einige aufhellende Inhaltsstoffe hinzugef\u00fcgt, die den matten Zustand der H\u00e4nde verbessern. Bei langfristiger Anwendung kann die Haut unserer H\u00e4nde zarter und strahlender werden.<\/p>\n\n\n\n<p>6. Schutzbarriere: Beim Auftragen unserer Handcreme bildet sich ein nat\u00fcrlicher Schutzfilm, der die Sch\u00e4den der \u00e4u\u00dferen Umgebung, wie z. B. ultraviolettes Licht, trockene Umgebung usw., blockiert, sodass Sie sicher im Freien arbeiten k\u00f6nnen.<\/p>\n\n\n\n<h2 class=\"wp-block-heading\">Wie verwendet man Handcreme f\u00fcr trockene H\u00e4nde?<\/h2>\n\n\n\n<p>Unsere spezielle Handcreme f\u00fcr trockene H\u00e4nde kann in vielen Situationen verwendet werden, z. B. nach dem H\u00e4ndewaschen, in kalten und trockenen Jahreszeiten, bei Outdoor-Aktivit\u00e4ten usw. Die Verpackung ist so konzipiert, dass sie leicht zu tragen ist und bei Bedarf verwendet werden kann. Um die Qualit\u00e4t und Sicherheit unserer Produkte zu gew\u00e4hrleisten, verf\u00fcgen wir im gesamten Produktionsprozess \u00fcber verschiedene Qualit\u00e4tsmanagementsysteme, um das Aussehen, die Leistung und andere Aspekte der Handcreme zu testen. Die Art der Verwendung ist auch auf der Produktverpackung angegeben.<\/p>\n\n\n\n<p>1. H\u00e4nde reinigen: Reinigen Sie zuerst Ihre H\u00e4nde, um zu vermeiden, dass Schmutz und andere R\u00fcckst\u00e4nde die Handwaschwirkung der Handcreme beeintr\u00e4chtigen.<\/p>\n\n\n\n<p>2. Gleichm\u00e4\u00dfig auftragen: Nehmen Sie eine angemessene Menge Handcreme (ca. 1,5 cm Durchmesser) und tragen Sie sie zuerst auf die Handfl\u00e4chen auf. Tragen Sie sie dann mit beiden H\u00e4nden aufeinander auf, um sicherzustellen, dass jede Ecke bedeckt ist, insbesondere das Maul des Tigers, die Nagelr\u00e4nder, zwischen den Fingern und andere leicht zu \u00fcbersehende Stellen.<\/p>\n\n\n\n<p>3. Richtige Massage: Um die Durchblutung und Aufnahme der Handcreme zu f\u00f6rdern, massieren Sie die Handhaut nach der Anwendung mit beiden H\u00e4nden sanft, insbesondere an den Fingerspitzen und Handfl\u00e4chen.<\/p>\n\n\n\n<h2 class=\"wp-block-heading\">Vorsicht<\/h2>\n\n\n\n<p>1. F\u00fchren Sie bei der ersten Anwendung einen Allergietest durch. Wenn Beschwerden auftreten, beenden Sie die Anwendung sofort und konsultieren Sie einen Arzt um Rat.<\/p>\n\n\n\n<p>2. W\u00e4hlen Sie je nach Jahreszeit und Hauttyp unterschiedliche Handcremes.<\/p>\n\n\n\n<p>3. Vermeiden Sie h\u00e4ufiges H\u00e4ndewaschen, da dies zu einem Austrocknen der H\u00e4nde f\u00fchren kann.<\/p>\n\n\n\n<p>4. Vermeiden Sie es, eine zu dicke Handcreme aufzutragen. Eine zu dicke Handcreme f\u00fchrt dazu, dass sich Ihre H\u00e4nde fettig und unangenehm anf\u00fchlen.<\/p>\n\n\n\n<p>5. Es wird empfohlen, es an einem k\u00fchlen und trockenen Ort aufzubewahren und verschlossen aufzubewahren, um direkte Sonneneinstrahlung und hohe Temperaturen zu vermeiden.<\/p>\n\n\n\n<h2 class=\"wp-block-heading\">Abschluss<\/h2>\n\n\n\n<p>Als Hersteller, der sich der Herstellung hochwertiger Handcremes f\u00fcr trockene H\u00e4nde verschrieben hat, sind wir mit modernen Produktionsanlagen und automatisierten Produktionslinien ausgestattet, haben ein solides Qualit\u00e4tsmanagementsystem etabliert und verf\u00fcgen au\u00dferdem \u00fcber ein professionelles Forschungs- und Entwicklungsteam und ein stabiles Lieferkettensystem. Daher k\u00f6nnen wir die Qualit\u00e4t effizient erf\u00fcllen, egal ob es sich um einen Gro\u00dfauftrag oder einen Kleinauftrag handelt. Dar\u00fcber hinaus bieten wir einen einzigartigen Anpassungsservice, der auf Ihre Bed\u00fcrfnisse zugeschnitten ist, um Ihre Handcremeformel anzupassen. Bitte kontaktieren Sie uns, wenn Sie an unserer Handcreme interessiert sind.<\/p>\n\n\n\n<p><\/p>","protected":false},"excerpt":{"rendered":"Hand Cream For Dry Hands Manufacturing Common Formulas For dry hands, our research and development team uses a unique formula with a selection of natural plant extracts and moisturizing ingredients, which are gentle on the skin and give excellent moisturizing and repairing effects on the hands. Let&#8217;s take a look at the main role of [&hellip;]","protected":false},"featured_media":1910,"menu_order":0,"template":"","meta":[],"product-tag":[],"products":[58],"class_list":["post-1909","product","type-product","status-publish","has-post-thumbnail","hentry","products-hand-cream"],"acf":[],"_links":{"self":[{"href":"https:\/\/www.ruiqigo.com\/de\/wp-json\/wp\/v2\/product\/1909","targetHints":{"allow":["GET"]}}],"collection":[{"href":"https:\/\/www.ruiqigo.com\/de\/wp-json\/wp\/v2\/product"}],"about":[{"href":"https:\/\/www.ruiqigo.com\/de\/wp-json\/wp\/v2\/types\/product"}],"version-history":[{"count":0,"href":"https:\/\/www.ruiqigo.com\/de\/wp-json\/wp\/v2\/product\/1909\/revisions"}],"wp:featuredmedia":[{"embeddable":true,"href":"https:\/\/www.ruiqigo.com\/de\/wp-json\/wp\/v2\/media\/1910"}],"wp:attachment":[{"href":"https:\/\/www.ruiqigo.com\/de\/wp-json\/wp\/v2\/media?parent=1909"}],"wp:term":[{"taxonomy":"product-tag","embeddable":true,"href":"https:\/\/www.ruiqigo.com\/de\/wp-json\/wp\/v2\/product-tag?post=1909"},{"taxonomy":"products","embeddable":true,"href":"https:\/\/www.ruiqigo.com\/de\/wp-json\/wp\/v2\/products?post=1909"}],"curies":[{"name":"wp","href":"https:\/\/api.w.org\/{rel}","templated":true}]}}