{"id":2022,"date":"2024-11-27T14:41:54","date_gmt":"2024-11-27T06:41:54","guid":{"rendered":"https:\/\/ruiqigo.com\/?post_type=product&#038;p=2022"},"modified":"2024-11-27T14:41:54","modified_gmt":"2024-11-27T06:41:54","slug":"anti-aging-hand-cream","status":"publish","type":"product","link":"https:\/\/www.ruiqigo.com\/de\/product\/anti-aging-hand-cream","title":{"rendered":"Anti-Aging Handcreme"},"content":{"rendered":"<h2 class=\"wp-block-heading\">Herstellung von Anti-Aging-Handcremes - g\u00e4ngige Formeln<\/h2>\n\n\n\n<p>F\u00fcr feine Linien, Flecken und andere Probleme verwendet unser Forschungs- und Entwicklungsteam fortschrittliche wissenschaftliche Formeln, milde nat\u00fcrliche Inhaltsstoffe und sorgf\u00e4ltig ausgew\u00e4hlte Rohstoffe, um eine hohe Qualit\u00e4t zu gew\u00e4hrleisten. Die wichtigsten Formeln sind:<\/p>\n\n\n\n<p>1. Retinol: Retinol ist der Hauptbestandteil der Anti-Aging-Wirkung und kann die Produktion von Epithelzellen und Kollagen f\u00f6rdern. Es erh\u00f6ht die Hautelastizit\u00e4t, indem es den Hautstoffwechsel st\u00e4rkt, und f\u00f6rdert das Abl\u00f6sen alternder Nagelh\u00e4utchen, um Flecken zu reduzieren. Bei langfristiger Anwendung werden unsere H\u00e4nde zart und geschmeidig.<\/p>\n\n\n\n<p>2. Hyalurons\u00e4ure: Sie ist ein hochwirksamer feuchtigkeitsspendender Inhaltsstoff, der Wasser fest einschlie\u00dfen und eine langanhaltende feuchtigkeitsspendende Wirkung erzielen kann. Wenn Sie es auf die Hand auftragen, hilft dies der Haut, den Wasserhaushalt aufrechtzuerhalten und trockene, raue Haut zu vermeiden.<\/p>\n\n\n\n<p>3. Squalan: Squalan hat eine signifikante feuchtigkeitsspendende Wirkung und ist mild und nicht reizend, w\u00e4hrend es gleichzeitig einen Schutzfilm bildet. Es pflegt die Haut der H\u00e4nde, w\u00e4hrend es gleichzeitig die Sch\u00e4den durch sch\u00e4dliche Substanzen von au\u00dfen verhindert, doppelte Unterst\u00fctzung bietet und unsere H\u00e4nde weicher und flexibler macht.<\/p>\n\n\n\n<p>4. Vitamin E: Es ist ein gutes Antioxidans, kann den Sch\u00e4den durch freie Radikale widerstehen, die Melaninsynthese hemmen und dar\u00fcber hinaus Sommersprossen-, Aufhellungs- und Reparatureffekte erzielen. Langfristige Anwendung kann den Hautalterungsprozess verz\u00f6gern.<\/p>\n\n\n\n<p>5. Nat\u00fcrliche Pflanzenessenz: Wir f\u00fcgen Aloe Vera, Kamille und andere nat\u00fcrliche Pflanzenessenzen hinzu, sie haben eine beruhigende Wirkung und k\u00f6nnen das Spannungsgef\u00fchl und die Beschwerden lindern, die durch trockene H\u00e4nde verursacht werden.<\/p>\n\n\n\n<h2 class=\"wp-block-heading\">Die Funktionen der Anti-Aging-Handcreme<\/h2>\n\n\n\n<p>Als erfahrener Hersteller von Anti-Aging-Handcremes haben wir verschiedene Rezepturen entwickelt, die Ihren unterschiedlichen Hauttypen und Vorlieben entsprechen. Im Produktionsprozess legen wir au\u00dferdem gro\u00dfen Wert auf die Sicherheit der Produkte und haben ein mehrkanaliges Qualit\u00e4tskontrollsystem eingerichtet, um die Sicherheit und Wirksamkeit der Produkte zu gew\u00e4hrleisten. \u00dcber seine Funktionen k\u00f6nnen wir Folgendes erfahren:<\/p>\n\n\n\n<p>1. Sehr feuchtigkeitsspendend und feuchtigkeitsspendend: Anti-Aging-Handcreme ist reich an Feuchtigkeitsfaktoren und pflegenden Inhaltsstoffen, die tief befeuchten und Wasser auff\u00fcllen k\u00f6nnen. Gleichzeitig wird das Wasser fest eingeschlossen, wodurch die Feuchtigkeit der Handhaut erhalten bleibt, gepaart mit einer reichhaltigen pflegenden Wirkung, die Ihre H\u00e4nde weicher und glatter machen kann.<\/p>\n\n\n\n<p>2. Feine Linien und F\u00e4ltchen verblassen: Unter der Einwirkung von Antioxidantien wie Retinol verschwinden Hautflecken an den H\u00e4nden allm\u00e4hlich und die Regeneration der Hautzellen wird st\u00e4ndig angeregt. Das reichhaltige Kollagen kann die Hautstruktur verbessern, feine Linien und F\u00e4ltchen verblassen lassen und die Elastizit\u00e4t wiederherstellen.<\/p>\n\n\n\n<p>3. Beruhigend und beruhigend: Wenn die Hand stark dehydriert ist, kann dies zu rauen und trockenen Rissen f\u00fchren, die Ihre H\u00e4nde noch schmerzhafter machen. Unsere zus\u00e4tzlichen nat\u00fcrlichen Pflanzenextrakte helfen, Ihre Haut zu beruhigen und zu entspannen, ohne Ihre Haut oder sogar empfindliche Muskeln zu reizen.<\/p>\n\n\n\n<p>4. Schutzbarriere: Beim Auftragen bildet sich auf der Haut der H\u00e4nde ein Schutzfilm, der den Sch\u00e4den durch raue \u00e4u\u00dfere Einfl\u00fcsse standh\u00e4lt und die Haut der H\u00e4nde sch\u00fctzt, sodass Ihre H\u00e4nde st\u00e4ndig gepflegt werden und eine glatte Haut haben.<\/p>\n\n\n\n<p>5. Haut aufhellen: Unsere Anti-Aging-Handcreme reduziert nicht nur Flecken und gleicht den Hautton aus, sondern hellt ihn auch auf. Bei langfristiger Anwendung kann die Hautfarbe der H\u00e4nde aufgehellt werden.<\/p>\n\n\n\n<h2 class=\"wp-block-heading\">Wie verwendet man Anti-Aging-Handcreme?<\/h2>\n\n\n\n<p>Indem Sie die richtige Anti-Aging-Handcreme f\u00fcr Ihren Hauttyp und Ihre Bed\u00fcrfnisse ausw\u00e4hlen und dabei bleiben, k\u00f6nnen Sie die Alterung Ihrer Handhaut wirksam verbessern. Wir werden sie verwenden und die sichere Formel und andere Informationen sind auf der Verpackung angegeben. Sie k\u00f6nnen sie im Detail lesen und sie beruhigt verwenden.<\/p>\n\n\n\n<p>1. Vor Gebrauch mit warmem Wasser absp\u00fclen und vorsichtig mit einem Handtuch trocknen;<\/p>\n\n\n\n<p>2. Tragen Sie eine angemessene Menge Anti-Aging-Handcreme auf die Handfl\u00e4che auf und reiben Sie sie mit beiden H\u00e4nden ein. Verteilen Sie die Handcreme gleichm\u00e4\u00dfig auf beiden H\u00e4nden und achten Sie darauf, dass auch der Handr\u00fccken, die Fingern\u00e4hte und die Fingerspitzen eingecremt werden.<\/p>\n\n\n\n<p>3. Massieren Sie Ihre H\u00e4nde nach dem Auftragen sanft, damit die Handcreme besser einziehen kann.<\/p>\n\n\n\n<p>4. Tragen Sie die Handcreme erneut auf, wenn Ihre H\u00e4nde besonders trocken sind.<\/p>\n\n\n\n<h2 class=\"wp-block-heading\">Vorsicht<\/h2>\n\n\n\n<p>1. W\u00e4hlen Sie die am besten geeignete Anti-Aging-Handcreme entsprechend Ihrem Hauttyp und Ihren Bed\u00fcrfnissen;<\/p>\n\n\n\n<p>2. Wenn vor der ersten Anwendung eines erweiterten Allergietests Beschwerden auftreten, brechen Sie die Anwendung sofort ab und konsultieren Sie einen Arzt.<\/p>\n\n\n\n<p>3. Vermeiden Sie \u00fcberm\u00e4\u00dfigen Gebrauch, da es sonst zu fettiger Haut und verstopften Poren kommt.<\/p>\n\n\n\n<p>4. Achten Sie auf die H\u00e4ufigkeit der Anwendung. Es wird empfohlen, das Produkt nach dem morgendlichen und abendlichen H\u00e4ndewaschen zu verwenden. In einer trockenen und kalten Umgebung kann die H\u00e4ufigkeit der Anwendung entsprechend erh\u00f6ht werden.<\/p>\n\n\n\n<p>5. Es wird empfohlen, an einem k\u00fchlen und trockenen Ort zu lagern und hohe Temperaturen und feuchte Umgebungen zu vermeiden.<\/p>\n\n\n\n<h2 class=\"wp-block-heading\">Abschluss<\/h2>\n\n\n\n<p>Unsere Anti-Aging-Handcreme ist mit ihren milden Inhaltsstoffen, ihrer einzigartigen Formel und ihrer \u00fcberlegenen Wirksamkeit ein wettbewerbsf\u00e4higes Produkt. Gleichzeitig ist auch der individuelle Service, den wir bieten, von hoher Qualit\u00e4t. Wir erstellen f\u00fcr Sie eine spezielle Formel, die Ihren Anforderungen entspricht. In der Zwischenzeit passen wir sie st\u00e4ndig anhand Ihres Feedbacks an, um die besten Ergebnisse zu erzielen. Wenn auch Sie den einzigartigen Charme dieser Creme erleben m\u00f6chten, kontaktieren Sie uns bitte.<\/p>","protected":false},"excerpt":{"rendered":"Anti-Aging Hand Cream Manufacturing Common Formulas For fine lines, stains, and other problems, our R&amp;D team uses advanced scientific formulations, mild natural ingredients, and carefully selected raw materials to ensure high quality. The main formulas are: 1. Retinol: Retinol is the core component of anti-aging, which can promote the production of epithelial cells and collagen. [&hellip;]","protected":false},"featured_media":2023,"menu_order":0,"template":"","meta":[],"product-tag":[],"products":[58],"class_list":["post-2022","product","type-product","status-publish","has-post-thumbnail","hentry","products-hand-cream"],"acf":[],"_links":{"self":[{"href":"https:\/\/www.ruiqigo.com\/de\/wp-json\/wp\/v2\/product\/2022","targetHints":{"allow":["GET"]}}],"collection":[{"href":"https:\/\/www.ruiqigo.com\/de\/wp-json\/wp\/v2\/product"}],"about":[{"href":"https:\/\/www.ruiqigo.com\/de\/wp-json\/wp\/v2\/types\/product"}],"version-history":[{"count":0,"href":"https:\/\/www.ruiqigo.com\/de\/wp-json\/wp\/v2\/product\/2022\/revisions"}],"wp:featuredmedia":[{"embeddable":true,"href":"https:\/\/www.ruiqigo.com\/de\/wp-json\/wp\/v2\/media\/2023"}],"wp:attachment":[{"href":"https:\/\/www.ruiqigo.com\/de\/wp-json\/wp\/v2\/media?parent=2022"}],"wp:term":[{"taxonomy":"product-tag","embeddable":true,"href":"https:\/\/www.ruiqigo.com\/de\/wp-json\/wp\/v2\/product-tag?post=2022"},{"taxonomy":"products","embeddable":true,"href":"https:\/\/www.ruiqigo.com\/de\/wp-json\/wp\/v2\/products?post=2022"}],"curies":[{"name":"wp","href":"https:\/\/api.w.org\/{rel}","templated":true}]}}