{"id":2062,"date":"2024-11-29T15:24:06","date_gmt":"2024-11-29T07:24:06","guid":{"rendered":"https:\/\/ruiqigo.com\/?post_type=product&#038;p=2062"},"modified":"2024-11-29T15:27:04","modified_gmt":"2024-11-29T07:27:04","slug":"no-crack-hand-cream","status":"publish","type":"product","link":"https:\/\/www.ruiqigo.com\/de\/product\/no-crack-hand-cream","title":{"rendered":"No-Crack-Handcreme"},"content":{"rendered":"<h2 class=\"wp-block-heading\">Herstellung von No-Crack-Handcremes \u2013 g\u00e4ngige Formeln<\/h2>\n\n\n\n<p>Unser Forschungs- und Entwicklungsteam hat w\u00e4hrend des Designs eine tiefenwirksame feuchtigkeitsspendende Reparaturformel f\u00fcr das Problem trockener und rissiger H\u00e4nde entwickelt, um die Sch\u00e4den zu beheben, die durch raue Umgebungen an den H\u00e4nden entstehen. Diese Inhaltsstoffe wirken zusammen, um Ihre H\u00e4nde zu pflegen. Die Hauptbestandteile sind:<\/p>\n\n\n\n<p>1. <strong>Glyzerin:<\/strong> Glycerin ist ein \u00fcbliches Feuchtigkeitsmittel, das Wasser aufnimmt und an Ort und Stelle h\u00e4lt. Diese feuchtigkeitsspendende Wirkung sorgt daf\u00fcr, dass die Haut an den H\u00e4nden auch in trockenen Umgebungen hydratisiert bleibt. Gleichzeitig kann Glycerin auch einen Schutzfilm bilden, die Haut der H\u00e4nde mit Feuchtigkeit versorgen und das Problem rauer, trockener, rissiger H\u00e4nde verbessern.<\/p>\n\n\n\n<p>2. <strong>Hyalurons\u00e4ure:<\/strong> Hyalurons\u00e4ure hat eine ausgezeichnete feuchtigkeitsspendende Wirkung, kann viel Wasser aufnehmen und Wasserverlust verhindern. Gleichzeitig kann sie auch die Barrierefunktion der Handhaut verbessern, die Sch\u00e4den der rauen \u00e4u\u00dferen Umgebung an der Haut verringern und die Reparatur und Regeneration der Hautzellen weiter f\u00f6rdern. Langfristige Anwendung kann die Gesundheit gesch\u00e4digter H\u00e4nde wiederherstellen.<\/p>\n\n\n\n<p>3.<strong> Ceramid:<\/strong> Ceramid kann den Hautreparaturprozess beschleunigen, die durch die \u00e4u\u00dfere Umgebung verursachte Trockenheit der Haut lindern und die Regeneration der Hautzellen f\u00f6rdern. Dar\u00fcber hinaus kann es auch die Melaninbildung hemmen, wodurch bei langfristiger Anwendung ein aufhellender Effekt erzielt werden kann. Gleichzeitig verf\u00fcgt es auch \u00fcber eine gewisse Anti-Aging-Wirkung, die die Haut der H\u00e4nde straffer und elastischer machen kann.<\/p>\n\n\n\n<p>4. <strong>Aloe Vera:<\/strong> Zus\u00e4tzlich zu seiner starken feuchtigkeitsspendenden Funktion hat nat\u00fcrlicher Aloe-Extrakt auch eine beruhigende Anti-Sensibilit\u00e4tswirkung, die die durch trockene Reizung der Haut der H\u00e4nde verursachten Beschwerden lindern kann. Gleichzeitig kann es die Reparatur und Regeneration von Hautzellen f\u00f6rdern, die Heilung trockener Risse beschleunigen und Ihre H\u00e4nde ges\u00fcnder und hydratisierter machen.<\/p>\n\n\n\n<p>5. <strong>Dornhai-Waschb\u00e4r:<\/strong> Dornhai-Waschb\u00e4ren k\u00f6nnen auf der Oberfl\u00e4che der Handhaut einen Schutzfilm bilden, der die Sch\u00e4den durch die \u00e4u\u00dfere Umgebung verringert und die Handhaut mit Feuchtigkeit versorgt. Au\u00dferdem versorgt er die Haut tief mit N\u00e4hrstoffen und Feuchtigkeit und beschleunigt so den Reparaturprozess besch\u00e4digter Haut.<\/p>\n\n\n\n<h2 class=\"wp-block-heading\">Die Funktionen der No-Crack-Handcreme<\/h2>\n\n\n\n<p>Bei der Herstellung haben wir die meisten trockenen und schuppigen Handzust\u00e4nde ber\u00fccksichtigt, um diese Handcreme gegen Risse zu entwickeln, die nicht nur mild ist, sondern auch mehrere Effekte hat und alle Aspekte der Reparatur der Handhaut ber\u00fccksichtigt. Bei der Auswahl einer Handcreme wird empfohlen, dass Sie ein Produkt w\u00e4hlen, das Ihrem Hautzustand und Ihren Vorlieben entspricht. Hier sind die Hauptfunktionen:<\/p>\n\n\n\n<p>1. <strong>Langanhaltend feuchtigkeitsspendend und nicht klebrig:<\/strong> Wir verwenden eine Vielzahl von Inhaltsstoffen, die eine starke feuchtigkeitsspendende Wirkung haben, tief hydratisieren und befeuchten und Feuchtigkeit binden k\u00f6nnen. Und unsere Handcreme ist nicht klebrig und f\u00fchlt sich gut an.<\/p>\n\n\n\n<p>2. <strong>Reparatur und Regeneration: <\/strong>Unsere Handcreme kann ausreichend N\u00e4hrstoffe liefern, die Barrierefunktion der Haut verbessern und die Reparatur und Regeneration der Hautzellen weiter f\u00f6rdern. Gleichzeitig kann sie auch die Sch\u00e4den der \u00e4u\u00dferen Umgebung an der Haut verringern, was zur Verbesserung des Problems rauer und trockener Haut an der Hand beitr\u00e4gt.<\/p>\n\n\n\n<p>3. <strong>Beruhigend und antisensitiv<\/strong>: Wir haben Aloe Vera und andere Inhaltsstoffe hinzugef\u00fcgt, die eine antisensible und beruhigende Wirkung haben, was zur Linderung der Schmerzen und Beschwerden beitr\u00e4gt, die durch trockene und allergische Handhaut verursacht werden. Gl\u00e4ttet gesch\u00e4digte Haut und macht die H\u00e4nde ges\u00fcnder.<\/p>\n\n\n\n<p>4. <strong>Mild und nicht stimulierend: <\/strong>Die Rohstoffe im Produktionsprozess werden sorgf\u00e4ltig ausgew\u00e4hlt und enthalten keine Schadstoffe. Und unsere Inhaltsstoffe sind nat\u00fcrlich und sanft, geeignet f\u00fcr die meisten Hauttypen, insbesondere f\u00fcr empfindliche. Wir vermeiden auch Sekund\u00e4rsch\u00e4den an der Haut Ihrer H\u00e4nde durch Alkohol und andere Reizstoffe.<\/p>\n\n\n\n<p>5. <strong>Schutz und Isolierung:<\/strong> Das \u00d6l in unserer Handcreme kann einen Schutzfilm auf der Hautoberfl\u00e4che bilden, um die Haut vor \u00e4u\u00dferen Einfl\u00fcssen wie ultraviolettem Licht sowie K\u00e4lte und Trockenheit zu sch\u00fctzen. Bei regelm\u00e4\u00dfiger Anwendung wird die Haut der H\u00e4nde glatter und zarter.<\/p>\n\n\n\n<h2 class=\"wp-block-heading\">Wie verwendet man No-Crack-Handcreme?<\/h2>\n\n\n\n<p>Als professioneller Hersteller von rissfreien Handcremes legen wir gro\u00dfen Wert auf Produktqualit\u00e4t und -sicherheit sowie auf das Nutzungserlebnis. Daher verf\u00fcgen wir \u00fcber ein strenges Qualit\u00e4tsmanagementsystem, um unsere Produkte zu gew\u00e4hrleisten. Gleichzeitig gestalten wir auch die entsprechende Verpackung nach Ihren W\u00fcnschen. Wir kennzeichnen die Produktspezifikationen und die Verwendungsweise auf der Verpackung.<\/p>\n\n\n\n<p>1. <strong>Saubere H\u00e4nde:<\/strong> Vor der Anwendung die H\u00e4nde mit warmem Wasser reinigen und sanft abtrocknen. Dies f\u00f6rdert die Aufnahme der Handcreme;<\/p>\n\n\n\n<p>2. <strong>Gleichm\u00e4\u00dfig auftragen: <\/strong>Geben Sie eine angemessene Menge der Anti-Riss-Handcreme auf Ihre Handfl\u00e4chen und verteilen Sie sie gleichm\u00e4\u00dfig auf beiden H\u00e4nden, insbesondere auf dem Handr\u00fccken, den Fingern und anderen Stellen, die leicht \u00fcbersehen werden.<\/p>\n\n\n\n<p>3. <strong>Massageaufnahme:<\/strong> Nach dem gleichm\u00e4\u00dfigen Auftragen k\u00f6nnen Sie Ihre H\u00e4nde, insbesondere die Gelenke und sonstigen Kanten, leicht mit den Fingern massieren, damit die Handcreme besser in die Haut eindringen kann.<\/p>\n\n\n\n<p>4. <strong>Sofort erneut bewerben:<\/strong> Tragen Sie unsere Handcreme jedes Mal erneut auf, wenn Sie Ihre H\u00e4nde waschen oder wenn Ihre H\u00e4nde trocken sind, um sie mit Feuchtigkeit zu versorgen.<\/p>\n\n\n\n<h2 class=\"wp-block-heading\">Vorsicht<\/h2>\n\n\n\n<p>1. Bei der Auswahl einer Handcreme sollten Sie ein f\u00fcr Ihren Hauttyp und Ihre Bed\u00fcrfnisse geeignetes Produkt w\u00e4hlen.<\/p>\n\n\n\n<p>2. Es wird empfohlen, bei der ersten Anwendung einen Allergietest durchzuf\u00fchren. Wenn Beschwerden auftreten, beenden Sie die Anwendung bitte sofort und sp\u00fclen Sie mit Wasser ab.<\/p>\n\n\n\n<p>3. Vermeiden Sie \u00fcberm\u00e4\u00dfigen Gebrauch. Die richtige Menge Handcreme kann Ihren H\u00e4nden Feuchtigkeit spenden. Wenn Sie zu viel verwenden, kann die Creme fettig werden und nicht so leicht einziehen.<\/p>\n\n\n\n<p>4. Das Warmhalten der H\u00e4nde kann das Ph\u00e4nomen trockener und rissiger Haut an den H\u00e4nden verringern, insbesondere in kalten und trockenen Umgebungen;<\/p>\n\n\n\n<p>5. Es wird empfohlen, die Handcreme an einem k\u00fchlen und trockenen Ort aufzubewahren, um eine Verschlechterung durch hohe Temperaturen und eine feuchte Umgebung zu vermeiden.<\/p>\n\n\n\n<h2 class=\"wp-block-heading\">Abschluss<\/h2>\n\n\n\n<p>Als Hersteller von Handcremes ohne Risse, der Qualit\u00e4t und Details im Auge hat, verf\u00fcgen wir \u00fcber moderne Produktionsanlagen und ein professionelles Forschungs- und Entwicklungsteam. Dar\u00fcber hinaus verwenden wir im Herstellungsprozess der Handcreme nat\u00fcrliche Pflanzenextrakte und moderne Feuchtigkeitsfaktoren, die trockene, rissige und schuppige H\u00e4nde wirksam lindern k\u00f6nnen. Durch die Verwendung einer Technologie zur schnellen Absorption dringt die Handcreme schnell in die Haut ein und bleibt nicht klebrig. So haben Sie ein frisches und angenehmes Gef\u00fchl. Ob Produktformulierung oder Verpackung \u2013 wir kreieren eine einzigartige Marke nach Ihren W\u00fcnschen. Wenn Sie an unserer Handcreme ohne Risse interessiert sind, kontaktieren Sie uns bitte umgehend.<\/p>","protected":false},"excerpt":{"rendered":"No-Crack Hand Cream Manufacturing Common Formulas Our research and development team designed a deep moisturizing repair formula for the problem of dry and cracked hands during the design, aiming to solve the damage caused by harsh environments to hands. These ingredients work together to care for your hands. The main ingredients are: 1. Glycerin: Glycerin [&hellip;]","protected":false},"featured_media":2063,"menu_order":0,"template":"","meta":[],"product-tag":[],"products":[58],"class_list":["post-2062","product","type-product","status-publish","has-post-thumbnail","hentry","products-hand-cream"],"acf":[],"_links":{"self":[{"href":"https:\/\/www.ruiqigo.com\/de\/wp-json\/wp\/v2\/product\/2062","targetHints":{"allow":["GET"]}}],"collection":[{"href":"https:\/\/www.ruiqigo.com\/de\/wp-json\/wp\/v2\/product"}],"about":[{"href":"https:\/\/www.ruiqigo.com\/de\/wp-json\/wp\/v2\/types\/product"}],"version-history":[{"count":0,"href":"https:\/\/www.ruiqigo.com\/de\/wp-json\/wp\/v2\/product\/2062\/revisions"}],"wp:featuredmedia":[{"embeddable":true,"href":"https:\/\/www.ruiqigo.com\/de\/wp-json\/wp\/v2\/media\/2063"}],"wp:attachment":[{"href":"https:\/\/www.ruiqigo.com\/de\/wp-json\/wp\/v2\/media?parent=2062"}],"wp:term":[{"taxonomy":"product-tag","embeddable":true,"href":"https:\/\/www.ruiqigo.com\/de\/wp-json\/wp\/v2\/product-tag?post=2062"},{"taxonomy":"products","embeddable":true,"href":"https:\/\/www.ruiqigo.com\/de\/wp-json\/wp\/v2\/products?post=2062"}],"curies":[{"name":"wp","href":"https:\/\/api.w.org\/{rel}","templated":true}]}}