{"id":2135,"date":"2024-12-04T16:06:10","date_gmt":"2024-12-04T08:06:10","guid":{"rendered":"https:\/\/ruiqigo.com\/?post_type=product&#038;p=2135"},"modified":"2024-12-04T16:07:39","modified_gmt":"2024-12-04T08:07:39","slug":"natural-body-lotion","status":"publish","type":"product","link":"https:\/\/www.ruiqigo.com\/de\/product\/natural-body-lotion","title":{"rendered":"Nat\u00fcrliche K\u00f6rperlotion"},"content":{"rendered":"<h2 class=\"wp-block-heading\">Herstellung nat\u00fcrlicher K\u00f6rperlotionen \u2013 g\u00e4ngige Formeln<\/h2>\n\n\n\n<p>Um sicherzustellen, dass die Inhaltsstoffe mild sind und keine Hautreizungen verursachen, hat unser Forschungs- und Entwicklungsteam eine Vielzahl reiner Inhaltsstoffe ausgew\u00e4hlt. Ausgew\u00e4hlte Rohstoffe werden im Produktionsprozess gemischt, um die Sicherheit und Wirksamkeit unserer nat\u00fcrlichen K\u00f6rpermilch zu gew\u00e4hrleisten.<\/p>\n\n\n\n<p>1. Glycerin: Glycerin ist ein h\u00e4ufig verwendetes Feuchtigkeitsmittel, das Feuchtigkeit aus der Luft aufnimmt und einen Film auf der Haut bildet, der der Haut effektiv hilft, Feuchtigkeit zu speichern. Es sorgt f\u00fcr eine langanhaltende Feuchtigkeitswirkung und befeuchtet gleichzeitig die Haut, sodass sie weich und elastisch bleibt.<\/p>\n\n\n\n<p>2. Nat\u00fcrliche Konservierungsmittel: Die Verwendung nat\u00fcrlicher Konservierungsmittel kann das Wachstum von Mikroorganismen verhindern, ohne unserer Haut zu schaden. Sie sind f\u00fcr die meisten Hauttypen, insbesondere f\u00fcr empfindliche Haut, besser geeignet als herk\u00f6mmliche K\u00f6rpercremes.<\/p>\n\n\n\n<p>3. Emulgator: Er kann dazu beitragen, dass sich Wasser und \u00d6l vermischen und nicht trennen, um Emulgierung, Stabilit\u00e4t und andere Effekte zu erzielen. Wenn Sie ihn einer nat\u00fcrlichen K\u00f6rperlotion hinzuf\u00fcgen, kann diese leichter absorbiert werden und Delamination oder Niederschlag verhindern.<\/p>\n\n\n\n<p>4. Nat\u00fcrliche \u00d6le: Sie sind wichtige feuchtigkeitsspendende Inhaltsstoffe und reich an unges\u00e4ttigten Fetts\u00e4uren und Vitaminen. Sie haben daher eine feuchtigkeitsspendende und feuchtigkeitsspendende Wirkung, die die Haut tief befeuchten und die raue und trockene Haut verbessern kann. Gleichzeitig helfen sie auch, besch\u00e4digte Hautbarrieren zu reparieren und die Widerstandskraft der Haut zu st\u00e4rken, um Wasserverlust und \u00e4u\u00dfere Reizungen vorzubeugen.<\/p>\n\n\n\n<p>5. Nat\u00fcrliches \u00e4therisches Pflanzen\u00f6l: \u00c4therisches Pflanzen\u00f6l kann der K\u00f6rperlotion Aroma verleihen und hat eine beruhigende Wirkung, die K\u00f6rper und Geist entspannen und f\u00fcr ein angenehmes Anwendungserlebnis sorgen kann.<\/p>\n\n\n\n<h2 class=\"wp-block-heading\">Die Funktionen der nat\u00fcrlichen K\u00f6rperlotion<\/h2>\n\n\n\n<p>Wir legen gro\u00dfen Wert auf den Herstellungsprozess nat\u00fcrlicher K\u00f6rpermilch. Jeder Tropfen wird streng dosiert und verarbeitet, um seine zarte Textur und effiziente Hautpflege zu gew\u00e4hrleisten. Hier sind seine Hauptfunktionen:<\/p>\n\n\n\n<p>1. Mild und nicht reizend: Wir w\u00e4hlen sorgf\u00e4ltig eine Vielzahl nat\u00fcrlicher Inhaltsstoffe ohne sch\u00e4dliche Chemikalien aus. Es verursacht also keine Reizungen und Beschwerden auf Ihrer Haut und ist f\u00fcr die meisten Hauttypen geeignet.<\/p>\n\n\n\n<p>2. Langanhaltende Feuchtigkeitsversorgung: Unsere nat\u00fcrliche K\u00f6rperlotion bildet einen Schutzfilm auf Ihrer Haut, der die Feuchtigkeit fest einschlie\u00dft und ein Verdunsten der Feuchtigkeit verhindert. So wird die Feuchtigkeit langanhaltend wieder aufgef\u00fcllt und raue und trockene Haut verbessert.<\/p>\n\n\n\n<p>3. Tiefenbefeuchtung: Nat\u00fcrliche K\u00f6rperlotion kann tief in die Haut eindringen, die notwendigen N\u00e4hrstoffe erg\u00e4nzen und bei langfristiger Anwendung die Haut ges\u00fcnder und gl\u00e4nzender machen.<\/p>\n\n\n\n<p>4. Haut aufhellen: Unsere K\u00f6rperlotion enth\u00e4lt Antioxidantien, die vor UV-Strahlen sch\u00fctzen. Sie stimuliert auch die Produktion von Kollagen, was hilft, Falten, feine Linien und raue Schwielen zu reduzieren. Dar\u00fcber hinaus k\u00f6nnen einige aufhellende Inhaltsstoffe die Produktion von Melanin hemmen, um stumpfe und dunkle Flecken zu reduzieren. Diese Effekte k\u00f6nnen uns helfen, die Beschaffenheit der Haut zu verbessern und sie wei\u00dfer und straffer zu machen.<\/p>\n\n\n\n<p>5. Beruhigende Reparatur: Nat\u00fcrliche Pflanzenextrakte haben normalerweise eine beruhigende Wirkung, und einige haben auch eine reparierende Wirkung. Daher k\u00f6nnen sie bei Verwendung Schmerzen und Beschwerden Ihrer Haut lindern, die gesch\u00e4digte Haut reparieren und Ihnen auch Entspannung erm\u00f6glichen.<\/p>\n\n\n\n<h2 class=\"wp-block-heading\">Wie verwendet man eine nat\u00fcrliche K\u00f6rperlotion?<\/h2>\n\n\n\n<p>Als professioneller Hersteller nat\u00fcrlicher K\u00f6rperlotionen legen wir besonderes Augenmerk auf den Produktionsprozess unserer Produkte, insbesondere im Hinblick auf Produktqualit\u00e4t und -sicherheit. Daher verf\u00fcgen wir \u00fcber ein mehrkanaliges Qualit\u00e4tskontrollsystem und testen die Textur, Wirksamkeit, Viskosit\u00e4t usw. des fertigen Produkts, um dessen Wirksamkeit sicherzustellen. Wir hoffen auch, dass Sie unsere Anweisungen vor der Verwendung sorgf\u00e4ltig lesen k\u00f6nnen.<\/p>\n\n\n\n<p>1. Reinigen Sie die Haut: Vor der Anwendung m\u00fcssen wir zuerst die Haut reinigen, \u00d6l und Schmutz auf der Oberfl\u00e4che entfernen, sicherstellen, dass unsere Haut sauber ist, und Sie k\u00f6nnen sie nach dem Waschen sanft mit einem Handtuch trocknen.<\/p>\n\n\n\n<p>2. Tragen Sie die entsprechende Menge auf: Nehmen Sie die entsprechende Menge der nat\u00fcrlichen K\u00f6rperlotion und tragen Sie sie gleichm\u00e4\u00dfig auf den ganzen K\u00f6rper auf. Achten Sie darauf, dabei nicht zu viel aufzutragen, da sich die Lotion sonst fettig anf\u00fchlen kann.<\/p>\n\n\n\n<p>3. Absorption durch Massage: Nach dem Auftragen k\u00f6nnen Sie die Haut mit beiden H\u00e4nden sanft massieren, um die Absorption zu f\u00f6rdern und die Durchblutung anzuregen. Bei relativ trockenen oder stark verdickten Teilen der Hornschicht k\u00f6nnen Sie die K\u00f6rperlotion entsprechend erh\u00f6hen und einmassieren.<\/p>\n\n\n\n<p>4. Regelm\u00e4\u00dfige Anwendung: Es wird empfohlen, die K\u00f6rperlotion einmal t\u00e4glich morgens und einmal t\u00e4glich abends aufzutragen, um die Haut lange feucht und weich zu halten.<\/p>\n\n\n\n<h2 class=\"wp-block-heading\">Vorsicht<\/h2>\n\n\n\n<p>1. Vor der ersten Anwendung wird ein erweiterter Anaphylaxietest empfohlen. Bei Auftreten von Beschwerden sollte die Anwendung sofort beendet werden.<\/p>\n\n\n\n<p>2. Achten Sie beim Auftragen auf die richtige Menge, \u00fcberm\u00e4\u00dfige Anwendung kann zu einem fettigen und unangenehmen Gef\u00fchl auf der Haut f\u00fchren;<\/p>\n\n\n\n<p>3. Nat\u00fcrliche K\u00f6rpermilch verwendet nat\u00fcrliche Konservierungsstoffe, daher ist die Haltbarkeit kurz. Es wird empfohlen, mehr auf die Haltbarkeit des Produkts zu achten.<\/p>\n\n\n\n<p>4. Es wird empfohlen, es an einem k\u00fchlen und trockenen Ort aufzubewahren, um eine Verschlechterung durch hohe Temperaturen und feuchte Umgebungen zu vermeiden.<\/p>\n\n\n\n<h2 class=\"wp-block-heading\">Abschluss<\/h2>\n\n\n\n<p>Unter den vielen K\u00f6rpercremes mit unterschiedlichen Funktionen ist es besonders wichtig, reine, harmlose, wirksame und sanfte K\u00f6rperpflege f\u00fcr die Haut zu finden. Als Hersteller, der sich der Herstellung nat\u00fcrlicher K\u00f6rperlotionen verschrieben hat, haben wir hochwertige nat\u00fcrliche Inhaltsstoffe sorgf\u00e4ltig ausgew\u00e4hlt, wissenschaftlich proportioniert und schonende Herstellungsverfahren verwendet, um Ihr Erlebnis zu verbessern. Nat\u00fcrlich sind unsere Produkte nicht nur f\u00fcr alle Hauttypen geeignet, sondern wir k\u00f6nnen auch individuelle Dienstleistungen anbieten, um die Formel an Ihren Hauttyp und Ihre Vorlieben anzupassen, damit jede nat\u00fcrliche K\u00f6rperlotion Ihren Erwartungen entspricht. Wenn Sie auch interessiert sind, kontaktieren Sie uns bitte.<\/p>","protected":false},"excerpt":{"rendered":"Natural Body Lotion Manufacturing Common Formulas To ensure that the ingredients are mild and do not cause irritation to the skin, our research and development team has selected a variety of pure ingredients. Selected raw materials are blended in the production process to ensure the safety and effectiveness of our natural body milk. 1. Glycerin: [&hellip;]","protected":false},"featured_media":2136,"menu_order":0,"template":"","meta":[],"product-tag":[],"products":[56],"class_list":["post-2135","product","type-product","status-publish","has-post-thumbnail","hentry","products-body-lotion"],"acf":[],"_links":{"self":[{"href":"https:\/\/www.ruiqigo.com\/de\/wp-json\/wp\/v2\/product\/2135","targetHints":{"allow":["GET"]}}],"collection":[{"href":"https:\/\/www.ruiqigo.com\/de\/wp-json\/wp\/v2\/product"}],"about":[{"href":"https:\/\/www.ruiqigo.com\/de\/wp-json\/wp\/v2\/types\/product"}],"version-history":[{"count":0,"href":"https:\/\/www.ruiqigo.com\/de\/wp-json\/wp\/v2\/product\/2135\/revisions"}],"wp:featuredmedia":[{"embeddable":true,"href":"https:\/\/www.ruiqigo.com\/de\/wp-json\/wp\/v2\/media\/2136"}],"wp:attachment":[{"href":"https:\/\/www.ruiqigo.com\/de\/wp-json\/wp\/v2\/media?parent=2135"}],"wp:term":[{"taxonomy":"product-tag","embeddable":true,"href":"https:\/\/www.ruiqigo.com\/de\/wp-json\/wp\/v2\/product-tag?post=2135"},{"taxonomy":"products","embeddable":true,"href":"https:\/\/www.ruiqigo.com\/de\/wp-json\/wp\/v2\/products?post=2135"}],"curies":[{"name":"wp","href":"https:\/\/api.w.org\/{rel}","templated":true}]}}