{"id":216,"date":"2024-06-30T22:58:53","date_gmt":"2024-06-30T14:58:53","guid":{"rendered":"https:\/\/ruiqigo.com\/?post_type=product&#038;p=216"},"modified":"2024-09-25T15:02:41","modified_gmt":"2024-09-25T07:02:41","slug":"tea-tree-shampoo","status":"publish","type":"product","link":"https:\/\/www.ruiqigo.com\/de\/product\/tea-tree-shampoo","title":{"rendered":"Teebaumshampoo"},"content":{"rendered":"<h3 class=\"wp-block-heading\">Herstellung von Teebaumshampoo \u2013 g\u00e4ngige Formeln<\/h3>\n\n\n\n<p>Als Hersteller von Teebaumshampoos wissen wir, wie wichtig die Rezeptur ist. Unsere Produkte verwenden eine Reihe sanfter, aber wirksamer Tenside wie Cocoyl-Glucosid und Cocoyl-Betain, um eine Reinigungskraft zu gew\u00e4hrleisten, ohne die Kopfhaut zu sch\u00e4digen. Die Hauptbestandteile Kaliumcocoylglycinat und Kaliumcocoat versorgen das Haar mit wichtigen N\u00e4hrstoffen. Dar\u00fcber hinaus haben wir speziell Polyquaternium-10 hinzugef\u00fcgt, um die Weichheit und den Glanz des Haares zu verbessern. Die nat\u00fcrlichen entz\u00fcndungshemmenden Eigenschaften von Teebaum\u00f6l, kombiniert mit He-Shou-Wurzelextrakt und europ\u00e4ischem Rotkieferblattextrakt, verleihen unserem Teebaumshampoo eine einzigartige haarpflegende Wirkung.<\/p>\n\n\n\n<h3 class=\"wp-block-heading\">Teebaumshampoo Anwendbare Szenarien<\/h3>\n\n\n\n<p>Teebaumshampoos sind f\u00fcr alle Klimazonen und Umgebungen geeignet, insbesondere f\u00fcr hei\u00dfe und feuchte Gebiete, wo ihre entz\u00fcndungshemmenden und antimikrobiellen Eigenschaften eine wirksame Reaktion auf fettige und trockene, juckende Kopfhaut bieten. Unsere Produkte sind sulfatfrei, reduzieren ihre Umweltbelastung und bieten gleichzeitig Farbschutz. Damit sind sie eine bevorzugte Wahl f\u00fcr Verbraucher, die einen nat\u00fcrlichen Lebensstil anstreben. Sie k\u00f6nnen es auch mit einem kombinieren <a href=\"https:\/\/www.ruiqigo.com\/de\/product\/tea-tree-essential-oil\/\">\u00e4therisches Teebaum\u00f6l<\/a> f\u00fcr noch bessere Ergebnisse.<\/p>\n\n\n\n<h3 class=\"wp-block-heading\">F\u00fcr wen ist Teebaumshampoo geeignet?<\/h3>\n\n\n\n<p>Unsere Teebaum-Shampoos sind f\u00fcr Menschen mit fettiger und trockener, juckender Kopfhaut konzipiert. Die nat\u00fcrlichen entz\u00fcndungshemmenden Eigenschaften von Teebaum\u00f6l (Melaleuca alternifolia-Blatt\u00f6l) lindern wirksam Kopfhautbeschwerden, w\u00e4hrend die Zugabe von VB5 und VE das Haar zus\u00e4tzlich n\u00e4hrt und sch\u00fctzt. Diese Inhaltsstoffe wirken zusammen, um das Kopfhautmilieu zu verbessern und gesundes Haarwachstum zu f\u00f6rdern. Mehr <a href=\"https:\/\/www.ruiqigo.com\/de\/products\/shampoo\/\">Shampoos mit nat\u00fcrlichen Inhaltsstoffen<\/a> f\u00fcr Sie zur Auswahl von 3TOP.<\/p>\n\n\n\n<h3 class=\"wp-block-heading\">Herstellungsprozess von Teebaumshampoo<\/h3>\n\n\n\n<p>W\u00e4hrend des Produktionsprozesses konzentrieren wir uns darauf, den einzigartigen \u00e4therischen \u00d6lgeschmack des Teebaum\u00f6ls zu bewahren, der dem Produkt nicht nur einen nat\u00fcrlichen Duft verleiht, sondern den Verbrauchern auch ein angenehmes Erlebnis bietet. Wir verwenden fortschrittliche Extraktions- und Mischtechnologie, um die effektive Integration aller Inhaltsstoffe sicherzustellen, und kontrollieren gleichzeitig die Produktionsumgebung streng, um die Qualit\u00e4t und Sicherheit des Produkts zu gew\u00e4hrleisten.<\/p>","protected":false},"excerpt":{"rendered":"Tea tree shampoo manufacturing Common Formulas As the makers of Tea Tree Shampoos, we understand the importance of formulation. Our products utilize a range of gentle yet effective surfactants such as Cocoyl-Glucoside and Cocoyl-Betaine to ensure cleansing power without damaging the scalp. The core ingredients Potassium Cocoyl Glycinate and Potassium Cocoate provide essential nourishment to [&hellip;]","protected":false},"featured_media":218,"menu_order":0,"template":"","meta":[],"product-tag":[],"products":[51],"class_list":["post-216","product","type-product","status-publish","has-post-thumbnail","hentry","products-shampoo"],"acf":[],"_links":{"self":[{"href":"https:\/\/www.ruiqigo.com\/de\/wp-json\/wp\/v2\/product\/216","targetHints":{"allow":["GET"]}}],"collection":[{"href":"https:\/\/www.ruiqigo.com\/de\/wp-json\/wp\/v2\/product"}],"about":[{"href":"https:\/\/www.ruiqigo.com\/de\/wp-json\/wp\/v2\/types\/product"}],"version-history":[{"count":0,"href":"https:\/\/www.ruiqigo.com\/de\/wp-json\/wp\/v2\/product\/216\/revisions"}],"wp:featuredmedia":[{"embeddable":true,"href":"https:\/\/www.ruiqigo.com\/de\/wp-json\/wp\/v2\/media\/218"}],"wp:attachment":[{"href":"https:\/\/www.ruiqigo.com\/de\/wp-json\/wp\/v2\/media?parent=216"}],"wp:term":[{"taxonomy":"product-tag","embeddable":true,"href":"https:\/\/www.ruiqigo.com\/de\/wp-json\/wp\/v2\/product-tag?post=216"},{"taxonomy":"products","embeddable":true,"href":"https:\/\/www.ruiqigo.com\/de\/wp-json\/wp\/v2\/products?post=216"}],"curies":[{"name":"wp","href":"https:\/\/api.w.org\/{rel}","templated":true}]}}