{"id":2164,"date":"2024-12-05T17:18:10","date_gmt":"2024-12-05T09:18:10","guid":{"rendered":"https:\/\/ruiqigo.com\/?post_type=product&#038;p=2164"},"modified":"2024-12-05T17:19:07","modified_gmt":"2024-12-05T09:19:07","slug":"hand-cream-with-spf","status":"publish","type":"product","link":"https:\/\/www.ruiqigo.com\/de\/product\/hand-cream-with-spf","title":{"rendered":"Handcreme mit Lichtschutzfaktor"},"content":{"rendered":"<h2 class=\"wp-block-heading\">Handcreme mit Lichtschutzfaktor Herstellung G\u00e4ngige Formeln<\/h2>\n\n\n\n<p>Als professioneller Hersteller von Handcremes mit Lichtschutzfaktor kombinieren wir feuchtigkeitsspendende, feuchtigkeitsspendende und Sonnenschutz-Inhaltsstoffe, die den Bed\u00fcrfnissen der meisten Menschen entsprechen. Durch wissenschaftliche Abstimmung und Weiterverarbeitung soll ein umfassender Schutz und eine umfassende Pflege der Handhaut gew\u00e4hrleistet werden. Seine Hauptbestandteile sind:<\/p>\n\n\n\n<p>1. Glycerin: Glycerin hat eine starke feuchtigkeitsspendende und feuchtigkeitsspendende Wirkung, die einen Schutzfilm auf der Hautoberfl\u00e4che bilden, den Wasserverlust verringern und eine dauerhafte feuchtigkeitsspendende Wirkung erzielen kann. Langfristige Anwendung kann trockene H\u00e4nde, Peeling und andere Beschwerden lindern.<\/p>\n\n\n\n<p>2. Sonnenschutzbestandteile: Wir verwenden hochwertige Sonnenschutzbestandteile als Hauptbestandteile mit starker Sonnenschutzwirkung. Sie k\u00f6nnen UV-Strahlen blockieren und Sch\u00e4den durch UV-Strahlen wie Sonnenbrand, Hautalterung und andere Probleme vermeiden.<\/p>\n\n\n\n<p>3. Sheabutter: Sheabutter kann tief in die Haut eindringen, um ausreichend N\u00e4hrstoffe zu liefern und die Haut der H\u00e4nde zus\u00e4tzlich mit Feuchtigkeit zu versorgen. Gleichzeitig wirkt es auch antioxidativ, kann freien Radikalen widerstehen, die Haut vor Umweltsch\u00e4den sch\u00fctzen und die Elastizit\u00e4t der Haut verbessern.<\/p>\n\n\n\n<p>4. Ceramid: Es hat die Funktion, die Hautbarriere zu reparieren. Beim Auftragen kann es einen Schutzfilm bilden, besch\u00e4digte Zellen reparieren, die Hautbarriere st\u00e4rken und die Haut der Hand ges\u00fcnder machen. Gleichzeitig hat es auch eine entz\u00fcndungshemmende und beruhigende Wirkung, die durch \u00e4u\u00dfere Faktoren verursachte Schmerzen und Beschwerden lindern kann.<\/p>\n\n\n\n<p>5. Emulgator: Emulgator ist ein h\u00e4ufig verwendeter Inhaltsstoff in Handcremes, der Wasser und \u00d6l vollst\u00e4ndig vermischen kann, um einen stabilen Emulsionszustand zu bilden. Und die Textur ist glatter, was Ihre Anwendung und Absorption beg\u00fcnstigt, sodass Ihre Haut glatter und zarter wird.<\/p>\n\n\n\n<h2 class=\"wp-block-heading\">Die Funktionen von Handcreme mit Lichtschutzfaktor<\/h2>\n\n\n\n<p>Sonnenschutz ist sehr wichtig, um die Hautalterung zu verz\u00f6gern, Hautproblemen vorzubeugen und die Gesundheit der Haut zu erhalten. Im Vergleich zu herk\u00f6mmlichen Handcremes und Sonnenschutzmitteln bietet unsere Handcreme mit Lichtschutzfaktor doppelten Schutz. Die Hautpflege ist bequemer, ohne ein schweres Gef\u00fchl zu hinterlassen. Hier sind seine Hauptfunktionen:<\/p>\n\n\n\n<p>1. Hochwirksamer Sonnenschutz: Mit einem Lichtschutzfaktor von 15\u201350+ bietet unser Schutzfilm wichtigen Schutz vor UVA- und UVB-Strahlen, verringert das Risiko von Br\u00e4unung, Falten, vorzeitiger Hautalterung und Hautkrebs und f\u00f6rdert die allgemeine Gesundheit der Haut.<\/p>\n\n\n\n<p>2. Tiefenbefeuchtung: Feuchtigkeitsspendende Inhaltsstoffe k\u00f6nnen die Haut der H\u00e4nde effektiv mit Feuchtigkeit versorgen, den Wasserhaushalt rechtzeitig wiederherstellen und eine anhaltende Feuchtigkeitswirkung erzielen, wodurch die Haut der H\u00e4nde feuchter und weicher wird.<\/p>\n\n\n\n<p>3. Verbesserung des Hautzustands: Unsere Handcreme mit Lichtschutzfaktor kann Hyperpigmentierung und das Auftreten dunkler Flecken verhindern und die \u00d6lproduktion verringern, wodurch \u00d6lausbr\u00fcche weiter reduziert werden.<\/p>\n\n\n\n<p>4. Beruhigende Reparatur: Es kann durch Stimulation verursachte Schmerzen und Beschwerden lindern, besch\u00e4digte Hautzellen reparieren, die Barrierefunktion der Haut verbessern und unsere Haut straffer und elastischer machen.<\/p>\n\n\n\n<p>5. Leicht und nicht fettend: Wir verwenden eine fortschrittliche Emulgierungstechnologie, um sicherzustellen, dass die Textur der Handcreme leicht ist, leicht einzieht und sich nicht klebrig anf\u00fchlt, was das Erlebnis noch weiter verbessert. Sie ist f\u00fcr die meisten Menschen geeignet und kann im t\u00e4glichen Leben verwendet und nach Belieben erneut aufgetragen werden.<\/p>\n\n\n\n<h2 class=\"wp-block-heading\">Wie verwendet man Handcreme mit Lichtschutzfaktor?<\/h2>\n\n\n\n<p>Bei der Herstellung haben wir Handcremes mit unterschiedlichen Lichtschutzfaktoren gemischt, um den Bed\u00fcrfnissen verschiedener Menschen gerecht zu werden. 30 % Lichtschutzfaktor bei t\u00e4glicher Anwendung k\u00f6nnen vor 90 % UVB-Strahlen sch\u00fctzen. Sie k\u00f6nnen also entsprechend Ihrem eigenen Sonnenschutzbedarf w\u00e4hlen. Die Anwendung ist auch auf der Verpackung ausf\u00fchrlich beschrieben.<\/p>\n\n\n\n<p>1. H\u00e4nde reinigen: Reinigen Sie vor der Anwendung zuerst Ihre H\u00e4nde. Sie k\u00f6nnen ein H\u00e4ndedesinfektionsmittel oder Seife verwenden, um \u00d6l und Schmutz von Ihren H\u00e4nden zu entfernen, und sie anschlie\u00dfend vorsichtig mit einem Handtuch abtrocknen. Dieser Schritt erleichtert die weitere Aufnahme der Handcreme.<\/p>\n\n\n\n<p>2. Angemessene Menge auftragen: Tragen Sie eine angemessene Menge Handcreme mit Lichtschutzfaktor gleichm\u00e4\u00dfig auf Ihre H\u00e4nde auf, insbesondere auf die Finger, den Handr\u00fccken und andere Stellen, die leicht vernachl\u00e4ssigt werden, und stellen Sie sicher, dass alle Teile bedeckt sind.<\/p>\n\n\n\n<p>3. Absorption durch Massage: Nach dem Auftragen massieren Sie Ihre H\u00e4nde sanft mit dem Fingerbauch, um die Absorption und Durchblutung zu f\u00f6rdern.<\/p>\n\n\n\n<p>4. Rechtzeitiges erneutes Auftragen: Bei l\u00e4ngerem Aufenthalt im Freien empfiehlt sich ein erneutes Auftragen alle zwei Stunden, um die Sonnenschutzwirkung sicherzustellen.<\/p>\n\n\n\n<h2 class=\"wp-block-heading\">Vorsicht<\/h2>\n\n\n\n<p>1. F\u00fchren Sie zum ersten Mal einen Allergietest durch. Wenn Beschwerden auftreten, beenden Sie die Anwendung sofort und konsultieren Sie einen Arzt.<\/p>\n\n\n\n<p>2. \u00dcberm\u00e4\u00dfiges Auftragen vermeiden: Beachten Sie beim Auftragen das Prinzip der angemessenen Menge und vermeiden Sie \u00fcberm\u00e4\u00dfiges Auftragen von Handcreme, da dies zu fettigen H\u00e4nden f\u00fchrt, die nicht leicht einziehen.<\/p>\n\n\n\n<p>3. Mischen vermeiden: Nicht mit anderen Handcremes oder Hautpflegeprodukten mischen, um Nebenwirkungen zu vermeiden oder die Sonnenschutzwirkung zu beeintr\u00e4chtigen.<\/p>\n\n\n\n<p>4. Kontakt mit den Augen vermeiden. Bei Kontakt mit den Augen sofort mit Wasser aussp\u00fclen;<\/p>\n\n\n\n<p>5. Es wird empfohlen, es an einem k\u00fchlen und trockenen Ort aufzubewahren, um eine Verschlechterung durch hohe Temperaturen und feuchte Umgebung zu vermeiden und den Sonnenschutzeffekt zu verringern.<\/p>\n\n\n\n<h2 class=\"wp-block-heading\">Abschluss<\/h2>\n\n\n\n<p>Wenn Sie Ihre H\u00e4nde weich, geschmeidig und jugendlich halten m\u00f6chten, ist unsere Handcreme mit Lichtschutzfaktor eine gute Wahl. Wir haben uns der Entwicklung hochwertiger, multifunktionaler und einzigartiger Markenprodukte verschrieben und verf\u00fcgen \u00fcber moderne Produktionsanlagen sowie ein professionelles Forschungs- und Entwicklungsteam. Wir werden unser Bestes tun, um Ihre Anforderungen zu erf\u00fcllen. Wir ber\u00fccksichtigen Ihr Feedback und passen uns st\u00e4ndig an, damit Sie personalisierte Handcremes mit Lichtschutzfaktor-Produkten herstellen k\u00f6nnen. Wenn Sie auch Interesse haben, kontaktieren Sie uns bitte.<\/p>\n\n\n\n<p><\/p>","protected":false},"excerpt":{"rendered":"Hand Cream With SPF Manufacturing Common Formulas As a professional manufacturer of hand cream with SPF, we combine moisturizing, moisturizing, and sun protection ingredients based on the needs of most people. Through scientific matching and further processing, it aims to provide comprehensive protection and care for hand skin. Its main components are: 1. Glycerin: Glycerin [&hellip;]","protected":false},"featured_media":2165,"menu_order":0,"template":"","meta":[],"product-tag":[],"products":[58],"class_list":["post-2164","product","type-product","status-publish","has-post-thumbnail","hentry","products-hand-cream"],"acf":[],"_links":{"self":[{"href":"https:\/\/www.ruiqigo.com\/de\/wp-json\/wp\/v2\/product\/2164","targetHints":{"allow":["GET"]}}],"collection":[{"href":"https:\/\/www.ruiqigo.com\/de\/wp-json\/wp\/v2\/product"}],"about":[{"href":"https:\/\/www.ruiqigo.com\/de\/wp-json\/wp\/v2\/types\/product"}],"version-history":[{"count":0,"href":"https:\/\/www.ruiqigo.com\/de\/wp-json\/wp\/v2\/product\/2164\/revisions"}],"wp:featuredmedia":[{"embeddable":true,"href":"https:\/\/www.ruiqigo.com\/de\/wp-json\/wp\/v2\/media\/2165"}],"wp:attachment":[{"href":"https:\/\/www.ruiqigo.com\/de\/wp-json\/wp\/v2\/media?parent=2164"}],"wp:term":[{"taxonomy":"product-tag","embeddable":true,"href":"https:\/\/www.ruiqigo.com\/de\/wp-json\/wp\/v2\/product-tag?post=2164"},{"taxonomy":"products","embeddable":true,"href":"https:\/\/www.ruiqigo.com\/de\/wp-json\/wp\/v2\/products?post=2164"}],"curies":[{"name":"wp","href":"https:\/\/api.w.org\/{rel}","templated":true}]}}