{"id":2196,"date":"2024-12-06T16:37:24","date_gmt":"2024-12-06T08:37:24","guid":{"rendered":"https:\/\/ruiqigo.com\/?post_type=product&#038;p=2196"},"modified":"2024-12-06T16:39:38","modified_gmt":"2024-12-06T08:39:38","slug":"shea-moisture-conditioner","status":"publish","type":"product","link":"https:\/\/www.ruiqigo.com\/de\/product\/shea-moisture-conditioner","title":{"rendered":"Shea Feuchtigkeitssp\u00fclung"},"content":{"rendered":"<h2 class=\"wp-block-heading\">Herstellung von Shea Moisture Conditioner - g\u00e4ngige Formeln<\/h2>\n\n\n\n<p>Als Hersteller hochwertiger Shea-Feuchtigkeitssp\u00fclungen verwenden wir eine rein nat\u00fcrliche Formel ohne sch\u00e4dliche Zusatzstoffe. Wir haben au\u00dferdem diese tief n\u00e4hrende, mehrfach regenerierende Sp\u00fclung durch wissenschaftliche Abstimmung und Pr\u00e4zisionsverarbeitung entwickelt, in der Hoffnung, Ihr Haar wieder zum Gl\u00e4nzen zu bringen.<\/p>\n\n\n\n<p>1. <strong>Shea Feuchtigkeit<\/strong>: Shea Moisturizer hat eine hervorragende feuchtigkeitsspendende Wirkung und bildet einen Schutzfilm auf Ihrem Haar, der es hydratisiert und geschmeidig h\u00e4lt. Dar\u00fcber hinaus ist es reich an einer Vielzahl von N\u00e4hrstoffen, die das Haar tiefenwirksam n\u00e4hren, gesch\u00e4digtes Haar reparieren und notwendige N\u00e4hrstoffe wieder auff\u00fcllen k\u00f6nnen, wodurch das Haar st\u00e4rker und gl\u00e4nzender wird. Gleichzeitig \u00e4hnelt es dem \u00d6l auf der Hautoberfl\u00e4che, das schnell eindringt, absorbiert und das Keratin aufweicht, wodurch Ihr Haar weicher wird.<\/p>\n\n\n\n<p>2. <strong>Keratin<\/strong>: Es kann besch\u00e4digte Haarschuppen reparieren und \u00e4u\u00dferen Sch\u00e4den wie UV-Licht, Gl\u00e4tten und F\u00e4rben wirksam widerstehen, um die Gesundheit des Haares zu sch\u00fctzen.<\/p>\n\n\n\n<p>3. <strong>Emulgatoren:<\/strong> Emulgatoren haben eine Schmierwirkung, die dazu beitragen kann, dass sich die Sp\u00fclung gleichm\u00e4\u00dfiger im Haar verteilt und die Geschmeidigkeit verbessert.<\/p>\n\n\n\n<p>4. <strong>Nat\u00fcrliche Pflanzenessenz:<\/strong> Nat\u00fcrliche Pflanzenessenzen k\u00f6nnen nicht nur die \u00d6lsekretion ausgleichen und die Kopfhaut beruhigen, sondern das Aroma verschiedener Pflanzenessenzen hilft Ihnen auch, die Kopfhaut besser zu entspannen und Stress abzubauen. Es hat auch antibakterielle und entz\u00fcndungshemmende Eigenschaften, die Kopfhautinfektionen und Allergien wirksam heilen k\u00f6nnen.<\/p>\n\n\n\n<p>5. <strong>Feuchtigkeitsfaktor:<\/strong> Der Feuchtigkeitsfaktor versorgt das Haar mit tiefenwirksamen N\u00e4hrstoffen, schlie\u00dft die Feuchtigkeit fest ein und verhindert Feuchtigkeitsverlust. Verbessert die Qualit\u00e4t von trockenem, krausem Haar und verleiht dem Haar neuen Glanz und Geschmeidigkeit.<\/p>\n\n\n\n<h2 class=\"wp-block-heading\">Die Funktionen von Shea Moisture Conditioner<\/h2>\n\n\n\n<p>Im Produktionsprozess des Shea-Feuchtigkeits-Conditioners verwenden wir moderne Technologien, um Shea-Feuchtigkeit sorgf\u00e4ltig zu extrahieren und zu dosieren, damit ihre Vorteile maximiert werden. Gleichzeitig w\u00e4hlen wir sorgf\u00e4ltig hochwertige Rohstofflieferanten aus und f\u00fchren regelm\u00e4\u00dfige Stichprobenkontrollen durch, um sicherzustellen, dass unsere Rohstoffe sicher und zuverl\u00e4ssig sind und aus der Natur stammen. Damit Sie unsere Produkte unbesorgt verwenden k\u00f6nnen, sind die folgenden Haupteffekte zu verzeichnen:<\/p>\n\n\n\n<p>1.<strong> Feuchtigkeitsspendend und feuchtigkeitsspendend:<\/strong> Unser Hauptbestandteil Shea Moisturizer kann tief in das Haar eindringen, um es mit Feuchtigkeit zu versorgen und Feuchtigkeitsverdunstung wirksam zu verhindern. Gleichzeitig liefert es reichhaltige N\u00e4hrstoffe, um Ihr Haar mit Feuchtigkeit zu versorgen und es lange mit Feuchtigkeit zu versorgen.<\/p>\n\n\n\n<p>2.<strong> Isolationsschutz: <\/strong>Shea-Feuchtigkeitssp\u00fclung kann einen gewissen UV-Schutz bieten, der Hitzesch\u00e4den, B\u00fcgeln und Sonnensch\u00e4den verhindern kann.<\/p>\n\n\n\n<p>3. <strong>Weich und geschmeidig: <\/strong>Unser Conditioner kann das Keratin des Haares erweichen, Haarspliss und Verfilzen verhindern und dem Haar bei langfristiger Anwendung mehr Geschmeidigkeit und Glanz verleihen.<\/p>\n\n\n\n<p>4. <strong>Intensivreparatur: <\/strong>Die Verwendung eines Shea-Feuchtigkeits-Conditioners ist vorteilhaft, um das besch\u00e4digte Haargewebe zu reparieren. Insbesondere nach dem Gl\u00e4tten und F\u00e4rben kann unser Haar-Conditioner das Haar sch\u00fctzen. Gleichzeitig kann er auch die Struktur des Haares st\u00e4rken und die Verwendung kann das Problem von trockenem und gespaltenem Haar lindern, sodass das Haar st\u00e4rker und elastischer wird.<\/p>\n\n\n\n<p>5. <strong>Antibakteriell und entz\u00fcndungshemmend:<\/strong> Zus\u00e4tzlich zu seiner starken feuchtigkeitsspendenden Wirkung kann es auch Infektionen und Allergien der Kopfhaut heilen, was zur Erhaltung der Gesundheit von Haar und Kopfhaut beitr\u00e4gt und das Wachstum weiter f\u00f6rdert.<\/p>\n\n\n\n<h2 class=\"wp-block-heading\">Wie verwendet man Shea Moisture Conditioner?<\/h2>\n\n\n\n<p>Unser Shea-Feuchtigkeits-Conditioner ist f\u00fcr die meisten Haartypen geeignet und wir passen unsere Rezepturen an verschiedene Haartypen an. Wenn Sie sich also f\u00fcr einen Conditioner entscheiden, sollten Sie ein Produkt w\u00e4hlen, das am besten zu Ihrer Haarqualit\u00e4t und Ihren Haarpflegebed\u00fcrfnissen passt. Wir werden die Verwendung auch auf der Verpackung kennzeichnen. Bitte lesen Sie diese sorgf\u00e4ltig durch.<\/p>\n\n\n\n<p>1. <strong>Shampoo: <\/strong>Sp\u00fclen Sie Ihr Haar mit warmem Wasser und Shampoo aus, um \u00d6l und Schmutz aus Ihrem Haar zu entfernen. Stellen Sie au\u00dferdem sicher, dass Ihre Kopfhaut und Ihr Haar sauber sind und die Aufnahme der Sp\u00fclung erleichtern.<\/p>\n\n\n\n<p>2. <strong>Sp\u00fclung auftragen: <\/strong>Nehmen Sie je nach Haardichte die richtige Menge Sp\u00fclung und verteilen Sie diese gleichm\u00e4\u00dfig im Haar und an den Haarspitzen. Auf trockene und gespaltene Stellen k\u00f6nnen Sie mehr auftragen. Achten Sie darauf, dass Sie nichts auf die Kopfhaut schmieren.<\/p>\n\n\n\n<p>3.<strong> Standabsorption: <\/strong>Nach dem Auftragen k\u00f6nnen Sie das Haar mit dem Haarkamm glatt k\u00e4mmen, um sicherzustellen, dass sich der Conditioner gleichm\u00e4\u00dfig im Haar verteilt, und dann 3-5 Minuten warten, bis er in das Haar einziehen kann. Wenn Sie eine Tiefenbehandlung w\u00fcnschen, k\u00f6nnen Sie die Wartezeit verl\u00e4ngern (10-30 Minuten).<\/p>\n\n\n\n<p>4. <strong>Mit warmem Wasser waschen:<\/strong> Lassen Sie es einwirken und sp\u00fclen Sie es dann mit Wasser aus. Stellen Sie sicher, dass keine Sp\u00fclung mehr in Ihrem Haar ist, und trocknen Sie es vorsichtig mit einem Handtuch.<\/p>\n\n\n\n<p>5. <strong>Passende Pflege:<\/strong> Zum Trocknen der Haare k\u00f6nnen Sie \u00e4therisches Haarpflege\u00f6l in derselben Position auftragen und sie dann mit einem F\u00f6hn oder an der Luft trocknen lassen. Eine doppelte Pflege macht Ihr Haar weicher und geschmeidiger.<\/p>\n\n\n\n<h2 class=\"wp-block-heading\">Vorsicht<\/h2>\n\n\n\n<p>1. Wenn Sie einen erweiterten Allergietest zum ersten Mal durchf\u00fchren, brechen Sie die Anwendung sofort ab, wenn Beschwerden auftreten.<\/p>\n\n\n\n<p>2. Bei Zimmertemperatur ist der Shea-Feuchtigkeits-Conditioner eine Paste. Reiben Sie ihn daher vor dem Auftragen auf das Haar in Ihrer Handfl\u00e4che, um die Aufnahme zu f\u00f6rdern.<\/p>\n\n\n\n<p>3. Achten Sie bei der Anwendung auf den Grundsatz der angemessenen Menge, zu viel Sp\u00fclung kann zu fettigem Haar f\u00fchren und die Wirkung der Sp\u00fclung beeintr\u00e4chtigen.<\/p>\n\n\n\n<p>3. Die Verwendungsh\u00e4ufigkeit des Shea-Feuchtigkeits-Conditioners wird auf 1\u20132 Mal pro Woche empfohlen. Eine \u00fcberm\u00e4\u00dfige Verwendung kann zu einer \u00fcberm\u00e4\u00dfigen Belastung des Haars f\u00fchren und die Haarstruktur beeintr\u00e4chtigen.<\/p>\n\n\n\n<p>4. Vermeiden Sie die Anwendung auf der Kopfhaut, da es sonst die Poren der Kopfhaut verstopfen und eine Reihe von Kopfhautproblemen verursachen kann.<\/p>\n\n\n\n<p>5. Es wird empfohlen, das Produkt an einem k\u00fchlen und trockenen Ort aufzubewahren, um direkte Sonneneinstrahlung und hohe Temperaturen zu vermeiden, da dies zu einer Verschlechterung des Conditioners und damit zu einer Beeintr\u00e4chtigung der Wirkung f\u00fchren kann.<\/p>\n\n\n\n<h2 class=\"wp-block-heading\">Abschluss<\/h2>\n\n\n\n<p>Qualit\u00e4tsprodukte sind der Schl\u00fcssel zum Markterfolg. Wir kontrollieren jedes Produktionsglied streng und verf\u00fcgen \u00fcber verschiedene Qualit\u00e4tspr\u00fcfsysteme, um die Sicherheit und Wirksamkeit der Produkte zu gew\u00e4hrleisten. Gleichzeitig bieten wir auch eine umfassende Palette ma\u00dfgeschneiderter Dienstleistungen an, die auf Ihren Anforderungen basieren, um Ihre Formel und Verpackung zu entwerfen. W\u00e4hrend dieser Zeit werden wir uns st\u00e4ndig an Ihr Feedback anpassen und nach Perfektion streben. Kontaktieren Sie uns, wenn Sie mehr wissen m\u00f6chten.<\/p>","protected":false},"excerpt":{"rendered":"Shea Moisture Conditioner Manufacturing Common Formulas As a manufacturer of high-quality shea moisture conditioners, we use an all-natural formula with no harmful additives. We have also created this deeply nourishing, multi-repair conditioner through scientific matching and precision processing, hoping to make your hair shine again. 1. Shea moisture: Shea moisture has a great moisturizing effect, [&hellip;]","protected":false},"featured_media":2197,"menu_order":0,"template":"","meta":[],"product-tag":[],"products":[52],"class_list":["post-2196","product","type-product","status-publish","has-post-thumbnail","hentry","products-conditioner"],"acf":[],"_links":{"self":[{"href":"https:\/\/www.ruiqigo.com\/de\/wp-json\/wp\/v2\/product\/2196","targetHints":{"allow":["GET"]}}],"collection":[{"href":"https:\/\/www.ruiqigo.com\/de\/wp-json\/wp\/v2\/product"}],"about":[{"href":"https:\/\/www.ruiqigo.com\/de\/wp-json\/wp\/v2\/types\/product"}],"version-history":[{"count":0,"href":"https:\/\/www.ruiqigo.com\/de\/wp-json\/wp\/v2\/product\/2196\/revisions"}],"wp:featuredmedia":[{"embeddable":true,"href":"https:\/\/www.ruiqigo.com\/de\/wp-json\/wp\/v2\/media\/2197"}],"wp:attachment":[{"href":"https:\/\/www.ruiqigo.com\/de\/wp-json\/wp\/v2\/media?parent=2196"}],"wp:term":[{"taxonomy":"product-tag","embeddable":true,"href":"https:\/\/www.ruiqigo.com\/de\/wp-json\/wp\/v2\/product-tag?post=2196"},{"taxonomy":"products","embeddable":true,"href":"https:\/\/www.ruiqigo.com\/de\/wp-json\/wp\/v2\/products?post=2196"}],"curies":[{"name":"wp","href":"https:\/\/api.w.org\/{rel}","templated":true}]}}