{"id":2238,"date":"2024-12-10T16:11:57","date_gmt":"2024-12-10T08:11:57","guid":{"rendered":"https:\/\/ruiqigo.com\/?post_type=product&#038;p=2238"},"modified":"2024-12-10T16:13:07","modified_gmt":"2024-12-10T08:13:07","slug":"vanilla-essential-oil","status":"publish","type":"product","link":"https:\/\/www.ruiqigo.com\/de\/product\/vanilla-essential-oil","title":{"rendered":"\u00c4therisches Vanille\u00f6l"},"content":{"rendered":"<h2 class=\"wp-block-heading\">Herstellung von \u00e4therischem Vanille\u00f6l \u2013 g\u00e4ngige Rezepturen<\/h2>\n\n\n\n<p>Bei der Herstellung des \u00e4therischen Vanille\u00f6ls haben wir eine Vielzahl wissenschaftlicher Rezepturen f\u00fcr unterschiedliche Haartypen und -vorlieben entwickelt, mit dem Ziel, Ihnen ein sicheres und wirksames \u00e4therisches \u00d6l f\u00fcr die Haarpflege anzubieten.<\/p>\n\n\n\n<p>1. \u00c4therisches Vanille\u00f6l: Es spielt als Hauptbestandteil eine wichtige Rolle. Es versorgt das Haar nicht nur mit ausreichend Feuchtigkeit und N\u00e4hrstoffen, sondern kann auch tief in das Haar eindringen, um besch\u00e4digte Haarstruktur zu reparieren und die Elastizit\u00e4t des Haares wiederherzustellen. Gleichzeitig hat es auch eine gewisse reparierende Wirkung, st\u00e4rkt die Haarwurzeln und verhindert, dass das Haar austrocknet, bricht und spaltet.<\/p>\n\n\n\n<p>2. Vitamine: Das \u00e4therische Vanille\u00f6l ist reich an verschiedenen Vitaminen. Sie haben eine gewisse antioxidative Wirkung und k\u00f6nnen Sch\u00e4den durch freie Radikale widerstehen, um das Haar vor Sch\u00e4den durch die \u00e4u\u00dfere Umwelt zu sch\u00fctzen.<\/p>\n\n\n\n<p>3. Vanillin: Die Hauptquelle des Vanillegeschmacks. Dieses reichhaltige Aroma kann Ihnen beim Entspannen helfen, Stress abbauen und f\u00fcr ein gutes Benutzererlebnis sorgen.<\/p>\n\n\n\n<p>4. Eugenol: Das \u00e4therische Vanille\u00f6l hat antibakterielle und entz\u00fcndungshemmende Eigenschaften, um Entz\u00fcndungen der Kopfhaut zu reduzieren und besch\u00e4digte Haarfollikel zu reparieren. Es verbessert auch die Durchblutung, was das Haarwachstum f\u00f6rdert.<\/p>\n\n\n\n<h2 class=\"wp-block-heading\">Die Funktionen des \u00e4therischen Vanille\u00f6ls<\/h2>\n\n\n\n<p>Als professioneller Hersteller \u00e4therischer Vanille\u00f6le haben wir uns verpflichtet, f\u00fcr Sie hochwertige und leistungsstarke Produkte herzustellen. Nicht nur sorgf\u00e4ltig ausgew\u00e4hlte Rohstoffe, sondern auch der Einsatz modernster Extraktionstechnologie und Presserhitzer sorgen f\u00fcr die maximale Wirksamkeit des Produkts.<\/p>\n\n\n\n<p>1. Feuchtigkeitsspendend und pflegend: Das \u00e4therische Vanille\u00f6l hat eine wirksame feuchtigkeitsspendende Wirkung und ist reich an verschiedenen N\u00e4hrstoffen, die nicht nur die N\u00e4hrstoffe tief im Haar erg\u00e4nzen, sondern auch einen Schutzfilm auf dem Haar bilden, der Wasser einschlie\u00dft und so das Austrocknen und Brechen des Haars verhindert. Bei langfristiger Anwendung wird Ihr Haar weich und gl\u00e4nzend.<\/p>\n\n\n\n<p>2. Verbessern Sie die Haarqualit\u00e4t: Die Anwendung \u00e4therischer Haarpflege\u00f6le repariert gesch\u00e4digtes Haar und verbessert seine Barrierefunktion. Bei trockenem, gebrochenem und gespaltenem Haar wird Ihr Haar kr\u00e4ftiger und ges\u00fcnder, solange Sie darauf bestehen, es zu verwenden.<\/p>\n\n\n\n<p>3. Anhaltender Duft: Das \u00e4therische Vanille\u00f6l hat ein einzigartiges Aroma, das bei der Anwendung angenehm ist. Es kann auch K\u00f6rper und Geist entspannen und Stress und M\u00fcdigkeit lindern. Gleichzeitig h\u00e4lt dieser bezaubernde Aromaeffekt an und verbessert auch das pers\u00f6nliche Image-Temperament.<\/p>\n\n\n\n<p>4. Beruhigend und entz\u00fcndungshemmend: Unsere \u00e4therischen \u00d6le enthalten entz\u00fcndungshemmende und beruhigende Inhaltsstoffe, die die Kopfhaut beruhigen, Entz\u00fcndungen beseitigen, Schuppen und Juckreiz weiter reduzieren und das Haar ges\u00fcnder machen.<\/p>\n\n\n\n<p>5. F\u00f6rdert das Wachstum: \u00c4therisches Vanille\u00f6l kann die Durchblutung der Kopfhaut anregen und die Haarfollikel mit mehr N\u00e4hrstoffen versorgen, wodurch das Haarwachstum gef\u00f6rdert und das Haar ges\u00fcnder und dichter wird.<\/p>\n\n\n\n<h2 class=\"wp-block-heading\">Wie verwendet man \u00e4therisches Vanille\u00f6l?<\/h2>\n\n\n\n<p>Wir legen gro\u00dfen Wert auf die Produktqualit\u00e4t. Daher verf\u00fcgen wir im Produktionsprozess des \u00e4therischen Vanille\u00f6ls \u00fcber verschiedene Qualit\u00e4tspr\u00fcfsysteme, um die Qualit\u00e4t und Sicherheit der Produkte zu gew\u00e4hrleisten. Wir werden auch das fertige Produkt beproben, um sicherzustellen, dass jede Flasche eine stabile Leistung aufweist. Gleichzeitig werden wir auch die Verwendung der Verpackung kennzeichnen.<\/p>\n\n\n\n<p>1. Vor dem Shampoonieren: Die entsprechende Menge \u00e4therisches Vanille\u00f6l gleichm\u00e4\u00dfig auf Haar und Kopfhaut auftragen und die Fingerseite sanft einmassieren, anschlie\u00dfend das Haar in ein Handtuch wickeln und vor dem Shampoonieren 10\u201315 Minuten einwirken lassen.<\/p>\n\n\n\n<p>2. Nach dem Waschen: Nach dem Waschen k\u00f6nnen Sie es zweimal anwenden. Trocknen Sie Ihr Haar beim ersten Mal sanft mit einem Handtuch, nehmen Sie eine angemessene Menge \u00e4therisches Vanille\u00f6l, reiben und erhitzen Sie es und tragen Sie es dann gleichm\u00e4\u00dfig von der Mitte bis zu den Spitzen Ihres Haares auf. Sie k\u00f6nnen Ihr Haar dann sanft massieren und an der Luft trocknen lassen oder mit einem F\u00f6hn trocknen. Beim zweiten Mal wiederholen Sie den Vorgang, sobald das Haar leicht trocken gef\u00f6hnt ist, und trocknen es dann weiter. Achten Sie darauf, es w\u00e4hrend dieses Vorgangs nicht auf die Kopfhaut aufzutragen, da es die Poren verstopfen kann.<\/p>\n\n\n\n<p>3. T\u00e4gliche Pflege: Wenn das Haar trocken ist, k\u00f6nnen Sie eine kleine Menge \u00e4therisches Haarpflege\u00f6l einreiben, es nach dem Erhitzen auf die Haarspitzen auftragen und sanft einmassieren, bis es einzieht.<\/p>\n\n\n\n<h2 class=\"wp-block-heading\">Vorsicht<\/h2>\n\n\n\n<p>1. Bei der Auswahl der Produkte sollten Sie Ihr \u00e4therisches Haarpflege\u00f6l entsprechend Ihrer Haarqualit\u00e4t und Ihren Bed\u00fcrfnissen ausw\u00e4hlen.<\/p>\n\n\n\n<p>2. Allergietests sollten zum ersten Mal durchgef\u00fchrt werden. Wenn Sie Beschwerden haben, beenden Sie die Anwendung bitte sofort.<\/p>\n\n\n\n<p>3. Achten Sie beim Auftragen auf die richtige Menge, um zu vermeiden, dass zu viel \u00e4therisches Haarpflege\u00f6l das Haar fettet und die Poren verstopft.<\/p>\n\n\n\n<p>4. Achten Sie auf die H\u00e4ufigkeit der Anwendung. Es werden 2\u20133 Mal pro Woche empfohlen. H\u00e4ufige Anwendung kann die Wirkung der Haarpflege beeintr\u00e4chtigen.<\/p>\n\n\n\n<p>5. Ver\u00e4nderungen der Haarqualit\u00e4t regelm\u00e4\u00dfig beobachten und entsprechende Anpassungen vornehmen;<\/p>\n\n\n\n<p>6. Es wird empfohlen, an einem k\u00fchlen und trockenen Ort zu lagern, um direkte Sonneneinstrahlung und hohe Temperaturen zu vermeiden, die zur Verschlechterung der \u00e4therischen \u00d6le f\u00fchren k\u00f6nnen<\/p>\n\n\n\n<h2 class=\"wp-block-heading\">Abschluss<\/h2>\n\n\n\n<p>Als Hersteller verstehen wir Ihren Wunsch nach gesundem, weichem Haar. Deshalb kombinieren wir nat\u00fcrliches \u00e4therisches Vanille\u00f6l mit hochwirksamen pflegenden Inhaltsstoffen, um dem Produkt eine starke Heilwirkung zu verleihen. Gleichzeitig achten wir auch auf die Diversifizierung und Individualisierung der Produkte und kreieren eine Reihe \u00e4therischer Vanille\u00f6le, die f\u00fcr verschiedene Haartypen und -vorlieben geeignet sind und die Sie sicher verwenden k\u00f6nnen. In Bezug auf die Qualit\u00e4tskontrolle schenken wir dem gesamten Produktionsprozess mit verschiedenen Qualit\u00e4tskontroll- und Sicherheitstests mehr Aufmerksamkeit, um die Sicherheit und Wirksamkeit jeder Flasche \u00e4therischen Vanille\u00f6ls zu gew\u00e4hrleisten. Bitte kontaktieren Sie uns, wenn Sie auch interessiert sind.<\/p>","protected":false},"excerpt":{"rendered":"Vanilla Essential Oil Manufacturing Common Formulas In the production of vanilla essential oil, we have designed a variety of scientific formulations according to different hair types and preferences, aiming to bring you safe and effective essential oil for hair care. 1. Vanilla essential oil: It plays an important role as a core ingredient. In addition [&hellip;]","protected":false},"featured_media":2239,"menu_order":0,"template":"","meta":[],"product-tag":[],"products":[53],"class_list":["post-2238","product","type-product","status-publish","has-post-thumbnail","hentry","products-essential-oil"],"acf":[],"_links":{"self":[{"href":"https:\/\/www.ruiqigo.com\/de\/wp-json\/wp\/v2\/product\/2238","targetHints":{"allow":["GET"]}}],"collection":[{"href":"https:\/\/www.ruiqigo.com\/de\/wp-json\/wp\/v2\/product"}],"about":[{"href":"https:\/\/www.ruiqigo.com\/de\/wp-json\/wp\/v2\/types\/product"}],"version-history":[{"count":0,"href":"https:\/\/www.ruiqigo.com\/de\/wp-json\/wp\/v2\/product\/2238\/revisions"}],"wp:featuredmedia":[{"embeddable":true,"href":"https:\/\/www.ruiqigo.com\/de\/wp-json\/wp\/v2\/media\/2239"}],"wp:attachment":[{"href":"https:\/\/www.ruiqigo.com\/de\/wp-json\/wp\/v2\/media?parent=2238"}],"wp:term":[{"taxonomy":"product-tag","embeddable":true,"href":"https:\/\/www.ruiqigo.com\/de\/wp-json\/wp\/v2\/product-tag?post=2238"},{"taxonomy":"products","embeddable":true,"href":"https:\/\/www.ruiqigo.com\/de\/wp-json\/wp\/v2\/products?post=2238"}],"curies":[{"name":"wp","href":"https:\/\/api.w.org\/{rel}","templated":true}]}}