{"id":2246,"date":"2024-12-12T11:22:05","date_gmt":"2024-12-12T03:22:05","guid":{"rendered":"https:\/\/ruiqigo.com\/?post_type=product&#038;p=2246"},"modified":"2024-12-12T11:22:55","modified_gmt":"2024-12-12T03:22:55","slug":"rose-essential-oil","status":"publish","type":"product","link":"https:\/\/www.ruiqigo.com\/de\/product\/rose-essential-oil","title":{"rendered":"\u00c4therisches Rosen\u00f6l"},"content":{"rendered":"<h2 class=\"wp-block-heading\">Herstellung von \u00e4therischem Rosen\u00f6l \u2013 g\u00e4ngige Rezepturen<\/h2>\n\n\n\n<p>Der Herstellungsprozess von \u00e4therischem Rosen\u00f6l ist relativ heikel und Parameter wie Temperatur, Druck und Zeit m\u00fcssen streng kontrolliert werden, um die optimale Qualit\u00e4t und Wirksamkeit des \u00e4therischen \u00d6ls sicherzustellen. Hier sind seine Hauptbestandteile:<\/p>\n\n\n\n<p>1. Rosen: Als Hauptbestandteil spielen Rosen eine wichtige Rolle. Sie haben antibakterielle Eigenschaften, die Bakterien und Schmutz beseitigen, Haarfollikel reinigen und Schuppen entfernen. Sie f\u00f6rdern au\u00dferdem die Durchblutung sowie eine gute Verdauung und Entgiftung und stimulieren so ein gesundes Haarwachstum.<\/p>\n\n\n\n<p>2. Babajo-\u00d6l: Als Basis\u00f6l kann Jojoba\u00f6l die Konzentration des \u00e4therischen Rosen\u00f6ls verd\u00fcnnen, um Reizungen zu reduzieren. Gleichzeitig hat es eine ausgezeichnete feuchtigkeitsspendende und durchdringende Wirkung, die tief in die Haut eindringen und Wasser einschlie\u00dfen kann und eine synergistische feuchtigkeitsspendende Wirkung hat. Dar\u00fcber hinaus hat es eine reparierende Wirkung auf trockene, raue und empfindliche Hautprobleme und kann die Hautgesundheit f\u00f6rdern.<\/p>\n\n\n\n<p>3. Vitamin E: Vitamin E hat antioxidative Eigenschaften, die den Sch\u00e4den durch freie Radikale widerstehen, Zellsch\u00e4den reduzieren und die Hautalterung verz\u00f6gern k\u00f6nnen. Es kann auch den Stoffwechsel f\u00f6rdern, die Zellerneuerung beschleunigen und die Haut glatter und zarter machen.<\/p>\n\n\n\n<p>4. Citronellol: Das \u00e4therische Rosen\u00f6l in Citronellol hat ein bezauberndes Aroma und kann die Kopfhaut beruhigen und K\u00f6rper und Geist entspannen, aber auch Stress, Angst und andere Emotionen lindern. Dar\u00fcber hinaus kann dieses Aroma den Haargeruch verbessern.<\/p>\n\n\n\n<h2 class=\"wp-block-heading\">Die Funktionen des \u00e4therischen Rosen\u00f6ls<\/h2>\n\n\n\n<p>Als professionelle Hersteller von \u00e4therischem Rosen\u00f6l haben wir die Wirkstoffe in Rosen untersucht und aufgrund der vielf\u00e4ltigen Funktionen dieser Inhaltsstoffe ein f\u00fcr die meisten Menschen geeignetes \u00e4therisches Rosen\u00f6l entwickelt. Lassen Sie uns seine Wirkung erkunden.<\/p>\n\n\n\n<p>1. Befeuchten und Wasser binden: Das \u00e4therische Rosen\u00f6l kann der Haut tief Feuchtigkeit und N\u00e4hrstoffe zuf\u00fchren und Wasser binden, um die Haut hydratisiert zu halten.<\/p>\n\n\n\n<p>2. Schuppenentfernung: Unser Produkt beseitigt wirksam Bakterien und Schmutz, spendet den Haarfollikeln Feuchtigkeit, reinigt die Haarfollikel, entfernt au\u00dferdem Schuppen und h\u00e4lt die Kopfhaut frisch.<\/p>\n\n\n\n<p>3. F\u00f6rdert das Haarwachstum: Die Anwendung von \u00e4therischem \u00d6l f\u00f6rdert die Durchblutung, versorgt die Haarfollikel mit ausreichend N\u00e4hrstoffen und f\u00f6rdert die Zellerneuerung. Gleichzeitig kann \u00e4therisches Rosen\u00f6l auch gesch\u00e4digtes Haar gl\u00e4tten, Haarfollikel st\u00e4rken, Haarbruch verhindern und das Haarwachstum weiter f\u00f6rdern.<\/p>\n\n\n\n<p>4. Augenringe und F\u00e4ltchen loswerden: Reichhaltige Antioxidantien k\u00f6nnen helfen, Schwellungen zu beseitigen und Augenringe zu verbessern. Gleichzeitig widerstehen sie dauerhaft den Sch\u00e4den durch freie Radikale, verz\u00f6gern die Zellalterung, f\u00f6rdern den Stoffwechsel der Haut, reduzieren das Auftreten von F\u00e4ltchen weiter und machen die Haut zarter und elastischer.<\/p>\n\n\n\n<p>5. Stress und Schmerzen lindern: Der Duft von Rosen kann K\u00f6rper und Geist entspannen, Stress und schlechte Laune abbauen und auch Schmerzen lindern. Das Aroma verbessert auch Ihre Schlafqualit\u00e4t.<\/p>\n\n\n\n<p>6. Antibakteriell und entz\u00fcndungshemmend: Unser \u00e4therisches \u00d6l hat hervorragende antibakterielle und entz\u00fcndungshemmende Eigenschaften, kann Hautinfektionen, Entz\u00fcndungen, Kopfhautjucken und andere Probleme behandeln, kann aber auch die Fettproduktion der Kopfhaut, insbesondere bei fettigem Haar, regulieren.<\/p>\n\n\n\n<h2 class=\"wp-block-heading\">Wie verwendet man \u00e4therisches Rosen\u00f6l?<\/h2>\n\n\n\n<p>Wir verwenden bei der Produktion ein empfindliches und tragbares Verpackungsdesign, egal ob es sich als Geschenk oder f\u00fcr den Familiengebrauch eignet. Das \u00e4therische Rosen\u00f6l hat eine erfrischende Textur und zieht leicht ein. Daher ist es vielseitig und kann in der Hautpflege, Gesichtspflege, Haarpflege usw. verwendet werden. Ich werde im Detail auf den Abschnitt Haarpflege eingehen:<\/p>\n\n\n\n<p>1. Tiefenbehandlung: Mischen Sie zun\u00e4chst das \u00e4therische Rosen\u00f6l im richtigen Verh\u00e4ltnis mit dem Basis\u00f6l, tragen Sie es dann gleichm\u00e4\u00dfig auf das Haar auf und massieren Sie Kopfhaut und Haar sanft mit den Fingern, um die Aufnahme zu f\u00f6rdern. Wickeln Sie Ihr Haar in ein hei\u00dfes Handtuch und halten Sie es 15\u201320 Minuten warm, bevor Sie es mit Wasser aussp\u00fclen oder shampoonieren.<\/p>\n\n\n\n<p>1. T\u00e4gliche Haarpflege: Trocknen Sie Ihr Haar nach dem Waschen sanft mit einem Handtuch, mischen Sie dann eine angemessene Menge \u00e4therisches Rosen\u00f6l mit dem Basis\u00f6l und tragen Sie es gleichm\u00e4\u00dfig von der Mitte bis zu den Haarspitzen auf, insbesondere dort, wo es trocken und gespalten ist. Nach dem Auftragen k\u00f6nnen Sie Ihr Haar sanft massieren, um die Aufnahme zu f\u00f6rdern, und Ihr Haar dann an der Luft trocknen lassen oder mit einem F\u00f6hn trocknen.<\/p>\n\n\n\n<h2 class=\"wp-block-heading\">Vorsicht<\/h2>\n\n\n\n<p>1. Das \u00e4therische Rosen\u00f6l hat eine hohe Konzentration und sollte mit Basis\u00f6l wie Jojoba\u00f6l, Kokos\u00f6l usw. verd\u00fcnnt werden.<\/p>\n\n\n\n<p>2. Achten Sie bei der Anwendung auf die richtige Dosierung, um zu vermeiden, dass zu viele \u00e4therische \u00d6le zu fettigem Haar und verstopften Poren f\u00fchren.<\/p>\n\n\n\n<p>3. Allergietests sollten zum ersten Mal durchgef\u00fchrt werden. Wenn Beschwerden auftreten, beenden Sie die Anwendung sofort.<\/p>\n\n\n\n<p>4. Es wird empfohlen, es 1-2 Mal pro Woche zu verwenden, um zu vermeiden, dass die Wirkung durch h\u00e4ufige Anwendung beeintr\u00e4chtigt wird.<\/p>\n\n\n\n<p>5. Es wird empfohlen, es an einem k\u00fchlen und trockenen Ort aufzubewahren und direkte Sonneneinstrahlung sowie hohe Temperaturen zu vermeiden.<\/p>\n\n\n\n<h2 class=\"wp-block-heading\">Abschluss<\/h2>\n\n\n\n<p>Unser sorgf\u00e4ltig hergestelltes \u00e4therisches Rosen\u00f6l hat nicht nur sichere Inhaltsstoffe, ist sanft und harmlos, sondern hat auch mehrere Wirkungen, die Ihre Gesundheit und Sch\u00f6nheit in jeder Hinsicht sch\u00fctzen. Wir bieten eine Vielzahl von Optionen, Sie k\u00f6nnen je nach Ihren Vorlieben und Bed\u00fcrfnissen eine f\u00fcr Sie geeignete ausw\u00e4hlen. Nat\u00fcrlich bieten wir auch einen umfassenden Anpassungsservice, sei es Formelanpassung oder Verpackungsdesign. Wir streben nach dem Ultimativen, um Ihre Marke zu schaffen und Ihnen zu helfen, einen Wettbewerbsvorteil auf dem Rosen\u00f6lmarkt zu erlangen. Wenn Sie auch an unseren Produkten interessiert sind, kontaktieren Sie uns bitte.<\/p>","protected":false},"excerpt":{"rendered":"Rose Essential Oil Manufacturing Common Formulas The production process of rose essential oil is relatively delicate, and parameters such as temperature, pressure, and time must be strictly controlled to ensure the optimal quality and efficacy of the essential oil. Here are its main ingredients: 1. Roses: As the core ingredient, roses play an important role. [&hellip;]","protected":false},"featured_media":2247,"menu_order":0,"template":"","meta":[],"product-tag":[],"products":[53],"class_list":["post-2246","product","type-product","status-publish","has-post-thumbnail","hentry","products-essential-oil"],"acf":[],"_links":{"self":[{"href":"https:\/\/www.ruiqigo.com\/de\/wp-json\/wp\/v2\/product\/2246","targetHints":{"allow":["GET"]}}],"collection":[{"href":"https:\/\/www.ruiqigo.com\/de\/wp-json\/wp\/v2\/product"}],"about":[{"href":"https:\/\/www.ruiqigo.com\/de\/wp-json\/wp\/v2\/types\/product"}],"version-history":[{"count":0,"href":"https:\/\/www.ruiqigo.com\/de\/wp-json\/wp\/v2\/product\/2246\/revisions"}],"wp:featuredmedia":[{"embeddable":true,"href":"https:\/\/www.ruiqigo.com\/de\/wp-json\/wp\/v2\/media\/2247"}],"wp:attachment":[{"href":"https:\/\/www.ruiqigo.com\/de\/wp-json\/wp\/v2\/media?parent=2246"}],"wp:term":[{"taxonomy":"product-tag","embeddable":true,"href":"https:\/\/www.ruiqigo.com\/de\/wp-json\/wp\/v2\/product-tag?post=2246"},{"taxonomy":"products","embeddable":true,"href":"https:\/\/www.ruiqigo.com\/de\/wp-json\/wp\/v2\/products?post=2246"}],"curies":[{"name":"wp","href":"https:\/\/api.w.org\/{rel}","templated":true}]}}