{"id":2252,"date":"2024-12-13T16:30:51","date_gmt":"2024-12-13T08:30:51","guid":{"rendered":"https:\/\/ruiqigo.com\/?post_type=product&#038;p=2252"},"modified":"2024-12-13T16:32:03","modified_gmt":"2024-12-13T08:32:03","slug":"deep-conditioner","status":"publish","type":"product","link":"https:\/\/www.ruiqigo.com\/de\/product\/deep-conditioner","title":{"rendered":"Tiefenpflegesp\u00fclung"},"content":{"rendered":"<h2 class=\"wp-block-heading\">Herstellung von Tiefenpflegesp\u00fclungen \u2013 g\u00e4ngige Formeln<\/h2>\n\n\n\n<p>Als professioneller Hersteller von Tiefenpflegesp\u00fclungen verwenden wir eine Vielzahl nat\u00fcrlicher und wirksamer Inhaltsstoffe und eine wissenschaftlich abgestimmte Rezeptur mit dem Ziel, f\u00fcr Sie eine tiefenreparierende und n\u00e4hrende Haarsp\u00fclung herzustellen.<\/p>\n\n\n\n<p>1. Proteinessenz: Protein ist ein wichtiger Bestandteil des Haares. Proteinessenz kann tief in das Haar eindringen und das verlorene Protein ersetzen, um das besch\u00e4digte Haar zu reparieren. Es st\u00e4rkt auch das Keratin, macht das Haar kr\u00e4ftiger und reduziert Haarbruch.<\/p>\n\n\n\n<p>2. Mandel\u00f6l: Mandel\u00f6l kann dem Haar ausreichend Feuchtigkeit und N\u00e4hrstoffe liefern und gleichzeitig gesch\u00e4digtes Haar reparieren, es geschmeidiger machen und es weniger br\u00fcchig machen. Gleichzeitig stimuliert es auch die Haarfollikel, was ein gesundes Haarwachstum f\u00f6rdert.<\/p>\n\n\n\n<p>3. Sheabutter: Sheabutter hat antibakterielle und entz\u00fcndungshemmende Eigenschaften, die Entz\u00fcndungen und Beschwerden auf der Kopfhaut lindern k\u00f6nnen. Sie versorgt die Kopfhaut au\u00dferdem mit N\u00e4hrstoffen und Feuchtigkeit und verleiht dem Haar einen strahlenderen Glanz.<\/p>\n\n\n\n<p>4. Multivitamine: Multivitamine k\u00f6nnen nicht nur die Talgproduktion auf der Kopfhaut regulieren und das Haar frisch halten, sondern bieten auch umfassende N\u00e4hrstoffe, versorgen das Haar tiefenwirksam mit N\u00e4hrstoffen und f\u00f6rdern ein gesundes Haarwachstum. Gleichzeitig hat Vitamin E eine antioxidative Wirkung, die Sch\u00e4den durch freie Radikale verringern und die Elastizit\u00e4t und Belastbarkeit des Haares verbessern kann.<\/p>\n\n\n\n<p>5. Algenextrakt: Die Wirkstoffe im Algenextrakt k\u00f6nnen besch\u00e4digte Haarstr\u00e4hnen reparieren, die Aktivit\u00e4t der Haarfollikel stimulieren und Haarausfall lindern. Au\u00dferdem bildet es einen Schutzfilm auf der Haaroberfl\u00e4che, der den Wasserverlust reduziert und Ihr Haar weicher macht.<\/p>\n\n\n\n<h2 class=\"wp-block-heading\">Die Funktionen der Tiefenpflegesp\u00fclung<\/h2>\n\n\n\n<p>Dieser Tiefenpflege-Conditioner wurde f\u00fcr schwere Haarsch\u00e4den entwickelt und hat mehrere Funktionen, um die Gesundheit Ihres Haares zu sch\u00fctzen. Wir kontrollieren die Produktionsqualit\u00e4t im Produktionsprozess streng, sodass Sie sich bei der Verwendung sicher f\u00fchlen k\u00f6nnen. Hier sind seine Hauptfunktionen:<\/p>\n\n\n\n<p>1. St\u00e4rkung des Keratins: Der B\u00fcgel- und F\u00e4rbeprozess und die raue \u00e4u\u00dfere Umgebung f\u00fchren zu einem gro\u00dfen Proteinverlust im Haar, was zu trockenem und gebrochenem Haar f\u00fchrt. Es enth\u00e4lt viel Proteinessenz, die das Haar schnell aufnehmen kann, den Schaden r\u00fcckg\u00e4ngig macht und das Haar st\u00e4rker und weicher macht.<\/p>\n\n\n\n<p>2. Feuchtigkeitsspendend und feuchtigkeitsspendend: Der Tiefenpflegesp\u00fcler kann in den Haarkern eindringen und Wasser und N\u00e4hrstoffe hinzuf\u00fcgen, wodurch er effektiv Feuchtigkeit spendet und einen Schutzfilm bildet, um Wasserverlust vorzubeugen. Bei langfristiger Anwendung bleibt Ihr Haar glatt und geschmeidig.<\/p>\n\n\n\n<p>3. Haarreparatur: Durch die Verwendung unserer Produkte kann die Haarstruktur wirksam repariert und die Haarelastizit\u00e4t verbessert werden, wodurch Spliss und Haarbruch reduziert und Kr\u00e4useln gelindert wird.<\/p>\n\n\n\n<p>4. Verbessert die Haarqualit\u00e4t: Es pflegt das Haar kontinuierlich, indem es es weich macht und die Hornschicht st\u00e4rkt. Bei regelm\u00e4\u00dfiger Anwendung wird Ihr Haar wieder matt und gl\u00e4nzend. Gleichzeitig kann es das Ph\u00e4nomen statischer Elektrizit\u00e4t und Verfilzungen im Haar reduzieren und es geschmeidiger machen.<\/p>\n\n\n\n<p>5. \u00d6l ausgleichen: Tiefenpflegesp\u00fclungen haben auch die Funktion, die \u00d6lsekretion auf der Kopfhaut zu regulieren, was das fettige Gef\u00fchl der Kopfhaut reduzieren, die Kopfhaut beruhigen und sie erfrischender machen kann.<\/p>\n\n\n\n<p>6. Leicht zu handhabendes Haar: Regelm\u00e4\u00dfige Pflege kann Ihnen helfen, Haarbruch durch das Gl\u00e4tten zu reduzieren, aber auch das Ph\u00e4nomen von Kr\u00e4useln und Verknoten zu verringern und das Frisieren und Modellieren zu erleichtern.<\/p>\n\n\n\n<h2 class=\"wp-block-heading\">Wie verwendet man eine Tiefenpflegesp\u00fclung?<\/h2>\n\n\n\n<p>Bei der Entwicklung der Formel haben wir die Bed\u00fcrfnisse verschiedener Haartypen ber\u00fccksichtigt und daher eine Vielzahl von Tiefenpflegemitteln entwickelt, darunter erfrischende \u00d6lkontrolle, feuchtigkeitsspendende Reparatur und reichhaltige Reparaturn\u00e4hrstoffe. Wenn Sie ein Tiefenpflegemittel verwenden, k\u00f6nnen Sie je nach Haarqualit\u00e4t und -bedarf ein f\u00fcr Sie geeignetes Produkt und eine geeignete Behandlung ausw\u00e4hlen. Wir werden die Anweisungen auch auf der Verpackung zu Ihrer Information kennzeichnen:<\/p>\n\n\n\n<p>1. Nach dem Shampoonieren: Waschen Sie Ihr Haar wie gewohnt und trocknen Sie es dann vorsichtig mit einem Handtuch, um \u00fcbersch\u00fcssiges Wasser aufzunehmen. Tragen Sie dann eine angemessene Menge Tiefenpflegemittel gleichm\u00e4\u00dfig von der Mitte bis zu den Spitzen des Haares auf und vermeiden Sie dabei den Kontakt mit der Kopfhaut. Sie k\u00f6nnen es sanft einmassieren, um die Aufnahme zu f\u00f6rdern, und es 3\u20135 Minuten im Haar einwirken lassen. Wenn das Haar stark gesch\u00e4digt ist, k\u00f6nnen Sie die Einwirkzeit entsprechend verl\u00e4ngern. Sp\u00fclen Sie es nach Ablauf der Zeit mit warmem Wasser aus, um sicherzustellen, dass keine R\u00fcckst\u00e4nde vorhanden sind.<\/p>\n\n\n\n<p>2. Pflege verst\u00e4rken: Bei besonders trockenem und strapaziertem Haar k\u00f6nnen Sie nach der Haarw\u00e4sche eine Pflege verst\u00e4rken. Nachdem Sie die Sp\u00fclung gleichm\u00e4\u00dfig aufgetragen haben, wickeln Sie Ihr Haar in ein hei\u00dfes Handtuch und setzen Sie eine Duschhaube auf. Warten Sie 20\u201330 Minuten, bevor Sie es mit warmem Wasser aussp\u00fclen.<\/p>\n\n\n\n<p>3. Vor dem Schlafengehen verwenden: Um die reparierende Wirkung der Tiefenpflegesp\u00fclung voll zu entfalten, k\u00f6nnen Sie sie vor dem Schlafengehen verwenden. Waschen und wickeln Sie zun\u00e4chst Ihr Haar wie gewohnt ein, setzen Sie dann eine Duschhaube auf, warten Sie bis zum n\u00e4chsten Morgen nach dem Aufstehen und sp\u00fclen Sie es dann mit warmem Wasser aus.<\/p>\n\n\n\n<h2 class=\"wp-block-heading\">Vorsicht<\/h2>\n\n\n\n<p>1. Es wird empfohlen, eine Tiefenpflegesp\u00fclung zu w\u00e4hlen, die zur Qualit\u00e4t und den Bed\u00fcrfnissen Ihres Haares passt.<\/p>\n\n\n\n<p>2. Allergietests sollten zum ersten Mal durchgef\u00fchrt werden. Wenn Beschwerden auftreten, beenden Sie die Anwendung sofort.<\/p>\n\n\n\n<p>3. Achten Sie auf die H\u00e4ufigkeit der Anwendung. Es wird empfohlen, das Produkt 1-2 Mal pro Woche anzuwenden, um fettiges Haar durch \u00fcberm\u00e4\u00dfigen Gebrauch zu vermeiden.<\/p>\n\n\n\n<p>4. Achten Sie auf die richtige Menge, zu viel Sp\u00fclung f\u00fchrt auch zu fettigem Haar und verstopft die Poren.<\/p>\n\n\n\n<p>5. Vermeiden Sie die Verwendung derselben Haarsp\u00fclung \u00fcber einen l\u00e4ngeren Zeitraum, da sie sonst abh\u00e4ngig macht.<\/p>\n\n\n\n<p>6. Es wird empfohlen, das Produkt an einem k\u00fchlen und trockenen Ort aufzubewahren, um eine Verschlechterung durch direkte Sonneneinstrahlung und hohe Temperaturen zu vermeiden.<\/p>\n\n\n\n<h2 class=\"wp-block-heading\">Abschluss<\/h2>\n\n\n\n<p>Als Hersteller von Tiefenpflegemitteln mit Fokus auf qualitativ hochwertiger Produktion haben wir uns der Herstellung von Produkten mit nat\u00fcrlichen Inhaltsstoffen, wirksamer Pflege und einzigartiger Verpackung verschrieben. Um eine maximale Beibehaltung der Wirkstoffe im Produktionsprozess zu gew\u00e4hrleisten, verwenden wir fortschrittliche Emulgierungstechnologie und Niedertemperaturbehandlungsverfahren und f\u00fchren Sicherheitstests am fertigen Produkt durch, um sicherzustellen, dass jede Flasche sicher verwendet werden kann. Die Wahl unseres Tiefenpflegemittels dient nicht nur der Haarpflege, sondern auch dem Streben nach Lebensqualit\u00e4t. Wenn Sie mehr Interesse haben, kontaktieren Sie uns bitte.<\/p>","protected":false},"excerpt":{"rendered":"Deep Conditioner Manufacturing Common Formulas As a professional deep conditioner manufacturer, we use a variety of natural and effective ingredients and scientific matching, aiming to create a deep repair and nourishing hair conditioner for you. 1. Protein essence: Protein is an important part of the hair, and protein essence can penetrate deeply into the hair [&hellip;]","protected":false},"featured_media":2253,"menu_order":0,"template":"","meta":[],"product-tag":[],"products":[52],"class_list":["post-2252","product","type-product","status-publish","has-post-thumbnail","hentry","products-conditioner"],"acf":[],"_links":{"self":[{"href":"https:\/\/www.ruiqigo.com\/de\/wp-json\/wp\/v2\/product\/2252","targetHints":{"allow":["GET"]}}],"collection":[{"href":"https:\/\/www.ruiqigo.com\/de\/wp-json\/wp\/v2\/product"}],"about":[{"href":"https:\/\/www.ruiqigo.com\/de\/wp-json\/wp\/v2\/types\/product"}],"version-history":[{"count":0,"href":"https:\/\/www.ruiqigo.com\/de\/wp-json\/wp\/v2\/product\/2252\/revisions"}],"wp:featuredmedia":[{"embeddable":true,"href":"https:\/\/www.ruiqigo.com\/de\/wp-json\/wp\/v2\/media\/2253"}],"wp:attachment":[{"href":"https:\/\/www.ruiqigo.com\/de\/wp-json\/wp\/v2\/media?parent=2252"}],"wp:term":[{"taxonomy":"product-tag","embeddable":true,"href":"https:\/\/www.ruiqigo.com\/de\/wp-json\/wp\/v2\/product-tag?post=2252"},{"taxonomy":"products","embeddable":true,"href":"https:\/\/www.ruiqigo.com\/de\/wp-json\/wp\/v2\/products?post=2252"}],"curies":[{"name":"wp","href":"https:\/\/api.w.org\/{rel}","templated":true}]}}