{"id":226,"date":"2024-06-30T23:13:01","date_gmt":"2024-06-30T15:13:01","guid":{"rendered":"https:\/\/ruiqigo.com\/?post_type=product&#038;p=226"},"modified":"2024-09-25T15:10:51","modified_gmt":"2024-09-25T07:10:51","slug":"sulfate-free-shampoo","status":"publish","type":"product","link":"https:\/\/www.ruiqigo.com\/de\/product\/sulfate-free-shampoo","title":{"rendered":"Sulfatfreies Shampoo"},"content":{"rendered":"<h3 class=\"wp-block-heading\">Herstellung von sulfatfreiem Shampoo \u2013 g\u00e4ngige Formeln<\/h3>\n\n\n\n<p>Wir wissen, dass Menschen, die sich f\u00fcr sulfatfreies Shampoo entscheiden, oft eine empfindliche Kopfhaut haben. Aus diesem Grund enthalten unsere Produkte eine Vielzahl sanfter und dennoch wirksamer Inhaltsstoffe. Wir haben uns f\u00fcr Natriumlauroylsarcosinat als Hauptreinigungsmittel entschieden. Dabei handelt es sich um ein aus Aminos\u00e4uren gewonnenes Tensid, das mild ist und gut reinigt. Es entfernt Schmutz von Kopfhaut und Haar, ohne das nat\u00fcrliche Gleichgewicht der Kopfhaut zu st\u00f6ren. Wir haben Cocamidopropylbetain und Dinatriumlaurethsulfosuccinat hinzugef\u00fcgt, um Kopfhaut und Haarfollikel gr\u00fcndlich zu reinigen. Diese Inhaltsstoffe erzeugen au\u00dferdem einen reichhaltigen Schaum und halten Ihr Haar und Ihre Kopfhaut w\u00e4hrend des Tiefenreinigungsprozesses mit Feuchtigkeit versorgt. Zus\u00e4tzlich haben wir Cocamide Methyl MEA verwendet, um die Wirksamkeit der anderen Inhaltsstoffe zu verbessern. Es wirkt als Emulgator und Stabilisator und sch\u00fctzt Ihr Haar zus\u00e4tzlich vor Umweltsch\u00e4den.<\/p>\n\n\n\n<h3 class=\"wp-block-heading\">Herstellung von sulfatfreiem Shampoo Anwendbare Szenarien<\/h3>\n\n\n\n<p>Sulfatfreie Shampoos funktionieren bei jedem Wetter gut, sind aber besonders hilfreich in trockenen und kalten Gegenden. Sie haben eine sanfte Formel, die die durch solche Bedingungen verursachte Reizung Ihrer Kopfhaut lindern kann. Au\u00dferdem werden diese Shampoos umweltfreundlicher hergestellt und k\u00f6nnen so hergestellt werden, dass sie l\u00e4nger halten. Sie k\u00f6nnen es auch mit einem kombinieren <a href=\"https:\/\/www.ruiqigo.com\/de\/product\/salt-free-water-conditioner\/\">sulfatfreier Wasseraufbereiter<\/a> f\u00fcr noch bessere Ergebnisse.<\/p>\n\n\n\n<h3 class=\"wp-block-heading\">F\u00fcr wen sind sulfatfreie Shampoos geeignet?<\/h3>\n\n\n\n<p>Die sanfte Formel des sulfatfreien Shampoos macht es besonders geeignet f\u00fcr diejenigen, die chemische Reizungen vermeiden m\u00f6chten. F\u00fcr diejenigen, die ihr Haar regelm\u00e4\u00dfig f\u00e4rben oder Dauerwellen machen, hilft das sulfatfreie Shampoo, die Haarfarbe zu sch\u00fctzen und ihre Haltbarkeit zu verl\u00e4ngern. Dar\u00fcber hinaus k\u00f6nnen Menschen mit empfindlicher Kopfhaut von sulfatfreien Shampoos profitieren. Diese Shampoos k\u00f6nnen allergische Reaktionen und Reizungen verringern und bieten ein sanftes und beruhigendes Haarwasch- und Pflegeerlebnis. Mehr <a href=\"https:\/\/www.ruiqigo.com\/de\/products\/shampoo\/\">Shampoos mit nat\u00fcrlichen Inhaltsstoffen<\/a> f\u00fcr Sie zur Auswahl von 3TOP.<\/p>\n\n\n\n<h3 class=\"wp-block-heading\">Herstellungsprozess f\u00fcr sulfatfreies Shampoo<\/h3>\n\n\n\n<p>Sulfatfreie Shampoos sind schonender, da sie keine aggressiven Sulfate enthalten. Wir ersetzen sie durch Aminos\u00e4ure-Tenside, die billiger und milder sind. Sie lassen sich leicht aussp\u00fclen, hinterlassen kaum R\u00fcckst\u00e4nde und sch\u00e4digen die Proteine in Haar und Kopfhaut nicht, sodass sie gesund bleiben. Die Herstellung dieser Shampoos ist auch besser f\u00fcr die Umwelt, da sie keine Sulfate enthalten, was den Prozess umweltfreundlicher macht.<\/p>","protected":false},"excerpt":{"rendered":"Sulfate free shampoo manufacturing Common Formulas We know that people who choose sulfate free shampoo often have sensitive scalps. That&#8217;s why our products use a variety of gentle yet effective ingredients. We&#8217;ve chosen Sodium Lauroyl Sarcosinate as our main cleaning agent. It&#8217;s a surfactant derived from amino acids, which is mild and cleans well. It [&hellip;]","protected":false},"featured_media":222,"menu_order":0,"template":"","meta":[],"product-tag":[],"products":[51],"class_list":["post-226","product","type-product","status-publish","has-post-thumbnail","hentry","products-shampoo"],"acf":[],"_links":{"self":[{"href":"https:\/\/www.ruiqigo.com\/de\/wp-json\/wp\/v2\/product\/226","targetHints":{"allow":["GET"]}}],"collection":[{"href":"https:\/\/www.ruiqigo.com\/de\/wp-json\/wp\/v2\/product"}],"about":[{"href":"https:\/\/www.ruiqigo.com\/de\/wp-json\/wp\/v2\/types\/product"}],"version-history":[{"count":0,"href":"https:\/\/www.ruiqigo.com\/de\/wp-json\/wp\/v2\/product\/226\/revisions"}],"wp:featuredmedia":[{"embeddable":true,"href":"https:\/\/www.ruiqigo.com\/de\/wp-json\/wp\/v2\/media\/222"}],"wp:attachment":[{"href":"https:\/\/www.ruiqigo.com\/de\/wp-json\/wp\/v2\/media?parent=226"}],"wp:term":[{"taxonomy":"product-tag","embeddable":true,"href":"https:\/\/www.ruiqigo.com\/de\/wp-json\/wp\/v2\/product-tag?post=226"},{"taxonomy":"products","embeddable":true,"href":"https:\/\/www.ruiqigo.com\/de\/wp-json\/wp\/v2\/products?post=226"}],"curies":[{"name":"wp","href":"https:\/\/api.w.org\/{rel}","templated":true}]}}