{"id":227,"date":"2024-06-30T23:19:42","date_gmt":"2024-06-30T15:19:42","guid":{"rendered":"https:\/\/ruiqigo.com\/?post_type=product&#038;p=227"},"modified":"2024-09-25T15:09:48","modified_gmt":"2024-09-25T07:09:48","slug":"moroccanoil-shampoo","status":"publish","type":"product","link":"https:\/\/www.ruiqigo.com\/de\/product\/moroccanoil-shampoo","title":{"rendered":"Moroccanoil Shampoo"},"content":{"rendered":"<h3 class=\"wp-block-heading\">Herstellung von Moroccanoil-Shampoo \u2013 g\u00e4ngige Formeln<\/h3>\n\n\n\n<p>Moroccanoil-Shampoos enthalten eine Reihe reparierender Inhaltsstoffe, angefangen mit Argan\u00f6l. Argan\u00f6l ist reich an Vitamin E und Antioxidantien, die relativ schnell vom Haar aufgenommen werden und einen Schutzfilm bilden, der UV-Strahlen reduziert, die Schuppen repariert und die Haarstruktur verbessert. Moroccanoil-Shampoo ist vollgepackt mit guten Sachen wie Fetts\u00e4uren, Antioxidantien und Vitamin E. Es repariert gesch\u00e4digtes Haar, macht es elastischer und gl\u00e4nzender und sch\u00fctzt es vor sch\u00e4dlichen Einfl\u00fcssen aus der Luft. Hydrolysiertes Weizenprotein im Shampoo dringt tief in Ihr Haar ein. Es gibt dem Haar die Aminos\u00e4uren, die es braucht, um stark und widerstandsf\u00e4hig zu sein. Au\u00dferdem enth\u00e4lt es Silberpilzextrakt, voller guter Sachen wie Polysaccharide, Proteine und winziger Mengen an N\u00e4hrstoffen. Es n\u00e4hrt Ihre Kopfhaut und Ihr Haar tiefgehend und macht die Kopfhaut ges\u00fcnder.<\/p>\n\n\n\n<h3 class=\"wp-block-heading\">Moroccanoil Shampoo Anwendbare Szenarien<\/h3>\n\n\n\n<p>Mit seinen reichhaltigen N\u00e4hrstoffen und pflegenden Eigenschaften ist Moroccanoil Shampoo f\u00fcr alle Klimazonen und Umgebungen geeignet, insbesondere f\u00fcr trockenes Klima. In trockenem Klima ist das Haar anf\u00e4llig f\u00fcr Reibung und statische Elektrizit\u00e4t, und Feuchtigkeitsmangel f\u00fchrt zu Trockenheit. Reparierende Inhaltsstoffe wie Argan\u00f6l im Moroccanoil Shampoo spenden dem Haar zus\u00e4tzliche Feuchtigkeit und helfen, statische Aufladung und Haarbruch durch Trockenheit zu reduzieren. Sie k\u00f6nnen es auch mit einem kombinieren <a href=\"https:\/\/www.ruiqigo.com\/de\/products\/conditioner\/\">Sp\u00fclung mit nat\u00fcrlichen Inhaltsstoffen<\/a> f\u00fcr noch bessere Ergebnisse.<\/p>\n\n\n\n<h3 class=\"wp-block-heading\">F\u00fcr wen ist Moroccanoil Shampoo geeignet?<\/h3>\n\n\n\n<p>Moroccanoil-Shampoos sind eine ausgezeichnete Wahl f\u00fcr Personen, die mit gesch\u00e4digtem, trockenem oder br\u00fcchigem Haar zu k\u00e4mpfen haben. Dieses Shampoo enth\u00e4lt reichhaltige, pflegende Inhaltsstoffe, die das Haar tiefenwirksam pflegen und revitalisieren und es weich, geschmeidig und frisierbar machen. Der Hauptbestandteil, marokkanisches \u00d6l, ist f\u00fcr seinen hohen N\u00e4hrstoffgehalt bekannt, der in den Haarschaft eindringt, um Sch\u00e4den zu reparieren und St\u00e4rke und Elastizit\u00e4t wiederherzustellen. Mehr n<a href=\"https:\/\/www.ruiqigo.com\/de\/products\/shampoo\/\">Shampoos mit nat\u00fcrlichen Inhaltsstoffen<\/a> f\u00fcr Sie zur Auswahl von 3TOP.<\/p>\n\n\n\n<h3 class=\"wp-block-heading\">Produktionsprozess von Moroccanoil-Shampoo<\/h3>\n\n\n\n<p>Moroccanoil-Shampoos sind mit nat\u00fcrlichen N\u00e4hrstoffen angereichert, die sorgf\u00e4ltig ausgew\u00e4hlt wurden, um die St\u00e4rke und Gesundheit Ihres Haares deutlich zu verbessern. Der Star-Inhaltsstoff, der aus dem in Marokko heimischen Arganbaum gewonnen wird, ist reich an essentiellen Fetts\u00e4uren, Antioxidantien und Vitamin E. Diese Komponenten wirken zusammen, um jede einzelne Haarstr\u00e4hne zu st\u00e4rken, vor Haarbruch zu sch\u00fctzen und die Widerstandsf\u00e4higkeit zu f\u00f6rdern.<\/p>","protected":false},"excerpt":{"rendered":"Moroccanoil shampoo manufacturing common formulas Moroccanoil shampoos contain a range of repairing ingredients, starting with argan oil. Argan oil is rich in vitamin E and antioxidants, which are absorbed relatively quickly by the hair to form a protective film that reduces UV rays, repairs the scales, and improves hair texture. Moroccanoil Shampoo is packed with [&hellip;]","protected":false},"featured_media":228,"menu_order":0,"template":"","meta":[],"product-tag":[],"products":[51],"class_list":["post-227","product","type-product","status-publish","has-post-thumbnail","hentry","products-shampoo"],"acf":[],"_links":{"self":[{"href":"https:\/\/www.ruiqigo.com\/de\/wp-json\/wp\/v2\/product\/227","targetHints":{"allow":["GET"]}}],"collection":[{"href":"https:\/\/www.ruiqigo.com\/de\/wp-json\/wp\/v2\/product"}],"about":[{"href":"https:\/\/www.ruiqigo.com\/de\/wp-json\/wp\/v2\/types\/product"}],"version-history":[{"count":0,"href":"https:\/\/www.ruiqigo.com\/de\/wp-json\/wp\/v2\/product\/227\/revisions"}],"wp:featuredmedia":[{"embeddable":true,"href":"https:\/\/www.ruiqigo.com\/de\/wp-json\/wp\/v2\/media\/228"}],"wp:attachment":[{"href":"https:\/\/www.ruiqigo.com\/de\/wp-json\/wp\/v2\/media?parent=227"}],"wp:term":[{"taxonomy":"product-tag","embeddable":true,"href":"https:\/\/www.ruiqigo.com\/de\/wp-json\/wp\/v2\/product-tag?post=227"},{"taxonomy":"products","embeddable":true,"href":"https:\/\/www.ruiqigo.com\/de\/wp-json\/wp\/v2\/products?post=227"}],"curies":[{"name":"wp","href":"https:\/\/api.w.org\/{rel}","templated":true}]}}