{"id":2291,"date":"2024-12-17T16:20:43","date_gmt":"2024-12-17T08:20:43","guid":{"rendered":"https:\/\/ruiqigo.com\/?post_type=product&#038;p=2291"},"modified":"2024-12-17T16:22:39","modified_gmt":"2024-12-17T08:22:39","slug":"frankincense-essential-oil","status":"publish","type":"product","link":"https:\/\/www.ruiqigo.com\/de\/product\/frankincense-essential-oil","title":{"rendered":"\u00c4therisches Weihrauch\u00f6l"},"content":{"rendered":"<h2 class=\"wp-block-heading\">Herstellung von \u00e4therischem Weihrauch\u00f6l \u2013 g\u00e4ngige Formeln<\/h2>\n\n\n\n<p>Im Produktionsprozess haben wir eine Vielzahl von Formulierungen entsprechend Ihren unterschiedlichen Anforderungen entwickelt, um sicherzustellen, dass sie ihre jeweiligen Wirkungen entfalten k\u00f6nnen. Wenn die Konzentration des \u00e4therischen Weihrauch\u00f6ls h\u00f6her ist, m\u00fcssen Sie das Basis\u00f6l normalerweise verd\u00fcnnen, um Ihre Gesundheit besser zu sch\u00fctzen.<\/p>\n\n\n\n<p>1. \u00c4therisches Weihrauch\u00f6l: Es spielt als Hauptbestandteil eine wichtige Rolle. Beispielsweise hat \u00e4therisches Weihrauch\u00f6l antibakterielle und entz\u00fcndungshemmende Eigenschaften, die die Bakterienvermehrung hemmen, das Auftreten von Entz\u00fcndungen verringern und dann die Wundheilung f\u00f6rdern sowie Mundkrankheiten, Hautinfektionen, Kopfhautentz\u00fcndungen und andere Probleme behandeln k\u00f6nnen. Es regt auch die Durchblutung an, wodurch die Haarfollikel mehr N\u00e4hrstoffe aufnehmen und so das Haarwachstum f\u00f6rdern. Gleichzeitig kann es in das Haar eindringen, um Feuchtigkeit zu spenden, Kr\u00e4useln, Bruch und Spliss zu reduzieren und Ihr Haar geschmeidiger zu machen. Dar\u00fcber hinaus kann es auch die Zellregeneration f\u00f6rdern, besch\u00e4digtes Kopfhautgewebe reparieren und den Schutz der Kopfhautgesundheit weiter f\u00f6rdern.<\/p>\n\n\n\n<p>2. Babajo-\u00d6l: Babajo-\u00d6l ist reich an Vitamin E und Fetts\u00e4uren, die das Haar intensiv pflegen und N\u00e4hrstoffe erg\u00e4nzen k\u00f6nnen. Es kann auch gesch\u00e4digtes Haar reparieren und krauses Haar gl\u00e4tten. Gleichzeitig belastet es das Haar nicht, da es ein leichtes, leicht einziehendes Basis\u00f6l ist.<\/p>\n\n\n\n<p>3. Kokosnuss\u00f6l: Kokosnuss\u00f6l hat eine ausgezeichnete feuchtigkeitsspendende Wirkung, die tief in den Haarkern eindringen und ausreichend Feuchtigkeit und N\u00e4hrstoffe liefern kann. Es entfernt auch effektiv statische Elektrizit\u00e4t und Kr\u00e4useln aus dem Haar.<\/p>\n\n\n\n<p>4. Kolophonium: Kolophonium ist die Essenzkomponente des \u00e4therischen Weihrauch\u00f6ls, das ein warmes Holzaroma und ein leichtes Fruchtaroma verstr\u00f6mt. Dieses einzigartige Aroma lindert auch \u00c4ngste, moduliert die Stimmung und hilft Ihnen beim Entspannen.<\/p>\n\n\n\n<h2 class=\"wp-block-heading\">Die Funktionen des \u00e4therischen Weihrauch\u00f6ls<\/h2>\n\n\n\n<p>Als professioneller Hersteller \u00e4therischer Weihrauch\u00f6le legen wir besonderen Wert auf die hohe Qualit\u00e4t und hervorragende Wirksamkeit unserer Produkte. Daher w\u00e4hlen wir die Rohstoffe sorgf\u00e4ltig aus und kontrollieren jeden Produktionsschritt streng, um die Wirksamkeit und Sicherheit der Produkte zu gew\u00e4hrleisten. Hier sind die wichtigsten Vorteile:<\/p>\n\n\n\n<p>1. Verbesserung der Immunit\u00e4t: \u00c4therisches Weihrauch\u00f6l kann das Immunsystem st\u00e4rken und die Widerstandsf\u00e4higkeit gegen Krankheiten verbessern, um das Auftreten von Krankheiten wie Munderkrankungen zu verhindern. Und es hat potenzielle Antikrebswirkungen.<\/p>\n\n\n\n<p>2. Sch\u00fctzt die Haut: Es kann nicht nur die Zellregeneration f\u00f6rdern und besch\u00e4digtes Gewebe reparieren, sondern auch die Wundheilung beschleunigen. Es kann Ihre Haut auch mit Feuchtigkeit versorgen, Falten und Narben, wunde Stellen und andere Probleme weiter reduzieren, die Haut sch\u00fctzen und Hautalterung vorbeugen.<\/p>\n\n\n\n<p>3. Haarpflege: Unsere \u00e4therischen \u00d6le stimulieren die Durchblutung der Kopfhaut, was das Haarwachstum beschleunigt. Sie k\u00f6nnen auch Juckreiz und Beschwerden der Kopfhaut lindern, die Belastung der Kopfhaut verringern und das Haar ges\u00fcnder machen. Gleichzeitig haben sie eine starke feuchtigkeitsspendende Wirkung, k\u00f6nnen das Haar n\u00e4hren und geschmeidiger machen.<\/p>\n\n\n\n<p>4. Stress abbauen: Das einzigartige Aroma des \u00e4therischen Weihrauch\u00f6ls kann nicht nur Entspannung f\u00f6rdern, Stress abbauen, schlechte Emotionen regulieren und so Depressionen reduzieren. Es stimuliert auch die Nerven und verbessert das Ged\u00e4chtnis.<\/p>\n\n\n\n<p>5. Schmerzen und Schwellungen: Bei Anwendung k\u00f6nnen die antibakteriellen und entz\u00fcndungshemmenden Bestandteile des \u00e4therischen Weihrauch\u00f6ls die Bakterienvermehrung wirksam abt\u00f6ten und Entz\u00fcndungssymptome wie R\u00f6tungen und Schwellungen lindern. Dar\u00fcber hinaus k\u00f6nnen sie Arthritis und Muskelkater lindern und au\u00dferdem Schmerzen und Schwellungen lindern.<\/p>\n\n\n\n<h2 class=\"wp-block-heading\">Wie verwendet man \u00e4therisches Weihrauch\u00f6l?<\/h2>\n\n\n\n<p>Das \u00e4therische Weihrauch\u00f6l kann je nach Szenario und Bedarf auf unterschiedliche Weise verwendet werden. Wir haben auch eine Vielzahl von Formulierungen entwickelt und die Wirksamkeit der fertigen Produkte getestet, um sicherzustellen, dass die Produkte, die Sie erhalten, bedenkenlos verwendet werden k\u00f6nnen. So verwenden Sie Haarpflege:<\/p>\n\n\n\n<p>1. Kopfhautmassage: Verd\u00fcnnen Sie zun\u00e4chst 4 Tropfen \u00e4therisches Weihrauch\u00f6l mit 1 Essl\u00f6ffel Jojoba\u00f6l. Tragen Sie das verd\u00fcnnte \u00e4therische \u00d6l dann gleichm\u00e4\u00dfig auf der Kopfhaut auf und massieren Sie es sanft ein. Wickeln Sie Ihren Kopf anschlie\u00dfend in ein hei\u00dfes Handtuch und warten Sie 30 Minuten, damit das \u00d6l einziehen kann. Sp\u00fclen Sie es nach Ablauf der Zeit mit warmem Wasser ab, um sicherzustellen, dass keine R\u00fcckst\u00e4nde vorhanden sind.<\/p>\n\n\n\n<p>2. Mischen: Beim Haarewaschen k\u00f6nnen Sie 3 Tropfen unseres \u00e4therischen \u00d6ls in Shampoo oder Sp\u00fclung geben, um es gut zu vermischen, und dann das Haar wie gewohnt waschen. Es kann w\u00e4hrend dieses Vorgangs sanft einmassiert werden, insbesondere bei stark gesch\u00e4digtem und trockenem Haar, um die Aufnahme zu f\u00f6rdern.<\/p>\n\n\n\n<p>3. Dufttherapie: Durch direktes Inhalieren oder mithilfe von Duftzerst\u00e4ubern kann es Stress abbauen, K\u00f6rper und Geist entspannen und indirekt stressbedingten Haarausfall reduzieren.<\/p>\n\n\n\n<h2 class=\"wp-block-heading\">Vorsicht<\/h2>\n\n\n\n<p>1. W\u00e4hlen Sie ein geeignetes \u00e4therisches Weihrauch\u00f6l entsprechend Ihrem Hauttyp oder Haartyp und Ihren Bed\u00fcrfnissen;<\/p>\n\n\n\n<p>2. Allergietests sollten zum ersten Mal durchgef\u00fchrt werden. Wenn Beschwerden auftreten, beenden Sie die Anwendung sofort.<\/p>\n\n\n\n<p>3. Kontakt mit Augen und anderen empfindlichen K\u00f6rperteilen vermeiden. Bei Kontakt bitte mit Basis\u00f6l (nicht mit Wasser) aussp\u00fclen und beobachten. Wenn weiterhin Beschwerden bestehen, sollten Sie einen Arzt aufsuchen.<\/p>\n\n\n\n<p>4. Achten Sie auf die H\u00e4ufigkeit der Anwendung. Es wird empfohlen, das Produkt 1-2 Mal pro Woche anzuwenden, um eine \u00fcberm\u00e4\u00dfige Anwendung durch die Belastung der Kopfhaut zu vermeiden.<\/p>\n\n\n\n<p>5. Achten Sie auf die richtige Menge. Zu viel \u00e4therisches \u00d6l f\u00fchrt zu einer fettigen Kopfhaut und verstopft die Poren.<\/p>\n\n\n\n<p>6. Es wird empfohlen, es an einem k\u00fchlen und trockenen Ort zu lagern, um direkte Sonneneinstrahlung und hohe Temperaturen zu vermeiden.<\/p>\n\n\n\n<h2 class=\"wp-block-heading\">Abschluss<\/h2>\n\n\n\n<p>Als erfahrener Hersteller \u00e4therischer Weihrauch\u00f6le verstehen wir Ihren Wunsch nach Qualit\u00e4t und Wirksamkeit. Daher wird jeder unserer Prozesse einer strengen Qualit\u00e4tskontrolle sowie einer pr\u00e4zisen Zeit- und Temperaturkontrolle unterzogen, um sicherzustellen, dass jede Flasche reichhaltige Inhaltsstoffe enth\u00e4lt und maximale Wirksamkeit entfaltet.<\/p>\n\n\n\n<p>Nat\u00fcrlich bieten wir auch hervorragende Anpassungsdienste an, um Ihre Marke f\u00fcr \u00e4therische \u00d6le nach Ihren W\u00fcnschen zu gestalten und Ihnen zu einem Wettbewerbsvorteil auf dem Markt zu verhelfen. Bitte kontaktieren Sie uns, wenn Sie interessiert sind.<\/p>","protected":false},"excerpt":{"rendered":"Frankincense Essential Oil Manufacturing Common Formulas In the production process, we have designed a variety of formulations according to your different needs to ensure that they can play their respective effects. If the concentration of frankincense essential oil is higher, you usually need to dilute the base oil, to better care for your health. 1. [&hellip;]","protected":false},"featured_media":2292,"menu_order":0,"template":"","meta":[],"product-tag":[],"products":[53],"class_list":["post-2291","product","type-product","status-publish","has-post-thumbnail","hentry","products-essential-oil"],"acf":[],"_links":{"self":[{"href":"https:\/\/www.ruiqigo.com\/de\/wp-json\/wp\/v2\/product\/2291","targetHints":{"allow":["GET"]}}],"collection":[{"href":"https:\/\/www.ruiqigo.com\/de\/wp-json\/wp\/v2\/product"}],"about":[{"href":"https:\/\/www.ruiqigo.com\/de\/wp-json\/wp\/v2\/types\/product"}],"version-history":[{"count":0,"href":"https:\/\/www.ruiqigo.com\/de\/wp-json\/wp\/v2\/product\/2291\/revisions"}],"wp:featuredmedia":[{"embeddable":true,"href":"https:\/\/www.ruiqigo.com\/de\/wp-json\/wp\/v2\/media\/2292"}],"wp:attachment":[{"href":"https:\/\/www.ruiqigo.com\/de\/wp-json\/wp\/v2\/media?parent=2291"}],"wp:term":[{"taxonomy":"product-tag","embeddable":true,"href":"https:\/\/www.ruiqigo.com\/de\/wp-json\/wp\/v2\/product-tag?post=2291"},{"taxonomy":"products","embeddable":true,"href":"https:\/\/www.ruiqigo.com\/de\/wp-json\/wp\/v2\/products?post=2291"}],"curies":[{"name":"wp","href":"https:\/\/api.w.org\/{rel}","templated":true}]}}