{"id":232,"date":"2024-06-30T23:25:32","date_gmt":"2024-06-30T15:25:32","guid":{"rendered":"https:\/\/ruiqigo.com\/?post_type=product&#038;p=232"},"modified":"2024-09-25T15:08:28","modified_gmt":"2024-09-25T07:08:28","slug":"biotin-shampoo","status":"publish","type":"product","link":"https:\/\/www.ruiqigo.com\/de\/product\/biotin-shampoo","title":{"rendered":"Biotin-Shampoo"},"content":{"rendered":"<h3 class=\"wp-block-heading\">Herstellung von Biotin-Shampoo \u2013 g\u00e4ngige Formeln<\/h3>\n\n\n\n<p>Biotin-Shampoos enthalten spezielle Reinigungshelfer namens Natriummethylcocoyltaurat und Natriumcocoylglycinat. Sie reinigen wirklich gut und bewahren das nat\u00fcrliche Gleichgewicht Ihrer Kopfhaut. Das Shampoo enth\u00e4lt au\u00dferdem Cocamidopropylbetain, das viele Blasen bildet und dabei hilft, Ihre Kopfhaut und Ihr Haar w\u00e4hrend der Reinigung mit Feuchtigkeit zu versorgen. Dar\u00fcber hinaus ist das Shampoo mit dem Hauptbestandteil Biotin VB7 angereichert, der an der Synthese von Keratin beteiligt ist, dem Hauptprotein, aus dem Haare und N\u00e4gel bestehen. Daher tr\u00e4gt das Vorhandensein von Biotin dazu bei, die St\u00e4rke und Elastizit\u00e4t des Haares zu verbessern, und ist f\u00fcr Menschen geeignet, die zu Haarausfall und Haarbruch neigen, um die Haargesundheit zu verbessern.<\/p>\n\n\n\n<h3 class=\"wp-block-heading\">Biotin-Shampoo Anwendbare Szenarien<\/h3>\n\n\n\n<p>Biotin-Shampoos eignen sich aufgrund ihrer pflegenden und st\u00e4rkenden Wirkung gut f\u00fcr verschiedene Klimazonen, insbesondere trockene und feuchte. In trockenen Klimazonen, in denen der Haarzustand zu Unwohlsein neigt, verbessert das VB7 in Biotin-Shampoos den Zustand des Haares von innen heraus. In \u00fcberm\u00e4\u00dfig feuchten Klimazonen neigt das Haar dazu, fettig und platt zu werden. Biotin-Shampoos regulieren die \u00d6lsekretion der Kopfhaut und halten das Haar frisch und volumin\u00f6s. Sie k\u00f6nnen es auch mit einem kombinieren <a href=\"https:\/\/www.ruiqigo.com\/de\/products\/conditioner\/\">Sp\u00fclung mit nat\u00fcrlichen Inhaltsstoffen <\/a>f\u00fcr noch bessere Ergebnisse.<\/p>\n\n\n\n<h3 class=\"wp-block-heading\">F\u00fcr wen sind Biotin-Shampoos geeignet?<\/h3>\n\n\n\n<p>Biotin-Shampoos eignen sich f\u00fcr Menschen mit Haarausfall und br\u00fcchigem Haar und verbessern die Haarstruktur. Dar\u00fcber hinaus eignet sich das Shampoo auch f\u00fcr Menschen mit ungesundem Haar aufgrund von Biotinmangel. Bei Menschen mit glanzlosem oder ungesund aussehendem Haar k\u00f6nnen Biotin-Shampoos helfen, die allgemeine Gesundheit des Haares zu verbessern. Mehr <a href=\"https:\/\/www.ruiqigo.com\/de\/products\/shampoo\/\">Shampoos mit nat\u00fcrlichen Inhaltsstoffen<\/a> f\u00fcr Sie zur Auswahl von 3TOP.<\/p>\n\n\n\n<h3 class=\"wp-block-heading\">Produktionsprozess von Biotinshampoo<\/h3>\n\n\n\n<p>Bei der Herstellung von Biotin-Shampoos verwenden wir mikrobielle Fermentation zur Herstellung von Biotin. Diese Methode der Biotinproduktion f\u00fchrt zu einem aktiveren und wirksameren Biotin und einem umweltfreundlicheren Produktionsprozess.<\/p>","protected":false},"excerpt":{"rendered":"Biotin shampoo manufacturing Common Formulas Biotin Shampoos has special cleaning helpers called Sodium Methyl Cocoyl Taurate and Sodium Cocoyl Glycinate. They clean really well and keep your scalp&#8217;s natural balance. The shampoo also has Cocamidopropyl Betaine, which makes lots of bubbles and helps to keep your scalp and hair moisturized while it cleans them. In [&hellip;]","protected":false},"featured_media":233,"menu_order":0,"template":"","meta":[],"product-tag":[],"products":[51],"class_list":["post-232","product","type-product","status-publish","has-post-thumbnail","hentry","products-shampoo"],"acf":[],"_links":{"self":[{"href":"https:\/\/www.ruiqigo.com\/de\/wp-json\/wp\/v2\/product\/232","targetHints":{"allow":["GET"]}}],"collection":[{"href":"https:\/\/www.ruiqigo.com\/de\/wp-json\/wp\/v2\/product"}],"about":[{"href":"https:\/\/www.ruiqigo.com\/de\/wp-json\/wp\/v2\/types\/product"}],"version-history":[{"count":0,"href":"https:\/\/www.ruiqigo.com\/de\/wp-json\/wp\/v2\/product\/232\/revisions"}],"wp:featuredmedia":[{"embeddable":true,"href":"https:\/\/www.ruiqigo.com\/de\/wp-json\/wp\/v2\/media\/233"}],"wp:attachment":[{"href":"https:\/\/www.ruiqigo.com\/de\/wp-json\/wp\/v2\/media?parent=232"}],"wp:term":[{"taxonomy":"product-tag","embeddable":true,"href":"https:\/\/www.ruiqigo.com\/de\/wp-json\/wp\/v2\/product-tag?post=232"},{"taxonomy":"products","embeddable":true,"href":"https:\/\/www.ruiqigo.com\/de\/wp-json\/wp\/v2\/products?post=232"}],"curies":[{"name":"wp","href":"https:\/\/api.w.org\/{rel}","templated":true}]}}