{"id":2322,"date":"2024-12-19T14:17:49","date_gmt":"2024-12-19T06:17:49","guid":{"rendered":"https:\/\/ruiqigo.com\/?post_type=product&#038;p=2322"},"modified":"2024-12-19T17:21:20","modified_gmt":"2024-12-19T09:21:20","slug":"best-body-lotion-for-dry-skin","status":"publish","type":"product","link":"https:\/\/www.ruiqigo.com\/de\/product\/best-body-lotion-for-dry-skin","title":{"rendered":"Beste K\u00f6rperlotion f\u00fcr trockene Haut"},"content":{"rendered":"<h2 class=\"wp-block-heading\">Beste K\u00f6rperlotion f\u00fcr trockene Haut Herstellung g\u00e4ngiger Formeln<\/h2>\n\n\n\n<p>W\u00e4hrend des gesamten Produktionsprozesses nutzen wir moderne Produktionsanlagen und strenge Testsysteme, um die Sicherheit und Wirksamkeit der Produkte zu gew\u00e4hrleisten. Und wir haben verschiedene Formeln f\u00fcr Ihre unterschiedlichen Hauttypen und Vorlieben entwickelt, um den Bed\u00fcrfnissen der meisten Menschen gerecht zu werden.<\/p>\n\n\n\n<p>1. Hyalurons\u00e4ure: Hyalurons\u00e4ure ist ein g\u00e4ngiger Feuchtigkeitsspender, der eine starke F\u00e4higkeit besitzt, Feuchtigkeit zu spenden und Wasser aufzunehmen. Sie befeuchtet nicht nur die Haut und hilft, abgestorbene Hautzellen zu entfernen, sondern bildet auch eine Schutzschicht auf der Hautoberfl\u00e4che, um Wasserverlust zu verhindern und die Haut mit Feuchtigkeit zu versorgen.<\/p>\n\n\n\n<p>2. Vaseline: Als eine Art Okklusivmittel kann Vaseline dabei helfen, Wasser zu binden, die Wasserverdunstung in der Haut zu verringern, das Problem trockener Haut und Schuppenbildung weiter zu lindern und die Haut lange mit Feuchtigkeit zu versorgen.<\/p>\n\n\n\n<p>3. Sheabutter: Sheabutter ist ein ausgezeichnetes Weichmachermittel. Neben ihrer feuchtigkeitsspendenden Wirkung kann Sheabutter auch durch Austrocknung gesch\u00e4digte Gewebezellen reparieren und so die Zellregeneration f\u00f6rdern, Falten und feine Linien reduzieren und Ihre Haut glatter und weicher machen.<\/p>\n\n\n\n<p>4. Vitamin C: Vitamin C hat eine antioxidative Wirkung und kann freie Radikale vor Sch\u00e4den durch die \u00e4u\u00dfere Umgebung sch\u00fctzen. Gleichzeitig kann es auch die Produktion von Kollagen f\u00f6rdern, um eine straffe Haut und einen Anti-Aging-Effekt zu erzielen.<\/p>\n\n\n\n<p>5. Nicotinamid: Nicotinamid kann die Barrierefunktion der Haut verbessern, die Feuchtigkeitsaufnahmef\u00e4higkeit der Haut steigern, die Poren verkleinern, F\u00e4ltchen gl\u00e4tten und die Hautelastizit\u00e4t verbessern.<\/p>\n\n\n\n<h2 class=\"wp-block-heading\">Die Funktionen der besten K\u00f6rperlotion f\u00fcr trockene Haut<\/h2>\n\n\n\n<p>Als professioneller Hersteller von K\u00f6rperlotionen haben wir uns eingehend mit den Eigenschaften trockener Haut befasst, bevor wir die Formel entwickeln. Das Wissen, dass trockener Haut oft nicht gen\u00fcgend nat\u00fcrliche \u00d6le zur Aufrechterhaltung der Feuchtigkeitsbarriere der Haut zur Verf\u00fcgung stehen, kann zu einer Reihe von Problemen f\u00fchren. Ausgehend von diesem Problem haben wir dieses Produkt entwickelt, um Ihre Haut wieder mit Feuchtigkeit zu versorgen und geschmeidig zu machen.<\/p>\n\n\n\n<p>1. Feuchtigkeitsspendend und feuchtigkeitsspendend: Die beste K\u00f6rperlotion f\u00fcr trockene Haut zieht leicht ein, kann Wasser und N\u00e4hrstoffe tief auff\u00fcllen und schnell von der Haut aufgenommen werden. Gleichzeitig bindet sie Feuchtigkeit, erzielt eine dauerhafte Feuchtigkeitswirkung, repariert trockene, gesch\u00e4digte Haut und macht Ihre Haut bei langfristiger Anwendung hydratisierter und weicher.<\/p>\n\n\n\n<p>2. Peeling: Sie k\u00f6nnen beim Auftragen sanft massieren, was dazu beitr\u00e4gt, Schmutz und \u00d6l zu entfernen und ein Peeling durchzuf\u00fchren. Es hilft auch, Poren zu \u00f6ffnen, Akne vorzubeugen und die Gesundheit Ihrer Haut weiter zu pflegen.<\/p>\n\n\n\n<p>3. Verbesserung der Hautqualit\u00e4t: Unsere K\u00f6rperlotion hat auch eine gewisse hautaufhellende Wirkung, die stumpfe Haut verbessern, F\u00e4ltchen gl\u00e4tten und die Haut elastischer, glatter und zarter machen kann.<\/p>\n\n\n\n<p>4. Beruhigend und entspannend: Dem Produkt werden nat\u00fcrliche Pflanzenessenzen hinzugef\u00fcgt, die \u00fcber ein einzigartiges Aroma verf\u00fcgen, das K\u00f6rper und Geist beruhigen sowie die Stimmung und den Stress lindern kann.<\/p>\n\n\n\n<p>5. Barrierereparatur: Die beste K\u00f6rperlotion f\u00fcr trockene Haut hat die Funktion, die Hautbarriere zu reparieren, die Widerstandskraft zu st\u00e4rken und besch\u00e4digtes Gewebe zu reparieren. Dadurch wird die Haut vor der \u00e4u\u00dferen Umgebung gesch\u00fctzt und das Anhaften an Ihrer Haut macht sie ges\u00fcnder.<\/p>\n\n\n\n<h2 class=\"wp-block-heading\">Wie verwendet man die beste K\u00f6rperlotion f\u00fcr trockene Haut?<\/h2>\n\n\n\n<p>Die regelm\u00e4\u00dfige Anwendung der besten K\u00f6rperlotion f\u00fcr trockene Haut kann die Haut verbessern und ihre Gesundheit wiederherstellen. Nat\u00fcrlich ist es auch wichtig, ein Produkt auszuw\u00e4hlen, das f\u00fcr Sie geeignet ist. So kann es verwendet werden:<\/p>\n\n\n\n<p>1. Reinigen Sie die Haut: Duschen Sie vor der Anwendung wie gewohnt, um Schmutz und \u00d6l auf der Hautoberfl\u00e4che zu entfernen. Achten Sie darauf, gr\u00fcndlich zu reinigen, damit die K\u00f6rpermilch besser aufgenommen werden kann.<\/p>\n\n\n\n<p>2. Gleichm\u00e4\u00dfig auftragen: Nach dem Baden sanft mit einem Handtuch abtrocknen, aber leicht feucht halten, und dann eine angemessene Menge K\u00f6rperlotion gleichm\u00e4\u00dfig auf den ganzen K\u00f6rper auftragen, insbesondere auf die Stellen, die leicht \u00fcbersehen werden. Die Dicke der Hornschicht kann entsprechend erh\u00f6ht werden, um die Auftragsmenge zu erh\u00f6hen.<\/p>\n\n\n\n<p>3. Massageaufnahme: Durch sanftes, kreisf\u00f6rmiges Massieren des gesamten K\u00f6rpers mit den H\u00e4nden k\u00f6nnen Sie die Aufnahme f\u00f6rdern. Besonders trockene oder dicke Nagelhautpartien k\u00f6nnen durch die Massagest\u00e4rke verst\u00e4rkt werden.<\/p>\n\n\n\n<p>4. Warten Sie, bis die Lotion vollst\u00e4ndig in die Haut eingezogen ist: Nach der Massage k\u00f6nnen Sie einige Minuten warten, bis sie vollst\u00e4ndig in die Haut eingezogen ist, und dann k\u00f6nnen Sie sich anziehen.<\/p>\n\n\n\n<h2 class=\"wp-block-heading\">Vorsicht<\/h2>\n\n\n\n<p>1. Allergietests sollten zum ersten Mal durchgef\u00fchrt werden. Wenn Beschwerden auftreten, beenden Sie die Anwendung sofort.<\/p>\n\n\n\n<p>2. Kontakt mit Augen und anderen empfindlichen K\u00f6rperteilen vermeiden. Bei Kontakt mit den Augen sofort mit Wasser aussp\u00fclen.<\/p>\n\n\n\n<p>3. Au\u00dferhalb der Reichweite von Kindern aufbewahren, um Missbrauch zu vermeiden;<\/p>\n\n\n\n<p>4. Achten Sie auf die H\u00e4ufigkeit der Anwendung. Es wird empfohlen, das Produkt jeden Morgen und Abend anzuwenden. In besonders trockenen Umgebungen kann die H\u00e4ufigkeit der Anwendung entsprechend erh\u00f6ht werden.<\/p>\n\n\n\n<p>5. Achten Sie auf die Menge. Zu viel K\u00f6rpermilch kann die Haut fettig machen und die Poren verstopfen, sodass sie nicht so leicht einzieht.<\/p>\n\n\n\n<p>6. Es wird empfohlen, es an einem k\u00fchlen und trockenen Ort aufzubewahren und direkte Sonneneinstrahlung sowie hohe Temperaturen zu vermeiden.<\/p>\n\n\n\n<h2 class=\"wp-block-heading\">Abschluss<\/h2>\n\n\n\n<p>Unsere beste K\u00f6rperlotion f\u00fcr trockene Haut ist f\u00fcr die meisten Hauttypen geeignet, einfach anzuwenden und leicht, was sie zur idealen Wahl f\u00fcr eine effektive Feuchtigkeitsversorgung und sanfte Pflege macht. Au\u00dferdem bieten wir eine breite Palette an Anpassungsservices, um ein einzigartiges und markenw\u00fcrdiges Produkt nach Ihren W\u00fcnschen zu erstellen. Kontaktieren Sie uns, wenn Sie sich auf dem Markt f\u00fcr K\u00f6rperlotionen einen Namen machen m\u00f6chten.<\/p>\n\n\n\n<p><\/p>","protected":false},"excerpt":{"rendered":"Best Body Lotion For Dry Skin Manufacturing Common Formulas Throughout the entire production process, we use advanced production facilities and strict testing systems to ensure the safety and effectiveness of products. And we&#8217;ve designed different formulas for your different skin types and preferences to meet the needs of most people. 1. Hyaluronic acid: hyaluronic acid [&hellip;]","protected":false},"featured_media":2323,"menu_order":0,"template":"","meta":[],"product-tag":[],"products":[56],"class_list":["post-2322","product","type-product","status-publish","has-post-thumbnail","hentry","products-body-lotion"],"acf":[],"_links":{"self":[{"href":"https:\/\/www.ruiqigo.com\/de\/wp-json\/wp\/v2\/product\/2322","targetHints":{"allow":["GET"]}}],"collection":[{"href":"https:\/\/www.ruiqigo.com\/de\/wp-json\/wp\/v2\/product"}],"about":[{"href":"https:\/\/www.ruiqigo.com\/de\/wp-json\/wp\/v2\/types\/product"}],"version-history":[{"count":0,"href":"https:\/\/www.ruiqigo.com\/de\/wp-json\/wp\/v2\/product\/2322\/revisions"}],"wp:featuredmedia":[{"embeddable":true,"href":"https:\/\/www.ruiqigo.com\/de\/wp-json\/wp\/v2\/media\/2323"}],"wp:attachment":[{"href":"https:\/\/www.ruiqigo.com\/de\/wp-json\/wp\/v2\/media?parent=2322"}],"wp:term":[{"taxonomy":"product-tag","embeddable":true,"href":"https:\/\/www.ruiqigo.com\/de\/wp-json\/wp\/v2\/product-tag?post=2322"},{"taxonomy":"products","embeddable":true,"href":"https:\/\/www.ruiqigo.com\/de\/wp-json\/wp\/v2\/products?post=2322"}],"curies":[{"name":"wp","href":"https:\/\/api.w.org\/{rel}","templated":true}]}}