{"id":2328,"date":"2024-12-20T16:51:35","date_gmt":"2024-12-20T08:51:35","guid":{"rendered":"https:\/\/ruiqigo.com\/?post_type=product&#038;p=2328"},"modified":"2024-12-20T16:52:31","modified_gmt":"2024-12-20T08:52:31","slug":"color-depositing-conditioner","status":"publish","type":"product","link":"https:\/\/www.ruiqigo.com\/de\/product\/color-depositing-conditioner","title":{"rendered":"Farbaufbringender Conditioner"},"content":{"rendered":"<h2 class=\"wp-block-heading\">Herstellung farbgebender Conditioner \u2013 g\u00e4ngige Formeln<\/h2>\n\n\n\n<p>Als professioneller Hersteller von Farbsp\u00fclungen haben wir uns der Herstellung hochwertiger Produkte verschrieben. Daher w\u00e4hlen wir hochwertige Rohstoffe wie nat\u00fcrliche Pflanzenextrakte und fortschrittliche Haarpflegezutaten aus und verwenden fortschrittliche Produktionstechnologien, um die Wirkstoffe maximal zu erhalten.<\/p>\n\n\n\n<p>1. Argan\u00f6l: Argan\u00f6l hat eine antioxidative Wirkung, die Haarsch\u00e4den durch Oxidation vorbeugen und die Haarfarbe nach dem F\u00e4rben erhalten kann. Es n\u00e4hrt das Haar au\u00dferdem tiefenwirksam, hilft bei der Reparatur gesch\u00e4digten Haares und macht das Haar glatter und weicher.<\/p>\n\n\n\n<p>2. Mandel\u00f6l: Mandel\u00f6l kann das Haar nicht nur befeuchten, sondern es auch weich machen und das Problem krausen statischer Elektrizit\u00e4t reduzieren. Gleichzeitig kann es gesch\u00e4digtes Haar reparieren und die Elastizit\u00e4t und Festigkeit des Haares verbessern. Dar\u00fcber hinaus f\u00f6rdert es die Durchblutung der Kopfhaut und versorgt die Haarfollikel mit ausreichend N\u00e4hrstoffen, was ein gesundes Haarwachstum weiter f\u00f6rdert.<\/p>\n\n\n\n<p>3. F\u00e4rben: Der Farbstoff lagert sich auf der Haaroberfl\u00e4che ab oder dringt in das Haar ein, um die verlorene Farbe zu erg\u00e4nzen und so den Farbeffekt nach dem F\u00e4rben des Haares zu verst\u00e4rken.<\/p>\n\n\n\n<p>4. Tensid: Es wirkt als Emulgator und sorgt daf\u00fcr, dass sich andere Inhaltsstoffe in Haarpflegeprodukten besser im Wasser verteilen und aufl\u00f6sen und sich gleichm\u00e4\u00dfig im Haar verteilen.<\/p>\n\n\n\n<p>5. Sonnenschutz: Sonnenschutz kann das Haar vor UV-Sch\u00e4den sch\u00fctzen und so das Verblassen der Haarfarbe verlangsamen.<\/p>\n\n\n\n<h2 class=\"wp-block-heading\">Die Funktionen des Farbaufbringenden Conditioners<\/h2>\n\n\n\n<p>W\u00e4hrend des Produktionsprozesses haben wir ber\u00fccksichtigt, dass normales Haarf\u00e4rben sehr sch\u00e4dlich f\u00fcr das Haar ist. Deshalb haben wir diese Kombination aus Haarf\u00e4rbe- und Haarpflegefunktionen entwickelt. Sie kann nicht nur Ihre Bed\u00fcrfnisse in Bezug auf Haarfarbe erf\u00fcllen, sondern auch Ihr Haar sch\u00fctzen, was mehrere Auswirkungen hat.<\/p>\n\n\n\n<p>1. Farbe erg\u00e4nzen und verst\u00e4rken: Farbaufbringende Sp\u00fclungen k\u00f6nnen die gew\u00fcnschte Farbe im Haar erg\u00e4nzen oder hinzuf\u00fcgen. Sie haften nur sanft an der Haaroberfl\u00e4che und \u00f6ffnen die Schuppenschicht nicht, sodass das Haar nicht gesch\u00e4digt wird.<\/p>\n\n\n\n<p>2. N\u00e4hrend und reparierend: Unser Farb-Conditioner ist reich an einer Vielzahl hochwirksamer Haarpflege-Inhaltsstoffe zur Reparatur gesch\u00e4digten Haares. Au\u00dferdem spendet er Feuchtigkeit und N\u00e4hrstoffe tief im Haarkern, um Ihr Haar hydratisiert, gl\u00e4nzend und geschmeidig zu halten.<\/p>\n\n\n\n<p>3. Verhindert Vergilbung: Ein Farb-Conditioner kann die Bronzefarbe entfernen, die Helligkeit und den Farbton des Haares fixieren und Vergilbung und Trockenheit verhindern. Wenn Sie beispielsweise Haare, die nach langer Sonneneinstrahlung vergilbt sind, bleichen, k\u00f6nnen Sie einen Purple Forehead Dark Conditioner verwenden, um die Haarfarbe heller und voller zu machen.<\/p>\n\n\n\n<p>4. Kopfhautpflege: Die von uns verwendete Formel ist sanft und enth\u00e4lt keine reizenden Inhaltsstoffe wie Silikon, sodass sie schonender f\u00fcr die Kopfhaut ist. Au\u00dferdem n\u00e4hrt, macht die Formel die Kopfhaut weich und sch\u00fctzt sie beim F\u00e4rben der Haare.<\/p>\n\n\n\n<p>5. Modische Haarf\u00e4rbemittel: Wir haben eine Vielzahl leuchtender, einzigartiger Farben f\u00fcr Sie entwickelt, um den Haarfarbenw\u00fcnschen der meisten Menschen gerecht zu werden.<\/p>\n\n\n\n<h2 class=\"wp-block-heading\">Wie verwendet man einen Farbconditioner?<\/h2>\n\n\n\n<p>Farbaufbringende Sp\u00fclungen sind einfacher zu verarbeiten als normale Haarf\u00e4rbemittel und die Einwirkzeit ist k\u00fcrzer. Sie eignen sich besser f\u00fcr dunkle Farben oder um Messingt\u00f6ne zu neutralisieren und Ihrem Haar einen warmen Farbton zu verleihen. So funktioniert es:<\/p>\n\n\n\n<p>1. Waschen Sie Ihr Haar: Waschen Sie Ihr Haar zun\u00e4chst wie gewohnt und shampoonieren Sie es, um \u00d6l und Schmutz zu entfernen. Trocknen Sie Ihr Haar nach dem Waschen sanft mit einem Handtuch.<\/p>\n\n\n\n<p>2. Gleichm\u00e4\u00dfig auftragen: Teilen Sie das Haar in zwei Teile. Wenn es viel Haar ist, k\u00f6nnen Sie es in vier Teile teilen und dann den Farbconditioner gleichm\u00e4\u00dfig auf das Haar auftragen. Konzentrieren Sie sich dabei auf die Bereiche, die gef\u00e4rbt werden sollen, und vermengen Sie die Farbe mit Ihren Fingern oder einem Kamm, um sicherzustellen, dass jedes Haar behandelt wird.<\/p>\n\n\n\n<p>3. Warten Sie auf die Farbe: Lassen Sie den Farbconditioner 5\u201310 Minuten im Haar einwirken, je nachdem, wie stark Sie f\u00e4rben m\u00f6chten;<\/p>\n\n\n\n<p>4. Aussp\u00fclen: Wenn die Zeit abgelaufen ist, sp\u00fclen Sie Ihr Haar mit Wasser aus. Stellen Sie sicher, dass keine Sp\u00fclung mehr vorhanden ist, und achten Sie darauf, dass die Wassertemperatur nicht zu hoch ist. Nach dem Aussp\u00fclen k\u00f6nnen Sie eine Sp\u00fclung verwenden, um die Farbe Ihres Haares zu erhalten.<\/p>\n\n\n\n<h2 class=\"wp-block-heading\">Vorsicht<\/h2>\n\n\n\n<p>1. F\u00fchren Sie vor der Anwendung einen Hauttest hinter dem Ohr durch, um sicherzustellen, dass keine Allergie vorliegt;<\/p>\n\n\n\n<p>2. Tragen Sie Handschuhe, um Flecken auf den H\u00e4nden zu vermeiden.<\/p>\n\n\n\n<p>3. Kontakt mit den Augen vermeiden. Bei Kontakt mit den Augen sofort mit klarem Wasser aussp\u00fclen.<\/p>\n\n\n\n<p>4. Vermeiden Sie nach dem F\u00e4rben der Haare f\u00fcr einige Zeit die Verwendung von Ger\u00e4ten mit hohen Temperaturen wie Haartrocknern und direktes Sonnenlicht, um ein schnelles Verblassen der Farbe zu verhindern.<\/p>\n\n\n\n<p>5. Es wird empfohlen, zum F\u00e4rben der Haare regelm\u00e4\u00dfig Shampoo und Sp\u00fclung zu verwenden, um die Haarfarbe zu erhalten und das Haar zu pflegen.<\/p>\n\n\n\n<p>6. Farbaufbringender Conditioner h\u00e4lt bis zu 6 Monate und sollte alle paar Wochen angewendet werden, um die Haarfarbe zu erhalten.<\/p>\n\n\n\n<p>7. Helleres Haar und por\u00f6ses oder leicht besch\u00e4digtes Haar halten l\u00e4nger mit Farbsp\u00fclung<\/p>\n\n\n\n<h2 class=\"wp-block-heading\">Abschluss<\/h2>\n\n\n\n<p>Unser sorgf\u00e4ltig entwickelter Farb-Conditioner ist eine sanfte Formel, die Ihrem Haar leicht Farbe verleiht, es tiefenwirksam n\u00e4hrt, besch\u00e4digte Str\u00e4hnen repariert und Ihr Haar seidiger und gl\u00e4nzender macht. Dar\u00fcber hinaus sind unsere Produkte einfach anzuwenden, Sie brauchen keinen Fachmann, befolgen Sie einfach die Anweisungen, um Ihr Haar zum Gl\u00e4nzen zu bringen. Wir werden auch weiterhin Innovationen entwickeln, um Ihnen noch mehr hochwertige und wirksame Haarpflegel\u00f6sungen zu bieten. Wenn Sie interessiert sind, kontaktieren Sie uns bitte.<\/p>","protected":false},"excerpt":{"rendered":"Color Depositing Conditioner Manufacturing Common Formulas As a professional color depositing conditioner manufacturer, we are committed to creating high-quality products. Therefore, we select high-quality raw materials, such as natural plant extracts and advanced hair care ingredients, and use advanced production technology to retain their active ingredients to the maximum extent. 1. Argan oil: Argan oil [&hellip;]","protected":false},"featured_media":2329,"menu_order":0,"template":"","meta":[],"product-tag":[],"products":[52],"class_list":["post-2328","product","type-product","status-publish","has-post-thumbnail","hentry","products-conditioner"],"acf":[],"_links":{"self":[{"href":"https:\/\/www.ruiqigo.com\/de\/wp-json\/wp\/v2\/product\/2328","targetHints":{"allow":["GET"]}}],"collection":[{"href":"https:\/\/www.ruiqigo.com\/de\/wp-json\/wp\/v2\/product"}],"about":[{"href":"https:\/\/www.ruiqigo.com\/de\/wp-json\/wp\/v2\/types\/product"}],"version-history":[{"count":0,"href":"https:\/\/www.ruiqigo.com\/de\/wp-json\/wp\/v2\/product\/2328\/revisions"}],"wp:featuredmedia":[{"embeddable":true,"href":"https:\/\/www.ruiqigo.com\/de\/wp-json\/wp\/v2\/media\/2329"}],"wp:attachment":[{"href":"https:\/\/www.ruiqigo.com\/de\/wp-json\/wp\/v2\/media?parent=2328"}],"wp:term":[{"taxonomy":"product-tag","embeddable":true,"href":"https:\/\/www.ruiqigo.com\/de\/wp-json\/wp\/v2\/product-tag?post=2328"},{"taxonomy":"products","embeddable":true,"href":"https:\/\/www.ruiqigo.com\/de\/wp-json\/wp\/v2\/products?post=2328"}],"curies":[{"name":"wp","href":"https:\/\/api.w.org\/{rel}","templated":true}]}}