{"id":242,"date":"2024-06-30T23:36:11","date_gmt":"2024-06-30T15:36:11","guid":{"rendered":"https:\/\/ruiqigo.com\/?post_type=product&#038;p=242"},"modified":"2024-09-20T09:56:45","modified_gmt":"2024-09-20T01:56:45","slug":"herbal-essences-shampoo","status":"publish","type":"product","link":"https:\/\/www.ruiqigo.com\/de\/product\/herbal-essences-shampoo","title":{"rendered":"Kr\u00e4uteressenzen Shampoo"},"content":{"rendered":"<h3 class=\"wp-block-heading\">Kr\u00e4uteressenzen Shampoo Herstellung gemeinsame Formeln<\/h3>\n\n\n\n<p>In unserem Herbal Essence Shampoo haben wir eine gro\u00dfe Auswahl an Kr\u00e4uterextrakten hinzugef\u00fcgt, darunter Angelika, Lavendel, Ylang Ylang, Patchouli, Weizenprotein und andere Kr\u00e4uterextrakte sowie \u00e4therische \u00d6le, Channellus-Extrakt (Melaleuca alternifolia), Ingwerwurzelextrakt, Seifenbaumblattextrakt, Polygonatum odoratum-Extrakt und Polygonum multiflorum-Extrakt. Unter ihnen soll Angelikaextrakt die Durchblutung der Kopfhaut f\u00f6rdern, was das Haarwachstum f\u00f6rdert und Haarausfall reduziert. Lavendel\u00f6l ist daf\u00fcr bekannt, die Kopfhaut zu beruhigen und Keime abzut\u00f6ten, und es riecht auch gut. Ingwerwurzel, sibirisches Blatt und Polygonum multiflorum sind nat\u00fcrliche K\u00f6stlichkeiten, die das Haar gesund halten und besser wachsen lassen sollen.<\/p>\n\n\n\n<h3 class=\"wp-block-heading\">Anwendungsszenarien f\u00fcr Kr\u00e4uteressenzen-Shampoo<\/h3>\n\n\n\n<p>Herbal Essences Shampoo ist f\u00fcr jedes Wetter geeignet, da es aus nat\u00fcrlichen Stoffen hergestellt wird und sanft ist. Es funktioniert sowohl an trockenen als auch an feuchten Orten hervorragend. Bei trockenem Wetter verhindern Inhaltsstoffe wie Weizenprotein im Shampoo, dass das Haar trocken und statisch wird. Bei Feuchtigkeit helfen Kr\u00e4uter wie Ylang-Ylang-\u00d6l im Shampoo, dass Ihre Kopfhaut nicht zu fettig wird, sodass Ihr Haar nicht fettig oder platt aussieht. Sie k\u00f6nnen es auch mit einem kombinieren <a href=\"https:\/\/www.ruiqigo.com\/de\/products\/conditioner\/\">Sp\u00fclung mit nat\u00fcrlichen Inhaltsstoffen <\/a>f\u00fcr noch bessere Ergebnisse.<\/p>\n\n\n\n<h3 class=\"wp-block-heading\">F\u00fcr wen ist Herbal Essences Shampoo geeignet?<\/h3>\n\n\n\n<p>Herbal Essence Shampoo ist perfekt f\u00fcr alle, die nat\u00fcrliche Produkte bevorzugen und Wert darauf legen, woher die Inhaltsstoffe stammen. Es eignet sich auch hervorragend f\u00fcr Menschen mit Kopfhautproblemen wie Schuppen, fettiger oder trockener Kopfhaut oder empfindlicher Kopfhaut. Die nat\u00fcrlichen Inhaltsstoffe des Shampoos k\u00f6nnen diese Probleme lindern. Mehr <a href=\"https:\/\/www.ruiqigo.com\/de\/products\/shampoo\/\">Shampoos mit nat\u00fcrlichen Inhaltsstoffen<\/a> f\u00fcr Sie zur Auswahl von 3TOP.<\/p>\n\n\n\n<h3 class=\"wp-block-heading\">Herstellungsprozess von Shampoo mit Kr\u00e4uteressenzen<\/h3>\n\n\n\n<p>Herbal Essence Shampoo verwendet eine Reihe spezieller Herstellungsverfahren. Herbal Essence Shampoo wird auf zwei spezielle Arten hergestellt. Erstens durch Handkochen, eine alte Herstellungsmethode, bei der traditionelle Werkzeuge und Techniken zum Mischen der Pflanzenteile verwendet werden. Zweitens durch Wasserdampfdestillation, bei der die duftenden Teile aus den Pflanzen herausgezogen werden. Diese k\u00f6nnen als wertvolle Inhaltsstoffe im Shampoo verwendet werden. Diese speziellen Herstellungsverfahren garantieren die nat\u00fcrliche Qualit\u00e4t unserer Shampoos mit Kr\u00e4uterextrakten.<\/p>","protected":false},"excerpt":{"rendered":"Herbal essences shampoo manufacturing common formulas In our Herbal Essence Shampoo, we have added a very wide variety of herbal extracts, including Angelica, Lavender, Ylang Ylang, Patchouli, Wheat Protein and other herbal extracts, as well as essential oils, Channellus Extract (Melaleuca alternifolia), Ginger Root Extract, Sapindus Leaf Extract, Polygonatum odoratum Extract, and Polygonum multiflorum Extract. [&hellip;]","protected":false},"featured_media":243,"menu_order":0,"template":"","meta":[],"product-tag":[],"products":[51],"class_list":["post-242","product","type-product","status-publish","has-post-thumbnail","hentry","products-shampoo"],"acf":[],"_links":{"self":[{"href":"https:\/\/www.ruiqigo.com\/de\/wp-json\/wp\/v2\/product\/242","targetHints":{"allow":["GET"]}}],"collection":[{"href":"https:\/\/www.ruiqigo.com\/de\/wp-json\/wp\/v2\/product"}],"about":[{"href":"https:\/\/www.ruiqigo.com\/de\/wp-json\/wp\/v2\/types\/product"}],"version-history":[{"count":0,"href":"https:\/\/www.ruiqigo.com\/de\/wp-json\/wp\/v2\/product\/242\/revisions"}],"wp:featuredmedia":[{"embeddable":true,"href":"https:\/\/www.ruiqigo.com\/de\/wp-json\/wp\/v2\/media\/243"}],"wp:attachment":[{"href":"https:\/\/www.ruiqigo.com\/de\/wp-json\/wp\/v2\/media?parent=242"}],"wp:term":[{"taxonomy":"product-tag","embeddable":true,"href":"https:\/\/www.ruiqigo.com\/de\/wp-json\/wp\/v2\/product-tag?post=242"},{"taxonomy":"products","embeddable":true,"href":"https:\/\/www.ruiqigo.com\/de\/wp-json\/wp\/v2\/products?post=242"}],"curies":[{"name":"wp","href":"https:\/\/api.w.org\/{rel}","templated":true}]}}