{"id":2576,"date":"2025-01-07T13:52:35","date_gmt":"2025-01-07T05:52:35","guid":{"rendered":"https:\/\/ruiqigo.com\/?post_type=product&#038;p=2576"},"modified":"2025-01-07T13:52:38","modified_gmt":"2025-01-07T05:52:38","slug":"hydrating-facial-cleanser","status":"publish","type":"product","link":"https:\/\/www.ruiqigo.com\/de\/product\/hydrating-facial-cleanser","title":{"rendered":"Feuchtigkeitsspendendes Gesichtsreinigungsmittel"},"content":{"rendered":"<h2 class=\"wp-block-heading\">Herstellung von feuchtigkeitsspendenden Gesichtsreinigern \u2013 g\u00e4ngige Formeln<\/h2>\n\n\n\n<p>Im Produktionsprozess haben wir die Probleme verschiedener Hauttypen ber\u00fccksichtigt und entsprechende L\u00f6sungen gew\u00e4hlt, um ein feuchtigkeitsspendendes Reinigungsmittel zu entwickeln, das auch bei empfindlichen Muskeln sicher angewendet werden kann. Hier sind die Hauptbestandteile:<\/p>\n\n\n\n<p>1. Hyalurons\u00e4ure: Hyalurons\u00e4ure ist eine stark feuchtigkeitsspendende Komponente, die die Haut ausreichend mit Wasser versorgt und dieses fest einschlie\u00dft, um den Wasserhaushalt aufrechtzuerhalten. Dar\u00fcber hinaus verhindert sie raue und trockene Haut und hilft der Haut, ihre Elastizit\u00e4t und ihren Glanz wiederherzustellen.<\/p>\n\n\n\n<p>2. Ceramid: Ceramid hat eine starke F\u00e4higkeit, Wasser zu binden. Es kann schnell in die Hornschicht eindringen und eine Netzwerkstruktur bilden, um Wasser zu binden und Wasserverlust zu verhindern. Gleichzeitig kann es auch die besch\u00e4digte Hautbarriere reparieren und die Abwehrf\u00e4higkeit der Haut verbessern, um die Sch\u00e4den durch \u00e4u\u00dfere Reize an der Haut zu verringern.<\/p>\n\n\n\n<p>3. Tenside: Wir verwenden milde Tenside, die die Haut sanft reinigen, ohne sie zu reizen, auch bei empfindlicher Muskulatur.<\/p>\n\n\n\n<p>4. Kamillenextrakt: Kamille hat eine beruhigende und entz\u00fcndungshemmende Wirkung, die die Haut beruhigen, Symptome wie R\u00f6tung, Trockenheit und Juckreiz lindern und die Ruhe wiederherstellen kann. Es hat nat\u00fcrliche antibakterielle und entz\u00fcndungshemmende Eigenschaften, kann Hautentz\u00fcndungen reduzieren, die Hautreparatur und -heilung f\u00f6rdern und das Auftreten von Akne weiter reduzieren. Eine langfristige Anwendung kann den Hautzustand verbessern.<\/p>\n\n\n\n<p>5. Salicyls\u00e4ure: Salicyls\u00e4ure kann die Talgproduktion im Gesicht hemmen und so dabei helfen, den Talghaushalt zu regulieren und die Haut frischer zu machen. Sie hat au\u00dferdem antibakterielle Eigenschaften, die das Auftreten von Akne reduzieren k\u00f6nnen. Gleichzeitig kann sie auch die Hornschicht aufweichen, abgestorbene Hautzellen sanft entfernen, die Erneuerung der Epidermiszellen f\u00f6rdern und die Haut glatter und zarter machen.<\/p>\n\n\n\n<h2 class=\"wp-block-heading\">Die Funktionen des feuchtigkeitsspendenden Gesichtsreinigers<\/h2>\n\n\n\n<p>Unser feuchtigkeitsspendendes Reinigungsmittel verwendet fortschrittliche Herstellungsverfahren und kombiniert eine Vielzahl hochwirksamer feuchtigkeitsspendender Inhaltsstoffe, um Ihnen ein angenehmes und sicheres Reinigungserlebnis zu bieten. Schauen wir uns an, was es bewirkt:<\/p>\n\n\n\n<p>1. Sanfte Reinigung: Der feuchtigkeitsspendende Reiniger verwendet eine sanfte Formel, die nicht nur Schmutz, \u00d6l und Kosmetikr\u00fcckst\u00e4nde auf der Hautoberfl\u00e4che effizient entfernen kann, sondern auch keine trockene und straffe Haut verursacht, was Hautreizungen reduzieren kann und auch auf empfindliche Muskeln aufgetragen werden kann.<\/p>\n\n\n\n<p>2. Tiefenbefeuchtung: Unser Reinigungsmittel enth\u00e4lt eine Vielzahl nat\u00fcrlicher feuchtigkeitsspendender Inhaltsstoffe, die beim Reinigen tief in die Haut eindringen und die Feuchtigkeit einschlie\u00dfen, um Feuchtigkeitsverlust vorzubeugen. Und bei fettiger Haut kann es auch die \u00d6lsekretion regulieren, um das Gleichgewicht von Wasser und \u00d6l in der Haut aufrechtzuerhalten, sodass die Haut hydratisierter und elastischer ist.<\/p>\n\n\n\n<p>3. Beruhigende Reparatur: Kamille und andere Inhaltsstoffe im feuchtigkeitsspendenden Reinigungsmittel wirken beruhigend und lindernd, was die durch \u00e4u\u00dfere Umweltreize verursachten Beschwerden lindern und die Empfindlichkeit der Haut verringern kann. Gleichzeitig kann es auch dazu beitragen, die besch\u00e4digte Hautbarriere zu reparieren, die Abwehrf\u00e4higkeit der Haut zu verbessern und die Haut ges\u00fcnder zu machen.<\/p>\n\n\n\n<p>5. Haut verbessern: Feuchtigkeitsspendende Reinigungsmittel k\u00f6nnen nicht nur das Auftreten von Akne reduzieren, sondern auch die Hautbarriere st\u00e4rken. Und die langanhaltende feuchtigkeitsspendende Wirkung macht Ihre Haut zarter, glatter und elastischer. Gleichzeitig peelt es die Haut und macht sie ebenm\u00e4\u00dfiger und strahlender. Daher kann es den Zustand der Haut verbessern und die Haut gesund halten.<\/p>\n\n\n\n<h2 class=\"wp-block-heading\">Wie verwendet man ein feuchtigkeitsspendendes Gesichtsreinigungsmittel?<\/h2>\n\n\n\n<p>Unsere Produkte sind einfach und sicher in der Anwendung und daher eine hervorragende Wahl f\u00fcr Reinigungsmittel. Wir unterziehen unsere Produkte strengen dermatologischen Tests, um sicherzustellen, dass kein Alkohol, keine Aromen, keine Farbstoffe oder andere reizende Inhaltsstoffe zugesetzt sind und Ihre Haut sanft pflegen.<\/p>\n\n\n\n<p>1. Machen Sie zuerst Ihr Gesicht nass, um die Sauberkeit zu f\u00f6rdern;<\/p>\n\n\n\n<p>2. Tragen Sie die richtige Menge des feuchtigkeitsspendenden Gesichtsreinigers auf Ihre Handfl\u00e4che auf und f\u00fcgen Sie ein wenig Wasser hinzu, um aufzusch\u00e4umen.<\/p>\n\n\n\n<p>3. Den Schaum gleichm\u00e4\u00dfig auf das Gesicht auftragen und sanft einmassieren;<\/p>\n\n\n\n<p>4. Mit klarem Wasser gr\u00fcndlich nachsp\u00fclen, um sicherzustellen, dass kein Schaum zur\u00fcckbleibt;<\/p>\n\n\n\n<p>5. Trocknen Sie die Haut vorsichtig mit einem Handtuch ab. Anschlie\u00dfend k\u00f6nnen Sie die gleiche Reihe an Feuchtigkeitsprodukten auftragen, um die Feuchtigkeitszufuhr weiter zu verbessern.<\/p>\n\n\n\n<h2 class=\"wp-block-heading\">Vorsicht<\/h2>\n\n\n\n<p>1. W\u00e4hlen Sie ein feuchtigkeitsspendendes Reinigungsmittel, das f\u00fcr Ihren Hauttyp geeignet ist;<\/p>\n\n\n\n<p>2. Beim ersten Mal sollte ein Allergietest durchgef\u00fchrt werden. Bei fehlender Anpassung sollte die Anwendung sofort abgebrochen werden.<\/p>\n\n\n\n<p>3. Es wird empfohlen, es einmal morgens und einmal abends anzuwenden, um eine Sch\u00e4digung der Hautbarriere durch h\u00e4ufige Anwendung zu vermeiden.<\/p>\n\n\n\n<p>4. Achten Sie bei der Anwendung auf die richtige Menge, um \u00fcberm\u00e4\u00dfigen Schaum zu vermeiden, der zu fettiger und dicker Haut f\u00fchrt.<\/p>\n\n\n\n<p>5. Es wird empfohlen, die Verwendung von feuchtigkeitsspendenden Reinigungsmitteln den saisonalen Ver\u00e4nderungen anzupassen.<\/p>\n\n\n\n<p>6. Es wird empfohlen, das Produkt an einem k\u00fchlen und trockenen Ort aufzubewahren, um direkte Sonneneinstrahlung und hohe Temperaturen zu vermeiden, die die Wirkung des Produkts beeintr\u00e4chtigen k\u00f6nnten.<\/p>\n\n\n\n<h2 class=\"wp-block-heading\">Abschluss<\/h2>\n\n\n\n<p>Als professioneller Hersteller von feuchtigkeitsspendenden Gesichtsreinigern haben wir ein Produkt entwickelt, das speziell auf jeden Hauttyp abgestimmt ist, basierend auf Ihren Bed\u00fcrfnissen und Hautzust\u00e4nden. Neben der Untersuchung der Wirksamkeit legen wir auch gro\u00dfen Wert auf die Qualit\u00e4t des Produktionsprozesses, von der Rohstoffpr\u00fcfung bis zur Verpackung des fertigen Produkts. Wir verf\u00fcgen \u00fcber ein strenges Qualit\u00e4tskontrollsystem, um sicherzustellen, dass jede Flasche feuchtigkeitsspendender Reiniger sicher verwendet werden kann. Gleichzeitig bieten wir eine umfassende Palette ma\u00dfgeschneiderter Dienstleistungen entsprechend Ihren Anforderungen an, um Ihnen bei der Entwicklung einzigartiger, hochklassiger Markenprodukte zu helfen, damit Sie einen Wettbewerbsvorteil erzielen. Wenn Sie auch interessiert sind, kontaktieren Sie uns bitte.<\/p>\n\n\n\n<p><\/p>","protected":false},"excerpt":{"rendered":"Hydrating Facial Cleanser Manufacturing Common Formulas In the production process, we have combined the problems of multiple skin types and adopted relative solutions to develop a moisturizing cleanser that sensitive muscles can safely use. Here are its main ingredients: 1. Hyaluronic acid: hyaluronic acid has a highly moisturizing component, which can provide adequate water for [&hellip;]","protected":false},"featured_media":2577,"menu_order":0,"template":"","meta":[],"product-tag":[],"products":[65],"class_list":["post-2576","product","type-product","status-publish","has-post-thumbnail","hentry","products-facial-cleanser"],"acf":[],"_links":{"self":[{"href":"https:\/\/www.ruiqigo.com\/de\/wp-json\/wp\/v2\/product\/2576","targetHints":{"allow":["GET"]}}],"collection":[{"href":"https:\/\/www.ruiqigo.com\/de\/wp-json\/wp\/v2\/product"}],"about":[{"href":"https:\/\/www.ruiqigo.com\/de\/wp-json\/wp\/v2\/types\/product"}],"version-history":[{"count":0,"href":"https:\/\/www.ruiqigo.com\/de\/wp-json\/wp\/v2\/product\/2576\/revisions"}],"wp:featuredmedia":[{"embeddable":true,"href":"https:\/\/www.ruiqigo.com\/de\/wp-json\/wp\/v2\/media\/2577"}],"wp:attachment":[{"href":"https:\/\/www.ruiqigo.com\/de\/wp-json\/wp\/v2\/media?parent=2576"}],"wp:term":[{"taxonomy":"product-tag","embeddable":true,"href":"https:\/\/www.ruiqigo.com\/de\/wp-json\/wp\/v2\/product-tag?post=2576"},{"taxonomy":"products","embeddable":true,"href":"https:\/\/www.ruiqigo.com\/de\/wp-json\/wp\/v2\/products?post=2576"}],"curies":[{"name":"wp","href":"https:\/\/api.w.org\/{rel}","templated":true}]}}