{"id":2591,"date":"2025-01-09T10:16:02","date_gmt":"2025-01-09T02:16:02","guid":{"rendered":"https:\/\/ruiqigo.com\/?post_type=product&#038;p=2591"},"modified":"2025-01-09T10:16:37","modified_gmt":"2025-01-09T02:16:37","slug":"salicylic-acid-facial-cleanser","status":"publish","type":"product","link":"https:\/\/www.ruiqigo.com\/de\/product\/salicylic-acid-facial-cleanser","title":{"rendered":"Gesichtsreiniger mit Salicyls\u00e4ure"},"content":{"rendered":"<h2 class=\"wp-block-heading\">Herstellung g\u00e4ngiger Formeln f\u00fcr Gesichtsreiniger mit Salicyls\u00e4ure<\/h2>\n\n\n\n<p>Der Reinigungsprozess mit Salicyls\u00e4ure kann zu Hautreizungen f\u00fchren, daher haben wir bei der Formulierungsforschung eine Reihe milder Tenside und nat\u00fcrlicher Feuchtigkeitsspender hinzugef\u00fcgt. Ziel ist es, Hautreizungen zu reduzieren und das Produkt f\u00fcr die meisten Hauttypen geeignet zu machen.<\/p>\n\n\n\n<p>1. Salicyls\u00e4ure: Salicyls\u00e4ure ist der Hauptbestandteil und auch ein Peeling. Sie dringt nicht nur tief in die Poren ein, l\u00f6st angesammeltes \u00d6l und Schmutz und verhindert, dass die Poren verstopfen, wodurch die Bildung von Pickeln und Mitessern verringert wird. Sie kann auch \u00fcbersch\u00fcssiges \u00d6l reduzieren und die \u00d6lsekretion weiter ausgleichen, was dazu beitr\u00e4gt, Hautprobleme zu reduzieren, die durch zu viel \u00d6l verursacht werden, wie Akne und Akne. Gleichzeitig kann Salicyls\u00e4ure auch das Wachstum neuer Zellen f\u00f6rdern, das Problem der Hautalterung verbessern und die Haut glatter und zarter machen.<\/p>\n\n\n\n<p>2. Niacinamid: Niacinamid kann die Barrierefunktion der Haut verbessern und hat eine gewisse antioxidative Wirkung, die der Sch\u00e4digung der Haut durch die \u00e4u\u00dfere Umgebung entgegenwirken kann. Dar\u00fcber hinaus tr\u00e4gt es auch zur Aufhellung der Haut bei, hilft, Flecken und Mattheit zu reduzieren und macht die Haut transparenter.<\/p>\n\n\n\n<p>3. Hyalurons\u00e4ure: Hyalurons\u00e4ure ist ein h\u00e4ufig verwendeter Feuchtigkeitswirkstoff, der der Haut eine langanhaltende Feuchtigkeitswirkung verleiht. In Kombination mit Salicyls\u00e4ure gleicht sie die Trockenheit der Salicyls\u00e4ure aus, lindert Hautreizungen und h\u00e4lt die Haut hydratisiert.<\/p>\n\n\n\n<p>4. Retinol: Retinol hat eine starke Anti-Aging-Wirkung, es kann die Zellerneuerung und die Kollagenproduktion f\u00f6rdern, um die Elastizit\u00e4t der Haut wiederherzustellen und sie straffer zu machen. Gleichzeitig kann es auch die \u00d6lsekretion reduzieren und die \u00d6lkontrollwirkung verbessern.<\/p>\n\n\n\n<h2 class=\"wp-block-heading\">Die Funktionen des Gesichtsreinigers mit Salicyls\u00e4ure<\/h2>\n\n\n\n<p>Als professioneller Hersteller von Gesichtsreinigern mit Salicyls\u00e4ure haben wir uns verpflichtet, Ihnen hochwirksame Hautpflegel\u00f6sungen anzubieten. Daher verwenden wir fortschrittliche Produktionstechnologie, um sicherzustellen, dass die Aktivit\u00e4t des Produkts so weit wie m\u00f6glich erhalten bleibt und die gr\u00f6\u00dftm\u00f6gliche Wirkung erzielt wird. Hier sind seine Hauptfunktionen:<\/p>\n\n\n\n<p>1. Peeling: Entfernen Sie mit einem Reinigungsmittel mit Salicyls\u00e4ure abgestorbene Hautzellen, l\u00f6sen Sie gro\u00dfe Mengen angesammelter gealterter Haut auf und entfernen Sie sie sanft. Dadurch wird das Wachstum neuer Zellen gef\u00f6rdert und die Haut wird glatter und zarter.<\/p>\n\n\n\n<p>2. \u00d6lhaushalt im Gleichgewicht: Unser Reinigungsmittel kann die Poren \u00f6ffnen und gleichzeitig \u00fcbersch\u00fcssiges \u00d6l entfernen, wodurch der \u00d6lhaushalt, insbesondere bei fettigen Muskeln, reguliert wird. Durch die Reduzierung des Glanzes bleibt das Gesicht frisch und nicht gespannt.<\/p>\n\n\n\n<p>3. Akne beseitigen: Salicyls\u00e4ure ist durchl\u00e4ssig und kann Poren gr\u00fcndlich reinigen und verhindern, dass Poren verstopfen. Sie verlangsamt auch das Absto\u00dfen von Hautzellen aus Haarfollikeln und reduziert so die Bildung von Mitessern und Pickeln.<\/p>\n\n\n\n<p>4. Verbesserung der Hautqualit\u00e4t: Salicyls\u00e4urereiniger k\u00f6nnen die Erneuerung der Epidermiszellen f\u00f6rdern, was nicht nur Pigmentierung verhindern, sondern auch die Hautalterung verlangsamen und die Haut straffer machen kann. Gleichzeitig helfen die aufhellenden Inhaltsstoffe im Gesichtsreiniger auch, die Haut aufzuhellen und Flecken zu verblassen.<\/p>\n\n\n\n<p>5. Antibakteriell und entz\u00fcndungshemmend: Unser Reinigungsmittel hat eine antibakterielle und entz\u00fcndungshemmende Wirkung, die Gesichtsr\u00f6tungen und Reizungen lindern, Akne und Entz\u00fcndungen reduzieren und die Heilung von Akne beschleunigen kann.<\/p>\n\n\n\n<h2 class=\"wp-block-heading\">Wie verwendet man ein Gesichtsreinigungsmittel mit Salicyls\u00e4ure?<\/h2>\n\n\n\n<p>Wir stellen Gesichtsreiniger mit Salicyls\u00e4ure in verschiedenen Konzentrationen her, Sie k\u00f6nnen w\u00e4hlen. Anf\u00e4ngern wird empfohlen, mit einer niedrigen Konzentration zu beginnen, um allm\u00e4hlich eine Toleranz aufzubauen, damit das Gesicht nicht gereizt wird. Gleichzeitig kennzeichnen wir auch die Verwendung der Verpackung:<\/p>\n\n\n\n<p>1. Befeuchten Sie das Gesicht zun\u00e4chst mit warmem Wasser, um die Schaumbildung zu erleichtern.<\/p>\n\n\n\n<p>2. Tragen Sie eine angemessene Menge Gesichtsreiniger mit Salicyls\u00e4ure auf Ihre Handfl\u00e4che auf und reiben Sie ihn, bis er sch\u00e4umt. Tragen Sie den Schaum dann gleichm\u00e4\u00dfig auf das Gesicht auf und massieren Sie beide Teile sanft mit kreisenden Bewegungen. Beachten Sie, dass fettanf\u00e4llige Bereiche in der T-Zone eine Weile massiert werden k\u00f6nnen, um \u00d6l und Schmutz zu entfernen.<\/p>\n\n\n\n<p>3. Sp\u00fclen Sie den Schaum nach der Massage mit klarem Wasser ab, um sicherzustellen, dass keine R\u00fcckst\u00e4nde vorhanden sind.<\/p>\n\n\n\n<p>4. Nach dem sanften Trocknen mit einem Handtuch k\u00f6nnen Sie die gleiche Reihe von Feuchtigkeitsprodukten verwenden und diese tags\u00fcber mit Sonnenschutzprodukten kombinieren. Da Salicyls\u00e4ure die Haut empfindlicher gegen\u00fcber der Sonne macht, kann Sonnenschutz zum Schutz vor UV-Strahlen verwendet werden.<\/p>\n\n\n\n<h2 class=\"wp-block-heading\">Vorsicht<\/h2>\n\n\n\n<p>1. W\u00e4hlen Sie bei der Anwendung das f\u00fcr Ihren Hauttyp geeignete Gesichtsreinigungsmittel mit Salicyls\u00e4ure.<\/p>\n\n\n\n<p>2. Bei der ersten Anwendung sollte ein Allergietest durchgef\u00fchrt werden und die Anwendung sollte sofort abgebrochen werden, wenn Beschwerden auftreten.<\/p>\n\n\n\n<p>3. Achten Sie auf die H\u00e4ufigkeit der Anwendung. Es wird empfohlen, die Anwendung einmal morgens und einmal abends durchzuf\u00fchren. Anf\u00e4nger k\u00f6nnen die Anwendung schrittweise von 2-3 Mal pro Woche auf t\u00e4glich steigern, um sie an den Hautzustand anzupassen.<\/p>\n\n\n\n<p>4. Wenn Sie spezielle Hautprobleme haben, sollte es unter dem Rat eines Arztes verwendet werden;<\/p>\n\n\n\n<p>5. Schwangere und stillende Frauen sollten vor der Anwendung einen Arzt konsultieren;<\/p>\n\n\n\n<p>6. Es wird empfohlen, es an einem k\u00fchlen und trockenen Ort zu lagern, um direkte Sonneneinstrahlung und hohe Temperaturen zu vermeiden.<\/p>\n\n\n\n<h2 class=\"wp-block-heading\">Abschluss<\/h2>\n\n\n\n<p>Als Salicyls\u00e4urehersteller mit Schwerpunkt auf qualitativ hochwertiger Produktion verf\u00fcgen wir \u00fcber ein professionelles Forschungs- und Entwicklungsteam mit umfassender Erfahrung in der Entwicklung und Herstellung von Hautpflegeprodukten. Gleichzeitig verf\u00fcgen wir \u00fcber ein strenges Qualit\u00e4tskontrollsystem in jedem Schritt von der Rohstoffbeschaffung bis hin zur Produktion und Verpackung, um die Wirksamkeit und Sicherheit jedes Produkts zu gew\u00e4hrleisten. Dar\u00fcber hinaus bieten wir umfassende Anpassungsdienste an und streben nach Perfektion, um sicherzustellen, dass Ihre Marke auf dem Markt hervorsticht. Wenn Sie auch interessiert sind, kontaktieren Sie uns bitte.<\/p>","protected":false},"excerpt":{"rendered":"Salicylic Acid Facial Cleanser Manufacturing Common Formulas The salicylic acid cleansing process can be irritating, so we added a variety of mild surfactants and natural moisturizing ingredients during formulation research. This aim is to reduce skin irritation and make the product suitable for most skin types. 1. Salicylic acid: Salicylic acid is the core ingredient [&hellip;]","protected":false},"featured_media":2592,"menu_order":0,"template":"","meta":[],"product-tag":[],"products":[65],"class_list":["post-2591","product","type-product","status-publish","has-post-thumbnail","hentry","products-facial-cleanser"],"acf":[],"_links":{"self":[{"href":"https:\/\/www.ruiqigo.com\/de\/wp-json\/wp\/v2\/product\/2591","targetHints":{"allow":["GET"]}}],"collection":[{"href":"https:\/\/www.ruiqigo.com\/de\/wp-json\/wp\/v2\/product"}],"about":[{"href":"https:\/\/www.ruiqigo.com\/de\/wp-json\/wp\/v2\/types\/product"}],"version-history":[{"count":0,"href":"https:\/\/www.ruiqigo.com\/de\/wp-json\/wp\/v2\/product\/2591\/revisions"}],"wp:featuredmedia":[{"embeddable":true,"href":"https:\/\/www.ruiqigo.com\/de\/wp-json\/wp\/v2\/media\/2592"}],"wp:attachment":[{"href":"https:\/\/www.ruiqigo.com\/de\/wp-json\/wp\/v2\/media?parent=2591"}],"wp:term":[{"taxonomy":"product-tag","embeddable":true,"href":"https:\/\/www.ruiqigo.com\/de\/wp-json\/wp\/v2\/product-tag?post=2591"},{"taxonomy":"products","embeddable":true,"href":"https:\/\/www.ruiqigo.com\/de\/wp-json\/wp\/v2\/products?post=2591"}],"curies":[{"name":"wp","href":"https:\/\/api.w.org\/{rel}","templated":true}]}}