{"id":2598,"date":"2025-01-10T15:23:06","date_gmt":"2025-01-10T07:23:06","guid":{"rendered":"https:\/\/ruiqigo.com\/?post_type=product&#038;p=2598"},"modified":"2025-01-10T15:23:54","modified_gmt":"2025-01-10T07:23:54","slug":"jasmine-essential-oil","status":"publish","type":"product","link":"https:\/\/www.ruiqigo.com\/de\/product\/jasmine-essential-oil","title":{"rendered":"\u00c4therisches Jasmin\u00f6l"},"content":{"rendered":"<h2 class=\"wp-block-heading\">Herstellung von \u00e4therischem Jasmin\u00f6l \u2013 g\u00e4ngige Formeln<\/h2>\n\n\n\n<p>Bei der Herstellung von \u00e4therischem Jasmin\u00f6l verwenden wir eine fortschrittliche Niedertemperatur-Extraktionstechnologie, um die nat\u00fcrlichen Wirkstoffe so weit wie m\u00f6glich zu erhalten. Gleichzeitig ist die Konzentration des \u00e4therischen \u00d6ls zu hoch und das Basis\u00f6l wird normalerweise zur Verd\u00fcnnung bei der Anwendung hinzugef\u00fcgt. Und wir k\u00f6nnen Ihnen helfen, das \u00d6l auf die verschiedenen Teile der Behandlung abzustimmen.<\/p>\n\n\n\n<p>1. \u00c4therisches Jasmin\u00f6l: Als Hauptbestandteil hat es nicht nur eine starke feuchtigkeitsspendende Wirkung, sondern kann auch die Feuchtigkeit von Kopfhaut und Haut wiederherstellen und so f\u00fcr eine dauerhafte Feuchtigkeitswirkung sorgen. Es ist au\u00dferdem reich an Antioxidantien, die die Alterung verz\u00f6gern und das Haarwachstum f\u00f6rdern k\u00f6nnen. Dar\u00fcber hinaus hat es antibakterielle Eigenschaften, die Schuppen reduzieren, Juckreiz und Entz\u00fcndungen der Kopfhaut lindern und das Haar frisch halten k\u00f6nnen.<\/p>\n\n\n\n<p>2. Kokos\u00f6l: Kokos\u00f6l enth\u00e4lt Vitamin E und Antioxidantien, die gesch\u00e4digtes Haar reparieren, Haarbruch und Spliss reduzieren und das Haar kr\u00e4ftiger und ges\u00fcnder machen k\u00f6nnen. Es versorgt das Haar au\u00dferdem mit N\u00e4hrstoffen, f\u00f6rdert das Haarwachstum und verleiht ihm Glanz.<\/p>\n\n\n\n<p>3. Aloe Vera: Aloe Vera ist reich an nat\u00fcrlichen Feuchtigkeitsfaktoren, die die Haut tief befeuchten und trockener Haut vorbeugen k\u00f6nnen. Sie enth\u00e4lt au\u00dferdem eine gro\u00dfe Menge an Vitaminen, die die Zellregeneration und -reparatur f\u00f6rdern, so gesch\u00e4digte Haut reparieren und eine weiche, seidige Textur verleihen.<\/p>\n\n\n\n<p>4. Oliven\u00f6l: Oliven\u00f6l kann die Fettigkeit kontrollieren und die Symptome von fettiger Kopfhaut und Juckreiz lindern. Es hilft auch, den Haarglanz aufzuhellen, Spliss vorzubeugen und Haar mit Spliss zu pflegen. Dar\u00fcber hinaus ist Oliven\u00f6l reich an Fetts\u00e4uren, die die Haut effektiv befeuchten und glatter machen k\u00f6nnen. Es hat auch eine gewisse antioxidative Wirkung, die die Kollagenproduktion f\u00f6rdern, die Hautalterung verz\u00f6gern und die Hautelastizit\u00e4t erh\u00f6hen kann.<\/p>\n\n\n\n<p>5. \u00c4therisches Muskatnuss\u00f6l: \u00c4therisches Muskatnuss\u00f6l enth\u00e4lt entz\u00fcndungshemmende Verbindungen, es kann Juckreiz, Reizungen und andere Beschwerden lindern und sogar den Hautton verbessern. Gleichzeitig ist es reich an Vitaminen, die den Hautstoffwechsel f\u00f6rdern und trockene Haut, Schuppenbildung und andere Probleme lindern k\u00f6nnen.<\/p>\n\n\n\n<h2 class=\"wp-block-heading\">Die Funktionen des \u00e4therischen Jasmin\u00f6ls<\/h2>\n\n\n\n<p>Als professioneller Hersteller \u00e4therischer Jasmin\u00f6le legen wir Wert auf die Herstellung hochwertiger Produkte. Nicht nur die Rohstoffe werden sorgf\u00e4ltig ausgew\u00e4hlt, sondern f\u00fcr jeden Produktionsschritt wird ein strenges Qualit\u00e4tsmanagementsystem eingerichtet, um sicherzustellen, dass jeder Tropfen \u00e4therisches \u00d6l Ihnen ein angenehmes Erlebnis bietet.<\/p>\n\n\n\n<p>1. Haar n\u00e4hren: \u00c4therisches Jasmin\u00f6l kann dem Haar die notwendige Feuchtigkeit und N\u00e4hrstoffe geben, damit es gl\u00e4nzt. Es ist auch gut f\u00fcr die Reparatur von trockenem und strapaziertem Haar, das Gl\u00e4tten von krausem Haar und die Vorbeugung von Spliss und Haarbruch.<\/p>\n\n\n\n<p>2. Sch\u00fctzt die Gesundheit der Kopfhaut: Die antibakteriellen Eigenschaften von Jasmin k\u00f6nnen juckende Kopfhaut lindern und Schuppen und Kopfhautentz\u00fcndungen vorbeugen, wodurch die Kopfhaut frisch und gesund bleibt. Dar\u00fcber hinaus hat es auch eine gewisse Wirkung bei der Eind\u00e4mmung von Kopfl\u00e4usen.<\/p>\n\n\n\n<p>3. Feuchtigkeitsspendende Hautpflege: Der Feuchtigkeitsfaktor im \u00e4therischen Jasmin\u00f6l kann den trockenen Zustand der Haut verbessern, eine dauerhafte Feuchtigkeitswirkung erzielen und Ihre Haut hydratisierter und glatter machen.<\/p>\n\n\n\n<p>4. Akne reparieren: Unser \u00e4therisches \u00d6l wirkt auch gegen Akne. Seine antibakteriellen und entz\u00fcndungshemmenden Eigenschaften tragen dazu bei, die durch Akne verursachte R\u00f6tung, Schmerzen und andere Beschwerden an der Hautoberfl\u00e4che zu verbessern, die gesch\u00e4digte Haut zu reparieren, die Schutzbarriere der Haut zu st\u00e4rken und Ihre Haut ges\u00fcnder zu machen.<\/p>\n\n\n\n<p>5. Stress abbauen: Das einzigartige Aroma von Jasmin kann nicht nur emotionale Zust\u00e4nde und neuronale Aktivit\u00e4ten beruhigen, sondern auch Stress und Depressionen lindern und K\u00f6rper und Geist entspannen. Gleichzeitig kann es auch die Wachsamkeit erh\u00f6hen, was einer verbesserten Konzentration f\u00f6rderlich ist.<\/p>\n\n\n\n<h2 class=\"wp-block-heading\">Wie verwendet man \u00e4therisches Jasmin\u00f6l?<\/h2>\n\n\n\n<p>Das \u00e4therische Jasmin\u00f6l ist weit verbreitet und wird auf unterschiedliche Weise verwendet. Wir kennzeichnen die Wirkungsweise auf der Verpackung, damit Sie es sicher verwenden k\u00f6nnen.<\/p>\n\n\n\n<p>1. Aromatherapie-Anwendung: Geben Sie 1-2 Tropfen \u00e4therisches Jasmin\u00f6l in die Aromatherapielampe oder den Diffusor, um den ganzen Raum mit Aroma zu erf\u00fcllen. Der entstehende Duft beruhigt K\u00f6rper und Geist und reduziert Stress und M\u00fcdigkeit.<\/p>\n\n\n\n<p>2. Massageanwendung: Mischen Sie unser \u00e4therisches \u00d6l im richtigen Verh\u00e4ltnis mit anderen Basis\u00f6len und tragen Sie es auf den K\u00f6rper oder das Gesicht auf. Es kann nicht nur die Durchblutung f\u00f6rdern, sondern auch den Wassermangel und trockene Haut verbessern.<\/p>\n\n\n\n<p>3. Anwendung: Beim Haarewaschen kann \u00e4therisches Jasmin\u00f6l im Verh\u00e4ltnis zur Anwendung in Shampoo oder Sp\u00fclung gemischt werden, was die pflegende Wirkung des Haares verst\u00e4rken kann.<\/p>\n\n\n\n<h2 class=\"wp-block-heading\">Vorsicht<\/h2>\n\n\n\n<p>1. Vor der Anwendung einen erweiterten Allergietest durchf\u00fchren. Bei Nebenwirkungen sollte die Anwendung sofort abgebrochen werden.<\/p>\n\n\n\n<p>2. Die Konzentration des \u00e4therischen Jasmin\u00f6ls ist hoch, daher wird empfohlen, es mit Basis\u00f6l zu verd\u00fcnnen, um zu vermeiden, dass eine direkte Anwendung zu Reizungen f\u00fchrt.<\/p>\n\n\n\n<p>3. Schwangere, Kinder und Menschen mit psychischen Erkrankungen sollten die Anwendung vermeiden. Wenn n\u00f6tig, verwenden Sie sie bitte unter \u00e4rztlicher Anleitung.<\/p>\n\n\n\n<p>4. Achten Sie bei der Anwendung auf die Dosierung, um \u00fcberm\u00e4\u00dfige Beschwerden auf der Haut zu vermeiden;<\/p>\n\n\n\n<p>5. Es wird empfohlen, an einem k\u00fchlen und trockenen Ort zu lagern und direkte Sonneneinstrahlung sowie hohe Temperaturen zu vermeiden.<\/p>\n\n\n\n<h2 class=\"wp-block-heading\">Abschluss<\/h2>\n\n\n\n<p>Auf dem hart umk\u00e4mpften Markt f\u00fcr \u00e4therische Jasmin\u00f6le bieten unsere Produkte den Kunden mit ihren einzigartigen Wirkungen das ultimative Pflegeerlebnis und werden zu einem der Partner vieler Hautpflegemarken und SPA-Zentren. Als Hersteller von High-End-Produkten w\u00e4hlen wir nicht nur hochwertige Jasminbl\u00fcten aus, sondern integrieren auch moderne technologische Reinigungsverfahren, um sicherzustellen, dass jede Flasche Ihnen eine wirksame Pflege bietet. Dar\u00fcber hinaus bieten wir auch ma\u00dfgeschneiderte Dienstleistungen an, um Ihre Marke \u00e4therisches Jasmin\u00f6l nach Ihren W\u00fcnschen herzustellen. Wenn Sie auch interessiert sind, kontaktieren Sie uns bitte.<\/p>","protected":false},"excerpt":{"rendered":"Jasmine Essential Oil Manufacturing Common Formulas In the production of jasmine essential oil, we use advanced low-temperature extraction technology to maximize the retention of its natural active ingredients. At the same time, the concentration of essential oil is too high, and the base oil is usually added to dilute when applied. And we can help [&hellip;]","protected":false},"featured_media":2599,"menu_order":0,"template":"","meta":[],"product-tag":[],"products":[53],"class_list":["post-2598","product","type-product","status-publish","has-post-thumbnail","hentry","products-essential-oil"],"acf":[],"_links":{"self":[{"href":"https:\/\/www.ruiqigo.com\/de\/wp-json\/wp\/v2\/product\/2598","targetHints":{"allow":["GET"]}}],"collection":[{"href":"https:\/\/www.ruiqigo.com\/de\/wp-json\/wp\/v2\/product"}],"about":[{"href":"https:\/\/www.ruiqigo.com\/de\/wp-json\/wp\/v2\/types\/product"}],"version-history":[{"count":0,"href":"https:\/\/www.ruiqigo.com\/de\/wp-json\/wp\/v2\/product\/2598\/revisions"}],"wp:featuredmedia":[{"embeddable":true,"href":"https:\/\/www.ruiqigo.com\/de\/wp-json\/wp\/v2\/media\/2599"}],"wp:attachment":[{"href":"https:\/\/www.ruiqigo.com\/de\/wp-json\/wp\/v2\/media?parent=2598"}],"wp:term":[{"taxonomy":"product-tag","embeddable":true,"href":"https:\/\/www.ruiqigo.com\/de\/wp-json\/wp\/v2\/product-tag?post=2598"},{"taxonomy":"products","embeddable":true,"href":"https:\/\/www.ruiqigo.com\/de\/wp-json\/wp\/v2\/products?post=2598"}],"curies":[{"name":"wp","href":"https:\/\/api.w.org\/{rel}","templated":true}]}}