{"id":269,"date":"2024-07-05T16:45:37","date_gmt":"2024-07-05T08:45:37","guid":{"rendered":"https:\/\/ruiqigo.com\/?post_type=product&#038;p=269"},"modified":"2024-11-15T16:39:48","modified_gmt":"2024-11-15T08:39:48","slug":"peppermint-essential-oil","status":"publish","type":"product","link":"https:\/\/www.ruiqigo.com\/de\/product\/peppermint-essential-oil","title":{"rendered":"\u00c4therisches Pfefferminz\u00f6l"},"content":{"rendered":"<h2 class=\"wp-block-heading\">G\u00e4ngige Formeln zur Herstellung von \u00e4therischem Pfefferminz\u00f6l<\/h2>\n\n\n\n<p>Die Herstellung von \u00e4therischem Pfefferminz\u00f6l umfasst haupts\u00e4chlich das Ernten der Bl\u00e4tter und St\u00e4ngel der Pfefferminzpflanze und das anschlie\u00dfende Extrahieren der Essenz durch Wasserdampfdestillation. W\u00e4hrend des Destillationsprozesses wird das Pflanzenmaterial als Hersteller von langlebigem \u00e4therischem Pfefferminz\u00f6l erhitzt und der freigesetzte Pfefferminz\u00f6ldampf abgek\u00fchlt und zu einer Fl\u00fcssigkeit kondensiert, die dann vom Wasser getrennt wird, um reines \u00e4therisches Pfefferminz\u00f6l zu erhalten. Dieser Prozess erfordert eine strenge Temperatur- und Zeitkontrolle, um die Reinheit des \u00d6ls und die Integrit\u00e4t der Wirkstoffe sicherzustellen.<\/p>\n\n\n\n<h2 class=\"wp-block-heading\">Anwendungsszenarien f\u00fcr \u00e4therisches Pfefferminz\u00f6l<\/h2>\n\n\n\n<p>Das \u00e4therische Pfefferminz\u00f6l kann in vielen verschiedenen Szenarien verwendet werden: in der Aromatherapie, um den Geist zu erfrischen und Stress abzubauen, \u00e4u\u00dferlich zur Linderung von Muskelschmerzen und Hautbeschwerden, als nat\u00fcrliches Insektenschutzmittel gegen M\u00fccken, als Zusatz zu Hautpflegeprodukten zur Pflege fettiger Haut und als Aromatherapie in Innenr\u00e4umen zur Reinigung der Luft. Aufgrund seiner vielf\u00e4ltigen Wirkung eignet es sich f\u00fcr die t\u00e4gliche Gesundheitspflege und Notfallversorgung.<\/p>\n\n\n\n<h2 class=\"wp-block-heading\">F\u00fcr wen ist \u00e4therisches Pfefferminz\u00f6l geeignet?<\/h2>\n\n\n\n<p>Das \u00e4therische Pfefferminz\u00f6l eignet sich f\u00fcr B\u00fcroangestellte, die einen Muntermacher brauchen, f\u00fcr Sportbegeisterte, die Muskelschmerzen lindern m\u00f6chten, f\u00fcr Sch\u00f6nheitssuchende, die fettige Haut verbessern m\u00f6chten, und f\u00fcr alle, die nach nat\u00fcrlichen Heilmitteln suchen, um Verdauungsbeschwerden zu lindern. Schwangere, Kinder oder Personen mit empfindlicher Haut sollten es jedoch mit Vorsicht verwenden und vor der Anwendung am besten professionellen Rat einholen.<\/p>\n\n\n\n<h2 class=\"wp-block-heading\">Herstellungsprozess des \u00e4therischen Pfefferminz\u00f6ls<\/h2>\n\n\n\n<p>Das besondere Verfahren zur Herstellung des \u00e4therischen Pfefferminz\u00f6ls besteht in der Verwendung der Niedertemperatur-Wasserdampfdestillation, einer Methode, die das \u00e4therische \u00d6l schonend aus den Pfefferminzbl\u00e4ttern extrahiert und die Zerst\u00f6rung der Bestandteile, die durch hohe Temperaturen verursacht werden kann, vermeidet. Als ehrlicher Hersteller \u00e4therischen Pfefferminz\u00f6ls stellt eine genaue Kontrolle des Destillationsprozesses sicher, dass die Reinheit des \u00d6ls, seine Wirkstoffe und sein nat\u00fcrliches Aroma erhalten bleiben, wodurch seine hohe Leistung und Sicherheit in der Aromatherapie und im t\u00e4glichen Gebrauch gew\u00e4hrleistet wird.<\/p>","protected":false},"excerpt":{"rendered":"Peppermint essential oil manufacturing common formulas Making peppermint essential oil mainly involves harvesting the leaves and stems of the peppermint plant and then extracting the essence through steam distillation. During the distillation process, as a durable Peppermint essential oil manufacturer, the plant material is heated and the released peppermint oil vapor is cooled and condensed [&hellip;]","protected":false},"featured_media":271,"menu_order":0,"template":"","meta":[],"product-tag":[],"products":[53],"class_list":["post-269","product","type-product","status-publish","has-post-thumbnail","hentry","products-essential-oil"],"acf":[],"_links":{"self":[{"href":"https:\/\/www.ruiqigo.com\/de\/wp-json\/wp\/v2\/product\/269","targetHints":{"allow":["GET"]}}],"collection":[{"href":"https:\/\/www.ruiqigo.com\/de\/wp-json\/wp\/v2\/product"}],"about":[{"href":"https:\/\/www.ruiqigo.com\/de\/wp-json\/wp\/v2\/types\/product"}],"version-history":[{"count":0,"href":"https:\/\/www.ruiqigo.com\/de\/wp-json\/wp\/v2\/product\/269\/revisions"}],"wp:featuredmedia":[{"embeddable":true,"href":"https:\/\/www.ruiqigo.com\/de\/wp-json\/wp\/v2\/media\/271"}],"wp:attachment":[{"href":"https:\/\/www.ruiqigo.com\/de\/wp-json\/wp\/v2\/media?parent=269"}],"wp:term":[{"taxonomy":"product-tag","embeddable":true,"href":"https:\/\/www.ruiqigo.com\/de\/wp-json\/wp\/v2\/product-tag?post=269"},{"taxonomy":"products","embeddable":true,"href":"https:\/\/www.ruiqigo.com\/de\/wp-json\/wp\/v2\/products?post=269"}],"curies":[{"name":"wp","href":"https:\/\/api.w.org\/{rel}","templated":true}]}}