{"id":275,"date":"2024-07-05T16:23:28","date_gmt":"2024-07-05T08:23:28","guid":{"rendered":"https:\/\/ruiqigo.com\/?post_type=product&#038;p=275"},"modified":"2024-11-15T16:43:01","modified_gmt":"2024-11-15T08:43:01","slug":"lavender-essential-oil","status":"publish","type":"product","link":"https:\/\/www.ruiqigo.com\/de\/product\/lavender-essential-oil","title":{"rendered":"\u00c4therisches Lavendel\u00f6l"},"content":{"rendered":"<h2 class=\"wp-block-heading\">Herstellung von \u00e4therischem Lavendel\u00f6l \u2013 g\u00e4ngige Formeln<\/h2>\n\n\n\n<p>Die hochwertigen Rohstoffe, die wir zur Herstellung von \u00e4therischem Lavendel\u00f6l verwenden, stammen von ausgew\u00e4hlten Lavendelsorten, die unter geeigneten Klima- und Bodenbedingungen angebaut werden und aus sonnigen, gut entw\u00e4sserten Gebieten stammen. F\u00fcr hochwertiges \u00e4therisches Lavendel\u00f6l m\u00fcssen die Bl\u00fcten w\u00e4hrend der vollen Bl\u00fcte von Hand gepfl\u00fcckt werden, um das beste Aroma und die besten Wirkstoffe zu erhalten. Als f\u00fchrender Hersteller von \u00e4therischem Lavendel\u00f6l wirken sich die Frische und Reinheit des Rohstoffs direkt auf die Qualit\u00e4t des \u00e4therischen \u00d6ls aus. Daher kontrollieren wir jeden Schritt des Prozesses sorgf\u00e4ltig, vom Pflanzen und Ernten bis zur Extraktion.<\/p>\n\n\n\n<h2 class=\"wp-block-heading\">Anwendungsszenarien f\u00fcr \u00e4therisches Lavendel\u00f6l<\/h2>\n\n\n\n<p>Das \u00e4therische Lavendel\u00f6l eignet sich f\u00fcr die Anwendung in vielen verschiedenen Klimazonen, insbesondere in trockenen oder hei\u00dfen Jahreszeiten, wo seine k\u00fchlenden und beruhigenden Eigenschaften Sonnenbrand und Entz\u00fcndungen der Haut lindern. In kaltem oder feuchtem Klima hilft es, die Muskeln zu entspannen und Gelenkschmerzen zu lindern. Das \u00e4therische Lavendel\u00f6l f\u00f6rdert die Zellregeneration und gleicht die Talgproduktion aus. Es ist daher f\u00fcr alle Hauttypen geeignet. Das \u00e4therische Lavendel\u00f6l ist bekannt f\u00fcr seine Wirksamkeit bei der Behandlung von Verbrennungen und Sonnenbr\u00e4nden. Es lindert auch Blasen und Ekzeme, hemmt das Bakterienwachstum und minimiert Schwellungen und Narbenbildung.<\/p>\n\n\n\n<h2 class=\"wp-block-heading\">F\u00fcr wen ist \u00e4therisches Lavendel\u00f6l geeignet?<\/h2>\n\n\n\n<p>Das \u00e4therische Lavendel\u00f6l eignet sich f\u00fcr Menschen, die nach nat\u00fcrlichen Heilmitteln suchen, um Stress abzubauen und den Schlaf zu verbessern, darunter gestresste B\u00fcroangestellte, Senioren, die Entspannung brauchen, und Personen mit leichten Hautproblemen wie Akne und Ekzemen. Es ist auch f\u00fcr Menschen mit Angstzust\u00e4nden oder Schlaflosigkeitssymptomen von Vorteil. Schwangere, stillende Frauen, Kinder oder Personen mit empfindlicher Haut sollten es jedoch mit Vorsicht verwenden und vor der Verwendung am besten professionellen Rat einholen, um m\u00f6gliche allergische Reaktionen zu vermeiden. Nicht in hoher Konzentration verwenden, bei roten und geschwollenen Wunden sollten kalte Kompressen verwendet werden. Nicht mit \u00e4therischem Beifu\u00df\u00f6l (gleiche Farbe) mischen, bei Menschen mit niedrigem Blutdruck und \u00e4therischem Lavendel\u00f6l kann es leicht zu Stagnation kommen.<\/p>\n\n\n\n<h2 class=\"wp-block-heading\">Herstellungsprozess des \u00e4therischen Lavendel\u00f6ls<\/h2>\n\n\n\n<p>Das Besondere an der Produktion von \u00e4therischem Lavendel\u00f6l sind die strengen Anforderungen an den Zeitpunkt der Bl\u00fctenernte und die genaue Kontrolle des Extraktionsprozesses. Als ehrlicher Hersteller von \u00e4therischem Lavendel\u00f6l werden die Bl\u00fcten in der Regel in voller Bl\u00fcte von Hand gepfl\u00fcckt, um die h\u00f6chste Konzentration an Wirkstoffen und Aroma zu gew\u00e4hrleisten. Die \u00d6le werden unter schonenden Bedingungen mithilfe traditioneller Wasserdampfdestillation extrahiert, um die Reinheit und die therapeutischen Eigenschaften der \u00e4therischen \u00d6le zu erhalten. Als f\u00fchrender Hersteller von \u00e4therischem Lavendel\u00f6l gew\u00e4hrleistet die genaue Kontrolle von Temperatur und Zeitpunkt dieses Prozesses die hohe Qualit\u00e4t und die einzigartigen therapeutischen Vorteile des \u00e4therischen Lavendel\u00f6ls.<\/p>\n\n\n\n<p><\/p>","protected":false},"excerpt":{"rendered":"Lavender essential oil manufacturing common formulas The high quality raw materials we use to produce lavender essential oil come from selected lavenders that are grown in suitable climatic and soil conditions, chosen from sunny, well-drained areas. Premium lavender essential oil requires the flowers to be hand-picked during full bloom to retain the highest aroma and [&hellip;]","protected":false},"featured_media":276,"menu_order":0,"template":"","meta":[],"product-tag":[],"products":[53],"class_list":["post-275","product","type-product","status-publish","has-post-thumbnail","hentry","products-essential-oil"],"acf":[],"_links":{"self":[{"href":"https:\/\/www.ruiqigo.com\/de\/wp-json\/wp\/v2\/product\/275","targetHints":{"allow":["GET"]}}],"collection":[{"href":"https:\/\/www.ruiqigo.com\/de\/wp-json\/wp\/v2\/product"}],"about":[{"href":"https:\/\/www.ruiqigo.com\/de\/wp-json\/wp\/v2\/types\/product"}],"version-history":[{"count":0,"href":"https:\/\/www.ruiqigo.com\/de\/wp-json\/wp\/v2\/product\/275\/revisions"}],"wp:featuredmedia":[{"embeddable":true,"href":"https:\/\/www.ruiqigo.com\/de\/wp-json\/wp\/v2\/media\/276"}],"wp:attachment":[{"href":"https:\/\/www.ruiqigo.com\/de\/wp-json\/wp\/v2\/media?parent=275"}],"wp:term":[{"taxonomy":"product-tag","embeddable":true,"href":"https:\/\/www.ruiqigo.com\/de\/wp-json\/wp\/v2\/product-tag?post=275"},{"taxonomy":"products","embeddable":true,"href":"https:\/\/www.ruiqigo.com\/de\/wp-json\/wp\/v2\/products?post=275"}],"curies":[{"name":"wp","href":"https:\/\/api.w.org\/{rel}","templated":true}]}}