{"id":2838,"date":"2025-01-14T11:22:00","date_gmt":"2025-01-14T03:22:00","guid":{"rendered":"https:\/\/ruiqigo.com\/?post_type=product&#038;p=2838"},"modified":"2025-01-14T11:22:33","modified_gmt":"2025-01-14T03:22:33","slug":"vetiver-essential-oil","status":"publish","type":"product","link":"https:\/\/www.ruiqigo.com\/de\/product\/vetiver-essential-oil","title":{"rendered":"\u00c4therisches Vetiver\u00f6l"},"content":{"rendered":"<h2 class=\"wp-block-heading\">Herstellung von \u00e4therischem Vetiver\u00f6l \u2013 g\u00e4ngige Rezepturen<\/h2>\n\n\n\n<p>Als professioneller Hersteller \u00e4therischer Vetiver\u00f6le kontrollieren wir die Qualit\u00e4t der Produktion streng, von der Rohstoffbeschaffung bis zur Pr\u00fcfung des fertigen Produkts, um dessen hohe Qualit\u00e4t sicherzustellen. Dar\u00fcber hinaus ist die Konzentration h\u00f6her, sodass wir die entsprechende Formel den verschiedenen Pflegebestandteilen entsprechend anpassen.<\/p>\n\n\n\n<p>1. \u00c4therisches Vetiver\u00f6l: Als Hauptbestandteil hat es mehrere Vorteile. Es reduziert nicht nur Entz\u00fcndungen und st\u00e4rkt das Immunsystem, sondern verbessert auch die Durchblutung und lindert Symptome wie Gelenkschmerzen. Gleichzeitig kann es auch Schuppen reduzieren, gesundes Haarwachstum f\u00f6rdern und die Haut straffen und tiefenwirksam mit Feuchtigkeit versorgen. Dar\u00fcber hinaus ist sein holziges und rauchiges Aroma wohltuend, um Stress und schlechte Laune abzubauen und K\u00f6rper und Geist weiter zu entspannen.<\/p>\n\n\n\n<p>2. \u00c4therisches Lavendel\u00f6l: Das \u00e4therische Lavendel\u00f6l wirkt beruhigend und entz\u00fcndungshemmend. Bei gemeinsamer Anwendung kann es die Hautempfindlichkeit lindern und die Haut reparieren. Und sein Aroma hilft auch, mental Stress abzubauen und den Schlaf zu f\u00f6rdern.<\/p>\n\n\n\n<p>3. Teebaum\u00f6l: Teebaum hat antibakterielle und entz\u00fcndungshemmende Eigenschaften, die Bakterien und Entz\u00fcndungen auf der Haut bek\u00e4mpfen und die Produktion von Akne und Mitessern reduzieren k\u00f6nnen.<\/p>\n\n\n\n<p>4. Oliven\u00f6l: Oliven\u00f6l hat gute feuchtigkeitsspendende Eigenschaften, kann das Haar lange Zeit mit Feuchtigkeit und N\u00e4hrstoffen versorgen und gesch\u00e4digtes Haar kontinuierlich reparieren und so die Haarqualit\u00e4t verbessern.<\/p>\n\n\n\n<p>5. \u00c4therisches Rosen\u00f6l: Das \u00e4therische Rosen\u00f6l hat eine pflegende und feuchtigkeitsspendende Wirkung, kann die Elastizit\u00e4t und den Glanz der Haut verbessern und f\u00f6rdert die Regulierung des Hormonsystems.<\/p>\n\n\n\n<p>6. \u00c4therisches S\u00fc\u00dforangen\u00f6l: Das \u00e4therische S\u00fc\u00dforangen\u00f6l hat eine angenehme und aufheiternde Wirkung, die die Stimmung verbessern, \u00c4ngste und Depressionen lindern und das Gl\u00fccksgef\u00fchl steigern kann.<\/p>\n\n\n\n<h2 class=\"wp-block-heading\">Die Funktionen des \u00e4therischen Vetiver\u00f6ls<\/h2>\n\n\n\n<p>Das \u00e4therische Vetiver\u00f6l ist so vielseitig, dass unser Forschungs- und Entwicklungsteam es in verschiedenen Szenarien getestet und seine zahlreichen Vorteile zusammengefasst hat.<\/p>\n\n\n\n<p>1. Tiefenreinigung: Das \u00e4therische Vetiver\u00f6l kann die Poren gr\u00fcndlich reinigen, \u00d6l und Schmutz auf der Hautoberfl\u00e4che entfernen, Poren \u00f6ffnen und die Bildung von Mitessern und Whiteheads reduzieren.<\/p>\n\n\n\n<p>2. Reduziert Schuppen: Unsere \u00e4therischen \u00d6le enthalten antibakterielle, entz\u00fcndungshemmende Inhaltsstoffe, die das Risiko von Kopfhautentz\u00fcndungen und -infektionen verringern, indem sie sch\u00e4dliche Mikroorganismen auf der Kopfhaut abt\u00f6ten und so Schuppen und Haarausfall reduzieren. Dar\u00fcber hinaus verbessern sie die Durchblutung der Haarfollikel und f\u00f6rdern die Kollagenbildung, was das Haarwachstum weiter f\u00f6rdert.<\/p>\n\n\n\n<p>3. Anti-Aging: Unsere Produkte k\u00f6nnen den Sch\u00e4den durch freie Radikale widerstehen und das Ph\u00e4nomen der Hautalterung reduzieren. Gleichzeitig beruhigt und erg\u00e4nzt es trockene Haut, verbessert die F\u00e4higkeit der Haut, Wasser zu binden, strafft die Haut weiter, verengt die Poren und stellt die Elastizit\u00e4t der Haut wieder her.<\/p>\n\n\n\n<p>4. F\u00f6rdert die Heilung: Antioxidative und entz\u00fcndungshemmende Eigenschaften k\u00f6nnen bei der Behandlung von Hauterkrankungen wie Ekzemen helfen, sowie die Heilung von Hautwunden f\u00f6rdern und die Narbenbildung reduzieren. Dar\u00fcber hinaus hilft es bei der Behandlung von Problemen wie Gelenkschmerzen und Muskelkater.<\/p>\n\n\n\n<p>5. Beruhigend und beruhigend: Das Aroma des \u00e4therischen Vetiver\u00f6ls hat eine beruhigende und lindernde Wirkung, die Spannungen und \u00c4ngste lindern, Stress reduzieren und den Schlaf f\u00f6rdern kann. Es ist auch gut f\u00fcr die Konzentration.<\/p>\n\n\n\n<p>6. Nat\u00fcrliches Insektenschutzmittel: Sein einzigartiges Aroma vertreibt auch M\u00fccken und andere Sch\u00e4dlinge.<\/p>\n\n\n\n<h2 class=\"wp-block-heading\">Wie verwendet man \u00e4therisches Vetiver\u00f6l?<\/h2>\n\n\n\n<p>Das \u00e4therische Vetiver\u00f6l ist vielseitig einsetzbar, Sie k\u00f6nnen es ganz nach Ihrem Bedarf verwenden, die Anwendungshinweise geben wir auch auf der Produktverpackung an.<\/p>\n\n\n\n<p>1. Direkte Anwendung: Das \u00e4therische Vetiver\u00f6l kann anteilig mit anderen Basis\u00f6len vermischt und dann lokal auf die pflegebed\u00fcrftige Haut aufgetragen werden.<\/p>\n\n\n\n<p>2. Verwendung von R\u00e4ucherwerk: Geben Sie \u00e4therisches Vetiver\u00f6l in den Diffusor und bleiben Sie in der Duftatmosph\u00e4re, die zur Entspannung von K\u00f6rper und Geist beitr\u00e4gt und den Schlaf f\u00f6rdert.<\/p>\n\n\n\n<p>3. Kombinationsanwendung: Sie k\u00f6nnen unsere \u00e4therischen \u00d6le mit Shampoo, Sp\u00fclung, Gesichtscreme, Feuchtigkeitscreme und anderen Hautpflegezutaten mischen, um die Hautpflege zu f\u00f6rdern.<\/p>\n\n\n\n<p>4. Massageanwendung: Wird oft bei SPA-Behandlungen verwendet und kann mit anderen Basis\u00f6lmassagen kombiniert werden, spendet der Haut intensive Feuchtigkeit und lindert Muskelkater.<\/p>\n\n\n\n<h2 class=\"wp-block-heading\">Vorsicht<\/h2>\n\n\n\n<p>1. W\u00e4hlen Sie vor der Anwendung das passende \u00e4therische Vetiver\u00f6l entsprechend Ihren eigenen Bed\u00fcrfnissen und Ihrem Hauttyp aus;<\/p>\n\n\n\n<p>2. Allergietests sollten zum ersten Mal durchgef\u00fchrt werden. Wenn Beschwerden auftreten, beenden Sie die Anwendung sofort.<\/p>\n\n\n\n<p>3. Die Konzentration der Vanillewurzel ist hoch und sie muss mit Basis\u00f6l verd\u00fcnnt werden;<\/p>\n\n\n\n<p>4. Da \u00e4therisches Vetiver\u00f6l eine menstruationsf\u00f6rdernde Wirkung hat, sollten schwangere Frauen auf die Anwendung verzichten.<\/p>\n\n\n\n<p>5. Bei Kindern und stillenden Frauen sollte die Anwendung unter \u00e4rztlicher Aufsicht erfolgen.<\/p>\n\n\n\n<p>6. Es wird empfohlen, es an einem k\u00fchlen und trockenen Ort aufzubewahren und direkte Sonneneinstrahlung sowie hohe Temperaturen zu vermeiden.<\/p>\n\n\n\n<h2 class=\"wp-block-heading\">Abschluss<\/h2>\n\n\n\n<p>Wir sind bestrebt, hochwertige L\u00f6sungen f\u00fcr \u00e4therische Vetiver\u00f6le anzubieten und Ihre Gesundheits- und Sch\u00f6nheitsw\u00fcnsche zu erf\u00fcllen. Dabei kommt nicht nur fortschrittliche Produktionsdestillationstechnologie zum Einsatz, sondern auch strenge Qualit\u00e4tskontrollen gew\u00e4hrleisten die Sicherheit und Wirksamkeit jedes Tropfens \u00e4therischen \u00d6ls. Gleichzeitig bieten wir auch einen umfassenden Anpassungsservice, der Ihren unterschiedlichen Szenarien und Formelanforderungen gerecht wird und Ihnen hilft, einzigartige Produkte zu entwickeln, die Ihnen einen Wettbewerbsvorteil auf dem Markt verschaffen. Bitte kontaktieren Sie uns, wenn Sie interessiert sind.<\/p>","protected":false},"excerpt":{"rendered":"Vetiver Essential Oil Manufacturing Common Formulas As a professional vetiver essential oil manufacturer, we strictly control the quality of production, from raw material procurement to finished product inspection to ensure its high quality. In addition, its concentration is higher, so we will match the corresponding formula according to the different parts of the care. 1. [&hellip;]","protected":false},"featured_media":2841,"menu_order":0,"template":"","meta":[],"product-tag":[],"products":[53],"class_list":["post-2838","product","type-product","status-publish","has-post-thumbnail","hentry","products-essential-oil"],"acf":[],"_links":{"self":[{"href":"https:\/\/www.ruiqigo.com\/de\/wp-json\/wp\/v2\/product\/2838","targetHints":{"allow":["GET"]}}],"collection":[{"href":"https:\/\/www.ruiqigo.com\/de\/wp-json\/wp\/v2\/product"}],"about":[{"href":"https:\/\/www.ruiqigo.com\/de\/wp-json\/wp\/v2\/types\/product"}],"version-history":[{"count":0,"href":"https:\/\/www.ruiqigo.com\/de\/wp-json\/wp\/v2\/product\/2838\/revisions"}],"wp:featuredmedia":[{"embeddable":true,"href":"https:\/\/www.ruiqigo.com\/de\/wp-json\/wp\/v2\/media\/2841"}],"wp:attachment":[{"href":"https:\/\/www.ruiqigo.com\/de\/wp-json\/wp\/v2\/media?parent=2838"}],"wp:term":[{"taxonomy":"product-tag","embeddable":true,"href":"https:\/\/www.ruiqigo.com\/de\/wp-json\/wp\/v2\/product-tag?post=2838"},{"taxonomy":"products","embeddable":true,"href":"https:\/\/www.ruiqigo.com\/de\/wp-json\/wp\/v2\/products?post=2838"}],"curies":[{"name":"wp","href":"https:\/\/api.w.org\/{rel}","templated":true}]}}