{"id":2847,"date":"2025-01-16T13:55:57","date_gmt":"2025-01-16T05:55:57","guid":{"rendered":"https:\/\/ruiqigo.com\/?post_type=product&#038;p=2847"},"modified":"2025-01-16T13:56:32","modified_gmt":"2025-01-16T05:56:32","slug":"purple-conditioner","status":"publish","type":"product","link":"https:\/\/www.ruiqigo.com\/de\/product\/purple-conditioner","title":{"rendered":"Lila Conditioner"},"content":{"rendered":"<h2 class=\"wp-block-heading\">Herstellung von Purple Conditioner \u2013 g\u00e4ngige Formeln<\/h2>\n\n\n\n<p>Unser Forschungs- und Entwicklungsteam hat die Formel mit einer Vielzahl nat\u00fcrlicher feuchtigkeitsspendender Inhaltsstoffe unter Ber\u00fccksichtigung des Zustands und der Pflegebed\u00fcrfnisse Ihres Haares entwickelt, um sicherzustellen, dass Ihr Haar w\u00e4hrend der Behandlung vollst\u00e4ndig gesch\u00fctzt ist.<\/p>\n\n\n\n<p>1. Sheabutter: Sheabutter hat eine feuchtigkeitsspendende Wirkung. Sie kann das Haar tiefenwirksam mit Feuchtigkeit versorgen und Wasser einschlie\u00dfen, um Wasserverlust vorzubeugen. So wird das Problem von trockenem Haar und Spliss reduziert.<\/p>\n\n\n\n<p>2. Violettes Pigment: Violettes Pigment wird aus den nat\u00fcrlichen Veilchenbl\u00e4ttern der Pflanze gewonnen und ist ein nat\u00fcrliches Pigment mit einer einzigartigen violetten Farbe und guter Stabilit\u00e4t. Es kann helfen, die Haarfarbe zu regulieren und zu verbessern und dem Haar eine ges\u00fcndere Farbe zu verleihen.<\/p>\n\n\n\n<p>3. Aloe-Extrakt: Aloe Vera hat feuchtigkeitsspendende und reparierende Eigenschaften, wodurch gesch\u00e4digtes Haar repariert und gleichzeitig mit Feuchtigkeit versorgt und geschmeidiger gemacht werden kann.<\/p>\n\n\n\n<p>4. Kokosnuss\u00f6l: Kokosnuss\u00f6l hat zusammen mit Sheabutter auch eine stark feuchtigkeitsspendende Wirkung, sch\u00fctzt das Haar au\u00dferdem vor UV-Strahlen und anderen \u00e4u\u00dferen Einfl\u00fcssen, reduziert den Proteinverlust und f\u00f6rdert so das Haarwachstum.<\/p>\n\n\n\n<p>5. Haferprotein: Haferprotein ist reich an Aminos\u00e4uren und Proteinen, die dem Haar nicht nur die n\u00f6tigen N\u00e4hrstoffe liefern, um seine St\u00e4rke und Robustheit zu verbessern, sondern auch dabei helfen, seine Struktur und seinen Glanz zu verbessern, sodass das Haar kr\u00e4ftiger und ges\u00fcnder wird.<\/p>\n\n\n\n<h2 class=\"wp-block-heading\">Die Funktionen des Purple Conditioner<\/h2>\n\n\n\n<p>Als Hersteller, der sich auf eine qualitativ hochwertige Produktion konzentriert, legen wir gro\u00dfen Wert auf die Qualit\u00e4t und Sicherheit unserer Produkte. Der gesamte Prozess der Herstellung von violetten Haarsp\u00fclungen umfasst verschiedene Qualit\u00e4tskontrollsysteme, um die Sicherheit und Wirksamkeit des Produkts zu gew\u00e4hrleisten. Werfen wir einen Blick auf seine Funktionen:<\/p>\n\n\n\n<p>1. Gelb neutralisieren: Die Hauptfunktion des violetten Conditioners besteht darin, den Messington in blondem Haar zu neutralisieren, einen saubereren, helleren Ton zu hinterlassen und die urspr\u00fcngliche gesunde Haarfarbe wiederherzustellen.<\/p>\n\n\n\n<p>2. Farbfixierung: Unser Haar-Conditioner fixiert die Farbe nach dem F\u00e4rben, verhindert, dass die Farbe zu schnell verblasst, und repariert besch\u00e4digtes Haar gr\u00fcndlich, sodass es geschmeidiger und ges\u00fcnder wird. Beachten Sie jedoch, dass er f\u00fcr blondes, helles und graues Haar gedacht ist und bei schwarzem Haar m\u00f6glicherweise nicht so wirksam ist.<\/p>\n\n\n\n<p>3. Feuchtigkeitsspendend und pflegend: Dem Conditioner werden nat\u00fcrliche feuchtigkeitsspendende und pflegende Inhaltsstoffe hinzugef\u00fcgt, die das Haar langanhaltend mit N\u00e4hrstoffen und Feuchtigkeit versorgen, trockenem Haar und Spliss vorbeugen, krauses Haar gl\u00e4tten und das Haar weich machen.<\/p>\n\n\n\n<p>4. Beruhigt die Kopfhaut: Lila Haarsp\u00fclung enth\u00e4lt auch einige beruhigende Inhaltsstoffe, die Spannungen auf der Kopfhaut l\u00f6sen, die Kopfhaut entspannen und die Aufnahme von N\u00e4hrstoffen f\u00f6rdern k\u00f6nnen. Au\u00dferdem reduziert sie Schuppen und f\u00f6rdert gesundes Haarwachstum.<\/p>\n\n\n\n<p>5. Verbesserung der Haarqualit\u00e4t: Langfristige Anwendung kann die Struktur und den Glanz des Haares deutlich verbessern und es geschmeidiger, glatter, kr\u00e4ftiger und ges\u00fcnder machen.<\/p>\n\n\n\n<h2 class=\"wp-block-heading\">Wie verwendet man Purple Conditioner?<\/h2>\n\n\n\n<p>Unsere violetten Conditioner werden in der Regel mit violetten Shampoos verwendet. Bevor Sie eines verwenden, sollten Sie das richtige f\u00fcr Ihren Haarzustand und Ihre Pflegebed\u00fcrfnisse ausw\u00e4hlen. Auf der Verpackung sind auch Hinweise zur Anwendung angegeben.<\/p>\n\n\n\n<p>1. Vorbereitungsphase: Machen Sie zuerst das Haar nass. Warmes Wasser verst\u00e4rkt die Wirkung des Produkts.<\/p>\n\n\n\n<p>2. Shampoo-Phase: Waschen Sie Ihr Haar wie gewohnt. Sie k\u00f6nnen hierf\u00fcr normales Shampoo oder Purpurshampoo verwenden. Wenn Sie Purpurshampoo verwenden, tragen Sie das Produkt vom Ansatz bis in die Spitzen auf, um eine gleichm\u00e4\u00dfige Farbverteilung zu gew\u00e4hrleisten.<\/p>\n\n\n\n<p>3. Haarpflegephase: Nehmen Sie nach dem Aussp\u00fclen des Shampoos eine angemessene Menge violetten Haar-Conditioners und verteilen Sie ihn gleichm\u00e4\u00dfig im Haar, insbesondere dort, wo die Farbe fixiert werden muss oder gelblich wird. Stellen Sie sicher, dass der Conditioner jede Haarstr\u00e4hne erreicht, insbesondere die Spitzen.<\/p>\n\n\n\n<p>4. Sp\u00fclphase: Lassen Sie den Conditioner nach dem Auftragen 5\u201315 Minuten einwirken und sp\u00fclen Sie ihn dann mit warmem Wasser aus, um sicherzustellen, dass keine R\u00fcckst\u00e4nde zur\u00fcckbleiben. Massieren Sie Ihre Kopfhaut beim Aussp\u00fclen sanft, um \u00fcbersch\u00fcssiges \u00d6l und Conditioner zu entfernen. Beachten Sie, dass die Farbver\u00e4nderung umso deutlicher wird, je l\u00e4nger die Einwirkzeit ist. Sie k\u00f6nnen die Zeit nach Ihren eigenen Bed\u00fcrfnissen anpassen.<\/p>\n\n\n\n<h2 class=\"wp-block-heading\">Vorsicht<\/h2>\n\n\n\n<p>1. Vor der Anwendung sollten Allergietests durchgef\u00fchrt werden. Wenn Beschwerden auftreten, beenden Sie die Anwendung sofort.<\/p>\n\n\n\n<p>2. Vermeiden Sie \u00fcberm\u00e4\u00dfigen Gebrauch, da es sonst zu einer zu dunklen Haarfarbe oder ungleichm\u00e4\u00dfigen Farbflecken kommen kann.<\/p>\n\n\n\n<p>3. Regelm\u00e4\u00dfig anwenden, 2-3 Mal pro Woche wird empfohlen, h\u00e4ufige Anwendung vermeiden;<\/p>\n\n\n\n<p>4. Achten Sie w\u00e4hrend der Anwendung auf Haarver\u00e4nderungen. Wenn w\u00e4hrend der Anwendung Beschwerden auftreten, beenden Sie die Anwendung und konsultieren Sie einen Arzt.<\/p>\n\n\n\n<p>5. Achten Sie bei der Verwendung mit anderen Haarprodukten darauf, dass diese mit der violetten Haarsp\u00fclung kompatibel sind.<\/p>\n\n\n\n<p>6. Es wird empfohlen, es an einem k\u00fchlen und trockenen Ort aufzubewahren und direkte Sonneneinstrahlung sowie hohe Temperaturen zu vermeiden.<\/p>\n\n\n\n<h2 class=\"wp-block-heading\">Abschluss<\/h2>\n\n\n\n<p>Unser violetter Conditioner enth\u00e4lt nicht nur eine Vielzahl nat\u00fcrlicher Pflanzenextrakte, sondern nutzt auch fortschrittliche Produktionstechnologie, sodass jeder Tropfen Haarsp\u00fclung eine kraftvolle Farbreparatur enth\u00e4lt und n\u00e4hrt und befeuchtet. Ob es nun der modische Sinn des Verpackungsdesigns oder die instinktive \u00dcberlegenheit des Produkts ist, es wurde entwickelt, um Ihrer Marke Farbe zu verleihen. Nat\u00fcrlich bieten wir auch eine Vielzahl von Haarpflegel\u00f6sungen an. Wenn Sie ebenfalls Interesse haben, kontaktieren Sie uns bitte.<\/p>","protected":false},"excerpt":{"rendered":"Purple Conditioner Manufacturing Common Formulas Our research and development team has designed the formula with a variety of natural moisturizing ingredients, taking into account your hair&#8217;s condition and care needs, to ensure that your hair is fully protected during treatment. 1. Shea butter: Shea butter has a moisturizing effect. It can deeply moisturize hair and [&hellip;]","protected":false},"featured_media":2848,"menu_order":0,"template":"","meta":[],"product-tag":[],"products":[52],"class_list":["post-2847","product","type-product","status-publish","has-post-thumbnail","hentry","products-conditioner"],"acf":[],"_links":{"self":[{"href":"https:\/\/www.ruiqigo.com\/de\/wp-json\/wp\/v2\/product\/2847","targetHints":{"allow":["GET"]}}],"collection":[{"href":"https:\/\/www.ruiqigo.com\/de\/wp-json\/wp\/v2\/product"}],"about":[{"href":"https:\/\/www.ruiqigo.com\/de\/wp-json\/wp\/v2\/types\/product"}],"version-history":[{"count":0,"href":"https:\/\/www.ruiqigo.com\/de\/wp-json\/wp\/v2\/product\/2847\/revisions"}],"wp:featuredmedia":[{"embeddable":true,"href":"https:\/\/www.ruiqigo.com\/de\/wp-json\/wp\/v2\/media\/2848"}],"wp:attachment":[{"href":"https:\/\/www.ruiqigo.com\/de\/wp-json\/wp\/v2\/media?parent=2847"}],"wp:term":[{"taxonomy":"product-tag","embeddable":true,"href":"https:\/\/www.ruiqigo.com\/de\/wp-json\/wp\/v2\/product-tag?post=2847"},{"taxonomy":"products","embeddable":true,"href":"https:\/\/www.ruiqigo.com\/de\/wp-json\/wp\/v2\/products?post=2847"}],"curies":[{"name":"wp","href":"https:\/\/api.w.org\/{rel}","templated":true}]}}