{"id":2853,"date":"2025-01-17T17:00:37","date_gmt":"2025-01-17T09:00:37","guid":{"rendered":"https:\/\/ruiqigo.com\/?post_type=product&#038;p=2853"},"modified":"2025-01-17T17:00:40","modified_gmt":"2025-01-17T09:00:40","slug":"clove-essential-oil","status":"publish","type":"product","link":"https:\/\/www.ruiqigo.com\/de\/product\/clove-essential-oil","title":{"rendered":"\u00c4therisches Nelken\u00f6l"},"content":{"rendered":"<h2 class=\"wp-block-heading\">Herstellung von \u00e4therischem Nelken\u00f6l \u2013 Allgemeine Rezepturen<\/h2>\n\n\n\n<p>Im Produktionsprozess w\u00e4hlen wir nicht nur sorgf\u00e4ltig hochwertige Rohstoffe aus, sondern verwenden auch fortschrittliche Extraktionstechnologie und ein strenges Qualit\u00e4tskontrollsystem, um den maximalen Wirkstoffgehalt des \u00e4therischen Nelken\u00f6ls zu erhalten. Hier sind die Hauptbestandteile:<\/p>\n\n\n\n<p>1. Vitamin E: Als Antioxidans kann Vitamin E Sch\u00e4den durch freie Radikale bek\u00e4mpfen und die Zellintegrit\u00e4t aufrechterhalten, wodurch die Durchblutung der Kopfhaut verbessert wird. Gleichzeitig kann es auch den Stoffwechsel der Haut f\u00f6rdern und die Feuchtigkeitsaufnahmef\u00e4higkeit der Haut verbessern. Dies tr\u00e4gt nicht nur dazu bei, die Faltenbildung zu reduzieren und die Haut elastischer zu machen, sondern verbessert auch den Zustand rauer und trockener Haut, sodass sie glatter und zarter wird.<\/p>\n\n\n\n<p>2. Eugenol: Eugenol ist der Hauptbestandteil, der eine signifikante antibakterielle und entz\u00fcndungshemmende Wirkung hat, das Bakterienwachstum hemmen kann und zur Vorbeugung von Mundproblemen wie Mundinfektionen eingesetzt werden kann. Seine entz\u00fcndungshemmenden Eigenschaften lindern Muskel- und Gelenkschmerzen und hemmen die Nervenleitung, um Mundschmerzen zu lindern. Daher wird es h\u00e4ufig als schmerzstillendes An\u00e4sthetikum verwendet. Dar\u00fcber hinaus f\u00f6rdert es auch die Verdauung und verbessert die Darmflora, was die Verdauungsfunktion weiter verbessern kann.<\/p>\n\n\n\n<p>3. Beta-Carotin: Beta-Carotin wird vom K\u00f6rper in Vitamin A umgewandelt, das die Talgproduktion im Haarfollikelzyklus reguliert und die Kopfhaut mit reichhaltigen N\u00e4hrstoffen versorgt. So kann eine langfristige Anwendung trockenem, br\u00fcchigem Haar und Haarausfall vorbeugen und das Haar gesund und gl\u00e4nzend halten. Gleichzeitig kann es auch Wachstum und Entwicklung f\u00f6rdern und die Immunit\u00e4t st\u00e4rken.<\/p>\n\n\n\n<p>4. Fetts\u00e4uren: Fetts\u00e4uren haben eine gewisse antibakterielle Wirkung, k\u00f6nnen die Wirksamkeit des \u00e4therischen Nelken\u00f6ls verst\u00e4rken und helfen, Haarausfall und Kopfhautreizungen vorzubeugen, um das Haar kr\u00e4ftiger und ges\u00fcnder zu machen.<\/p>\n\n\n\n<h2 class=\"wp-block-heading\">Die Funktionen des \u00e4therischen Nelken\u00f6ls<\/h2>\n\n\n\n<p>Wir kennen den Wert und das Potenzial des \u00e4therischen Nelken\u00f6ls und haben durch die kontinuierliche Forschung, Entwicklung und Innovation unseres F&amp;E-Teams dieses reine Komplettprodukt geschaffen.<\/p>\n\n\n\n<p>1. Antibakteriell und entz\u00fcndungshemmend: Das \u00e4therische Nelken\u00f6l ist wegen seiner hervorragenden antibakteriellen und entz\u00fcndungshemmenden Eigenschaften beliebt, die das Bakterienwachstum schnell hemmen und Entz\u00fcndungen reduzieren k\u00f6nnen. Daher kann es das Haar entgiften, Porenverstopfungen reduzieren, verschiedene Hautkrankheiten und Pilzinfektionen verhindern und auch als nat\u00fcrliches An\u00e4sthetikum verwendet werden, um Reizungen und Schwellungen entz\u00fcndeter Bereiche zu lindern.<\/p>\n\n\n\n<p>2. F\u00f6rdert die Magen-Darm-Gesundheit: Unsere \u00e4therischen \u00d6le k\u00f6nnen die Produktion von Magenschleim f\u00f6rdern, um die Auskleidung des Verdauungstrakts zu sch\u00fctzen, und so die Magen-Darm-Motilit\u00e4t f\u00f6rdern, was der Verdauung und Aufnahme von Nahrungsmitteln f\u00f6rderlich ist. Es kann auch eine Vielzahl von Darmgesundheitsproblemen behandeln, wie Reisekrankheit, Bl\u00e4hungen, Verdauungsst\u00f6rungen, Bl\u00e4hungen und \u00dcbelkeit.<\/p>\n\n\n\n<p>3. Vorbeugung von Munderkrankungen: Das \u00e4therische Nelken\u00f6l kann zum Gurgeln verd\u00fcnnt werden, wodurch nicht nur Mundgeruch beseitigt und Zahnschmerzen und Zahnerosion gelindert, sondern auch Karies und Zahnfleischentz\u00fcndungen wirksam vorgebeugt werden kann.<\/p>\n\n\n\n<p>4. F\u00f6rdert die Gesundheit: Das \u00e4therische Nelken\u00f6l enth\u00e4lt eine Vielzahl von Wirkstoffen, die die Immunabwehr des K\u00f6rpers st\u00e4rken und die Gesundheit f\u00f6rdern k\u00f6nnen. Es kann die Aufnahme von zellul\u00e4rem Blutzucker erh\u00f6hen und die Insulinsekretion f\u00f6rdern, wodurch die insulinproduzierenden Zellen verbessert, die Aorta erweitert, erh\u00f6hter Blutdruck gelindert und die Leberfunktion und andere Symptome verbessert werden.<\/p>\n\n\n\n<p>5. Beruhigt K\u00f6rper und Geist: Das einzigartige Aroma von Nelken ist w\u00fcrzig und warm zugleich und kann f\u00fcr die R\u00e4uchertherapie verwendet werden. Dieser Vorgang kann das durch emotionale Depressionen verursachte Engegef\u00fchl in der Brust lindern, K\u00f6rper und Geist entspannen und Stress abbauen sowie \u00c4ngste lindern. Es ist auch gut f\u00fcr Konzentration und Ged\u00e4chtnis.<\/p>\n\n\n\n<p>6. Haarpflege: In Kombination mit Haarpflegeprodukten entfalten unsere Produkte ihre antibakteriellen und antioxidativen Eigenschaften voll und ganz und reduzieren so Schuppen und Kopfhautjucken. Sie entfernen au\u00dferdem effektiv \u00d6l und Schmutz aus dem Haar und versorgen das Haar umfassend mit N\u00e4hrstoffen f\u00fcr ein gesundes Haarwachstum.<\/p>\n\n\n\n<p>7. Verbessert die Hautqualit\u00e4t: \u00c4therisches Nelken\u00f6l kann verschiedene Hautkrankheiten und Pilzinfektionen verhindern, Hautentz\u00fcndungen und R\u00f6tungen reduzieren, die Hautqualit\u00e4t verbessern und Ihre Haut glatter und zarter machen. Es reduziert auch den Feuchtigkeitsverlust der Haut, beugt Trockenheit vor und sch\u00fctzt Ihre Haut.<\/p>\n\n\n\n<h2 class=\"wp-block-heading\">Wie verwendet man \u00e4therisches Nelken\u00f6l?<\/h2>\n\n\n\n<p>Das \u00e4therische Nelken\u00f6l ist weit verbreitet, f\u00fcr die meisten Situationen geeignet und kann auf viele Arten verwendet werden. Wir kennzeichnen die Verwendungsmethode auf der Verpackung des fertigen Produkts und Sie sollten beim Kauf auch entsprechend Ihrem Hautzustand w\u00e4hlen.<\/p>\n\n\n\n<p>1. Lokale Anwendung: Das \u00e4therische Nelken\u00f6l und andere Basis\u00f6le werden gemischt und im richtigen Verh\u00e4ltnis verd\u00fcnnt und dann lokal auf die zu behandelnden Teile aufgetragen, wo es sanft einmassiert und absorbiert wird.<\/p>\n\n\n\n<p>2. Aromatherapie: Geben Sie ein paar Tropfen \u00e4therisches Nelken\u00f6l in den Diffusor und f\u00fchren Sie die Aromatherapie 1-2 Mal am Tag durch. Es wird empfohlen, die Aromatherapie jedes Mal etwa 30 Minuten bis 1 Stunde lang durchzuf\u00fchren.<\/p>\n\n\n\n<p>3. Mundpflege: Mischen Sie \u00e4therisches Nelken\u00f6l im richtigen Verh\u00e4ltnis mit Wasser und gurgeln Sie damit. Sp\u00fclen Sie Ihren Mund dreimal t\u00e4glich etwa 30 Sekunden lang aus.<\/p>\n\n\n\n<p>4. Dampfinhalation: Mischen Sie \u00e4therisches Nelken\u00f6l mit \u00e4therischem Zedern\u00f6l, \u00e4therischem Eukalyptus\u00f6l usw. und geben Sie es zur Dampfinhalation in den Dampfinhalator. Jede Inhalation 10-15 Minuten, 2-3 Mal am Tag, dieser Vorgang f\u00f6rdert die Sterilisation und Reinigung der Luft und kann Atemwegsinfektionen lindern.<\/p>\n\n\n\n<h2 class=\"wp-block-heading\">Vorsicht<\/h2>\n\n\n\n<p>1. W\u00e4hlen Sie vor der Anwendung ein geeignetes \u00e4therisches Nelken\u00f6l entsprechend Ihrem Hauttyp aus.<\/p>\n\n\n\n<p>2 Die Konzentration des \u00e4therischen Nelken\u00f6ls ist sehr hoch. Wenn Sie es anwenden m\u00f6chten, muss es im Verh\u00e4ltnis zur Verwendung mit dem Basis\u00f6l verd\u00fcnnt werden<\/p>\n\n\n\n<p>3. Vor der Anwendung sollten Allergietests durchgef\u00fchrt werden. Wenn Beschwerden auftreten, beenden Sie die Anwendung sofort;<\/p>\n\n\n\n<p>4. Vermeiden Sie den Kontakt mit empfindlichen Bereichen wie den Augen. Bei Kontakt sofort mit Wasser aussp\u00fclen und \u00e4rztliche Hilfe aufsuchen.<\/p>\n\n\n\n<p>5. Bewahren Sie \u00e4therisches Nelken\u00f6l au\u00dferhalb der Reichweite von Kindern auf, um eine Einnahme oder einen Missbrauch zu vermeiden.<\/p>\n\n\n\n<p>6. Es wird empfohlen, das Produkt an einem k\u00fchlen und trockenen Ort aufzubewahren, fern von direkter Sonneneinstrahlung und feuchter Umgebung mit hohen Temperaturen.<\/p>\n\n\n\n<h2 class=\"wp-block-heading\">Abschluss<\/h2>\n\n\n\n<p>Als Hersteller, der sich auf die qualitativ hochwertige Produktion von Nelken konzentriert, stellen wir sicher, dass jeder Tropfen \u00e4therisches \u00d6l seine Funktion erf\u00fcllt, nicht nur durch den Kauf nat\u00fcrlicher, reiner und schadstofffreier Rohstoffe, sondern auch durch moderne Produktionsanlagen zur Gewinnung \u00e4therischer \u00d6le. In diesem gesamten Prozess gibt es ein vollst\u00e4ndiges Qualit\u00e4tskontrollsystem, um die Sicherheit und Wirksamkeit des Produkts zu gew\u00e4hrleisten. Nat\u00fcrlich bieten wir auch eine umfassende Palette ma\u00dfgeschneiderter Dienstleistungen an und k\u00f6nnen ma\u00dfgeschneiderte L\u00f6sungen entsprechend Ihren Anforderungen bereitstellen, damit Sie schnell den Markt erobern und einen Wettbewerbsvorteil erzielen k\u00f6nnen. Wenn Sie interessiert sind, kontaktieren Sie uns bitte umgehend.<\/p>","protected":false},"excerpt":{"rendered":"Clove Essential Oil Manufacturing Common Formulas In the production process, we not only carefully select high-quality raw materials, but also use advanced extraction technology and a strict quality control system, aiming to retain the maximum active ingredient of clove essential oil. Here are its main ingredients: 1. Vitamin E: As an antioxidant, vitamin E can [&hellip;]","protected":false},"featured_media":2854,"menu_order":0,"template":"","meta":[],"product-tag":[],"products":[53],"class_list":["post-2853","product","type-product","status-publish","has-post-thumbnail","hentry","products-essential-oil"],"acf":[],"_links":{"self":[{"href":"https:\/\/www.ruiqigo.com\/de\/wp-json\/wp\/v2\/product\/2853","targetHints":{"allow":["GET"]}}],"collection":[{"href":"https:\/\/www.ruiqigo.com\/de\/wp-json\/wp\/v2\/product"}],"about":[{"href":"https:\/\/www.ruiqigo.com\/de\/wp-json\/wp\/v2\/types\/product"}],"version-history":[{"count":0,"href":"https:\/\/www.ruiqigo.com\/de\/wp-json\/wp\/v2\/product\/2853\/revisions"}],"wp:featuredmedia":[{"embeddable":true,"href":"https:\/\/www.ruiqigo.com\/de\/wp-json\/wp\/v2\/media\/2854"}],"wp:attachment":[{"href":"https:\/\/www.ruiqigo.com\/de\/wp-json\/wp\/v2\/media?parent=2853"}],"wp:term":[{"taxonomy":"product-tag","embeddable":true,"href":"https:\/\/www.ruiqigo.com\/de\/wp-json\/wp\/v2\/product-tag?post=2853"},{"taxonomy":"products","embeddable":true,"href":"https:\/\/www.ruiqigo.com\/de\/wp-json\/wp\/v2\/products?post=2853"}],"curies":[{"name":"wp","href":"https:\/\/api.w.org\/{rel}","templated":true}]}}