{"id":286,"date":"2024-07-05T16:24:54","date_gmt":"2024-07-05T08:24:54","guid":{"rendered":"https:\/\/ruiqigo.com\/?post_type=product&#038;p=286"},"modified":"2024-11-15T16:42:19","modified_gmt":"2024-11-15T08:42:19","slug":"cinnamon-essential-oil","status":"publish","type":"product","link":"https:\/\/www.ruiqigo.com\/de\/product\/cinnamon-essential-oil","title":{"rendered":"\u00c4therisches Zimt\u00f6l"},"content":{"rendered":"<h2 class=\"wp-block-heading\">Herstellung von \u00e4therischem Zimt\u00f6l \u2013 g\u00e4ngige Formeln<\/h2>\n\n\n\n<p>Das \u00e4therische Zimt\u00f6l wird aus Zimtb\u00e4umen gewonnen, die auf unseren eigenen Farmen angebaut werden. Dank des idealen subtropischen Klimas, des fruchtbaren Bodens und der professionellen Pflanztechniken ist die Rinde der Zimtb\u00e4ume von hoher Qualit\u00e4t. W\u00e4hrend des Ernteprozesses gehen die Arbeiter engagiert und sorgf\u00e4ltig vor, um sicherzustellen, dass jede Charge des Rohmaterials die gew\u00fcnschte Aromaintensit\u00e4t und den gew\u00fcnschten Wirkstoffgehalt erreicht. Nach einem komplexen Extraktions- und Destillationsprozess weist das endg\u00fcltig extrahierte \u00e4therische Zimt\u00f6l ein starkes Zimtaroma, eine reine Farbe und eine feine Textur auf, was die Qualit\u00e4tsmerkmale des Rohmaterials vollst\u00e4ndig widerspiegelt. Als langlebiger Hersteller \u00e4therischer Zimt\u00f6le legt dieses hochwertige nat\u00fcrliche Pflanzenmaterial eine solide Grundlage f\u00fcr die hervorragende Qualit\u00e4t des \u00e4therischen Zimt\u00f6ls.<\/p>\n\n\n\n<h2 class=\"wp-block-heading\">\u00a0Anwendungsszenarien f\u00fcr \u00e4therisches Zimt\u00f6l<\/h2>\n\n\n\n<p>\u00c4therisches Zimt\u00f6l eignet sich am besten f\u00fcr die Verwendung in subtropischen oder tropischen Klimazonen. W\u00e4hrend der hei\u00dfen, feuchten Sommermonate bietet \u00e4therisches Zimt\u00f6l dem Benutzer ein erfrischendes Erlebnis und hilft, hitzige und gereizte Stimmungen zu lindern. In den Wintermonaten kann das sanfte Aroma des \u00e4therischen Zimt\u00f6ls kalten Umgebungen einen Hauch von W\u00e4rme verleihen und dabei helfen, Geist und K\u00f6rper zu entspannen und zu beruhigen. Ob als Aromatherapie-Diffusor zu Hause oder als Wellness-Behandlung im Freien \u2013 \u00e4therisches Zimt\u00f6l eignet sich hervorragend f\u00fcr verschiedene Klimazonen. Aufgrund der hohen Reizwirkung muss es jedoch auf eine sichere Konzentration verd\u00fcnnt werden, sodass es verwendet werden kann. Die Verwendung bei S\u00e4uglingen und Kleinkindern sowie schwangeren Frauen und Schwangeren ist zu vermeiden.<\/p>\n\n\n\n<h2 class=\"wp-block-heading\">F\u00fcr wen ist \u00e4therisches Zimt\u00f6l geeignet<\/h2>\n\n\n\n<p>\u00c4therisches Zimt\u00f6l ist f\u00fcr Anwender jeden Alters geeignet. Bei Teenagern kann es Akne und andere Hautprobleme wirksam lindern, emotionale \u00c4ngste lindern und einen erholsamen Schlaf f\u00f6rdern. Bei Menschen mittleren und h\u00f6heren Alters kann \u00e4therisches Zimt\u00f6l Gelenkschmerzen lindern, das Immunsystem st\u00e4rken und Herz-Kreislauf-Erkrankungen vorbeugen. Aufgrund der starken Reizwirkung muss es jedoch vor der Anwendung auf eine sichere Konzentration verd\u00fcnnt werden. S\u00e4uglinge und schwangere Frauen sollten es nicht verwenden.<\/p>\n\n\n\n<h2 class=\"wp-block-heading\">Herstellungsprozess von \u00e4therischem Zimt\u00f6l<\/h2>\n\n\n\n<p>Der Produktionsprozess von \u00e4therischem Zimt\u00f6l ist recht komplex und erfordert sorgf\u00e4ltiges Anbaumanagement, Ernte und Verarbeitung, Extraktion und Destillation. Zun\u00e4chst beschneiden die Landarbeiter die B\u00e4ume regelm\u00e4\u00dfig, um sicherzustellen, dass die B\u00e4ume stark wachsen und reichlich Ertrag bringen. W\u00e4hrend der Erntezeit pfl\u00fccken sie die Rinde der B\u00e4ume vorsichtig, um Sch\u00e4den zu vermeiden. Als umweltfreundlicher Hersteller von \u00e4therischem Zimt\u00f6l gelangt der Rohstoff dann in die Extraktionsanlage, wo er bei hohen Temperaturen einer Wasserdampfdestillation unterzogen wird, um das reine und reichhaltige \u00e4therische Zimt\u00f6l zu extrahieren.<\/p>","protected":false},"excerpt":{"rendered":"Cinnamon essential oil manufacturing common formulas Cinnamon essential oil is made from cinnamon trees grown on our own farms. With the ideal subtropical climate, fertile soil and professional planting techniques, the bark of cinnamon trees is of high quality. During the harvesting process, workers are dedicated and careful to ensure that each batch of raw [&hellip;]","protected":false},"featured_media":287,"menu_order":0,"template":"","meta":[],"product-tag":[],"products":[53],"class_list":["post-286","product","type-product","status-publish","has-post-thumbnail","hentry","products-essential-oil"],"acf":[],"_links":{"self":[{"href":"https:\/\/www.ruiqigo.com\/de\/wp-json\/wp\/v2\/product\/286","targetHints":{"allow":["GET"]}}],"collection":[{"href":"https:\/\/www.ruiqigo.com\/de\/wp-json\/wp\/v2\/product"}],"about":[{"href":"https:\/\/www.ruiqigo.com\/de\/wp-json\/wp\/v2\/types\/product"}],"version-history":[{"count":0,"href":"https:\/\/www.ruiqigo.com\/de\/wp-json\/wp\/v2\/product\/286\/revisions"}],"wp:featuredmedia":[{"embeddable":true,"href":"https:\/\/www.ruiqigo.com\/de\/wp-json\/wp\/v2\/media\/287"}],"wp:attachment":[{"href":"https:\/\/www.ruiqigo.com\/de\/wp-json\/wp\/v2\/media?parent=286"}],"wp:term":[{"taxonomy":"product-tag","embeddable":true,"href":"https:\/\/www.ruiqigo.com\/de\/wp-json\/wp\/v2\/product-tag?post=286"},{"taxonomy":"products","embeddable":true,"href":"https:\/\/www.ruiqigo.com\/de\/wp-json\/wp\/v2\/products?post=286"}],"curies":[{"name":"wp","href":"https:\/\/api.w.org\/{rel}","templated":true}]}}