{"id":2899,"date":"2025-01-21T16:29:00","date_gmt":"2025-01-21T08:29:00","guid":{"rendered":"https:\/\/ruiqigo.com\/?post_type=product&#038;p=2899"},"modified":"2025-01-21T16:29:31","modified_gmt":"2025-01-21T08:29:31","slug":"mens-body-wash","status":"publish","type":"product","link":"https:\/\/www.ruiqigo.com\/de\/product\/mens-body-wash","title":{"rendered":"Duschgel f\u00fcr M\u00e4nner"},"content":{"rendered":"<h2 class=\"wp-block-heading\">Herstellung g\u00e4ngiger Formeln f\u00fcr Duschgels f\u00fcr M\u00e4nner<\/h2>\n\n\n\n<p>Bei der Herstellung und Entwicklung von Duschgels f\u00fcr M\u00e4nner haben wir verschiedene Formeln f\u00fcr unterschiedliche Hauttypen und Hautpflegebed\u00fcrfnisse entwickelt, und die Inhaltsstoffe der verschiedenen Formeln sind unterschiedlich. Bevor Sie es verwenden, sollten Sie ein Produkt ausw\u00e4hlen, das f\u00fcr Ihren Hauttyp geeignet ist.<\/p>\n\n\n\n<p>1. Lavendel\u00f6l: Das warme und elegante Aroma von Lavendel kann nicht nur K\u00f6rper und Geist entspannen und Stress abbauen, sondern h\u00e4lt auch lange an und hilft Ihnen, Ger\u00fcche zu beseitigen. Gleichzeitig k\u00f6nnen seine entz\u00fcndungshemmenden Eigenschaften auch Hautr\u00f6tungen und Flecken reduzieren und die \u00d6lproduktion der Haut regulieren, um das fettige Gef\u00fchl zu reduzieren.<\/p>\n\n\n\n<p>2. Moringasamen\u00f6l: Moringasamen\u00f6l ist reich an Antioxidantien, die Sch\u00e4den durch freie Radikale bek\u00e4mpfen, den Kollagen- und Hyalurons\u00e4urespiegel aufrechterhalten und die Hautalterung verz\u00f6gern k\u00f6nnen. Seine N\u00e4hrstoffe helfen, gesch\u00e4digte Haut zu reparieren, die Hautstruktur zu verbessern und die Haut zu n\u00e4hren, w\u00e4hrend sie sie vor Sonnensch\u00e4den sch\u00fctzt.<\/p>\n\n\n\n<p>3. Argan\u00f6l: Argan\u00f6l ist leicht und zieht schnell ein. Nach der Anwendung bleibt die Haut glatt und zart. M\u00e4nner neigen auch dazu, mehr \u00d6l zu produzieren, und \u00fcbersch\u00fcssiges \u00d6l auf der Haut kann zu verstopften Poren und wunden Stellen f\u00fchren. Unser Argan\u00f6l hilft, die Talgproduktion zu regulieren und spendet tiefe Feuchtigkeit.<\/p>\n\n\n\n<p>4. Aloe Vera: Nat\u00fcrliche Aloe Vera enth\u00e4lt eine Vielzahl von Vitaminen sowie hautpflegende Inhaltsstoffe, die nicht nur die Kollagenproduktion f\u00f6rdern, um die Haut vor Sch\u00e4den zu sch\u00fctzen, sondern auch gereizte und sonnenverbrannte Haut beruhigen und die Wundheilung f\u00f6rdern. Dar\u00fcber hinaus helfen ihre Enzyme beim Peeling und Entfernen abgestorbener Hautzellen und bilden einen Schutzfilm, um Wasserverlust vorzubeugen.<\/p>\n\n\n\n<p>5. Salicyls\u00e4ure: Salicyls\u00e4ure kann in die Poren eindringen, \u00d6l und Schmutz wirksam von der Hautoberfl\u00e4che entfernen und den Stoffwechsel der Haut f\u00f6rdern, um eine \u00fcberm\u00e4\u00dfige \u00d6lsekretion zu verringern.<\/p>\n\n\n\n<h2 class=\"wp-block-heading\">Die Funktionen von Duschgel f\u00fcr M\u00e4nner<\/h2>\n\n\n\n<p>Um Ihnen das ultimative Badeerlebnis zu bieten, verwenden wir nat\u00fcrliche, reine und schadstofffreie Inhaltsstoffe. Egal, ob Sie Ihre Haut mit Feuchtigkeit versorgen, die Talgproduktion kontrollieren oder K\u00f6rperwunden bek\u00e4mpfen oder andere spezielle Pflege ben\u00f6tigen, unser Duschgel pflegt Ihre Haut sorgf\u00e4ltig, sogar empfindliche Muskeln.<\/p>\n\n\n\n<p>1. Tiefenreinigung: Das Duschgel f\u00fcr M\u00e4nner hat eine starke Reinigungskraft, es kann in die Poren eindringen und reichhaltigen Schaum erzeugen, um Schmutz, \u00d6l und Unreinheiten von der Haut zu entfernen, sodass Ihre Haut frisch und nicht fettig bleibt.<\/p>\n\n\n\n<p>2. Feuchtigkeitsspendend und feuchtigkeitsspendend: Unser Duschgel enth\u00e4lt eine Vielzahl feuchtigkeitsspendender Inhaltsstoffe, um die Feuchtigkeit der Haut wieder aufzuf\u00fcllen und fest einzuschlie\u00dfen, um Trockenheit vorzubeugen. Es liefert auch N\u00e4hrstoffe, die helfen, die Hautstruktur zu verbessern und die Hautelastizit\u00e4t wiederherzustellen.<\/p>\n\n\n\n<p>3. \u00d6lkontrollierende Erfrischung: \u00d6lkontrollierende Inhaltsstoffe in Duschgels k\u00f6nnen die \u00d6lsekretion regulieren und ein fettiges Gef\u00fchl reduzieren. Langfristige Anwendung hilft, die \u00d6lsekretion zu reduzieren, um den Effekt der \u00d6lkontrolle zu erzielen.<\/p>\n\n\n\n<p>4. Entfernung von Sitzwunden: Regelm\u00e4\u00dfige Anwendung kann Bakterien und Entz\u00fcndungen auf der Haut sowie die Ansammlung abgestorbener Hautzellen reduzieren und so Akne und Sitzwunden vorbeugen und die allgemeine Gesundheit der Haut f\u00f6rdern.<\/p>\n\n\n\n<p>5. Anhaltender Duft: Die Duftstoffe im Duschgel f\u00fcr M\u00e4nner behalten ihren Duft lange, was zu einer Geruchsreduzierung, einer Steigerung des pers\u00f6nlichen Charmes und einer Erh\u00f6hung des Selbstvertrauens beitr\u00e4gt.<\/p>\n\n\n\n<h2 class=\"wp-block-heading\">Wie verwendet man Duschgel f\u00fcr M\u00e4nner?<\/h2>\n\n\n\n<p>Die richtige Anwendung steigert den Badegenuss und f\u00fchrt zu einer besseren Hautpflege, die Anwendung weisen wir auch auf der Verpackung aus.<\/p>\n\n\n\n<p>1. Befeuchten Sie die Haut: Machen Sie den K\u00f6rper vor der Verwendung des Duschgels nass. Sie k\u00f6nnen warmes Wasser verwenden, um die Poren besser zu \u00f6ffnen.<\/p>\n\n\n\n<p>2. Reiben und aufsch\u00e4umen: Eine angemessene Menge Duschgel f\u00fcr M\u00e4nner auf die Handfl\u00e4che oder einen Badeball geben und verreiben, bis es aufsch\u00e4umt;<\/p>\n\n\n\n<p>3. Massage: Den Schaum gleichm\u00e4\u00dfig auf den ganzen K\u00f6rper auftragen und sanft einmassieren. Besonders an Ellbogen, Knien und anderen K\u00f6rperstellen mit dicker Nagelhaut kann die Massagezeit entsprechend verl\u00e4ngert werden.<\/p>\n\n\n\n<p>4. Mit Wasser absp\u00fclen: Sp\u00fclen Sie den Schaum nach der Massage mit Wasser ab, um sicherzustellen, dass keine Schaumr\u00fcckst\u00e4nde vorhanden sind, und trocknen Sie ihn vorsichtig mit einem Handtuch ab.<\/p>\n\n\n\n<p>5. Nachbehandlung: Nach dem Baden k\u00f6nnen Sie etwas K\u00f6rperlotion oder Feuchtigkeitscreme verwenden, um die Haut feucht und weich zu halten, insbesondere bei trockener und kalter Umgebung.<\/p>\n\n\n\n<h2 class=\"wp-block-heading\">Vorsicht<\/h2>\n\n\n\n<p>1. W\u00e4hlen Sie vor der Anwendung ein geeignetes Duschgel f\u00fcr M\u00e4nner entsprechend Ihrem Hauttyp aus.<\/p>\n\n\n\n<p>2. Vor der Anwendung sollten Allergietests durchgef\u00fchrt werden. Wenn Beschwerden auftreten, beenden Sie die Anwendung sofort und konsultieren Sie einen Arzt um Rat.<\/p>\n\n\n\n<p>3. Vermeiden Sie \u00fcberm\u00e4\u00dfige Reinigung. Es wird eine Anwendung einmal t\u00e4glich empfohlen. Bei empfindlicher Haut k\u00f6nnen Sie das Produkt 2\u20133 Mal pro Woche anwenden.<\/p>\n\n\n\n<p>4. Achten Sie auf die Sicherheit der Inhaltsstoffe, \u00fcberpr\u00fcfen Sie bei der Auswahl die Zutatenliste und vermeiden Sie die Verwendung von Produkten mit reizenden oder allergieausl\u00f6senden Inhaltsstoffen.<\/p>\n\n\n\n<p>5. Es wird empfohlen, an einem k\u00fchlen und trockenen Ort zu lagern, direkte Sonneneinstrahlung und Umgebungstemperaturen zu vermeiden und auf die Versiegelung zu achten.<\/p>\n\n\n\n<h2 class=\"wp-block-heading\">Abschluss<\/h2>\n\n\n\n<p>F\u00fcr diejenigen unter Ihnen, die Qualit\u00e4t und Effizienz suchen, ist unser Duschgel f\u00fcr M\u00e4nner die beste Wahl. Wir integrieren nicht nur die doppelte Wirkung von Tiefenreinigung und Tiefenbefeuchtung, sondern verf\u00fcgen auch \u00fcber moderne Produktionsanlagen und eine gro\u00dfe Produktionswerkstatt, die eine Produktion im gro\u00dfen Ma\u00dfstab erm\u00f6glicht. Unser Verpackungsdesign unterstreicht den Geschmack und Stil urbaner M\u00e4nner und hilft Ihnen, sich auf dem wettbewerbsintensiven Markt abzuheben. Bitte kontaktieren Sie uns, wenn Sie interessiert sind.<\/p>\n\n\n\n<p><\/p>","protected":false},"excerpt":{"rendered":"Men\u2019s Body Wash Manufacturing Common Formulas In the production and development of men&#8217;s body wash, we have designed a variety of formulas according to different skin types and skin care needs, and the ingredients of different formulas are different. Before you use it, you should choose a product that is suitable for your skin type. [&hellip;]","protected":false},"featured_media":2900,"menu_order":0,"template":"","meta":[],"product-tag":[],"products":[57],"class_list":["post-2899","product","type-product","status-publish","has-post-thumbnail","hentry","products-body-wash"],"acf":[],"_links":{"self":[{"href":"https:\/\/www.ruiqigo.com\/de\/wp-json\/wp\/v2\/product\/2899","targetHints":{"allow":["GET"]}}],"collection":[{"href":"https:\/\/www.ruiqigo.com\/de\/wp-json\/wp\/v2\/product"}],"about":[{"href":"https:\/\/www.ruiqigo.com\/de\/wp-json\/wp\/v2\/types\/product"}],"version-history":[{"count":0,"href":"https:\/\/www.ruiqigo.com\/de\/wp-json\/wp\/v2\/product\/2899\/revisions"}],"wp:featuredmedia":[{"embeddable":true,"href":"https:\/\/www.ruiqigo.com\/de\/wp-json\/wp\/v2\/media\/2900"}],"wp:attachment":[{"href":"https:\/\/www.ruiqigo.com\/de\/wp-json\/wp\/v2\/media?parent=2899"}],"wp:term":[{"taxonomy":"product-tag","embeddable":true,"href":"https:\/\/www.ruiqigo.com\/de\/wp-json\/wp\/v2\/product-tag?post=2899"},{"taxonomy":"products","embeddable":true,"href":"https:\/\/www.ruiqigo.com\/de\/wp-json\/wp\/v2\/products?post=2899"}],"curies":[{"name":"wp","href":"https:\/\/api.w.org\/{rel}","templated":true}]}}