{"id":291,"date":"2024-07-05T16:27:41","date_gmt":"2024-07-05T08:27:41","guid":{"rendered":"https:\/\/ruiqigo.com\/?post_type=product&#038;p=291"},"modified":"2024-11-15T16:41:32","modified_gmt":"2024-11-15T08:41:32","slug":"organic-essential-oil","status":"publish","type":"product","link":"https:\/\/www.ruiqigo.com\/de\/product\/organic-essential-oil","title":{"rendered":"Bio \u00e4therisches \u00d6l"},"content":{"rendered":"<h2 class=\"wp-block-heading\">G\u00e4ngige Formeln f\u00fcr die Herstellung von biologischem \u00e4therischem \u00d6l<\/h2>\n\n\n\n<p>Bio-\u00e4therische \u00d6le stammen von zertifizierten Bio-Farmen, die nat\u00fcrliche und umweltfreundliche Anbaumethoden verwenden, um sicherzustellen, dass die Rohstoffe keine Chemikalien enthalten. Die Arbeiter gehen w\u00e4hrend des Ernteprozesses \u00e4u\u00dferst vorsichtig vor, um die Pflanzen nicht zu besch\u00e4digen. Nach einem professionellen Extraktionsprozess behalten die extrahierten \u00e4therischen Bio-\u00d6le die urspr\u00fcngliche aromatische Aktivit\u00e4t der Pflanzen bei, wodurch die beste Qualit\u00e4t und Wirksamkeit gew\u00e4hrleistet wird. Als ausgezeichneter Hersteller \u00e4therischer Bio-\u00d6le bietet diese standardisierte Kontrolle des Anbaus und der Extraktion eine solide Garantie f\u00fcr die Qualit\u00e4t der \u00e4therischen Bio-\u00d6le.<\/p>\n\n\n\n<h2 class=\"wp-block-heading\">Anwendungsszenarien f\u00fcr \u00e4therische Bio\u00f6le<\/h2>\n\n\n\n<p>Als Essenz nat\u00fcrlicher Pflanzen k\u00f6nnen organische \u00e4therische \u00d6le in einer Vielzahl von Umgebungen gut wirken. In den hei\u00dfen Sommermonaten kann das erfrischende Aroma organischer \u00e4therischer \u00d6le helfen, die Hitze zu lindern und ein entspannendes und angenehmes Erlebnis zu schaffen. In den kalten Wintermonaten kann der sanfte Duft organischer \u00e4therischer \u00d6le dem Anwender W\u00e4rme und Erleichterung bringen und emotionale \u00c4ngste lindern. Ob f\u00fcr Aromatherapie im Innenbereich oder Aktivit\u00e4ten im Freien, organische \u00e4therische \u00d6le bieten ein einzigartiges Naturerlebnis. Ihre Vielseitigkeit macht sie ideal f\u00fcr eine Vielzahl von Anl\u00e4ssen.<\/p>\n\n\n\n<h2 class=\"wp-block-heading\">F\u00fcr wen ist das \u00e4therische Bio-\u00d6l geeignet?<\/h2>\n\n\n\n<p>Bio-\u00e4therische \u00d6le eignen sich f\u00fcr viele Menschen, darunter auch f\u00fcr Menschen, die nat\u00fcrliche Heilmittel zur Verbesserung des Hautzustands, zum Stressabbau, zur Stimmungsaufhellung oder f\u00fcr ein Aromatherapie-Erlebnis suchen. Ob Sie eine Person mit empfindlicher Haut sind, ein B\u00fcroangestellter auf der Suche nach Entspannung, eine Hausfrau, die ihre Lebensqualit\u00e4t verbessern m\u00f6chte, oder ein Naturheilkundler, der sich um seine Gesundheit sorgt, Bio-\u00e4therische \u00d6le k\u00f6nnen Ihnen nat\u00fcrliche, reine Behandlungen und wohltuende Wirkungen bieten. Allerdings sollten Bio-\u00e4therische \u00d6le bei Schwangeren, Kindern, Menschen mit bestimmten Krankheiten und Menschen mit besonders empfindlicher Haut oder k\u00f6rperlichen Beschwerden mit Vorsicht angewendet werden.<\/p>\n\n\n\n<h2 class=\"wp-block-heading\">Herstellungsprozess von biologischem \u00e4therischem \u00d6l<\/h2>\n\n\n\n<p>Als exzellenter Hersteller von Bio-\u00e4therischen \u00d6len ist der Produktionsprozess von Bio-\u00e4therischen \u00d6len sehr spezialisiert und komplex. Vom Anbau der Rohstoffe bis zur endg\u00fcltigen Extraktion muss jeder Schritt streng kontrolliert werden. Das Unternehmen hat nicht nur fortschrittliche Testger\u00e4te eingef\u00fchrt, um jede Rohstoffcharge vollst\u00e4ndig zu \u00fcberwachen, sondern auch ein perfektes Qualit\u00e4tsmanagementsystem eingerichtet, um sicherzustellen, dass die Produkte den Bio-Zertifizierungsstandards entsprechen. W\u00e4hrend des Extraktionsprozesses verwenden die Arbeiter als pr\u00e4ziser Hersteller von Bio-\u00e4therischen \u00d6len niedrige Temperaturen und niedrigen Druck, um die Sch\u00e4den an den Pflanzenbestandteilen zu minimieren und die beste Aktivit\u00e4t der Rohstoffe zu erhalten.<\/p>\n\n\n\n<p><\/p>","protected":false},"excerpt":{"rendered":"Organic essential oil manufacturing common formulas Organic essential oil are sourced from certified organic farms, which use natural and pollution-free farming methods to ensure that the raw materials do not contain any chemicals. Workers are extremely careful during the harvesting process to avoid damaging the plants. After a professional extraction process, the extracted organic essential [&hellip;]","protected":false},"featured_media":371,"menu_order":0,"template":"","meta":[],"product-tag":[],"products":[53],"class_list":["post-291","product","type-product","status-publish","has-post-thumbnail","hentry","products-essential-oil"],"acf":[],"_links":{"self":[{"href":"https:\/\/www.ruiqigo.com\/de\/wp-json\/wp\/v2\/product\/291","targetHints":{"allow":["GET"]}}],"collection":[{"href":"https:\/\/www.ruiqigo.com\/de\/wp-json\/wp\/v2\/product"}],"about":[{"href":"https:\/\/www.ruiqigo.com\/de\/wp-json\/wp\/v2\/types\/product"}],"version-history":[{"count":0,"href":"https:\/\/www.ruiqigo.com\/de\/wp-json\/wp\/v2\/product\/291\/revisions"}],"wp:featuredmedia":[{"embeddable":true,"href":"https:\/\/www.ruiqigo.com\/de\/wp-json\/wp\/v2\/media\/371"}],"wp:attachment":[{"href":"https:\/\/www.ruiqigo.com\/de\/wp-json\/wp\/v2\/media?parent=291"}],"wp:term":[{"taxonomy":"product-tag","embeddable":true,"href":"https:\/\/www.ruiqigo.com\/de\/wp-json\/wp\/v2\/product-tag?post=291"},{"taxonomy":"products","embeddable":true,"href":"https:\/\/www.ruiqigo.com\/de\/wp-json\/wp\/v2\/products?post=291"}],"curies":[{"name":"wp","href":"https:\/\/api.w.org\/{rel}","templated":true}]}}