{"id":296,"date":"2024-07-05T16:38:45","date_gmt":"2024-07-05T08:38:45","guid":{"rendered":"https:\/\/ruiqigo.com\/?post_type=product&#038;p=296"},"modified":"2024-11-15T16:40:07","modified_gmt":"2024-11-15T08:40:07","slug":"tea-tree-essential-oil","status":"publish","type":"product","link":"https:\/\/www.ruiqigo.com\/de\/product\/tea-tree-essential-oil","title":{"rendered":"\u00c4therisches Teebaum\u00f6l"},"content":{"rendered":"<h2 class=\"wp-block-heading\">Allgemeine Formeln zur Herstellung von \u00e4therischem Teebaum\u00f6l<\/h2>\n\n\n\n<p>Das \u00e4therische Teebaum\u00f6l stammt aus zertifizierten Bioplantagen, auf denen die Teeb\u00e4ume auf nat\u00fcrliche und \u00f6kologische Weise ohne chemische Zus\u00e4tze angebaut werden. W\u00e4hrend des Ernteprozesses gehen die Arbeiter sehr sorgf\u00e4ltig vor, um die Teeb\u00e4ume so wenig wie m\u00f6glich zu sch\u00e4digen. Als f\u00fchrender Hersteller von \u00e4therischem Teebaum\u00f6l wird der Teebaum destilliert und extrahiert, wodurch die urspr\u00fcnglichen Wirkstoffe des Teebaums, wie z. B. Monoterpene, vollst\u00e4ndig erhalten bleiben, um die beste Qualit\u00e4t des \u00e4therischen \u00d6ls sicherzustellen.<\/p>\n\n\n\n<h2 class=\"wp-block-heading\">Anwendungsszenarien f\u00fcr \u00e4therisches Teebaum\u00f6l<\/h2>\n\n\n\n<p>Das \u00e4therische Teebaum\u00f6l eignet sich aufgrund seines einzigartigen frischen Aromas und seiner breitgef\u00e4cherten antiseptischen Eigenschaften gut f\u00fcr verschiedene Klimazonen. In den hei\u00dfen, feuchten Sommermonaten kann es juckende Haut lindern und Bakterienwachstum hemmen; in den kalten, trockenen Wintermonaten kann Teebaum\u00f6l entz\u00fcndungshemmend und feuchtigkeitsspendend wirken und den Hautzustand verbessern. Dar\u00fcber hinaus ist das \u00e4therische Teebaum\u00f6l auch wirksam zur Reinigung der Haut, zur Beseitigung von Windpocken, Herpes, eitrigen Wunden, Warzen, Geschw\u00fcren, Verbrennungen, Sonnenbrand sowie zur Linderung von Ringelflechte, Fu\u00dfpilz, Schuppen usw.<\/p>\n\n\n\n<h2 class=\"wp-block-heading\">F\u00fcr wen ist \u00e4therisches Teebaum\u00f6l geeignet?<\/h2>\n\n\n\n<p>Teebaum\u00f6l kann von einer Vielzahl von Anwendergruppen verwendet werden. Es kann Akne, Ekzeme und andere Hautprobleme wirksam lindern, Gelenk- und Muskelschmerzen lindern und die Immunfunktion st\u00e4rken. Es ist wichtig zu beachten, dass bei der Anwendung im Gesicht darauf geachtet werden muss, nicht zu nahe an die Augenpartie zu kommen und Augenbeschwerden zu verursachen. Nicht f\u00fcr die Anwendung auf empfindlichen Hautpartien geeignet.<\/p>\n\n\n\n<h2 class=\"wp-block-heading\">Herstellungsprozess des \u00e4therischen Teebaum\u00f6ls<\/h2>\n\n\n\n<p>Das \u00e4therische Teebaum\u00f6l stammt haupts\u00e4chlich aus mehreren Pflanzenarten der Myrtengew\u00e4chse, Melaleuca alternifolia, wobei die vorherrschende Art, bekannt als Melaleuca alternifolia, in Australien heimisch ist. Beim Sammeln des Rohmaterials werden die Bl\u00e4tter und Triebe jedes Teebaums genau geerntet, um die Qualit\u00e4t des extrahierten \u00e4therischen \u00d6ls sicherzustellen. Das rohe Teebaummaterial wird durch einen Absetztank in ein Destillationsgef\u00e4\u00df gef\u00fcllt, um den Destillationsextraktionsprozess zu starten. Als zuverl\u00e4ssiger Hersteller von \u00e4therischem Teebaum\u00f6l umfasst dieser Schritt die Erzeugung von Dampf durch Erhitzen, sodass der Wasserdampf, der das \u00e4therische \u00d6l des Teebaums enth\u00e4lt, durch eine Leitung gesammelt und zu einer Fl\u00fcssigkeit abgek\u00fchlt wird. Aufgrund des Dichteunterschieds zwischen Wasser und \u00e4therischem \u00d6l wird das \u00e4therische Teebaum\u00f6l schnell abgetrennt und das verbleibende Wasser wird zu Teebaump\u00fcree.<\/p>","protected":false},"excerpt":{"rendered":"Tea tree essential oil manufacturing common formulas Tea tree essential oil is sourced from certified organic plantations, where the tea trees are grown in a natural and ecological way without any chemical additives. During the harvesting process, the workers are very careful to avoid harming the tea trees as much as possible. As a leading [&hellip;]","protected":false},"featured_media":380,"menu_order":0,"template":"","meta":[],"product-tag":[],"products":[53],"class_list":["post-296","product","type-product","status-publish","has-post-thumbnail","hentry","products-essential-oil"],"acf":[],"_links":{"self":[{"href":"https:\/\/www.ruiqigo.com\/de\/wp-json\/wp\/v2\/product\/296","targetHints":{"allow":["GET"]}}],"collection":[{"href":"https:\/\/www.ruiqigo.com\/de\/wp-json\/wp\/v2\/product"}],"about":[{"href":"https:\/\/www.ruiqigo.com\/de\/wp-json\/wp\/v2\/types\/product"}],"version-history":[{"count":0,"href":"https:\/\/www.ruiqigo.com\/de\/wp-json\/wp\/v2\/product\/296\/revisions"}],"wp:featuredmedia":[{"embeddable":true,"href":"https:\/\/www.ruiqigo.com\/de\/wp-json\/wp\/v2\/media\/380"}],"wp:attachment":[{"href":"https:\/\/www.ruiqigo.com\/de\/wp-json\/wp\/v2\/media?parent=296"}],"wp:term":[{"taxonomy":"product-tag","embeddable":true,"href":"https:\/\/www.ruiqigo.com\/de\/wp-json\/wp\/v2\/product-tag?post=296"},{"taxonomy":"products","embeddable":true,"href":"https:\/\/www.ruiqigo.com\/de\/wp-json\/wp\/v2\/products?post=296"}],"curies":[{"name":"wp","href":"https:\/\/api.w.org\/{rel}","templated":true}]}}