{"id":2967,"date":"2025-01-23T14:50:43","date_gmt":"2025-01-23T06:50:43","guid":{"rendered":"https:\/\/ruiqigo.com\/?post_type=product&#038;p=2967"},"modified":"2025-01-23T14:51:53","modified_gmt":"2025-01-23T06:51:53","slug":"organic-toothpaste","status":"publish","type":"product","link":"https:\/\/www.ruiqigo.com\/de\/product\/organic-toothpaste","title":{"rendered":"Bio-Zahnpasta\u00a0"},"content":{"rendered":"<h2 class=\"wp-block-heading\">Herstellung von Bio-Zahnpasta \u2013 g\u00e4ngige Formeln<\/h2>\n\n\n\n<p>Als professioneller Hersteller von Bio-Zahnpasta legen wir Wert auf die Nat\u00fcrlichkeit und Gesundheit der Rohstoffe. Daher w\u00e4hlen wir sorgf\u00e4ltig eine Vielzahl von Bio-Zutaten aus und stimmen sie wissenschaftlich aufeinander ab, damit jedes Z\u00e4hneputzen ein angenehmes Vergn\u00fcgen ist.<\/p>\n\n\n\n<p>1. Aloe Vera: Aloe Vera hat feuchtigkeitsspendende und beruhigende Eigenschaften, pflegt das Zahnfleisch und beugt Zahnfleischschwund und Zahnfleischbluten vor. Dar\u00fcber hinaus hat es auch eine gewisse antibakterielle Wirkung, die sch\u00e4dliche Bakterien im Mund abt\u00f6ten und so die Mundgesundheit sch\u00fctzen kann.<\/p>\n\n\n\n<p>2. Minze: Das frische Aroma und der k\u00fchle Geschmack der Minze k\u00f6nnen helfen, Ger\u00fcche aus dem Mund zu entfernen und Ihren Atem frisch zu halten. Gleichzeitig hat es auch eine gewisse entz\u00fcndungshemmende und bakterizide Wirkung, die dazu beitr\u00e4gt, die Anzahl der Bakterien im Mund zu verringern und Mundentz\u00fcndungen vorzubeugen.<\/p>\n\n\n\n<p>3. Xylitol: Xylitol ist ein nat\u00fcrlicher und gesunder S\u00fc\u00dfstoff, der nicht nur die Plaquebildung reduziert, sondern auch Karies vorbeugt. Gleichzeitig kann es die Speichelsekretion f\u00f6rdern, was zur Reinigung und Befeuchtung des Mundes beitr\u00e4gt. Dar\u00fcber hinaus ist der s\u00fc\u00dfe Geschmack von Xylitol besser f\u00fcr Kinder geeignet.<\/p>\n\n\n\n<p>4. Backpulver: Backpulver hat einen pH-Wert von 9-11 und ist alkalisch, was die S\u00e4ure im Mund neutralisieren und die Zahnempfindlichkeit verringern kann. Es kann helfen, Zahnstein und Flecken von der Zahnoberfl\u00e4che zu entfernen, um den Effekt der Zahnaufhellung zu erzielen. Gleichzeitig hat Backpulver auch eine antibakterielle Wirkung, die das Wachstum von Bakterien im Mund hemmen und Entz\u00fcndungen und Infektionen im Mund vorbeugen kann.<\/p>\n\n\n\n<p>5. Teebaum\u00f6l: Teebaum\u00f6l hat eine entz\u00fcndungshemmende und antibakterielle Wirkung, die Parodontitis und Zahnfleischentz\u00fcndungen lindern und die Bildung von Zahnbelag verhindern kann. Au\u00dferdem hat es eine erfrischende Wirkung und erf\u00fcllt Ihren Mund mit einem leichten und s\u00fc\u00dfen Geruch.<\/p>\n\n\n\n<h2 class=\"wp-block-heading\">Die Funktionen von Bio-Zahnpasta<\/h2>\n\n\n\n<p>Unser Forschungs- und Entwicklungsteam PASST die Formel an die Mundgesundheit der meisten Menschen an, sodass sie ihre Mundgesundheit umfassend sch\u00fctzen kann. Vor der Anwendung sollten Sie ein f\u00fcr Ihren Mundzustand geeignetes Produkt ausw\u00e4hlen.<\/p>\n\n\n\n<p>1. Sanfte Reinigung: Unsere Zahnpasten verwenden milde, nat\u00fcrliche Schleifmittel und andere Inhaltsstoffe, um die Z\u00e4hne nicht nur effektiv zu reinigen und Plaque und physikalische R\u00fcckst\u00e4nde zu entfernen, sondern auch den Zahnschmelz vor Sch\u00e4den zu sch\u00fctzen.<\/p>\n\n\n\n<p>2. Keine sch\u00e4dlichen Substanzen: Bio-Zahnpasta enth\u00e4lt kein Fluorid, Triclosan und andere Substanzen und enth\u00e4lt keine chemischen Schaumbildner, synthetischen Essenzen und andere sch\u00e4dliche Chemikalien. Dadurch werden nicht nur R\u00fcckst\u00e4nde chemischer Bestandteile im Mund vermieden, sondern auch m\u00f6gliche Sch\u00e4den an Mund und K\u00f6rper verringert.<\/p>\n\n\n\n<p>3. Linderung von Mundproblemen: Unsere Produkte enthalten antibakterielle und entz\u00fcndungshemmende Inhaltsstoffe, die Mundprobleme wie Zahnfleischentz\u00fcndungen und Mundgeschw\u00fcre bis zu einem gewissen Grad lindern und so die allgemeine Gesundheit der Mundh\u00f6hle erhalten k\u00f6nnen.<\/p>\n\n\n\n<p>4. Frischer Atem: Minze und andere Zutaten in Bio-Zahnpasta haben ein frisches Aroma, das Ger\u00fcche beseitigen, f\u00fcr frischen Atem sorgen und Ihnen mehr Selbstvertrauen geben kann.<\/p>\n\n\n\n<p>5. Reduzieren Sie die Mundempfindlichkeit: F\u00fcr Menschen mit empfindlichen Z\u00e4hnen ist Bio-Zahnpasta die beste Wahl. Sie enth\u00e4lt keine reizenden Chemikalien und kann die Reizung empfindlicher Bereiche im Mund reduzieren und so Mundbeschwerden lindern.<\/p>\n\n\n\n<h2 class=\"wp-block-heading\">Wie verwendet man Bio-Zahnpasta?<\/h2>\n\n\n\n<p>Bio-Zahnpasta wird genauso verwendet wie normale Zahnpasta, allerdings m\u00fcssen Sie vor der Anwendung ein geeignetes Produkt ausw\u00e4hlen. Wir kennzeichnen die Verwendung auch auf der Verpackung.<\/p>\n\n\n\n<p>1. Sp\u00fclen Sie Ihren Mund mit Wasser aus, um ihn feucht zu halten;<\/p>\n\n\n\n<p>2. Geben Sie die richtige Menge Bio-Zahnpasta auf die Zahnb\u00fcrste und beginnen Sie mit dem Z\u00e4hneputzen.<\/p>\n\n\n\n<p>3. Neigen Sie die Zahnb\u00fcrste in einem 45-Grad-Winkel und b\u00fcrsten Sie sanft die Verbindung zwischen Z\u00e4hnen und Zahnfleisch. Sie k\u00f6nnen beim B\u00fcrsten sanfte kreisende Bewegungen ausf\u00fchren und nicht zu viel Kraft anwenden. Der gesamte Vorgang dauert mindestens zwei Minuten, um sicherzustellen, dass jede Zahnoberfl\u00e4che geputzt und der Mund gr\u00fcndlich gereinigt wird.<\/p>\n\n\n\n<p>4. Sp\u00fclen Sie Ihren Mund nach dem Z\u00e4hneputzen noch einmal mit Wasser aus, um Zahnpastareste aus dem Mund zu entfernen und ein Verschlucken zu vermeiden.<\/p>\n\n\n\n<h2 class=\"wp-block-heading\">Vorsicht<\/h2>\n\n\n\n<p>1. \u00dcberpr\u00fcfen Sie vor der Verwendung sorgf\u00e4ltig die Zutatenliste, um sicherzustellen, dass keine Zutaten enthalten sind, die bei Ihnen allergisch oder unangenehm sind.<\/p>\n\n\n\n<p>2. Die Verwendung der richtigen Putzmethode, beispielsweise der Pap-Putzmethode, kann eine vollst\u00e4ndige Reinigung der Z\u00e4hne gew\u00e4hrleisten.<\/p>\n\n\n\n<p>3. Es wird empfohlen, regelm\u00e4\u00dfig zwischen verschiedenen Marken und Funktionen von Bio-Zahnpasta zu wechseln, um die Resistenz der Mundbakterien gegen einen bestimmten Inhaltsstoff zu verringern.<\/p>\n\n\n\n<p>4. Beobachten Sie die Reaktion des Mundes bei der Verwendung von Zahnpasta genau. Wenn Beschwerden oder allergische Symptome auftreten, beenden Sie die Anwendung sofort und konsultieren Sie den Zahnarzt um Rat.<\/p>\n\n\n\n<p>5. Um die Lebensdauer zu verl\u00e4ngern, wird empfohlen, es an einem k\u00fchlen und trockenen Ort aufzubewahren und direkte Sonneneinstrahlung sowie hohe Temperaturen zu vermeiden.<\/p>\n\n\n\n<h2 class=\"wp-block-heading\">Abschluss<\/h2>\n\n\n\n<p>Als Hersteller von Bio-Zahnpasta mit Fokus auf Qualit\u00e4t und Effizienz w\u00e4hlen wir nicht nur hochwertige Bio-Rohstoffe aus der ganzen Welt aus, sondern mischen sie auch wissenschaftlich und stellen durch moderne Produktionstechnologie und ein strenges Qualit\u00e4tsmanagementsystem sicher, dass jedes Produkt den h\u00f6chsten Standards entspricht. Gleichzeitig verwenden wir ein recycelbares Verpackungsdesign, um Umweltsch\u00e4den zu reduzieren. Wir sind nicht nur f\u00fcr das Produkt, sondern auch f\u00fcr die Umwelt verantwortlich. Bitte kontaktieren Sie uns, wenn Sie ebenfalls interessiert sind.<\/p>","protected":false},"excerpt":{"rendered":"Organic Toothpaste Manufacturing Common Formulas As a professional manufacturer of organic toothpaste, we focus on the natural and healthy nature of raw materials. So we carefully select a variety of organic ingredients and scientific matching, so that every time you brush your teeth is a pleasant enjoyment. 1. Aloe Vera: Aloe Vera has moisturizing and [&hellip;]","protected":false},"featured_media":2968,"menu_order":0,"template":"","meta":[],"product-tag":[],"products":[71],"class_list":["post-2967","product","type-product","status-publish","has-post-thumbnail","hentry","products-toothpaste"],"acf":[],"_links":{"self":[{"href":"https:\/\/www.ruiqigo.com\/de\/wp-json\/wp\/v2\/product\/2967","targetHints":{"allow":["GET"]}}],"collection":[{"href":"https:\/\/www.ruiqigo.com\/de\/wp-json\/wp\/v2\/product"}],"about":[{"href":"https:\/\/www.ruiqigo.com\/de\/wp-json\/wp\/v2\/types\/product"}],"version-history":[{"count":0,"href":"https:\/\/www.ruiqigo.com\/de\/wp-json\/wp\/v2\/product\/2967\/revisions"}],"wp:featuredmedia":[{"embeddable":true,"href":"https:\/\/www.ruiqigo.com\/de\/wp-json\/wp\/v2\/media\/2968"}],"wp:attachment":[{"href":"https:\/\/www.ruiqigo.com\/de\/wp-json\/wp\/v2\/media?parent=2967"}],"wp:term":[{"taxonomy":"product-tag","embeddable":true,"href":"https:\/\/www.ruiqigo.com\/de\/wp-json\/wp\/v2\/product-tag?post=2967"},{"taxonomy":"products","embeddable":true,"href":"https:\/\/www.ruiqigo.com\/de\/wp-json\/wp\/v2\/products?post=2967"}],"curies":[{"name":"wp","href":"https:\/\/api.w.org\/{rel}","templated":true}]}}