{"id":301,"date":"2024-07-05T16:53:57","date_gmt":"2024-07-05T08:53:57","guid":{"rendered":"https:\/\/ruiqigo.com\/?post_type=product&#038;p=301"},"modified":"2024-11-13T09:35:52","modified_gmt":"2024-11-13T01:35:52","slug":"water-conditioner","status":"publish","type":"product","link":"https:\/\/www.ruiqigo.com\/de\/product\/water-conditioner","title":{"rendered":"Wasseraufbereiter"},"content":{"rendered":"<h2 class=\"wp-block-heading\">G\u00e4ngige Formeln zur Herstellung von Wasseraufbereitern<\/h2>\n\n\n\n<p>Wasseraufbereiter bestehen haupts\u00e4chlich aus pflanzlichen Aminos\u00e4uren, Vitamin B5, Algenextrakt und anderen nat\u00fcrlichen Inhaltsstoffen. Aminos\u00e4uren haben eine ausgezeichnete feuchtigkeitsspendende und reparierende Wirkung, die das Haar tiefenwirksam n\u00e4hren kann; Vitamin B5 hilft, Kr\u00e4useln und Trockenheit zu verbessern und macht das Haar glatter und gl\u00e4nzender; Algenextrakt ist reich an Vitaminen und Mineralien, die gesch\u00e4digtes Haar reparieren und die Elastizit\u00e4t des Haares verbessern k\u00f6nnen. Als vertrauensw\u00fcrdiger Hersteller von Wasseraufbereitern glauben wir, dass diese hochwertigen nat\u00fcrlichen Inhaltsstoffe zusammenwirken, um einen feuchtigkeitsspendenden, n\u00e4hrenden, reparierenden und gesunden Wasseraufbereiter zu schaffen.<\/p>\n\n\n\n<h2 class=\"wp-block-heading\">Anwendungsszenarien f\u00fcr Wasseraufbereiter<\/h2>\n\n\n\n<p>Aqua Conditioner ist f\u00fcr alle Jahreszeiten und Klimazonen geeignet. Im hei\u00dfen Sommer spendet es dem Haar Feuchtigkeit und lindert Trockenheit und Kr\u00e4useln; im trockenen Winter n\u00e4hrt es das Haar tiefenwirksam und repariert Sch\u00e4den. Ob t\u00e4gliche Pflege oder Schadensbehebung, Aqua Conditioner kann die Bed\u00fcrfnisse verschiedener Haartypen erf\u00fcllen. Gleichzeitig ist es erfrischend und schwerelos, f\u00fcr alle Haartypen geeignet und ist das ideale Haarpflegeprodukt, dem man zu jeder Jahreszeit vertrauen kann.<\/p>\n\n\n\n<h2 class=\"wp-block-heading\">F\u00fcr wen ist der Wasseraufbereiter geeignet?<\/h2>\n\n\n\n<p>Der Aqua Conditioner ist f\u00fcr alle Haartypen geeignet. Trockenes, spr\u00f6des und strapaziertes Haar kann sich auf seine n\u00e4hrende und reparierende Wirkung verlassen; fettiges Haar kann ebenfalls durch seine erfrischende Textur gepflegt werden; selbst bei gesundem und normalem Haar kann die Verwendung des Aqua Conditioners auch die Kr\u00e4uselung und Trockenheit des Haares verbessern und es geschmeidiger und gl\u00e4nzender machen. Egal, ob Sie schwaches Haar nach dem F\u00e4rben und Dauerwellen, fettiges und widerspenstiges Haar oder normales, gesundes Haar haben, der Aqua Conditioner kann Ihr idealer Partner f\u00fcr die Haarpflege sein.<\/p>\n\n\n\n<h2 class=\"wp-block-heading\">Herstellungsprozess von Wasseraufbereitern<\/h2>\n\n\n\n<p>Water Conditioner verwendet in seinem Produktionsprozess eine einzigartige Technologie. Erstens werden die Rohstoffe streng ausgew\u00e4hlt, um sicherzustellen, dass sie 100% nat\u00fcrlich und schadstofffrei sind. Zweitens werden bei der Entwicklung der Rezeptur verschiedene pflegende und reparierende Inhaltsstoffe integriert, um eine synergetische Wirkung zu erzielen. Dar\u00fcber hinaus wird der Produktionsprozess als professioneller Hersteller von Wasseraufbereitern streng hinsichtlich Temperatur und Druck kontrolliert, um den Verlust von Wirkstoffen zu vermeiden. Schlie\u00dflich besteht die Produktverpackung aus umweltfreundlichen, ungiftigen Materialien, um die sichere Verwendung zu gew\u00e4hrleisten. Dieser durchdachte Produktionsprozess stellt die Qualit\u00e4t des Wasseraufbereiters sicher.<\/p>","protected":false},"excerpt":{"rendered":"Water conditioner manufacturing common formulas Water Conditioner is mainly composed of plant-based amino acids, vitamin B5, seaweed extract and other natural ingredients. Amino acids have excellent moisturizing and repairing effects, which can deeply nourish the hair; vitamin B5 helps to improve frizz and dryness, making the hair smoother and shinier; seaweed extract is rich in [&hellip;]","protected":false},"featured_media":388,"menu_order":0,"template":"","meta":[],"product-tag":[],"products":[52],"class_list":["post-301","product","type-product","status-publish","has-post-thumbnail","hentry","products-conditioner"],"acf":[],"_links":{"self":[{"href":"https:\/\/www.ruiqigo.com\/de\/wp-json\/wp\/v2\/product\/301","targetHints":{"allow":["GET"]}}],"collection":[{"href":"https:\/\/www.ruiqigo.com\/de\/wp-json\/wp\/v2\/product"}],"about":[{"href":"https:\/\/www.ruiqigo.com\/de\/wp-json\/wp\/v2\/types\/product"}],"version-history":[{"count":0,"href":"https:\/\/www.ruiqigo.com\/de\/wp-json\/wp\/v2\/product\/301\/revisions"}],"wp:featuredmedia":[{"embeddable":true,"href":"https:\/\/www.ruiqigo.com\/de\/wp-json\/wp\/v2\/media\/388"}],"wp:attachment":[{"href":"https:\/\/www.ruiqigo.com\/de\/wp-json\/wp\/v2\/media?parent=301"}],"wp:term":[{"taxonomy":"product-tag","embeddable":true,"href":"https:\/\/www.ruiqigo.com\/de\/wp-json\/wp\/v2\/product-tag?post=301"},{"taxonomy":"products","embeddable":true,"href":"https:\/\/www.ruiqigo.com\/de\/wp-json\/wp\/v2\/products?post=301"}],"curies":[{"name":"wp","href":"https:\/\/api.w.org\/{rel}","templated":true}]}}