{"id":306,"date":"2024-07-05T17:07:54","date_gmt":"2024-07-05T09:07:54","guid":{"rendered":"https:\/\/ruiqigo.com\/?post_type=product&#038;p=306"},"modified":"2024-11-14T21:10:20","modified_gmt":"2024-11-14T13:10:20","slug":"salt-free-water-conditioner","status":"publish","type":"product","link":"https:\/\/www.ruiqigo.com\/de\/product\/salt-free-water-conditioner","title":{"rendered":"Salzfreier Wasseraufbereiter"},"content":{"rendered":"<h2 class=\"wp-block-heading\">Herstellung salzfreier Wasseraufbereiter - g\u00e4ngige Formeln<\/h2>\n\n\n\n<p>Salzfreier Wasseraufbereiter wird aus sanften Inhaltsstoffen wie pflanzlichen Aminos\u00e4uren, Glycerin und nat\u00fcrlichen Fruchtkern\u00f6len hergestellt. Aminos\u00e4uren bieten hervorragende feuchtigkeitsspendende und reparierende Eigenschaften, um das Haar tiefenwirksam zu n\u00e4hren; Glycerin spendet Feuchtigkeit und reduziert Kr\u00e4useln und Trockenheit; und nat\u00fcrliches Fruchtkern\u00f6l ist reich an Vitaminen, um gesch\u00e4digtes Haar zu reparieren und die Elastizit\u00e4t des Haares zu st\u00e4rken. Als zuverl\u00e4ssiger Hersteller von salzfreien Wasseraufbereitern wirken diese hochwertigen nat\u00fcrlichen Inhaltsstoffe in Synergie miteinander, um einen nicht reizenden, sanften und pflegenden salzfreien Wasseraufbereiter zu schaffen.<\/p>\n\n\n\n<h2 class=\"wp-block-heading\">Anwendungsszenarien f\u00fcr salzfreie Wasseraufbereiter<\/h2>\n\n\n\n<p>Der salzfreie Wasseraufbereiter ist f\u00fcr alle Jahreszeiten und Umgebungen geeignet. In der Sommerhitze spendet er dem Haar Feuchtigkeit und lindert Trockenheit und Kr\u00e4useln; im Winter n\u00e4hrt er das Haar tiefenwirksam und repariert Sch\u00e4den. Gleichzeitig ist er erfrischend und schwerelos, belastet die Kopfhaut nicht und ist f\u00fcr alle Haartypen geeignet. Ob f\u00fcr die t\u00e4gliche Pflege oder zur Schadensbehebung, der salzfreie Wasseraufbereiter kann Ihr zuverl\u00e4ssiger Helfer bei der Haarpflege zu jeder Jahreszeit sein.<\/p>\n\n\n\n<h2 class=\"wp-block-heading\">F\u00fcr wen ist der salzfreie Wasseraufbereiter geeignet?<\/h2>\n\n\n\n<p>Der salzfreie Wasser-Conditioner ist f\u00fcr alle Haartypen geeignet. Trockenem, spr\u00f6dem und strapaziertem Haar spendet er tiefenwirksam Nahrung und repariert es; f\u00fcr fettiges Haar ist seine erfrischende, schwerelose Textur perfekt; und selbst bei gesundem, normalem Haar verbessert der salzfreie Wasser-Conditioner Kr\u00e4useln und Trockenheit und macht das Haar weicher und gl\u00e4nzender. Egal, ob Sie coloriertes Haar, fettiges und krauses Haar oder normales, gesundes Haar haben, der salzfreie Wasser-Conditioner kann Ihr idealer Partner f\u00fcr die Haarpflege sein.<\/p>\n\n\n\n<h2 class=\"wp-block-heading\">Herstellungsprozess eines salzfreien Wasseraufbereiters<\/h2>\n\n\n\n<p>Der salzfreie Wasseraufbereiter verwendet in seinem Produktionsprozess eine Reihe einzigartiger Technologien. Erstens werden die Rohstoffe sorgf\u00e4ltig ausgew\u00e4hlt, um sicherzustellen, dass sie 100% nat\u00fcrlich und schadstofffrei sind. Zweitens werden verschiedene pflegende und reparierende Inhaltsstoffe in die Formulierung integriert, um synergetische Effekte zu erzielen. Dar\u00fcber hinaus wird der Produktionsprozess streng temperatur- und druckgesteuert, um den Verlust von Wirkstoffen zu vermeiden. Schlie\u00dflich besteht die Produktverpackung aus umweltfreundlichen und ungiftigen Materialien, um die Sicherheit bei der Verwendung zu gew\u00e4hrleisten. Als effizienter Hersteller von salzfreien Wasseraufbereitern sorgen diese durchdachten Produktionsverfahren f\u00fcr die hervorragende Qualit\u00e4t des salzfreien Wasseraufbereiters, sodass die Verbraucher ihn ohne Bedenken verwenden und den Komfort einer nat\u00fcrlichen Haarpflege genie\u00dfen k\u00f6nnen.<\/p>","protected":false},"excerpt":{"rendered":"Salt free water conditioner manufacturing common formulas Salt free Water Conditioner is made with gentle ingredients such as botanical amino acids, glycerin, and natural fruit seed oils. Amino Acids provide excellent moisturizing and repairing properties to deeply nourish hair; Glycerin replenishes moisture and improves frizz and dryness; and Natural Fruit Seed Oil is rich in [&hellip;]","protected":false},"featured_media":384,"menu_order":0,"template":"","meta":[],"product-tag":[],"products":[52],"class_list":["post-306","product","type-product","status-publish","has-post-thumbnail","hentry","products-conditioner"],"acf":[],"_links":{"self":[{"href":"https:\/\/www.ruiqigo.com\/de\/wp-json\/wp\/v2\/product\/306","targetHints":{"allow":["GET"]}}],"collection":[{"href":"https:\/\/www.ruiqigo.com\/de\/wp-json\/wp\/v2\/product"}],"about":[{"href":"https:\/\/www.ruiqigo.com\/de\/wp-json\/wp\/v2\/types\/product"}],"version-history":[{"count":0,"href":"https:\/\/www.ruiqigo.com\/de\/wp-json\/wp\/v2\/product\/306\/revisions"}],"wp:featuredmedia":[{"embeddable":true,"href":"https:\/\/www.ruiqigo.com\/de\/wp-json\/wp\/v2\/media\/384"}],"wp:attachment":[{"href":"https:\/\/www.ruiqigo.com\/de\/wp-json\/wp\/v2\/media?parent=306"}],"wp:term":[{"taxonomy":"product-tag","embeddable":true,"href":"https:\/\/www.ruiqigo.com\/de\/wp-json\/wp\/v2\/product-tag?post=306"},{"taxonomy":"products","embeddable":true,"href":"https:\/\/www.ruiqigo.com\/de\/wp-json\/wp\/v2\/products?post=306"}],"curies":[{"name":"wp","href":"https:\/\/api.w.org\/{rel}","templated":true}]}}