{"id":311,"date":"2024-07-05T17:20:27","date_gmt":"2024-07-05T09:20:27","guid":{"rendered":"https:\/\/ruiqigo.com\/?post_type=product&#038;p=311"},"modified":"2024-11-14T21:14:32","modified_gmt":"2024-11-14T13:14:32","slug":"curly-hair-shampoo-and-conditioner","status":"publish","type":"product","link":"https:\/\/www.ruiqigo.com\/de\/product\/curly-hair-shampoo-and-conditioner","title":{"rendered":"Shampoo und Sp\u00fclung f\u00fcr lockiges Haar"},"content":{"rendered":"<h2 class=\"wp-block-heading\">Herstellung von Shampoo und Sp\u00fclung f\u00fcr lockiges Haar \u2013 g\u00e4ngige Formeln<\/h2>\n\n\n\n<p>Dieses 2-in-1-Produkt besteht aus hochwertigen nat\u00fcrlichen Inhaltsstoffen wie Sheabutter und Kokos\u00f6l. Sheabutter ist reich an Vitaminen und Fetts\u00e4uren, die das Haar tiefenwirksam mit Feuchtigkeit versorgen und die Elastizit\u00e4t der Spitzen erh\u00f6hen, w\u00e4hrend Kokos\u00f6l hervorragende gl\u00e4ttende und reparierende Eigenschaften hat, die Locken geschmeidiger und gl\u00e4nzender machen. Dar\u00fcber hinaus enth\u00e4lt es auch einen speziellen Styling-Inhaltsstoff, der Locken effektiv formt und an Ort und Stelle h\u00e4lt. Zusammen machen diese sanften und dennoch wirkungsvollen nat\u00fcrlichen Inhaltsstoffe dieses Produkt zu einer perfekten Formel, um lockiges Haar zu verw\u00f6hnen.<\/p>\n\n\n\n<h2 class=\"wp-block-heading\">Anwendungsszenarien f\u00fcr Shampoo und Sp\u00fclung f\u00fcr lockiges Haar<\/h2>\n\n\n\n<p>Curly Hair Shampoo Conditioner 2-in-1 ist f\u00fcr die Verwendung in allen Klimazonen geeignet. In der Sommerhitze spendet es Feuchtigkeit und repariert Sch\u00e4den an lockigem Haar, w\u00e4hrend es in der Winterk\u00e4lte tiefenwirksam n\u00e4hrt und die Elastizit\u00e4t erh\u00f6ht, um Trockenheit und Kr\u00e4useln vorzubeugen. Gleichzeitig sorgen seine Styling-Eigenschaften daf\u00fcr, dass Locken in feuchten Umgebungen sch\u00f6n gestylt bleiben. Egal, ob die Sonne scheint oder der Wind weht, dieses 2-in-1-Produkt sch\u00fctzt Ihre Locken und h\u00e4lt sie zerzaust und gl\u00e4nzend.<\/p>\n\n\n\n<h2 class=\"wp-block-heading\">F\u00fcr wen ist das Curly Hair Shampoo und der Conditioner geeignet?<\/h2>\n\n\n\n<p>Dieser 2-in-1-Shampoo-Conditioner f\u00fcr lockiges Haar ist besonders f\u00fcr Personen mit nat\u00fcrlich lockigem oder dauergewelltem Haar geeignet. Er sch\u00fctzt br\u00fcchige Locken vor Kr\u00e4useln und Trockenheit. Gleichzeitig helfen seine Styling-Eigenschaften dabei, sch\u00f6ne, lang anhaltende Locken zu erzeugen. Selbst bei Personen mit glattem Haar verleiht eine gelegentliche Anwendung dem Haar Sprungkraft und Glanz. Egal, ob Sie nat\u00fcrlich lockiges Haar, k\u00fcnstlich dauergewelltes Haar oder glattes Haar haben, das gelegentlich gestylt werden muss, dieses 2-in-1-Produkt ist die ideale Pflege f\u00fcr Sie.<\/p>\n\n\n\n<h2 class=\"wp-block-heading\">Herstellungsprozess von Shampoo und Sp\u00fclung f\u00fcr lockiges Haar<\/h2>\n\n\n\n<p>Zun\u00e4chst werden die Rohstoffe durch mehrere Kontrollstufen ausgew\u00e4hlt, um sicherzustellen, dass sie 100% nat\u00fcrlich und schadstofffrei sind. Zweitens wird bei der Formulierung durch Forschung und Entwicklung die Integration einer Vielzahl von n\u00e4hrenden und reparierenden Inhaltsstoffen synergetisch wirksam. Dar\u00fcber hinaus wird der Produktionsprozess als f\u00fchrender Hersteller von Shampoo und Sp\u00fclung f\u00fcr lockiges Haar streng temperatur- und druckkontrolliert, um sicherzustellen, dass die Wirkstoffe nicht besch\u00e4digt werden. Schlie\u00dflich wird professionelle Styling-Technologie verwendet, damit die Locken l\u00e4nger halten.<\/p>","protected":false},"excerpt":{"rendered":"Curly hair shampoo and conditioner manufacturing common formulas This 2-in-1 product is made with premium natural ingredients such as shea butter and coconut oil. Shea butter is rich in vitamins and fatty acids that deeply moisturize the hair and increase the elasticity of the ends, while coconut oil has excellent smoothing and repairing properties that [&hellip;]","protected":false},"featured_media":392,"menu_order":0,"template":"","meta":[],"product-tag":[],"products":[54],"class_list":["post-311","product","type-product","status-publish","has-post-thumbnail","hentry","products-shampoo-and-conditioner"],"acf":[],"_links":{"self":[{"href":"https:\/\/www.ruiqigo.com\/de\/wp-json\/wp\/v2\/product\/311","targetHints":{"allow":["GET"]}}],"collection":[{"href":"https:\/\/www.ruiqigo.com\/de\/wp-json\/wp\/v2\/product"}],"about":[{"href":"https:\/\/www.ruiqigo.com\/de\/wp-json\/wp\/v2\/types\/product"}],"version-history":[{"count":0,"href":"https:\/\/www.ruiqigo.com\/de\/wp-json\/wp\/v2\/product\/311\/revisions"}],"wp:featuredmedia":[{"embeddable":true,"href":"https:\/\/www.ruiqigo.com\/de\/wp-json\/wp\/v2\/media\/392"}],"wp:attachment":[{"href":"https:\/\/www.ruiqigo.com\/de\/wp-json\/wp\/v2\/media?parent=311"}],"wp:term":[{"taxonomy":"product-tag","embeddable":true,"href":"https:\/\/www.ruiqigo.com\/de\/wp-json\/wp\/v2\/product-tag?post=311"},{"taxonomy":"products","embeddable":true,"href":"https:\/\/www.ruiqigo.com\/de\/wp-json\/wp\/v2\/products?post=311"}],"curies":[{"name":"wp","href":"https:\/\/api.w.org\/{rel}","templated":true}]}}