{"id":3132,"date":"2025-04-17T17:12:46","date_gmt":"2025-04-17T09:12:46","guid":{"rendered":"https:\/\/www.ruiqigo.com\/?post_type=product&#038;p=3132"},"modified":"2025-04-17T17:12:47","modified_gmt":"2025-04-17T09:12:47","slug":"sunburn-relief-gel","status":"publish","type":"product","link":"https:\/\/www.ruiqigo.com\/de\/product\/sunburn-relief-gel","title":{"rendered":"Sonnenbrand-Linderungsgel"},"content":{"rendered":"<h2 class=\"wp-block-heading\">Herstellung von Sonnenbrand-Linderungsgelen, g\u00e4ngige Formeln<\/h2>\n\n\n\n<p>Wir w\u00e4hlen nat\u00fcrliche, beruhigende Inhaltsstoffe wie Aloe Vera, Menthol und Centella Asiatica aus und tragen sie auf das Gel auf, um Probleme wie R\u00f6tungen und Fieber nach einem Sonnenbrand umfassend zu behandeln und Ihnen eine effiziente und zuverl\u00e4ssige L\u00f6sung zur Reparatur von Sonnenbrand zu bieten. <\/p>\n\n\n\n<p>1. <strong>Aloe Vera<\/strong>: Aloe Vera ist einer der Hauptbestandteile der Pflege nach einem Sonnenbrand. Sie ist reich an verschiedenen Vitaminen und kann schnell in die Hautoberfl\u00e4che eindringen, um die Haut mit Feuchtigkeit zu versorgen und zu beruhigen. Sie hilft, gesch\u00e4digte Haut zu reparieren und R\u00f6tungen, Schwellungen und Beschwerden zu lindern. <\/p>\n\n\n\n<p>2. <strong>Menthol<\/strong>Menthol ist vielen Menschen bekannt und spielt auch bei der Regeneration der Haut nach einem Sonnenbrand eine wichtige Rolle. Gleichzeitig sorgt es f\u00fcr ein sofortiges K\u00fchlgef\u00fchl, wodurch die Haut schnell \u201eabk\u00fchlt\u201c und Symptome wie Brennen und Stechen wirksam gelindert werden. <\/p>\n\n\n\n<p>3. <strong>Centella asiatica<\/strong>Centella asiatica ist auch ein wichtiger Bestandteil der Sonnenbrand-Pflege. Es kann die Kollagenbildung anregen, die Funktion der Hautbarriere verbessern und hat eine hervorragende reparierende und entz\u00fcndungshemmende Wirkung. Gleichzeitig kann es das Risiko von Hautabsch\u00e4lung und Pigmentierung nach einem Sonnenbrand verringern und die schnelle Regeneration sonnenverbrannter Stellen f\u00f6rdern. <\/p>\n\n\n\n<p>4. <strong>Panthenol<\/strong>: Panthenol hat eine sehr gute Wirkung, da es tief in die Hornschicht der Haut eindringen kann, Absch\u00e4len, Risse und andere durch Sonnenbrand verursachte Beschwerden lindert, die Selbstheilung der Haut f\u00f6rdert, die Wasserbindungsf\u00e4higkeit verbessert und die Haut weicher und glatter macht. <\/p>\n\n\n\n<p>5. <strong>Calendula-Extrakt<\/strong>: Dieser Inhaltsstoff ist bekannt f\u00fcr seine antibakteriellen und entz\u00fcndungshemmenden Eigenschaften. Er kann Entz\u00fcndungen, brennende Schmerzen und andere Reaktionen nach einem Sonnenbrand wirksam lindern. Er wird h\u00e4ufig auf ger\u00f6teten, geschwollenen und empfindlichen sonnenverbrannten Stellen angewendet, um die Hautregeneration deutlich zu verbessern.<\/p>\n\n\n\n<h2 class=\"wp-block-heading\">Die Funktionen des Sonnenbrand-Linderungsgels<\/h2>\n\n\n\n<p>Um die Sonnenbrand-Reparaturwirkung zu verbessern, w\u00e4hlen wir die Formel des Sonnenbrand-Linderungsgels sorgf\u00e4ltig aus und formulieren sie, um maximale Wirkung zu gew\u00e4hrleisten. Gleichzeitig \u00fcberpr\u00fcfen wir die Sicherheit und Zuverl\u00e4ssigkeit der Inhaltsstoffe in mehreren Prozessen, damit Sie unsere Produkte bedenkenlos verwenden k\u00f6nnen. Daher haben unsere Produkte viele zuverl\u00e4ssige Wirkungen: <\/p>\n\n\n\n<p>1. <strong>Erfrischend und leicht einzuziehen<\/strong>: Unser Sonnenbrand-Linderungsgel hat eine Geltextur, ist feucht und zieht leicht ein, ist erfrischend und nicht fettend und verstopft die Poren nicht. Es kann innerhalb von Sekunden nach der Anwendung von der Haut aufgenommen werden, was die Anwendungszeit erheblich spart und eine schnelle Anwendung erm\u00f6glicht, wenn die Zeit knapp ist.<\/p>\n\n\n\n<p>2. <strong>Mehrere Reparatureffekte<\/strong>: Sonnenbrand-Linderungsgel hat nicht nur eine beruhigende Wirkung, sondern auch mehrere andere Effekte, z. B. entz\u00fcndungshemmend, feuchtigkeitsspendend und reparierend, wodurch Hautsch\u00e4den nach einem Sonnenbrand wirksam repariert werden k\u00f6nnen.<\/p>\n\n\n\n<p>3. <strong>Die Formel ist nat\u00fcrlich, sanft und frei von Zusatzstoffen<\/strong>Unser Sonnenbrand-Linderungsgel enth\u00e4lt keinen Alkohol, keine Duftstoffe, keine Konservierungsstoffe und keine anderen empfindlichen Substanzen. Die Formel ist mild, sicher und ausgereift und birgt ein geringes Allergierisiko. Es kann sicher von Menschen mit empfindlicher Haut, Schwangeren und Kindern angewendet werden und ist f\u00fcr ein breites Spektrum von Menschen geeignet.<\/p>\n\n\n\n<h2 class=\"wp-block-heading\">Wie verwendet man Sonnenbrand-Linderungsgel?<\/h2>\n\n\n\n<p>Sonnenbrand-Linderungsgel ist leicht zu tragen und schnell anzuwenden. Wir empfehlen, es m\u00f6glichst oft nach dem Sonnenbaden aufzutragen, um eine bessere Reparaturwirkung zu erzielen. Nach der Anwendung ist kein Absp\u00fclen erforderlich. Sie k\u00f6nnen die behandelte Stelle sanft massieren, um die Aufnahme des Gels zu f\u00f6rdern. <\/p>\n\n\n\n<p>1. <strong>Reinigen Sie die Haut<\/strong>: Bevor Sie mit dem Auftragen des Gels beginnen, reinigen Sie die sonnenverbrannte Stelle bitte zun\u00e4chst mit warmem Wasser und vermeiden Sie die Verwendung reizender Reinigungsprodukte. <\/p>\n\n\n\n<p>2. <strong>Nehmen Sie eine angemessene Menge Gel heraus<\/strong>: Nehmen Sie eine entsprechende Menge Gel aus der Flasche (oder einem anderen Beh\u00e4lter) und geben Sie es auf Ihre Handfl\u00e4che oder ein Wattepad. <\/p>\n\n\n\n<p>3. <strong>Vorsichtig auftragen<\/strong>: Tragen Sie das Gel sanft und gleichm\u00e4\u00dfig auf die sonnenverbrannte Stelle auf. Ziehen Sie nicht zu stark an der Haut, um Hautsch\u00e4den zu vermeiden. <\/p>\n\n\n\n<p>4. <strong>Massage zur F\u00f6rderung der Aufnahme<\/strong>: Massieren Sie die behandelte Stelle sanft in kreisenden Bewegungen, um die Aufnahme des Gels zu f\u00f6rdern. Kein Absp\u00fclen erforderlich, warten Sie einfach einige Sekunden, bis das Gel auf nat\u00fcrliche Weise eingezogen ist. <\/p>\n\n\n\n<h2 class=\"wp-block-heading\">Vorsicht<\/h2>\n\n\n\n<p>1. Sollten Sie w\u00e4hrend der Anwendung Beschwerden wie R\u00f6tungen, Schwellungen, Brennen oder andere allergische Reaktionen versp\u00fcren, beenden Sie die Anwendung bitte sofort. Bei schwerwiegenden F\u00e4llen suchen Sie rechtzeitig einen Arzt auf.<\/p>\n\n\n\n<p>2. Sonnenbrand-Linderungsgel ist ein \u00e4u\u00dferliches Produkt. Bitte nicht oral einnehmen. Tragen Sie es nicht direkt auf Wunden oder Hautrisse auf, da dies Reizungen, eine verz\u00f6gerte Wundheilung und sogar Entz\u00fcndungen vermeiden kann.<\/p>\n\n\n\n<p>3. Verwenden Sie dieses Produkt nicht gleichzeitig mit reizenden Produkten wie Alkohol, um Beschwerden zu vermeiden.<\/p>\n\n\n\n<p>4. Sonnenbrand-Linderungsgel sollte k\u00fchl und trocken gelagert werden. Vermeiden Sie direkte Sonneneinstrahlung, um eine Verschlechterung des Zustands und eine Beeintr\u00e4chtigung der Hautreparaturwirkung zu vermeiden. <\/p>\n\n\n\n<h2 class=\"wp-block-heading\">Abschluss<\/h2>\n\n\n\n<p>Das Sonnenbrand-Linderungsgel ist ein After-Sun-Reparaturgel mit beruhigender, reparierender, feuchtigkeitsspendender und weiterer Wirkung. Es eignet sich f\u00fcr verschiedene Hauttypen und Anwendungsszenarien und ist leicht zu transportieren. Als professioneller ODM\/OEM-Hersteller bieten wir individuelle Rezepturen und die Produktion verschiedener Verpackungsspezifikationen an und k\u00f6nnen Ihnen die optimale L\u00f6sung f\u00fcr Ihre Bed\u00fcrfnisse bieten. F\u00fcr weitere Informationen kontaktieren Sie uns gerne. <\/p>","protected":false},"excerpt":{"rendered":"Sunburn Relief Gel Manufacturing Common Formulas We select natural soothing ingredients such as aloe vera, menthol, and Centella asiatica, and apply them to the gel to provide comprehensive care for problems such as redness and fever after sunburn, providing you with an efficient and reliable sunburn repair solution. 1. Aloe vera: Aloe vera is one [&hellip;]","protected":false},"featured_media":3137,"menu_order":0,"template":"","meta":[],"product-tag":[],"products":[87],"class_list":["post-3132","product","type-product","status-publish","has-post-thumbnail","hentry","products-sunburn-recovery"],"acf":[],"_links":{"self":[{"href":"https:\/\/www.ruiqigo.com\/de\/wp-json\/wp\/v2\/product\/3132","targetHints":{"allow":["GET"]}}],"collection":[{"href":"https:\/\/www.ruiqigo.com\/de\/wp-json\/wp\/v2\/product"}],"about":[{"href":"https:\/\/www.ruiqigo.com\/de\/wp-json\/wp\/v2\/types\/product"}],"version-history":[{"count":0,"href":"https:\/\/www.ruiqigo.com\/de\/wp-json\/wp\/v2\/product\/3132\/revisions"}],"wp:featuredmedia":[{"embeddable":true,"href":"https:\/\/www.ruiqigo.com\/de\/wp-json\/wp\/v2\/media\/3137"}],"wp:attachment":[{"href":"https:\/\/www.ruiqigo.com\/de\/wp-json\/wp\/v2\/media?parent=3132"}],"wp:term":[{"taxonomy":"product-tag","embeddable":true,"href":"https:\/\/www.ruiqigo.com\/de\/wp-json\/wp\/v2\/product-tag?post=3132"},{"taxonomy":"products","embeddable":true,"href":"https:\/\/www.ruiqigo.com\/de\/wp-json\/wp\/v2\/products?post=3132"}],"curies":[{"name":"wp","href":"https:\/\/api.w.org\/{rel}","templated":true}]}}