{"id":316,"date":"2024-07-05T17:33:07","date_gmt":"2024-07-05T09:33:07","guid":{"rendered":"https:\/\/ruiqigo.com\/?post_type=product&#038;p=316"},"modified":"2024-11-14T21:13:36","modified_gmt":"2024-11-14T13:13:36","slug":"natural-shampoo-and-conditioner","status":"publish","type":"product","link":"https:\/\/www.ruiqigo.com\/de\/product\/natural-shampoo-and-conditioner","title":{"rendered":"Nat\u00fcrliches Shampoo und Sp\u00fclung"},"content":{"rendered":"<h2 class=\"wp-block-heading\">Nat\u00fcrliches Shampoo und Conditioner Herstellung gemeinsame Formeln<\/h2>\n\n\n\n<p>Dieses nat\u00fcrliche 2-in-1-Produkt verwendet eine Vielzahl hochwertiger nat\u00fcrlicher Inhaltsstoffe wie Leinsamen\u00f6l und Seetang. Leinsamen\u00f6l ist reich an Omega-3-Fetts\u00e4uren, die das Haar tiefenwirksam n\u00e4hren und ihm Weichheit und Glanz verleihen, w\u00e4hrend Seetang reich an Mineralien ist, die gesch\u00e4digtes Haar reparieren und ihm Elastizit\u00e4t verleihen. Als ausgezeichneter Hersteller von nat\u00fcrlichem Shampoo und Conditioner enth\u00e4lt es nat\u00fcrliche Reinigungsbestandteile, die die Kopfhaut sanft reinigen, ohne sie zu reizen. Zusammen ergeben diese nat\u00fcrlichen Inhaltsstoffe diese hochwertige Formel, die Ihr Haar sanft pflegt.<\/p>\n\n\n\n<h2 class=\"wp-block-heading\">Anwendungsszenarien f\u00fcr nat\u00fcrliches Shampoo und Sp\u00fclung<\/h2>\n\n\n\n<p>Das nat\u00fcrliche Shampoo und der Conditioner sind f\u00fcr alle Klimazonen geeignet. In den hei\u00dfen Sommermonaten versorgt es das Haar mit reichlich Feuchtigkeit, um den Verlust auszugleichen, w\u00e4hrend es in den kalten Wintermonaten tiefenwirksam n\u00e4hrt, die Elastizit\u00e4t erh\u00f6ht und Trockenheit und Kr\u00e4useln vorbeugt. Gleichzeitig ist seine milde Formel auch f\u00fcr empfindliche Kopfhaut geeignet, ohne Reizungen zu verursachen. Egal, ob es sonnig oder regnerisch ist, dieses nat\u00fcrliche 2-in-1-Produkt h\u00e4lt Ihr Haar weich, gl\u00e4nzend und gesund.<\/p>\n\n\n\n<h2 class=\"wp-block-heading\">F\u00fcr wen ist Naturshampoo und -sp\u00fclung geeignet?<\/h2>\n\n\n\n<p>Dieses nat\u00fcrliche Shampoo- und Sp\u00fclungsduo ist perfekt f\u00fcr Personen mit gesch\u00e4digtem, trockenem, krausem Haar. Es verwendet nat\u00fcrliche Inhaltsstoffe, um die Kopfhaut sanft zu reinigen und das Haar gleichzeitig tiefenwirksam zu n\u00e4hren, Sch\u00e4den zu reparieren und Weichheit und Glanz zu verleihen. Egal, ob Ihr Haar von Natur aus rau, chemisch gesch\u00e4digt oder durch langes F\u00f6hnen trocken ist, dieses 2-in-1-Produkt ist der perfekte Pflegebegleiter f\u00fcr Ihr Haar.<\/p>\n\n\n\n<h2 class=\"wp-block-heading\">Herstellungsprozess von nat\u00fcrlichem Shampoo und Sp\u00fclung<\/h2>\n\n\n\n<p>Dieses nat\u00fcrliche Shampoo und der nat\u00fcrliche Conditioner werden unter Einsatz einer Reihe fortschrittlicher Technologien hergestellt. Erstens sind die Inhaltsstoffe zu 100 % nat\u00fcrlich und pflanzlich und wurden einer Reihe von Pr\u00fcfungen unterzogen, um sicherzustellen, dass sie nicht verunreinigt sind. Zweitens werden Temperatur und Druck w\u00e4hrend der Entwicklung der Formel streng kontrolliert, um eine Besch\u00e4digung der Wirkstoffe zu vermeiden. Dar\u00fcber hinaus wird eine professionelle Molekularsieb-Trenntechnologie verwendet, um die hochreinen Wirkstoffe zu extrahieren. Schlie\u00dflich wird der gesamte Prozess ohne Zusatz synthetischer Chemikalien durchgef\u00fchrt, um sicherzustellen, dass das Produkt umweltfreundlich ist. Als pr\u00e4ziser Hersteller von nat\u00fcrlichem Shampoo und Conditioner stellen diese durchdachten Produktionsprozesse sicher, dass dieses nat\u00fcrliche 2-in-1-Produkt von ausgezeichneter Qualit\u00e4t ist und den Verbrauchern ein besseres umweltfreundliches Pflegeerlebnis bieten kann.<\/p>","protected":false},"excerpt":{"rendered":"Natural shampoo and conditioner manufacturing common formulas This natural 2-in-1 product uses a variety of high-quality natural ingredients such as flaxseed oil and seaweed. Flaxseed oil is rich in Omega-3 fatty acids, which deeply nourish the hair strands and add softness and shine, while seaweed is rich in minerals, which repair damaged hair and add [&hellip;]","protected":false},"featured_media":396,"menu_order":0,"template":"","meta":[],"product-tag":[],"products":[54],"class_list":["post-316","product","type-product","status-publish","has-post-thumbnail","hentry","products-shampoo-and-conditioner"],"acf":[],"_links":{"self":[{"href":"https:\/\/www.ruiqigo.com\/de\/wp-json\/wp\/v2\/product\/316","targetHints":{"allow":["GET"]}}],"collection":[{"href":"https:\/\/www.ruiqigo.com\/de\/wp-json\/wp\/v2\/product"}],"about":[{"href":"https:\/\/www.ruiqigo.com\/de\/wp-json\/wp\/v2\/types\/product"}],"version-history":[{"count":0,"href":"https:\/\/www.ruiqigo.com\/de\/wp-json\/wp\/v2\/product\/316\/revisions"}],"wp:featuredmedia":[{"embeddable":true,"href":"https:\/\/www.ruiqigo.com\/de\/wp-json\/wp\/v2\/media\/396"}],"wp:attachment":[{"href":"https:\/\/www.ruiqigo.com\/de\/wp-json\/wp\/v2\/media?parent=316"}],"wp:term":[{"taxonomy":"product-tag","embeddable":true,"href":"https:\/\/www.ruiqigo.com\/de\/wp-json\/wp\/v2\/product-tag?post=316"},{"taxonomy":"products","embeddable":true,"href":"https:\/\/www.ruiqigo.com\/de\/wp-json\/wp\/v2\/products?post=316"}],"curies":[{"name":"wp","href":"https:\/\/api.w.org\/{rel}","templated":true}]}}