{"id":3186,"date":"2025-04-24T09:37:21","date_gmt":"2025-04-24T01:37:21","guid":{"rendered":"https:\/\/www.ruiqigo.com\/?post_type=product&#038;p=3186"},"modified":"2025-04-24T09:37:22","modified_gmt":"2025-04-24T01:37:22","slug":"sunburn-lotion","status":"publish","type":"product","link":"https:\/\/www.ruiqigo.com\/de\/product\/sunburn-lotion","title":{"rendered":"Sonnenbrandlotion"},"content":{"rendered":"<h2 class=\"wp-block-heading\">Herstellung von Sonnenbrandlotion \u2013 g\u00e4ngige Formeln<\/h2>\n\n\n\n<p>Als professioneller Hersteller von Sonnenbrandlotionen verwenden wir nat\u00fcrliche Pflanzenextrakte und reparierende Inhaltsstoffe wie Ringelblume, Aloe Vera und Kamille. So k\u00f6nnen wir Ihre Haut nach einem Sonnenbrand schnell regenerieren und beruhigen, den Wasser- und \u00d6lhaushalt wiederherstellen und die Hautbarriere st\u00e4rken. Gleichzeitig ist unsere Formel mild und nicht reizend und eignet sich f\u00fcr die Langzeitanwendung auf allen Hauttypen.<\/p>\n\n\n\n<p>1. <strong>Ringelblume<\/strong>: Ringelblume hat hervorragende antiallergische und entz\u00fcndungshemmende Eigenschaften, die Allergien und Beschwerden durch Sonnenbrand lindern und Entz\u00fcndungen nach Sonneneinstrahlung reduzieren k\u00f6nnen. Gleichzeitig f\u00f6rdert Ringelblume die Heilung kleinerer Hautverletzungen und kann die Reparatur der Hautbarriere verbessern. <\/p>\n\n\n\n<p>2.<strong> Aloe Vera:<\/strong> Nat\u00fcrliche Aloe Vera ist reich an Vitaminen, Mineralien und Antioxidantien und wirkt stark feuchtigkeitsspendend, beruhigend und entz\u00fcndungshemmend. Sie kann die Hornschicht schnell mit Feuchtigkeit versorgen, die Zellreparatur f\u00f6rdern und die Hautbarriere st\u00e4rken. Sie tr\u00e4gt au\u00dferdem dazu bei, dass die Haut schnell abk\u00fchlt und das Brennen nach einem Sonnenbrand reduziert wird. <\/p>\n\n\n\n<p>3. <strong>Kamille:<\/strong> Sonnenbrandlotion, die Kamille als wichtigen Bestandteil enth\u00e4lt, kann auch von Anwendern mit empfindlicher Haut bedenkenlos angewendet werden. Dank ihrer hervorragenden antiallergischen und antioxidativen Eigenschaften kann sie Symptome wie Allergien, R\u00f6tungen, Schwellungen und Brennen durch Sonnenbrand lindern und die Widerstandskraft der Haut st\u00e4rken. <\/p>\n\n\n\n<p>4. <strong>Natriumhyaluronat:<\/strong> Natriumhyaluronat ist ein wirksamer wasserbindender und feuchtigkeitsspendender Inhaltsstoff, der die Feuchtigkeit tief in der Haut schnell wieder auff\u00fcllen kann, wodurch verhindert wird, dass sonnenverbrannte Haut spannt oder rissig wird, und der eine solide Grundlage f\u00fcr die Aufnahme nachfolgender reparierender Inhaltsstoffe schafft. <\/p>\n\n\n\n<p>5.<strong> Panthenol<\/strong>Panthenol ist auch ein wichtiger Bestandteil von Sonnenbrandlotionen. Es wirkt stark feuchtigkeitsspendend und regenerierend. Es dringt tief in die Haut ein und bildet einen wasserfesten Film. Dadurch verbessert es die Hautelastizit\u00e4t, lindert Trockenheit und Spannungsgef\u00fchle durch Sonnenbrand und verleiht der Haut einen gesunden, hydratisierten Glanz. <\/p>\n\n\n\n<h2 class=\"wp-block-heading\">Die Funktionen von Sonnenbrandlotion<\/h2>\n\n\n\n<p>Unsere Sonnenbrandlotion verwendet in ihrer Formel eine Vielzahl nat\u00fcrlicher Pflanzenessenzen, die nicht nur Reparaturfunktionen haben, sondern auch das Benutzererlebnis und den Komfort ber\u00fccksichtigen. <\/p>\n\n\n\n<p>1. <strong>Frische und nicht fettende Textur<\/strong>: Unsere Sonnenbrandlotion ist eine leichte Lotion, die schnell von der Haut aufgenommen wird, ohne zu kleben. Sie hinterl\u00e4sst keine R\u00fcckst\u00e4nde auf der Kleidung und beeintr\u00e4chtigt nicht die t\u00e4glichen Aktivit\u00e4ten des Anwenders. Das Benutzererlebnis wird dadurch deutlich verbessert.<\/p>\n\n\n\n<p>2. <strong>Geeignet f\u00fcr verschiedene Hauttypen<\/strong>: Unsere Sonnenbrandlotion wurde mehrfach auf Empfindlichkeit getestet und enth\u00e4lt keine reizenden oder empfindlichen Inhaltsstoffe wie Alkohol. Sie kann bei trockener, fettiger, Misch- und empfindlicher Haut angewendet werden und ist f\u00fcr ein breites Spektrum an Kundengruppen geeignet.<\/p>\n\n\n\n<p>3. <strong>Sofortige beruhigende und k\u00fchlende Wirkungen sind signifikant<\/strong>: Sonnenbrandlotion enth\u00e4lt nat\u00fcrliche Inhaltsstoffe wie Aloe Vera und Ringelblume. Nach der Anwendung k\u00fchlt sie die Haut schnell, lindert R\u00f6tungen, Schwellungen, Brennen und andere Beschwerden und reduziert Entz\u00fcndungsreaktionen nach Sonneneinstrahlung. Sie ist eine ideale Wahl f\u00fcr die sofortige Regeneration nach einem Sonnenbrand.<\/p>\n\n\n\n<p>4. <strong>Kontinuierliche Feuchtigkeitsversorgung und langanhaltender Reparatureffekt<\/strong>: Unsere Sonnenbrandlotion mit der synergistischen Wirkung mehrerer Feuchtigkeitsfaktoren wie Natriumhyaluronat und Panthenol kann den Feuchtigkeitshaushalt der Haut lange aufrechterhalten und Trockenheit und Schuppenbildung vorbeugen. Gleichzeitig kann sie neben der sofortigen Beruhigung auch die Hautbarriere kontinuierlich reparieren, die Hautabwehr verbessern und den Reparatureffekt nach einem Sonnenbrand verl\u00e4ngern. <\/p>\n\n\n\n<h2 class=\"wp-block-heading\">Wie verwendet man Sonnenbrandlotion?<\/h2>\n\n\n\n<p>Die Anwendung der Sonnenbrandlotion ist kinderleicht und schnell. Sie k\u00f6nnen sie jederzeit bei der t\u00e4glichen Pflege und auf Reisen verwenden, um die Beschwerden sonnenverbrannter Haut zu lindern. Tragen Sie sie einfach nach Bedarf auf und massieren Sie sie sanft ein, um die Aufnahme zu f\u00f6rdern. Die Lotion ist sanft, hautvertr\u00e4glich und f\u00fcr alle Anwender geeignet. F\u00fcr einen optimalen Reparatureffekt empfiehlt sich die Anwendung direkt nach dem Sonnenbad. <\/p>\n\n\n\n<p>1. <strong>Reinigen Sie die Haut: <\/strong>Reinigen Sie die sonnenverbrannte Stelle vor der Anwendung mit warmem Wasser, um Schwei\u00df und Verunreinigungen zu entfernen, die sonst den Reparatureffekt beeintr\u00e4chtigen w\u00fcrden. Tupfen Sie die Stelle anschlie\u00dfend mit einem weichen Handtuch trocken oder warten Sie, bis das Wasser verdunstet ist.<\/p>\n\n\n\n<p>2. <strong>Dr\u00fccken Sie die Lotion aus: <\/strong>Dr\u00fccken Sie die Lotion nach Bedarf aus dem Beh\u00e4lter.<\/p>\n\n\n\n<p>3. <strong>Gleichm\u00e4\u00dfig auftragen und einmassieren, bis es eingezogen ist: <\/strong>Tragen Sie die Lotion sanft und gleichm\u00e4\u00dfig auf die sonnenverbrannte Stelle auf. Vermeiden Sie dabei Reibung, da dies zu Sch\u00e4den f\u00fchren kann. Massieren Sie die behandelte Stelle anschlie\u00dfend sanft ein, um die Aufnahme der Lotion in die Haut zu f\u00f6rdern.<\/p>\n\n\n\n<h2 class=\"wp-block-heading\">Vorsicht<\/h2>\n\n\n\n<p>1. <strong>Test auf allergische Reaktionen:<\/strong> Bevor Sie unsere Sonnenbrandlotion zum ersten Mal verwenden, probieren Sie sie unbedingt an der Innenseite Ihres Handgelenks oder hinter Ihrem Ohr aus, um allergische Reaktionen aufgrund individueller Unterschiede zu vermeiden. Wenn innerhalb von 24 Stunden keine ungew\u00f6hnliche Reaktion auftritt, k\u00f6nnen Sie sie bedenkenlos verwenden.<\/p>\n\n\n\n<p>2. <strong>Vermeiden Sie die Anwendung auf Wunden oder gesch\u00e4digter Haut: <\/strong>Wenn auf der Haut offensichtliche Wunden oder Sch\u00e4den wie Hautverletzungen, Blutungen usw. vorhanden sind, verwenden Sie dieses Produkt nicht, um eine Reizung der Wunde und damit verbundene Sch\u00e4den zu vermeiden.<\/p>\n\n\n\n<p>3. <strong>Kontakt mit den Augen vermeiden: <\/strong>Bei der Anwendung von Sonnencreme bitte die Augenpartie aussparen. Sollte die Creme versehentlich in die Augen gelangen, sofort mit klarem Wasser aussp\u00fclen und gegebenenfalls einen Arzt aufsuchen.<\/p>\n\n\n\n<h2 class=\"wp-block-heading\">Abschluss<\/h2>\n\n\n\n<p>Sonnenbrandlotion ist eine Sonnenbrand-Reparaturlotion mit tiefenwirksamer Feuchtigkeitsversorgung, beruhigender und hautregenerierender Wirkung, die f\u00fcr verschiedene Hauttypen und Anwendungsszenarien geeignet ist. Unsere Produkte enthalten verschiedene nat\u00fcrliche Pflanzenextrakte, sind erfrischend und nicht fettend und lindern schnell die Beschwerden und das Brennen nach Sonnenbrand. Wir bieten OEM\/ODM-Services an, um die vielf\u00e4ltigen Anforderungen verschiedener Kunden an Verpackung und Marktpositionierung zu erf\u00fcllen. F\u00fcr weitere Informationen kontaktieren Sie uns gerne.<\/p>","protected":false},"excerpt":{"rendered":"Sunburn Lotion Manufacturing Common Formulas As a professional sunburn lotion manufacturer, we use natural plant extracts and repair ingredients, such as calendula, aloe vera, chamomile, etc., to help your skin quickly repair and calm after sunburn, restore the water and oil balance, and strengthen the skin barrier. At the same time, the formula we use [&hellip;]","protected":false},"featured_media":3190,"menu_order":0,"template":"","meta":[],"product-tag":[],"products":[87],"class_list":["post-3186","product","type-product","status-publish","has-post-thumbnail","hentry","products-sunburn-recovery"],"acf":[],"_links":{"self":[{"href":"https:\/\/www.ruiqigo.com\/de\/wp-json\/wp\/v2\/product\/3186","targetHints":{"allow":["GET"]}}],"collection":[{"href":"https:\/\/www.ruiqigo.com\/de\/wp-json\/wp\/v2\/product"}],"about":[{"href":"https:\/\/www.ruiqigo.com\/de\/wp-json\/wp\/v2\/types\/product"}],"version-history":[{"count":0,"href":"https:\/\/www.ruiqigo.com\/de\/wp-json\/wp\/v2\/product\/3186\/revisions"}],"wp:featuredmedia":[{"embeddable":true,"href":"https:\/\/www.ruiqigo.com\/de\/wp-json\/wp\/v2\/media\/3190"}],"wp:attachment":[{"href":"https:\/\/www.ruiqigo.com\/de\/wp-json\/wp\/v2\/media?parent=3186"}],"wp:term":[{"taxonomy":"product-tag","embeddable":true,"href":"https:\/\/www.ruiqigo.com\/de\/wp-json\/wp\/v2\/product-tag?post=3186"},{"taxonomy":"products","embeddable":true,"href":"https:\/\/www.ruiqigo.com\/de\/wp-json\/wp\/v2\/products?post=3186"}],"curies":[{"name":"wp","href":"https:\/\/api.w.org\/{rel}","templated":true}]}}