{"id":321,"date":"2024-07-05T17:38:21","date_gmt":"2024-07-05T09:38:21","guid":{"rendered":"https:\/\/ruiqigo.com\/?post_type=product&#038;p=321"},"modified":"2024-11-14T21:11:09","modified_gmt":"2024-11-14T13:11:09","slug":"tea-tree-shampoo-and-conditioner","status":"publish","type":"product","link":"https:\/\/www.ruiqigo.com\/de\/product\/tea-tree-shampoo-and-conditioner","title":{"rendered":"Teebaumshampoo und -sp\u00fclung"},"content":{"rendered":"<h2 class=\"wp-block-heading\">Herstellung von Teebaumshampoo und -sp\u00fclung \u2013 g\u00e4ngige Formeln<\/h2>\n\n\n\n<p>Dieses 2-in-1-Teebaumshampoo und -sp\u00fclung verwendet als Hauptbestandteil reinen und nat\u00fcrlichen Teebaumextrakt. Teebaumextrakt ist reich an Vitaminen und Mineralien wie Vitamin C, Vitamin E, Eisen, Zink usw., die gesch\u00e4digtes Haar tiefenwirksam n\u00e4hren und reparieren sowie den Glanz und die Geschmeidigkeit des Haares verbessern k\u00f6nnen. Dar\u00fcber hinaus enth\u00e4lt Teebaumextrakt nat\u00fcrliche antibakterielle und entz\u00fcndungshemmende Inhaltsstoffe, die die Kopfhaut effektiv reinigen und so das Wachstum von Bakterien und die Ansammlung von Schuppen verhindern. Als innovativer Hersteller von Teebaumshampoo und -sp\u00fclung wirken diese nat\u00fcrlichen Inhaltsstoffe zusammen, um ein 2-in-1-Reinigungs- und Sp\u00fclungsmittel zu schaffen, das Reinigung und Pflege kombiniert.<\/p>\n\n\n\n<h2 class=\"wp-block-heading\">Anwendungsszenarien f\u00fcr Teebaumshampoo und -sp\u00fclung<\/h2>\n\n\n\n<p>Teebaum-Shampoo und -Sp\u00fclung sind f\u00fcr alle Klimazonen geeignet. In den hei\u00dfen Sommermonaten reinigt die k\u00fchlende antibakterielle Wirkung des Teebaumextrakts die Kopfhaut gr\u00fcndlich und verhindert Bakterienwachstum nach dem Schwitzen; in den kalten Wintermonaten n\u00e4hrt und repariert es gesch\u00e4digtes Haar tiefenwirksam, erh\u00f6ht die Elastizit\u00e4t und beugt Trockenheit und Kr\u00e4useln vor. Gleichzeitig ist die nat\u00fcrliche und sanfte Formel des Teebaums auch f\u00fcr empfindliche Kopfhaut geeignet und verursacht keine Reizungen. Ob fettig und hei\u00df oder trocken und kalt, dieses Zwei-in-Eins-Produkt sorgt daf\u00fcr, dass sich Ihr Haar frisch, geschmeidig und angenehm anf\u00fchlt.<\/p>\n\n\n\n<h2 class=\"wp-block-heading\">F\u00fcr wen ist Teebaumshampoo und -sp\u00fclung geeignet?<\/h2>\n\n\n\n<p>Dieses 2-in-1-Teebaum-Shampoo und die Sp\u00fclung eignen sich besonders f\u00fcr Personen mit fettiger Kopfhaut oder Neigung zu Schuppen. Teebaumextrakt ist ein nat\u00fcrlicher antibakterieller und entz\u00fcndungshemmender Inhaltsstoff, der die Kopfhaut effektiv reinigt und die Ansammlung von Bakterien und Schuppen verhindert. Gleichzeitig n\u00e4hrt und repariert es gesch\u00e4digtes Haar tiefenwirksam und verleiht ihm mehr Glanz und Elastizit\u00e4t. Egal, ob Sie fettige Kopfhaut oder trockenes, krauses Haar oder chemisch gesch\u00e4digtes Haar nach Dauerwellen und F\u00e4rben haben, dieses 2-in-1-Teebaumprodukt ist die perfekte Wahl f\u00fcr Ihre Haarpflegebed\u00fcrfnisse.<\/p>\n\n\n\n<h2 class=\"wp-block-heading\">Herstellungsprozess von Teebaumshampoo und -sp\u00fclung<\/h2>\n\n\n\n<p>Dieses Teebaum-Shampoo und die Sp\u00fclung 2-in-1 werden unter Einsatz einer Reihe fortschrittlicher Technologien hergestellt. Erstens werden 100% der Rohstoffe von Teebaum aus nat\u00fcrlichen Pflanzen gewonnen und einer Reihe von Pr\u00fcfungen unterzogen, um sicherzustellen, dass sie frei von jeglicher chemischer Verunreinigung sind. Zweitens werden Temperatur und Druck w\u00e4hrend der Entwicklung der Formel streng kontrolliert, um sicherzustellen, dass die Wirkstoffe des Teebaumextrakts nicht besch\u00e4digt werden. Das Produkt verwendet eine professionelle Trenntechnologie, um den Teebaumextrakt mit hoher Reinheit zu extrahieren und so eine hervorragende Produktwirksamkeit sicherzustellen. Schlie\u00dflich ist der gesamte Produktionsprozess als professioneller Hersteller von Teebaum-Shampoo und -Sp\u00fclung frei von synthetischen Chemikalien, wodurch sichergestellt wird, dass das Produkt gr\u00fcn und umweltfreundlich ist.<\/p>","protected":false},"excerpt":{"rendered":"Tea tree shampoo and conditioner manufacturing common formulas This Tea Tree Shampoo and Conditioner 2-in-1 utilizes pure and natural tea tree extract as the core ingredient. Tea Tree Extract is rich in vitamins and minerals such as Vitamin C, Vitamin E, Iron, Zinc, etc., which can deeply nourish and repair damaged hair, and increase the [&hellip;]","protected":false},"featured_media":322,"menu_order":0,"template":"","meta":[],"product-tag":[],"products":[54],"class_list":["post-321","product","type-product","status-publish","has-post-thumbnail","hentry","products-shampoo-and-conditioner"],"acf":[],"_links":{"self":[{"href":"https:\/\/www.ruiqigo.com\/de\/wp-json\/wp\/v2\/product\/321","targetHints":{"allow":["GET"]}}],"collection":[{"href":"https:\/\/www.ruiqigo.com\/de\/wp-json\/wp\/v2\/product"}],"about":[{"href":"https:\/\/www.ruiqigo.com\/de\/wp-json\/wp\/v2\/types\/product"}],"version-history":[{"count":0,"href":"https:\/\/www.ruiqigo.com\/de\/wp-json\/wp\/v2\/product\/321\/revisions"}],"wp:featuredmedia":[{"embeddable":true,"href":"https:\/\/www.ruiqigo.com\/de\/wp-json\/wp\/v2\/media\/322"}],"wp:attachment":[{"href":"https:\/\/www.ruiqigo.com\/de\/wp-json\/wp\/v2\/media?parent=321"}],"wp:term":[{"taxonomy":"product-tag","embeddable":true,"href":"https:\/\/www.ruiqigo.com\/de\/wp-json\/wp\/v2\/product-tag?post=321"},{"taxonomy":"products","embeddable":true,"href":"https:\/\/www.ruiqigo.com\/de\/wp-json\/wp\/v2\/products?post=321"}],"curies":[{"name":"wp","href":"https:\/\/api.w.org\/{rel}","templated":true}]}}