{"id":3243,"date":"2025-04-29T10:51:22","date_gmt":"2025-04-29T02:51:22","guid":{"rendered":"https:\/\/www.ruiqigo.com\/?post_type=product&#038;p=3243"},"modified":"2025-04-29T10:51:23","modified_gmt":"2025-04-29T02:51:23","slug":"stainless-steel-tongue-scraper","status":"publish","type":"product","link":"https:\/\/www.ruiqigo.com\/de\/product\/stainless-steel-tongue-scraper","title":{"rendered":"Zungenschaber aus Edelstahl"},"content":{"rendered":"<h2 class=\"wp-block-heading\">Eigenschaften des Zungenschabers aus Edelstahl<\/h2>\n\n\n\n<p>1. <strong>Material<\/strong>: Der Zungenschaber aus Edelstahl besteht aus hochwertigem lebensmittelechtem Edelstahl (z. B. G\u00fcteklasse 304 oder 316), der eine ausgezeichnete Korrosionsbest\u00e4ndigkeit, Rostbest\u00e4ndigkeit und gute Hygiene aufweist. <\/p>\n\n\n\n<p>2. <strong>Struktur:<\/strong> Unser Zungenschaber aus Edelstahl hat im Allgemeinen eine U- oder flache Bogenform, passt sich perfekt der Rundung der menschlichen Zungenoberfl\u00e4che an und entfernt Bakterien und Zungenbelag gr\u00fcndlicher, wodurch die Reinigungswirkung gew\u00e4hrleistet wird.<\/p>\n\n\n\n<p>3. <strong>Kantenbehandlung:<\/strong> Die Kanten des Zungenschabers aus Edelstahl wurden sorgf\u00e4ltig poliert und sind glatt und abgerundet. Sie zerkratzen bei der Anwendung weder die Zunge noch die Innenseite des Mundes und sorgen so f\u00fcr Sicherheit. <\/p>\n\n\n\n<p>4. <strong>Langlebig und langlebig:<\/strong> Edelstahl ist von Natur aus langlebig und kann lange verwendet werden, ohne dass die Leistung beeintr\u00e4chtigt wird. Daher hat es eine lange Lebensdauer und bricht oder altert nicht so leicht.<\/p>\n\n\n\n<p>5. <strong>Leicht zu reinigen: <\/strong>Die Oberfl\u00e4che des Zungenschabers aus Edelstahl ist glatt, kann bei hohen Temperaturen sterilisiert und direkt abgesp\u00fclt werden, was sehr praktisch ist. <\/p>\n\n\n\n<p>6. <strong>Umweltfreundlich und wiederverwendbar:<\/strong> Edelstahlprodukte k\u00f6nnen wiederverwendet werden, was sehr umweltfreundlich ist und dem Konzept der nachhaltigen Entwicklung entspricht. <\/p>\n\n\n\n<h2 class=\"wp-block-heading\">Vorteile des Zungenschabers aus Edelstahl<\/h2>\n\n\n\n<p>1. <strong>Mundhygiene verbessern:<\/strong> Ein Zungenschaber aus Edelstahl kann Zungenbelag und Bakterien im Mund effektiv entfernen, die allgemeine Mundgesundheit und -hygiene verbessern, Atemprobleme lindern und Mundgeruch vorbeugen. Gleichzeitig kann er auch das Auftreten von Zahnfleischerkrankungen reduzieren. <\/p>\n\n\n\n<p>2. <strong>Gute Tragbarkeit: <\/strong>Unser Zungenschaber aus Edelstahl ist tragbar und kompakt, eignet sich zum Mitnehmen und ist bequem zu verwenden, wenn Sie unterwegs sind, egal ob Sie auf Reisen oder auf Gesch\u00e4ftsreise sind. <\/p>\n\n\n\n<p>3. <strong>Gute Haltbarkeit:<\/strong> Edelstahl ist f\u00fcr seine gute Haltbarkeit und Korrosionsbest\u00e4ndigkeit bekannt und beh\u00e4lt auch nach l\u00e4ngerem oder wiederholtem Gebrauch seine hervorragende Leistung. <\/p>\n\n\n\n<p>4. <strong>Pflegeleicht:<\/strong> Der Zungenschaber aus Edelstahl muss nach Gebrauch lediglich abgesp\u00fclt oder mit kochendem Wasser sterilisiert werden. Eine besondere Pflege ist nicht erforderlich, was viel Energie und Zeit spart. <\/p>\n\n\n\n<h2 class=\"wp-block-heading\">Edelstahl Zungenschaber Zielgruppe<\/h2>\n\n\n\n<p>1. <strong>Menschen, die unter Mundgeruch leiden: <\/strong>Menschen, die aufgrund eines dicken Zungenbelags Mundgeruch haben. <\/p>\n\n\n\n<p>2. <strong>Raucher und Trinker: <\/strong>Durch Rauchen und Alkoholkonsum k\u00f6nnen sich langfristige Ablagerungen auf der Zungenoberfl\u00e4che bilden. <\/p>\n\n\n\n<p>3. <strong>Menschen, die gerne Kaffee und Milchtee trinken:<\/strong> Kaffee und Milchtee hinterlassen Pigmentablagerungen auf der Zungenoberfl\u00e4che und beeintr\u00e4chtigen die Hygiene der Zungenoberfl\u00e4che.<\/p>\n\n\n\n<p>4. <strong>Menschen, die auf die Mundpflege achten:<\/strong> Sie hoffen, frischen Atem und Mundgesundheit zu bewahren und die Hygiene im Mund regelm\u00e4\u00dfig zu verbessern.<\/p>\n\n\n\n<h2 class=\"wp-block-heading\">Edelstahl Zungenschaber Anwendungen<\/h2>\n\n\n\n<p>1. <strong>T\u00e4gliche h\u00e4usliche Pflege: <\/strong>Sie k\u00f6nnen es morgens nach dem Z\u00e4hneputzen oder abends vor dem Schlafengehen verwenden. Bei Bedarf k\u00f6nnen Sie es auch nach den Mahlzeiten reinigen.<\/p>\n\n\n\n<p>2. <strong>Reise oder Gesch\u00e4ftsreise: <\/strong>Sie k\u00f6nnen es auf Reisen oder Gesch\u00e4ftsreisen mitnehmen, um auch unterwegs f\u00fcr eine gute Mundhygiene zu sorgen. <\/p>\n\n\n\n<p>3. <strong>Geschenke machen: <\/strong>Es kann als Mundpflegegeschenk f\u00fcr Verwandte und Freunde verwendet werden. <\/p>\n\n\n\n<p>4. <strong>Professionelle Mundpflegeeinrichtungen:<\/strong> Zahnkliniken, Mundpflegezentren usw. verwenden Zungenschaber aus Edelstahl als Hilfsmittel. <\/p>\n\n\n\n<h2 class=\"wp-block-heading\">So verwenden Sie den Zungenschaber aus Edelstahl<\/h2>\n\n\n\n<p>1. Vor der Verwendung m\u00fcssen Sie den Zungenschaber aus Edelstahl mit Wasser absp\u00fclen, um sicherzustellen, dass keine Verschmutzungen vorhanden sind. <\/p>\n\n\n\n<p>2. \u00d6ffnen Sie den Mund, strecken Sie die Zunge heraus und versuchen Sie, sie flach auszustrecken.<\/p>\n\n\n\n<p>3. Schaben Sie mit dem Zungenschaber aus Edelstahl vorsichtig von der Zungenwurzel bis zur Zungenspitze und achten Sie darauf, nicht zu weit nach hinten zu gehen, um Erbrechen zu vermeiden.<\/p>\n\n\n\n<p>4. Wiederholen Sie den Schabenvorgang je nach Bedarf zwei- bis dreimal. F\u00fcr ein saubereres Schaben k\u00f6nnen Sie es auch \u00f6fter tun. Achten Sie jedoch darauf, es nicht zu oft zu tun, um Verletzungen an Zunge und Mund zu vermeiden. Sp\u00fclen Sie nach jedem Schaben mit klarem Wasser.<\/p>\n\n\n\n<p>5. Sp\u00fclen Sie den Zungenschaber aus Edelstahl nach dem Schaben mit Wasser ab. Er kann mit hei\u00dfem Wasser desinfiziert oder mit Seifenlauge gereinigt werden. Nach dem Trocknen weglegen.<\/p>\n\n\n\n<p>6. <strong>Empfehlung<\/strong>: Verwenden Sie es zusammen mit Mundwasser, um die Mundgesundheit rundum zu verbessern. <\/p>","protected":false},"excerpt":{"rendered":"Stainless steel tongue scraper features 1. Material: Stainless steel tongue scraper is made of high-quality food-grade stainless steel (such as 304 or 316 grade), which has excellent corrosion resistance, rust resistance and good hygiene. 2. Structure: Our stainless steel tongue scraper is generally U-shaped or flat arc-shaped, which perfectly fits the curve of the human [&hellip;]","protected":false},"featured_media":3245,"menu_order":0,"template":"","meta":[],"product-tag":[],"products":[169],"class_list":["post-3243","product","type-product","status-publish","has-post-thumbnail","hentry","products-tongue-scraper"],"acf":[],"_links":{"self":[{"href":"https:\/\/www.ruiqigo.com\/de\/wp-json\/wp\/v2\/product\/3243","targetHints":{"allow":["GET"]}}],"collection":[{"href":"https:\/\/www.ruiqigo.com\/de\/wp-json\/wp\/v2\/product"}],"about":[{"href":"https:\/\/www.ruiqigo.com\/de\/wp-json\/wp\/v2\/types\/product"}],"version-history":[{"count":0,"href":"https:\/\/www.ruiqigo.com\/de\/wp-json\/wp\/v2\/product\/3243\/revisions"}],"wp:featuredmedia":[{"embeddable":true,"href":"https:\/\/www.ruiqigo.com\/de\/wp-json\/wp\/v2\/media\/3245"}],"wp:attachment":[{"href":"https:\/\/www.ruiqigo.com\/de\/wp-json\/wp\/v2\/media?parent=3243"}],"wp:term":[{"taxonomy":"product-tag","embeddable":true,"href":"https:\/\/www.ruiqigo.com\/de\/wp-json\/wp\/v2\/product-tag?post=3243"},{"taxonomy":"products","embeddable":true,"href":"https:\/\/www.ruiqigo.com\/de\/wp-json\/wp\/v2\/products?post=3243"}],"curies":[{"name":"wp","href":"https:\/\/api.w.org\/{rel}","templated":true}]}}